{"id":10248,"date":"2024-12-26T15:26:08","date_gmt":"2024-12-26T20:26:08","guid":{"rendered":"https:\/\/ecolesetsuko.ca\/massage-setsuko-massage-montreal-quebec\/a-propos-de-massage-setsuko\/"},"modified":"2025-01-19T12:05:58","modified_gmt":"2025-01-19T17:05:58","slug":"a-propos-de-massage-setsuko","status":"publish","type":"page","link":"https:\/\/setsuko.ca\/fr\/massage-setsuko-massage-montreal-quebec\/a-propos-de-massage-setsuko\/","title":{"rendered":"\u00c0 propos de Massage Setsuko"},"content":{"rendered":"\t\t<div data-elementor-type=\"wp-page\" data-elementor-id=\"10248\" class=\"elementor elementor-10248 elementor-9501\" data-elementor-post-type=\"page\">\n\t\t\t\t<div class=\"elementor-element elementor-element-1360dd0 e-con-full e-flex e-con e-parent\" data-id=\"1360dd0\" data-element_type=\"container\" data-e-type=\"container\" data-settings=\"{&quot;background_background&quot;:&quot;classic&quot;}\">\n\t\t\t\t<div class=\"elementor-element elementor-element-efc7dc2 elementor-fixed elementor-widget elementor-widget-heading\" data-id=\"efc7dc2\" data-element_type=\"widget\" data-e-type=\"widget\" data-settings=\"{&quot;_position&quot;:&quot;fixed&quot;}\" data-widget_type=\"heading.default\">\n\t\t\t\t<div class=\"elementor-widget-container\">\n\t\t\t\t\t<h1 class=\"elementor-heading-title elementor-size-default\">\u00c0 propos de<br \/>Massage<br \/>Setsuko<\/h1>\t\t\t\t<\/div>\n\t\t\t\t<\/div>\n\t\t\t\t<\/div>\n\t\t<div class=\"elementor-element elementor-element-8e51692 e-con-full e-flex e-con e-parent\" data-id=\"8e51692\" data-element_type=\"container\" data-e-type=\"container\" data-settings=\"{&quot;background_background&quot;:&quot;classic&quot;,&quot;sticky&quot;:&quot;top&quot;,&quot;sticky_on&quot;:[&quot;desktop&quot;],&quot;motion_fx_motion_fx_scrolling&quot;:&quot;yes&quot;,&quot;motion_fx_opacity_effect&quot;:&quot;yes&quot;,&quot;motion_fx_opacity_range&quot;:{&quot;unit&quot;:&quot;%&quot;,&quot;size&quot;:&quot;&quot;,&quot;sizes&quot;:{&quot;start&quot;:16,&quot;end&quot;:58}},&quot;motion_fx_devices&quot;:[&quot;desktop&quot;,&quot;laptop&quot;,&quot;tablet_extra&quot;,&quot;tablet&quot;,&quot;mobile_extra&quot;],&quot;motion_fx_range&quot;:&quot;viewport&quot;,&quot;motion_fx_opacity_direction&quot;:&quot;out-in&quot;,&quot;motion_fx_opacity_level&quot;:{&quot;unit&quot;:&quot;px&quot;,&quot;size&quot;:10,&quot;sizes&quot;:[]},&quot;sticky_offset&quot;:0,&quot;sticky_effects_offset&quot;:0,&quot;sticky_anchor_link_offset&quot;:0}\">\n\t\t\t\t<\/div>\n\t\t<div class=\"elementor-element elementor-element-e33cbf4 e-flex e-con-boxed e-con e-parent\" data-id=\"e33cbf4\" data-element_type=\"container\" data-e-type=\"container\" data-settings=\"{&quot;background_background&quot;:&quot;gradient&quot;}\">\n\t\t\t\t\t<div class=\"e-con-inner\">\n\t\t\t\t<div class=\"elementor-element elementor-element-8433116 elementor-widget elementor-widget-text-editor\" data-id=\"8433116\" data-element_type=\"widget\" data-e-type=\"widget\" data-widget_type=\"text-editor.default\">\n\t\t\t\t<div class=\"elementor-widget-container\">\n\t\t\t\t\t\t\t\t\t<p>Nous sommes ravis de vous accueillir \u00e0 Massage Setsuko, votre sanctuaire pour le bien-\u00eatre et la relaxation, maintenant avec deux emplacements pratiques \u00e0 Montr\u00e9al : NDG et notre nouvelle clinique \u00e0 Dorval. Chaque emplacement est con\u00e7u pour offrir une retraite paisible contre le stress de la vie quotidienne.<\/p>\n<p>Grande r\u00e9ouverture et notre nouvel emplacement \u00e0 Dorval<\/p>\n<p>Joignez-vous \u00e0 nous pour c\u00e9l\u00e9brer la grande r\u00e9ouverture de la clinique de massage Setsuko ! Notre nouvel emplacement \u00e0 Dorval, dans l&#8217;Ouest-de-l&#8217;\u00cele, offre un acc\u00e8s facile \u00e0 l&#8217;autoroute 20, un vaste stationnement et se trouve \u00e0 quelques minutes de la gare ferroviaire de Pine Beach et de l&#8217;arr\u00eat d&#8217;autobus 211. Cet agrandissement nous permet d&#8217;offrir nos services de massoth\u00e9rapie de confiance plus pr\u00e8s de vous, dans un environnement spacieux et accueillant.<\/p>\n\t\t\t\t\t\t\t\t<\/div>\n\t\t\t\t<\/div>\n\t\t<div class=\"elementor-element elementor-element-0cd15a4 e-con-full e-flex e-con e-child\" data-id=\"0cd15a4\" data-element_type=\"container\" data-e-type=\"container\">\n\t\t\t\t<div class=\"elementor-element elementor-element-d86317f elementor-widget__width-initial elementor-widget-mobile__width-inherit elementor-widget elementor-widget-image\" data-id=\"d86317f\" data-element_type=\"widget\" data-e-type=\"widget\" data-widget_type=\"image.default\">\n\t\t\t\t<div class=\"elementor-widget-container\">\n\t\t\t\t\t\t\t\t\t\t\t\t\t\t\t<img fetchpriority=\"high\" decoding=\"async\" width=\"300\" height=\"300\" src=\"https:\/\/setsuko.b-cdn.net\/wp-content\/uploads\/2024\/12\/Massage-SETSUKO-LOGO-circular-300px.png\" class=\"attachment-medium size-medium wp-image-9751\" alt=\"Massage Setsuko - Clinique de massoth\u00e9rapie, holistic massage clinic\" srcset=\"https:\/\/setsuko.b-cdn.net\/wp-content\/uploads\/2024\/12\/Massage-SETSUKO-LOGO-circular-300px.png 300w, https:\/\/setsuko.b-cdn.net\/wp-content\/uploads\/2024\/12\/Massage-SETSUKO-LOGO-circular-300px-150x150.png 150w, https:\/\/setsuko.b-cdn.net\/wp-content\/uploads\/2024\/12\/Massage-SETSUKO-LOGO-circular-300px-100x100.png 100w\" sizes=\"(max-width: 300px) 100vw, 300px\" title=\"\">\t\t\t\t\t\t\t\t\t\t\t\t\t\t\t<\/div>\n\t\t\t\t<\/div>\n\t\t\t\t<div class=\"elementor-element elementor-element-e3ab86e elementor-widget__width-initial elementor-widget-mobile__width-inherit elementor-widget elementor-widget-text-editor\" data-id=\"e3ab86e\" data-element_type=\"widget\" data-e-type=\"widget\" data-widget_type=\"text-editor.default\">\n\t\t\t\t<div class=\"elementor-widget-container\">\n\t\t\t\t\t\t\t\t\t<h2>Notre philosophie<\/h2>\n<p>Chez Massage Setsuko, nous croyons au pouvoir curatif du toucher. Notre approche associe des techniques de massage ancestrales \u00e0 des pratiques contemporaines afin d&#8217;offrir des soins personnalis\u00e9s qui r\u00e9pondent \u00e0 la fois aux maux physiques et aux besoins de relaxation mentale. De la r\u00e9duction des tensions musculaires \u00e0 l&#8217;am\u00e9lioration de l&#8217;\u00e9quilibre \u00e9motionnel, nos th\u00e9rapies sont con\u00e7ues pour promouvoir une gu\u00e9rison holistique.<\/p>\n<h2>Protocoles de sant\u00e9 et de s\u00e9curit\u00e9<\/h2>\n<p>Nous prenons la sant\u00e9 et la s\u00e9curit\u00e9 tr\u00e8s au s\u00e9rieux \u00e0 Setsuko. <a href=\"https:\/\/setsuko.ca\/fr\/mesures-de-securite-et-protocoles-du-covid-19\/\">Veuillez cliquer ici pour consulter nos protocoles<\/a>.<\/p>\n\t\t\t\t\t\t\t\t<\/div>\n\t\t\t\t<\/div>\n\t\t\t\t<\/div>\n\t\t<div class=\"elementor-element elementor-element-4432906 e-con-full e-flex e-con e-child\" data-id=\"4432906\" data-element_type=\"container\" data-e-type=\"container\" id=\"massage-therapists\">\n\t\t\t\t<div class=\"elementor-element elementor-element-cc001d2 elementor-widget__width-initial elementor-widget-mobile__width-inherit elementor-widget elementor-widget-text-editor\" data-id=\"cc001d2\" data-element_type=\"widget\" data-e-type=\"widget\" data-widget_type=\"text-editor.default\">\n\t\t\t\t<div class=\"elementor-widget-container\">\n\t\t\t\t\t\t\t\t\t<h2>Nos th\u00e9rapeutes<\/h2>\n<p>Nos th\u00e9rapeutes qualifi\u00e9s, comprenant \u00e0 la fois des professionnels chevronn\u00e9s et des dipl\u00f4m\u00e9s talentueux de <a href=\"https:\/\/setsuko.ca\/fr\/ecole\/\">Ecole Setsuko<\/a>, apportent leur passion et leur expertise \u00e0 chaque traitement. En tant que clinique d&#8217;enseignement, nous nous engageons \u00e0 l&#8217;excellence dans la pratique et la formation continue, en veillant \u00e0 ce que chaque th\u00e9rapeute soit non seulement comp\u00e9tent, mais aussi \u00e0 la pointe des techniques th\u00e9rapeutiques.<\/p>\n\t\t\t\t\t\t\t\t<\/div>\n\t\t\t\t<\/div>\n\t\t\t\t<div class=\"elementor-element elementor-element-98cabfa elementor-widget__width-initial elementor-widget-mobile__width-inherit elementor-widget elementor-widget-image\" data-id=\"98cabfa\" data-element_type=\"widget\" data-e-type=\"widget\" data-widget_type=\"image.default\">\n\t\t\t\t<div class=\"elementor-widget-container\">\n\t\t\t\t\t\t\t\t\t\t\t\t\t\t\t<img decoding=\"async\" width=\"800\" height=\"640\" src=\"https:\/\/setsuko.b-cdn.net\/wp-content\/uploads\/2024\/12\/Team-of-massage-therapists-at-Massage-Setsuko.webp\" class=\"attachment-large size-large wp-image-9749\" alt=\"L&#039;\u00e9quipe de massoth\u00e9rapeutes de Massage Setsuko\" srcset=\"https:\/\/setsuko.b-cdn.net\/wp-content\/uploads\/2024\/12\/Team-of-massage-therapists-at-Massage-Setsuko.webp 894w, https:\/\/setsuko.b-cdn.net\/wp-content\/uploads\/2024\/12\/Team-of-massage-therapists-at-Massage-Setsuko-300x240.webp 300w, https:\/\/setsuko.b-cdn.net\/wp-content\/uploads\/2024\/12\/Team-of-massage-therapists-at-Massage-Setsuko-768x614.webp 768w, https:\/\/setsuko.b-cdn.net\/wp-content\/uploads\/2024\/12\/Team-of-massage-therapists-at-Massage-Setsuko-600x480.webp 600w\" sizes=\"(max-width: 800px) 100vw, 800px\" title=\"\">\t\t\t\t\t\t\t\t\t\t\t\t\t\t\t<\/div>\n\t\t\t\t<\/div>\n\t\t\t\t<\/div>\n\t\t<div class=\"elementor-element elementor-element-bb6c3f9 e-con-full e-flex e-con e-child\" data-id=\"bb6c3f9\" data-element_type=\"container\" data-e-type=\"container\">\n\t\t\t\t<div class=\"elementor-element elementor-element-01f4abc elementor-widget__width-initial elementor-widget-mobile__width-inherit elementor-view-default elementor-widget elementor-widget-icon\" data-id=\"01f4abc\" data-element_type=\"widget\" data-e-type=\"widget\" data-widget_type=\"icon.default\">\n\t\t\t\t<div class=\"elementor-widget-container\">\n\t\t\t\t\t\t\t<div class=\"elementor-icon-wrapper\">\n\t\t\t<div class=\"elementor-icon\">\n\t\t\t<i aria-hidden=\"true\" class=\"fas fa-wheelchair\"><\/i>\t\t\t<\/div>\n\t\t<\/div>\n\t\t\t\t\t\t<\/div>\n\t\t\t\t<\/div>\n\t\t\t\t<div class=\"elementor-element elementor-element-101acf9 elementor-widget__width-initial elementor-widget-mobile__width-inherit elementor-widget elementor-widget-text-editor\" data-id=\"101acf9\" data-element_type=\"widget\" data-e-type=\"widget\" data-widget_type=\"text-editor.default\">\n\t\t\t\t<div class=\"elementor-widget-container\">\n\t\t\t\t\t\t\t\t\t<h2>Accessibilit\u00e9 et services aux personnes handicap\u00e9es<\/h2>\n<p>Nous veillons \u00e0 ce que nos services soient accessibles \u00e0 tous, y compris aux personnes handicap\u00e9es. Notre clinique de NDG a \u00e9t\u00e9 con\u00e7ue en tenant compte de l&#8217;accessibilit\u00e9, avec des installations et des salles de traitement accessibles aux fauteuils roulants. Notre clinique de Dorval est situ\u00e9e au deuxi\u00e8me \u00e9tage et nous regrettons de vous informer qu&#8217;il n&#8217;y a pas d&#8217;ascenseur. Des services mobiles sont disponibles sur demande.<\/p>\n<p>Nous offrons des th\u00e9rapies de massage sur mesure pour r\u00e9pondre aux besoins de sant\u00e9 sp\u00e9cifiques et aux limitations de mobilit\u00e9, assurant une exp\u00e9rience confortable et th\u00e9rapeutique pour tous les clients. Notre \u00e9quipe est form\u00e9e pour offrir un soutien et adapter les techniques aux besoins individuels de chaque client, afin de promouvoir l&#8217;inclusion et le respect pour tous ceux qui visitent nos cliniques.<\/p>\n<p>ux limitations de mobilit\u00e9, assurant ainsi une exp\u00e9rience confortable et th\u00e9rapeutique pour tous les clients. Notre \u00e9quipe est form\u00e9e pour offrir un soutien et adapter les techniques aux besoins individuels de chaque client, ce qui favorise l&#8217;inclusion et le respect de tous ceux qui visitent nos cliniques.<\/p>\n\t\t\t\t\t\t\t\t<\/div>\n\t\t\t\t<\/div>\n\t\t\t\t<\/div>\n\t\t<div class=\"elementor-element elementor-element-dd854ca e-con-full e-flex e-con e-child\" data-id=\"dd854ca\" data-element_type=\"container\" data-e-type=\"container\">\n\t\t\t\t<div class=\"elementor-element elementor-element-faf424a elementor-widget__width-initial elementor-widget-mobile__width-inherit elementor-widget elementor-widget-text-editor\" data-id=\"faf424a\" data-element_type=\"widget\" data-e-type=\"widget\" data-widget_type=\"text-editor.default\">\n\t\t\t\t<div class=\"elementor-widget-container\">\n\t\t\t\t\t\t\t\t\t<h2>Nos modalit\u00e9s<\/h2>\n<p>Sp\u00e9cialis\u00e9es dans une vari\u00e9t\u00e9 de modalit\u00e9s de massage comme le su\u00e9dois, le tissu profond, le shiatsu, la r\u00e9flexologie, le drainage lymphatique et l&#8217;acupression, nos cliniques sont \u00e9quip\u00e9es pour r\u00e9pondre \u00e0 une gamme vari\u00e9e de probl\u00e8mes de sant\u00e9. Chaque s\u00e9ance est con\u00e7ue pour favoriser la gu\u00e9rison, stimuler le bien-\u00eatre g\u00e9n\u00e9ral et r\u00e9pondre \u00e0 vos besoins uniques en mati\u00e8re de sant\u00e9. <a href=\"https:\/\/setsuko.ca\/fr\/massage-setsuko-massage-montreal-quebec\/massotherapeutes-qualifies-a-montreal\/\">En savoir plus sur les services de massoth\u00e9rapie que nous offrons.<\/a><\/p>\n\t\t\t\t\t\t\t\t<\/div>\n\t\t\t\t<\/div>\n\t\t\t\t<div class=\"elementor-element elementor-element-ac97d51 elementor-widget__width-initial elementor-widget-mobile__width-inherit elementor-widget elementor-widget-image\" data-id=\"ac97d51\" data-element_type=\"widget\" data-e-type=\"widget\" data-widget_type=\"image.default\">\n\t\t\t\t<div class=\"elementor-widget-container\">\n\t\t\t\t\t\t\t\t\t\t\t\t\t\t\t<img decoding=\"async\" width=\"800\" height=\"531\" src=\"https:\/\/setsuko.b-cdn.net\/wp-content\/uploads\/2024\/12\/Massage-therapy-Services.webp\" class=\"attachment-large size-large wp-image-9753\" alt=\"Massoth\u00e9rapeute qualifi\u00e9 \u00e0 Montr\u00e9al\" srcset=\"https:\/\/setsuko.b-cdn.net\/wp-content\/uploads\/2024\/12\/Massage-therapy-Services.webp 950w, https:\/\/setsuko.b-cdn.net\/wp-content\/uploads\/2024\/12\/Massage-therapy-Services-300x199.webp 300w, https:\/\/setsuko.b-cdn.net\/wp-content\/uploads\/2024\/12\/Massage-therapy-Services-768x509.webp 768w, https:\/\/setsuko.b-cdn.net\/wp-content\/uploads\/2024\/12\/Massage-therapy-Services-600x398.webp 600w\" sizes=\"(max-width: 800px) 100vw, 800px\" title=\"\">\t\t\t\t\t\t\t\t\t\t\t\t\t\t\t<\/div>\n\t\t\t\t<\/div>\n\t\t\t\t<\/div>\n\t\t<div class=\"elementor-element elementor-element-0e79d63 e-con-full e-flex e-con e-child\" data-id=\"0e79d63\" data-element_type=\"container\" data-e-type=\"container\">\n\t\t\t\t<div class=\"elementor-element elementor-element-1bf91c6 elementor-widget__width-initial elementor-widget-mobile__width-inherit elementor-view-default elementor-widget elementor-widget-icon\" data-id=\"1bf91c6\" data-element_type=\"widget\" data-e-type=\"widget\" data-widget_type=\"icon.default\">\n\t\t\t\t<div class=\"elementor-widget-container\">\n\t\t\t\t\t\t\t<div class=\"elementor-icon-wrapper\">\n\t\t\t<div class=\"elementor-icon\">\n\t\t\t<i aria-hidden=\"true\" class=\"far fa-question-circle\"><\/i>\t\t\t<\/div>\n\t\t<\/div>\n\t\t\t\t\t\t<\/div>\n\t\t\t\t<\/div>\n\t\t\t\t<div class=\"elementor-element elementor-element-70653cc elementor-widget__width-initial elementor-widget-mobile__width-inherit elementor-widget elementor-widget-text-editor\" data-id=\"70653cc\" data-element_type=\"widget\" data-e-type=\"widget\" data-widget_type=\"text-editor.default\">\n\t\t\t\t<div class=\"elementor-widget-container\">\n\t\t\t\t\t\t\t\t\t<h2>Questions fr\u00e9quemment pos\u00e9es<\/h2>\n<p>D\u00e9couvrez les r\u00e9ponses \u00e0 vos questions les plus fr\u00e9quentes sur notre <a href=\"https:\/\/setsuko.ca\/fr\/foire-aux-questions\/\">foire aux questions<\/a>.<\/p>\n\t\t\t\t\t\t\t\t<\/div>\n\t\t\t\t<\/div>\n\t\t\t\t<\/div>\n\t\t\t\t\t<\/div>\n\t\t\t\t<\/div>\n\t\t<div class=\"elementor-element elementor-element-5dcb9c4 e-con-full e-flex e-con e-parent\" data-id=\"5dcb9c4\" data-element_type=\"container\" data-e-type=\"container\" data-settings=\"{&quot;background_background&quot;:&quot;classic&quot;}\">\n\t\t\t\t<div class=\"elementor-element elementor-element-9ff6b31 elementor-widget elementor-widget-heading\" data-id=\"9ff6b31\" data-element_type=\"widget\" data-e-type=\"widget\" data-widget_type=\"heading.default\">\n\t\t\t\t<div class=\"elementor-widget-container\">\n\t\t\t\t\t<h2 class=\"elementor-heading-title elementor-size-default\">R\u00e9servez votre massage en ligne d\u00e8s aujourd'hui<\/h2>\t\t\t\t<\/div>\n\t\t\t\t<\/div>\n\t\t\t\t<div class=\"elementor-element elementor-element-01c4ddf elementor-widget elementor-widget-text-editor\" data-id=\"01c4ddf\" data-element_type=\"widget\" data-e-type=\"widget\" data-widget_type=\"text-editor.default\">\n\t\t\t\t<div class=\"elementor-widget-container\">\n\t\t\t\t\t\t\t\t\t<p>Faites l&#8217;exp\u00e9rience de la diff\u00e9rence avec nous. Prenez rendez-vous chez Massage Setsuko et d\u00e9couvrez l&#8217;\u00e9quilibre parfait entre confort et soins th\u00e9rapeutiques. Laissez-nous vous aider \u00e0 retrouver votre \u00e9quilibre naturel et \u00e0 rajeunir votre esprit.<\/p>\n\t\t\t\t\t\t\t\t<\/div>\n\t\t\t\t<\/div>\n\t\t<div class=\"elementor-element elementor-element-716bbb6 e-flex e-con-boxed e-con e-child\" data-id=\"716bbb6\" data-element_type=\"container\" data-e-type=\"container\">\n\t\t\t\t\t<div class=\"e-con-inner\">\n\t\t\t\t<div class=\"elementor-element elementor-element-27748b9 elementor-widget elementor-widget-button\" data-id=\"27748b9\" data-element_type=\"widget\" data-e-type=\"widget\" data-widget_type=\"button.default\">\n\t\t\t\t<div class=\"elementor-widget-container\">\n\t\t\t\t\t\t\t\t\t<div class=\"elementor-button-wrapper\">\n\t\t\t\t\t<a class=\"elementor-button elementor-button-link elementor-size-sm\" href=\"https:\/\/www.fresha.com\/fr\/a\/setsuko-centre-de-massotherapie-dorval-1564-herron-road-q8uiki0k\/booking?allOffer=true&#038;menu=true&#038;pId=1225562\" target=\"_blank\" rel=\"nofollow noopener\">\n\t\t\t\t\t\t<span class=\"elementor-button-content-wrapper\">\n\t\t\t\t\t\t<span class=\"elementor-button-icon\">\n\t\t\t\t<i aria-hidden=\"true\" class=\"fas fa-external-link-alt\"><\/i>\t\t\t<\/span>\n\t\t\t\t\t\t\t\t\t<span class=\"elementor-button-text\">Dorval<\/span>\n\t\t\t\t\t<\/span>\n\t\t\t\t\t<\/a>\n\t\t\t\t<\/div>\n\t\t\t\t\t\t\t\t<\/div>\n\t\t\t\t<\/div>\n\t\t\t\t<div class=\"elementor-element elementor-element-a82e77f elementor-widget elementor-widget-button\" data-id=\"a82e77f\" data-element_type=\"widget\" data-e-type=\"widget\" data-widget_type=\"button.default\">\n\t\t\t\t<div class=\"elementor-widget-container\">\n\t\t\t\t\t\t\t\t\t<div class=\"elementor-button-wrapper\">\n\t\t\t\t\t<a class=\"elementor-button elementor-button-link elementor-size-sm\" href=\"https:\/\/www.fresha.com\/fr\/a\/setsuko-ndg-montreal-2111-ave-northcliffe-dwybvbfi\/booking?allOffer=true&#038;pId=1225562\" target=\"_blank\" rel=\"nofollow noopener\">\n\t\t\t\t\t\t<span class=\"elementor-button-content-wrapper\">\n\t\t\t\t\t\t<span class=\"elementor-button-icon\">\n\t\t\t\t<i aria-hidden=\"true\" class=\"fas fa-external-link-alt\"><\/i>\t\t\t<\/span>\n\t\t\t\t\t\t\t\t\t<span class=\"elementor-button-text\">NDG<\/span>\n\t\t\t\t\t<\/span>\n\t\t\t\t\t<\/a>\n\t\t\t\t<\/div>\n\t\t\t\t\t\t\t\t<\/div>\n\t\t\t\t<\/div>\n\t\t\t\t\t<\/div>\n\t\t\t\t<\/div>\n\t\t\t\t<\/div>\n\t\t\t\t<\/div>\n\t\t","protected":false},"excerpt":{"rendered":"<p>\u00c0 propos deMassageSetsuko Nous sommes ravis de vous accueillir \u00e0 Massage Setsuko, votre sanctuaire pour le bien-\u00eatre et la relaxation, maintenant avec deux emplacements pratiques \u00e0 Montr\u00e9al : NDG et notre nouvelle clinique \u00e0 Dorval. Chaque emplacement est con\u00e7u pour offrir une retraite paisible contre le stress de la vie quotidienne. Grande r\u00e9ouverture et notre [&hellip;]<\/p>\n","protected":false},"author":1,"featured_media":0,"parent":9588,"menu_order":0,"comment_status":"closed","ping_status":"closed","template":"","meta":{"_acf_changed":false,"footnotes":""},"class_list":["post-10248","page","type-page","status-publish","hentry"],"acf":[],"_links":{"self":[{"href":"https:\/\/setsuko.ca\/fr\/wp-json\/wp\/v2\/pages\/10248","targetHints":{"allow":["GET"]}}],"collection":[{"href":"https:\/\/setsuko.ca\/fr\/wp-json\/wp\/v2\/pages"}],"about":[{"href":"https:\/\/setsuko.ca\/fr\/wp-json\/wp\/v2\/types\/page"}],"author":[{"embeddable":true,"href":"https:\/\/setsuko.ca\/fr\/wp-json\/wp\/v2\/users\/1"}],"replies":[{"embeddable":true,"href":"https:\/\/setsuko.ca\/fr\/wp-json\/wp\/v2\/comments?post=10248"}],"version-history":[{"count":4,"href":"https:\/\/setsuko.ca\/fr\/wp-json\/wp\/v2\/pages\/10248\/revisions"}],"predecessor-version":[{"id":10923,"href":"https:\/\/setsuko.ca\/fr\/wp-json\/wp\/v2\/pages\/10248\/revisions\/10923"}],"up":[{"embeddable":true,"href":"https:\/\/setsuko.ca\/fr\/wp-json\/wp\/v2\/pages\/9588"}],"wp:attachment":[{"href":"https:\/\/setsuko.ca\/fr\/wp-json\/wp\/v2\/media?parent=10248"}],"curies":[{"name":"wp","href":"https:\/\/api.w.org\/{rel}","templated":true}]}}