{"id":10408,"date":"2025-01-10T17:09:23","date_gmt":"2025-01-10T22:09:23","guid":{"rendered":"https:\/\/ecolesetsuko.ca\/setsuko-accueil\/"},"modified":"2025-07-07T13:13:44","modified_gmt":"2025-07-07T17:13:44","slug":"setsuko-accueil","status":"publish","type":"page","link":"https:\/\/setsuko.ca\/fr\/","title":{"rendered":"Setsuko accueil"},"content":{"rendered":"\t\t<div data-elementor-type=\"wp-page\" data-elementor-id=\"10408\" class=\"elementor elementor-10408 elementor-10150\" data-elementor-post-type=\"page\">\n\t\t\t\t<div class=\"elementor-element elementor-element-093b3a1 e-flex e-con-boxed e-con e-parent\" data-id=\"093b3a1\" data-element_type=\"container\" data-e-type=\"container\" data-settings=\"{&quot;background_background&quot;:&quot;classic&quot;}\">\n\t\t\t\t\t<div class=\"e-con-inner\">\n\t\t\t\t<div class=\"elementor-element elementor-element-42ebeb8 elementor-widget elementor-widget-heading\" data-id=\"42ebeb8\" data-element_type=\"widget\" data-e-type=\"widget\" data-widget_type=\"heading.default\">\n\t\t\t\t<div class=\"elementor-widget-container\">\n\t\t\t\t\t<h1 class=\"elementor-heading-title elementor-size-default\">L'art de la sant\u00e9 holistique<\/h1>\t\t\t\t<\/div>\n\t\t\t\t<\/div>\n\t\t\t\t<div class=\"elementor-element elementor-element-cdc4789 elementor-widget elementor-widget-heading\" data-id=\"cdc4789\" data-element_type=\"widget\" data-e-type=\"widget\" data-widget_type=\"heading.default\">\n\t\t\t\t<div class=\"elementor-widget-container\">\n\t\t\t\t\t<h2 class=\"elementor-heading-title elementor-size-default\">Certifications et cliniques de massage<\/h2>\t\t\t\t<\/div>\n\t\t\t\t<\/div>\n\t\t\t\t<div class=\"elementor-element elementor-element-76f6cf6 elementor-absolute elementor-widget elementor-widget-image\" data-id=\"76f6cf6\" data-element_type=\"widget\" data-e-type=\"widget\" data-settings=\"{&quot;_position&quot;:&quot;absolute&quot;}\" data-widget_type=\"image.default\">\n\t\t\t\t<div class=\"elementor-widget-container\">\n\t\t\t\t\t\t\t\t\t\t\t\t\t\t\t<img fetchpriority=\"high\" decoding=\"async\" width=\"339\" height=\"198\" src=\"https:\/\/setsuko.b-cdn.net\/wp-content\/uploads\/2025\/05\/facebook-google-reviews-badge.png\" class=\"attachment-full size-full wp-image-12240\" alt=\"Avis Facebook et Google - Note de 4,9 sur 83&nbsp;avis\" srcset=\"https:\/\/setsuko.b-cdn.net\/wp-content\/uploads\/2025\/05\/facebook-google-reviews-badge.png 339w, https:\/\/setsuko.b-cdn.net\/wp-content\/uploads\/2025\/05\/facebook-google-reviews-badge-300x175.png 300w\" sizes=\"(max-width: 339px) 100vw, 339px\" title=\"\">\t\t\t\t\t\t\t\t\t\t\t\t\t\t\t<\/div>\n\t\t\t\t<\/div>\n\t\t\t\t\t<\/div>\n\t\t\t\t<\/div>\n\t\t<div class=\"elementor-element elementor-element-14e50e4 e-flex e-con-boxed e-con e-parent\" data-id=\"14e50e4\" data-element_type=\"container\" data-e-type=\"container\">\n\t\t\t\t\t<div class=\"e-con-inner\">\n\t\t<div class=\"elementor-element elementor-element-c0d6dd4 e-con-full e-flex e-con e-child\" data-id=\"c0d6dd4\" data-element_type=\"container\" data-e-type=\"container\" data-settings=\"{&quot;background_background&quot;:&quot;gradient&quot;}\">\n\t\t\t\t<div class=\"elementor-element elementor-element-a010ce6 elementor-widget elementor-widget-heading\" data-id=\"a010ce6\" data-element_type=\"widget\" data-e-type=\"widget\" data-widget_type=\"heading.default\">\n\t\t\t\t<div class=\"elementor-widget-container\">\n\t\t\t\t\t<h2 class=\"elementor-heading-title elementor-size-default\">Commencez votre carri\u00e8re<\/h2>\t\t\t\t<\/div>\n\t\t\t\t<\/div>\n\t\t\t\t<div class=\"elementor-element elementor-element-fc87e3f elementor-widget elementor-widget-text-editor\" data-id=\"fc87e3f\" data-element_type=\"widget\" data-e-type=\"widget\" data-widget_type=\"text-editor.default\">\n\t\t\t\t<div class=\"elementor-widget-container\">\n\t\t\t\t\t\t\t\t\t<p>Devenez un massoth\u00e9rapeute certifi\u00e9 gr\u00e2ce \u00e0 notre approche holistique de l&#8217;enseignement qui nourrit le corps, l&#8217;\u00e2me et l&#8217;esprit. Notre programme unique comprend des comp\u00e9tences en marketing et en gestion d&#8217;entreprise, compl\u00e9t\u00e9es par des classes de petite taille pour une attention personnalis\u00e9e, faisant de chaque \u00e9tudiant un membre pr\u00e9cieux de notre famille.<\/p>\n\t\t\t\t\t\t\t\t<\/div>\n\t\t\t\t<\/div>\n\t\t\t\t<div class=\"elementor-element elementor-element-2107594 elementor-align-center elementor-widget elementor-widget-button\" data-id=\"2107594\" data-element_type=\"widget\" data-e-type=\"widget\" data-widget_type=\"button.default\">\n\t\t\t\t<div class=\"elementor-widget-container\">\n\t\t\t\t\t\t\t\t\t<div class=\"elementor-button-wrapper\">\n\t\t\t\t\t<a class=\"elementor-button elementor-button-link elementor-size-sm\" href=\"https:\/\/setsuko.ca\/fr\/ecole\/diplomes\/\">\n\t\t\t\t\t\t<span class=\"elementor-button-content-wrapper\">\n\t\t\t\t\t\t\t\t\t<span class=\"elementor-button-text\">Dipl\u00f4mes<\/span>\n\t\t\t\t\t<\/span>\n\t\t\t\t\t<\/a>\n\t\t\t\t<\/div>\n\t\t\t\t\t\t\t\t<\/div>\n\t\t\t\t<\/div>\n\t\t\t\t<\/div>\n\t\t<div class=\"elementor-element elementor-element-7f6d3ff e-con-full e-flex e-con e-child\" data-id=\"7f6d3ff\" data-element_type=\"container\" data-e-type=\"container\" data-settings=\"{&quot;background_background&quot;:&quot;gradient&quot;}\">\n\t\t\t\t<div class=\"elementor-element elementor-element-420ae24 elementor-widget elementor-widget-heading\" data-id=\"420ae24\" data-element_type=\"widget\" data-e-type=\"widget\" data-widget_type=\"heading.default\">\n\t\t\t\t<div class=\"elementor-widget-container\">\n\t\t\t\t\t<h2 class=\"elementor-heading-title elementor-size-default\">D\u00e9velopper ses comp\u00e9tences<\/h2>\t\t\t\t<\/div>\n\t\t\t\t<\/div>\n\t\t\t\t<div class=\"elementor-element elementor-element-f8b889e elementor-widget elementor-widget-text-editor\" data-id=\"f8b889e\" data-element_type=\"widget\" data-e-type=\"widget\" data-widget_type=\"text-editor.default\">\n\t\t\t\t<div class=\"elementor-widget-container\">\n\t\t\t\t\t\t\t\t\t<p>Notre programme d&#8217;\u00e9tudes est r\u00e9guli\u00e8rement mis \u00e0 jour pour se conformer aux derni\u00e8res r\u00e9glementations des associations de massoth\u00e9rapeutes, ce qui permet \u00e0 nos \u00e9tudiants de rester inform\u00e9s et de prendre de l&#8217;avance. Reconnus par RITMA, AQTN et d&#8217;autres, nous offrons des ateliers avanc\u00e9s aux th\u00e9rapeutes d\u00e9sireux d&#8217;am\u00e9liorer leurs comp\u00e9tences et de faire progresser leur carri\u00e8re dans divers domaines de la sant\u00e9 holistique.<\/p>\n\t\t\t\t\t\t\t\t<\/div>\n\t\t\t\t<\/div>\n\t\t\t\t<div class=\"elementor-element elementor-element-a5ed2d2 elementor-align-center elementor-widget elementor-widget-button\" data-id=\"a5ed2d2\" data-element_type=\"widget\" data-e-type=\"widget\" data-widget_type=\"button.default\">\n\t\t\t\t<div class=\"elementor-widget-container\">\n\t\t\t\t\t\t\t\t\t<div class=\"elementor-button-wrapper\">\n\t\t\t\t\t<a class=\"elementor-button elementor-button-link elementor-size-sm\" href=\"https:\/\/setsuko.ca\/fr\/ecole\/certificats\/\">\n\t\t\t\t\t\t<span class=\"elementor-button-content-wrapper\">\n\t\t\t\t\t\t\t\t\t<span class=\"elementor-button-text\">Formation avanc\u00e9e<\/span>\n\t\t\t\t\t<\/span>\n\t\t\t\t\t<\/a>\n\t\t\t\t<\/div>\n\t\t\t\t\t\t\t\t<\/div>\n\t\t\t\t<\/div>\n\t\t\t\t<\/div>\n\t\t<div class=\"elementor-element elementor-element-e6cd032 e-con-full e-flex e-con e-child\" data-id=\"e6cd032\" data-element_type=\"container\" data-e-type=\"container\" data-settings=\"{&quot;background_background&quot;:&quot;gradient&quot;}\">\n\t\t\t\t<div class=\"elementor-element elementor-element-4964e8c elementor-widget elementor-widget-heading\" data-id=\"4964e8c\" data-element_type=\"widget\" data-e-type=\"widget\" data-widget_type=\"heading.default\">\n\t\t\t\t<div class=\"elementor-widget-container\">\n\t\t\t\t\t<h2 class=\"elementor-heading-title elementor-size-default\">R\u00e9server un massage<\/h2>\t\t\t\t<\/div>\n\t\t\t\t<\/div>\n\t\t\t\t<div class=\"elementor-element elementor-element-a8a4d9e elementor-widget elementor-widget-text-editor\" data-id=\"a8a4d9e\" data-element_type=\"widget\" data-e-type=\"widget\" data-widget_type=\"text-editor.default\">\n\t\t\t\t<div class=\"elementor-widget-container\">\n\t\t\t\t\t\t\t\t\t<p>Massage Setsuko offre un sanctuaire pour le bien-\u00eatre avec deux emplacements \u00e0 Montr\u00e9al, \u00e0 NDG et \u00e0 Dorval. Con\u00e7ues comme des retraites paisibles, nos cliniques combinent des techniques de massage traditionnelles et modernes pour offrir des soins personnalis\u00e9s qui apaisent les maux physiques et favorisent la relaxation mentale. Nous nous sp\u00e9cialisons dans les massages su\u00e9dois, les massages en profondeur, le shiatsu, la r\u00e9flexologie et plus encore.<\/p>\n\t\t\t\t\t\t\t\t<\/div>\n\t\t\t\t<\/div>\n\t\t\t\t<div class=\"elementor-element elementor-element-cc8eec7 elementor-align-center elementor-widget elementor-widget-button\" data-id=\"cc8eec7\" data-element_type=\"widget\" data-e-type=\"widget\" data-widget_type=\"button.default\">\n\t\t\t\t<div class=\"elementor-widget-container\">\n\t\t\t\t\t\t\t\t\t<div class=\"elementor-button-wrapper\">\n\t\t\t\t\t<a class=\"elementor-button elementor-button-link elementor-size-sm\" href=\"https:\/\/setsuko.ca\/fr\/massage-setsuko-massage-montreal-quebec\/\">\n\t\t\t\t\t\t<span class=\"elementor-button-content-wrapper\">\n\t\t\t\t\t\t\t\t\t<span class=\"elementor-button-text\">Cliniques de massage<\/span>\n\t\t\t\t\t<\/span>\n\t\t\t\t\t<\/a>\n\t\t\t\t<\/div>\n\t\t\t\t\t\t\t\t<\/div>\n\t\t\t\t<\/div>\n\t\t\t\t<\/div>\n\t\t\t\t\t<\/div>\n\t\t\t\t<\/div>\n\t\t<div class=\"elementor-element elementor-element-067109b e-flex e-con-boxed e-con e-parent\" data-id=\"067109b\" data-element_type=\"container\" data-e-type=\"container\">\n\t\t\t\t\t<div class=\"e-con-inner\">\n\t\t\t\t<div class=\"elementor-element elementor-element-f792f30 elementor-widget__width-auto elementor-widget elementor-widget-image\" data-id=\"f792f30\" data-element_type=\"widget\" data-e-type=\"widget\" data-widget_type=\"image.default\">\n\t\t\t\t<div class=\"elementor-widget-container\">\n\t\t\t\t\t\t\t\t\t\t\t\t\t\t\t<img decoding=\"async\" width=\"300\" height=\"300\" src=\"https:\/\/setsuko.b-cdn.net\/wp-content\/uploads\/2024\/12\/SETSUKO-LOGO-circular-descriptor-en-300x300.png\" class=\"attachment-medium size-medium wp-image-10158\" alt=\"SETSUKO - Formation en sant\u00e9 holistique - Clinique de massage holistique\" srcset=\"https:\/\/setsuko.b-cdn.net\/wp-content\/uploads\/2024\/12\/SETSUKO-LOGO-circular-descriptor-en-300x300.png.webp 300w, https:\/\/setsuko.b-cdn.net\/wp-content\/uploads\/2024\/12\/SETSUKO-LOGO-circular-descriptor-en-150x150.png.webp 150w, https:\/\/setsuko.b-cdn.net\/wp-content\/uploads\/2024\/12\/SETSUKO-LOGO-circular-descriptor-en-768x768.png.webp 768w, https:\/\/setsuko.b-cdn.net\/wp-content\/uploads\/2024\/12\/SETSUKO-LOGO-circular-descriptor-en-600x600.png.webp 600w, https:\/\/setsuko.b-cdn.net\/wp-content\/uploads\/2024\/12\/SETSUKO-LOGO-circular-descriptor-en-100x100.png.webp 100w, https:\/\/setsuko.b-cdn.net\/wp-content\/uploads\/2024\/12\/SETSUKO-LOGO-circular-descriptor-en.png.webp 800w\" sizes=\"(max-width: 300px) 100vw, 300px\" title=\"\">\t\t\t\t\t\t\t\t\t\t\t\t\t\t\t<\/div>\n\t\t\t\t<\/div>\n\t\t\t\t<div class=\"elementor-element elementor-element-e66f00d elementor-widget__width-auto elementor-widget elementor-widget-heading\" data-id=\"e66f00d\" data-element_type=\"widget\" data-e-type=\"widget\" data-widget_type=\"heading.default\">\n\t\t\t\t<div class=\"elementor-widget-container\">\n\t\t\t\t\t<h2 class=\"elementor-heading-title elementor-size-default\">La diff\u00e9rence Setsuko<\/h2>\t\t\t\t<\/div>\n\t\t\t\t<\/div>\n\t\t\t\t\t<\/div>\n\t\t\t\t<\/div>\n\t\t<div class=\"elementor-element elementor-element-c71ceea e-flex e-con-boxed e-con e-parent\" data-id=\"c71ceea\" data-element_type=\"container\" data-e-type=\"container\">\n\t\t\t\t\t<div class=\"e-con-inner\">\n\t\t\t\t<div class=\"elementor-element elementor-element-2188389 elementor-widget elementor-widget-text-editor\" data-id=\"2188389\" data-element_type=\"widget\" data-e-type=\"widget\" data-widget_type=\"text-editor.default\">\n\t\t\t\t<div class=\"elementor-widget-container\">\n\t\t\t\t\t\t\t\t\t<ul>\n<li><strong>Approche holistique<\/strong> : Nous traitons la personne dans sa globalit\u00e9 \u2013 corps, esprit et \u00e2me \u2013 afin de garantir des soins et un apprentissage complets.<\/li>\n<li><strong>\u00c9ducation int\u00e9gr\u00e9e<\/strong> : Nos programmes comprennent des comp\u00e9tences commerciales essentielles et des connaissances en marketing, pr\u00e9parant les dipl\u00f4m\u00e9s \u00e0 la r\u00e9ussite professionnelle.<\/li>\n<li><strong>Soins personnalis\u00e9s<\/strong> : Nos <a href=\"https:\/\/setsuko.ca\/fr\/ecole\/\">\u00e9coles<\/a> et nos <a href=\"https:\/\/setsuko.ca\/fr\/massage-setsuko-massage-montreal-quebec\/\">cliniques<\/a> offrent une attention personnalis\u00e9e, garantissant que chaque \u00e9tudiant et chaque client se sentent valoris\u00e9s et soutenus.<\/li>\n<li><strong>Petits effectifs<\/strong> : Nous maintenons des classes de petite taille afin de fournir une attention personnalis\u00e9e, favorisant une communaut\u00e9 d&#8217;apprentissage plus \u00e9troite.<\/li>\n<li><strong>Connexion th\u00e9rapeutique<\/strong> : <a href=\"https:\/\/setsuko.ca\/fr\/massage-setsuko-massage-montreal-quebec\/\">Nos cliniques<\/a> mettent l&#8217;accent sur l&#8217;\u00e9tablissement d&#8217;un lien th\u00e9rapeutique qui respecte et r\u00e9pond aux besoins individuels des clients.<\/li>\n<li><strong>Des modalit\u00e9s vari\u00e9es<\/strong> : Nous nous sp\u00e9cialisons dans une vari\u00e9t\u00e9 de techniques de massage, y compris le su\u00e9dois, le tissu profond, le shiatsu, la r\u00e9flexologie, le drainage lymphatique et l&#8217;acupression.<\/li>\n<li><strong>Instructeurs anglophones hautement qualifi\u00e9s :<\/strong> L&#8217;une des rares \u00e9coles au Qu\u00e9bec \u00e0 offrir un enseignement en anglais tout en accueillant des \u00e9tudiants francophones, assurant ainsi l&#8217;accessibilit\u00e9 et l&#8217;inclusivit\u00e9.<\/li>\n<\/ul>\n<p><\/p>\n<div style=\"text-align: center;\">D\u00e9couvrez notre philosophie, notre vision et notre approche sur notre page <a href=\"https:\/\/setsuko.ca\/fr\/a-propos-de-setsuko\/\">A propos de nous<\/a> ou apprenez-en plus sur nos incroyables <a href=\"https:\/\/setsuko.ca\/fr\/ecole\/enseignants\/\">instructeurs<\/a>.<\/div>\n\t\t\t\t\t\t\t\t<\/div>\n\t\t\t\t<\/div>\n\t\t\t\t<div class=\"elementor-element elementor-element-99861ba elementor-cta--skin-classic elementor-animated-content elementor-bg-transform elementor-bg-transform-zoom-in elementor-widget elementor-widget-call-to-action\" data-id=\"99861ba\" data-element_type=\"widget\" data-e-type=\"widget\" data-widget_type=\"call-to-action.default\">\n\t\t\t\t<div class=\"elementor-widget-container\">\n\t\t\t\t\t\t\t<div class=\"elementor-cta\">\n\t\t\t\t\t<div class=\"elementor-cta__bg-wrapper\">\n\t\t\t\t<div class=\"elementor-cta__bg elementor-bg\" style=\"background-image: url(https://setsuko.b-cdn.net/fr/https:\/\/setsuko.b-cdn.net\/wp-content\/uploads\/2021\/12\/AdobeStock_207372460-1080x675-1-1024x640.webp);\" role=\"img\" aria-label=\"In the second part of the Advanced Swedish course, students will learn how to locate and identify specific tensions and structures in the body while learning how to address them with targeted approaches.\"><\/div>\n\t\t\t\t<div class=\"elementor-cta__bg-overlay\"><\/div>\n\t\t\t<\/div>\n\t\t\t\t\t\t\t<div class=\"elementor-cta__content\">\n\t\t\t\t\n\t\t\t\t\t\t\t\t\t<h2 class=\"elementor-cta__title elementor-cta__content-item elementor-content-item\">\n\t\t\t\t\t\tVous ne savez pas par o\u00f9 commencer ?\t\t\t\t\t<\/h2>\n\t\t\t\t\n\t\t\t\t\t\t\t\t\t<div class=\"elementor-cta__description elementor-cta__content-item elementor-content-item\">\n\t\t\t\t\t\t<p>Adressez-vous \u00e0 l'un de nos conseillers \u00e9tudiants pour savoir quel programme ou atelier vous convient le mieux.<\/p>\n\t\t\t\t\t<\/div>\n\t\t\t\t\n\t\t\t\t\t\t\t\t\t<div class=\"elementor-cta__button-wrapper elementor-cta__content-item elementor-content-item \">\n\t\t\t\t\t<a class=\"elementor-cta__button elementor-button elementor-size-\" href=\"https:\/\/calendly.com\/ecolesetsuko\/30-minute-student-interview-fr\" target=\"_blank\" rel=\"noopener\">\n\t\t\t\t\t\tR\u00e9server une consultation gratuite\t\t\t\t\t<\/a>\n\t\t\t\t\t<\/div>\n\t\t\t\t\t\t\t<\/div>\n\t\t\t\t\t\t<\/div>\n\t\t\t\t\t\t<\/div>\n\t\t\t\t<\/div>\n\t\t\t\t\t<\/div>\n\t\t\t\t<\/div>\n\t\t\t\t<\/div>\n\t\t","protected":false},"excerpt":{"rendered":"<p>L&#8217;art de la sant\u00e9 holistique Certifications et cliniques de massage Commencez votre carri\u00e8re Devenez un massoth\u00e9rapeute certifi\u00e9 gr\u00e2ce \u00e0 notre approche holistique de l&#8217;enseignement qui nourrit le corps, l&#8217;\u00e2me et l&#8217;esprit. Notre programme unique comprend des comp\u00e9tences en marketing et en gestion d&#8217;entreprise, compl\u00e9t\u00e9es par des classes de petite taille pour une attention personnalis\u00e9e, faisant [&hellip;]<\/p>\n","protected":false},"author":1,"featured_media":0,"parent":0,"menu_order":0,"comment_status":"closed","ping_status":"closed","template":"","meta":{"_acf_changed":false,"footnotes":""},"class_list":["post-10408","page","type-page","status-publish","hentry"],"acf":[],"_links":{"self":[{"href":"https:\/\/setsuko.ca\/fr\/wp-json\/wp\/v2\/pages\/10408","targetHints":{"allow":["GET"]}}],"collection":[{"href":"https:\/\/setsuko.ca\/fr\/wp-json\/wp\/v2\/pages"}],"about":[{"href":"https:\/\/setsuko.ca\/fr\/wp-json\/wp\/v2\/types\/page"}],"author":[{"embeddable":true,"href":"https:\/\/setsuko.ca\/fr\/wp-json\/wp\/v2\/users\/1"}],"replies":[{"embeddable":true,"href":"https:\/\/setsuko.ca\/fr\/wp-json\/wp\/v2\/comments?post=10408"}],"version-history":[{"count":3,"href":"https:\/\/setsuko.ca\/fr\/wp-json\/wp\/v2\/pages\/10408\/revisions"}],"predecessor-version":[{"id":12499,"href":"https:\/\/setsuko.ca\/fr\/wp-json\/wp\/v2\/pages\/10408\/revisions\/12499"}],"wp:attachment":[{"href":"https:\/\/setsuko.ca\/fr\/wp-json\/wp\/v2\/media?parent=10408"}],"curies":[{"name":"wp","href":"https:\/\/api.w.org\/{rel}","templated":true}]}}