{"id":10410,"date":"2024-12-15T20:36:08","date_gmt":"2024-12-16T01:36:08","guid":{"rendered":"https:\/\/ecolesetsuko.ca\/a-propos-de-setsuko\/"},"modified":"2025-01-19T12:19:24","modified_gmt":"2025-01-19T17:19:24","slug":"a-propos-de-setsuko","status":"publish","type":"page","link":"https:\/\/setsuko.ca\/fr\/a-propos-de-setsuko\/","title":{"rendered":"\u00c0 propos de Setsuko"},"content":{"rendered":"\t\t<div data-elementor-type=\"wp-page\" data-elementor-id=\"10410\" class=\"elementor elementor-10410 elementor-10138\" data-elementor-post-type=\"page\">\n\t\t\t\t<div class=\"elementor-element elementor-element-eae4024 e-flex e-con-boxed e-con e-parent\" data-id=\"eae4024\" data-element_type=\"container\" data-e-type=\"container\">\n\t\t\t\t\t<div class=\"e-con-inner\">\n\t\t\t\t<div class=\"elementor-element elementor-element-b6e3c4d elementor-widget elementor-widget-text-editor\" data-id=\"b6e3c4d\" data-element_type=\"widget\" data-e-type=\"widget\" data-widget_type=\"text-editor.default\">\n\t\t\t\t<div class=\"elementor-widget-container\">\n\t\t\t\t\t\t\t\t\t<p>Bienvenue \u00e0 Setsuko, votre premi\u00e8re destination pour la sant\u00e9 holistique et le bien-\u00eatre, \u00e9tablie \u00e0 Montr\u00e9al en 2013. Setsuko comprend une clinique de massoth\u00e9rapie tr\u00e8s r\u00e9put\u00e9e, Massage Setsuko, et un \u00e9tablissement d&#8217;enseignement distingu\u00e9, l&#8217;\u00c9cole Setsuko. Nous nous engageons \u00e0 favoriser la gu\u00e9rison, l&#8217;\u00e9ducation et la croissance personnelle gr\u00e2ce \u00e0 des soins de haute qualit\u00e9 et \u00e0 un apprentissage complet.<\/p>\n<h3>Notre fondatrice<\/h3>\n<p>Jennifer Setsuko Lee, fondatrice et directrice de l&#8217;\u00c9cole Setsuko, est une massoth\u00e9rapeute chevronn\u00e9e, une naturopathe et une experte en acupression et en m\u00e9decine traditionnelle chinoise (MTC). Sous sa direction, l&#8217;Ecole Setsuko est devenue une \u00e9cole d&#8217;\u00e9ducation \u00e0 la sant\u00e9 holistique qui propose non seulement des ateliers d&#8217;int\u00e9r\u00eat g\u00e9n\u00e9ral, mais aussi des programmes complets de certification en th\u00e9rapie naturelle, massoth\u00e9rapie, acupression et travail \u00e9nerg\u00e9tique. Forte d&#8217;un sens aigu de la communaut\u00e9 et d&#8217;une volont\u00e9 de sensibilisation, Jennifer Setsuko Lee sert de pont entre les g\u00e9n\u00e9rations, apportant une richesse de connaissances et une approche multidimensionnelle de la sant\u00e9 et du bien-\u00eatre. Sa philosophie met l&#8217;accent sur l&#8217;importance des exp\u00e9riences somatiques dans le corps pour atteindre l&#8217;\u00e9quilibre et l&#8217;harmonie, en int\u00e9grant les aspects physiques, \u00e9motionnels et spirituels de la sant\u00e9.<\/p>\n<h3>Notre mission<\/h3>\n<p>Notre mission \u00e0 Setsuko est d&#8217;am\u00e9liorer le bien-\u00eatre de la communaut\u00e9 en fournissant des services th\u00e9rapeutiques et \u00e9ducatifs int\u00e9gr\u00e9s qui respectent l&#8217;\u00e9quilibre du corps, de l&#8217;esprit et de l&#8217;\u00e2me. Nous nous effor\u00e7ons d&#8217;offrir un environnement stimulant o\u00f9 les individus trouvent la sant\u00e9 et l&#8217;harmonie et o\u00f9 les professionnels peuvent acqu\u00e9rir des comp\u00e9tences exemplaires en mati\u00e8re de sant\u00e9 holistique.<\/p>\n<h3>Notre vision<\/h3>\n<p>Setsuko s&#8217;efforce d&#8217;\u00eatre un leader en mati\u00e8re de services de sant\u00e9 holistique et d&#8217;\u00e9ducation, en progressant continuellement dans les deux domaines tout en \u00e9tablissant des normes en mati\u00e8re de soins compatissants et de formation compl\u00e8te. Nous envisageons une communaut\u00e9 o\u00f9 chaque individu a acc\u00e8s aux outils de sant\u00e9 essentiels et aux opportunit\u00e9s de croissance professionnelle.<\/p>\n<h3>Nos valeurs<\/h3>\n<ul>\n<li><strong>Int\u00e9grit\u00e9 et excellence<\/strong> : Nous respectons les normes les plus \u00e9lev\u00e9es dans tous nos services et programmes \u00e9ducatifs.<\/li>\n<li><strong>Compassion et respect<\/strong> : Chaque interaction est men\u00e9e avec gentillesse et en tenant compte des divers besoins de notre communaut\u00e9.<\/li>\n<li><strong>Innovation et croissance<\/strong> : Nous nous engageons \u00e0 am\u00e9liorer continuellement nos techniques et nos offres.<\/li>\n<li><strong>Communaut\u00e9 et collaboration<\/strong> : Nous recherchons activement des partenariats pour \u00e9tendre et am\u00e9liorer nos services, croyant au pouvoir de la communaut\u00e9.<\/li>\n<\/ul>\n<h3>Nos th\u00e9rapeutes et instructeurs<\/h3>\n<p>Notre \u00e9quipe de th\u00e9rapeutes et d&#8217;instructeurs qualifi\u00e9s, y compris des professionnels chevronn\u00e9s et des dipl\u00f4m\u00e9s talentueux de l&#8217;Ecole Setsuko, sont passionn\u00e9s et form\u00e9s de mani\u00e8re experte. En tant que clinique et \u00e9cole d&#8217;enseignement, nous mettons l&#8217;accent sur l&#8217;excellence et la formation continue, en veillant \u00e0 ce que chaque membre de notre \u00e9quipe soit non seulement comp\u00e9tent, mais aussi \u00e0 la pointe des techniques th\u00e9rapeutiques et \u00e9ducatives.<\/p>\n<h3>Nos services et programmes \u00e9ducatifs<\/h3>\n<p>Au <a href=\"https:\/\/www.setsuko.ca\/massage-clinic\">Massage Setsuko<\/a>, nous offrons une vari\u00e9t\u00e9 de th\u00e9rapies de massage, y compris le su\u00e9dois, le tissu profond, le shiatsu, et des traitements sp\u00e9cialis\u00e9s tels que le massage pr\u00e9natal. Chaque s\u00e9ance est con\u00e7ue pour r\u00e9pondre aux besoins individuels de nos clients, afin de les soulager, de les rajeunir et de les d\u00e9tendre. Notre clinique est un espace de gu\u00e9rison o\u00f9 les clients peuvent se d\u00e9tendre et atteindre un bien-\u00eatre holistique. <a href=\"https:\/\/www.setsuko.ca\/fr\/ecole\">L&#8217;\u00c9cole Setsuko<\/a> est un \u00e9tablissement d&#8217;enseignement de premier plan sp\u00e9cialis\u00e9 dans la massoth\u00e9rapie et les pratiques de sant\u00e9 holistiques. Nos programmes sont con\u00e7us non seulement pour enseigner les principes fondamentaux du massage, mais aussi pour impr\u00e9gner nos \u00e9tudiants d&#8217;une compr\u00e9hension profonde du lien th\u00e9rapeutique entre le corps et l&#8217;esprit. Notre programme complet comprend une formation pratique pour pr\u00e9parer la prochaine g\u00e9n\u00e9ration de massoth\u00e9rapeutes et de praticiens de la sant\u00e9 holistique.<\/p>\n<h3>Accessibilit\u00e9 et services aux personnes handicap\u00e9es<\/h3>\n<p>Nous sommes d\u00e9termin\u00e9s \u00e0 faire en sorte que nos services soient accessibles \u00e0 tous, y compris aux personnes handicap\u00e9es. Nos cliniques disposent d&#8217;installations et de salles de traitement accessibles aux fauteuils roulants, et nos th\u00e9rapeutes et instructeurs sont form\u00e9s pour adapter les techniques aux besoins de chaque client, ce qui favorise l&#8217;inclusion et le respect de tous ceux qui visitent nos cliniques.<\/p>\n<hr \/>\n<p>Nous vous invitons \u00e0 explorer davantage notre site Web pour en savoir plus sur nos programmes de cliniques et d&#8217;\u00e9coles, et d\u00e9couvrir comment Setsuko peut contribuer \u00e0 votre cheminement vers le bien-\u00eatre ou \u00e0 vos aspirations professionnelles. Rejoignez-nous \u00e0 Setsuko, o\u00f9 chaque contact et chaque le\u00e7on sont dispens\u00e9s avec soin et d\u00e9termination.<\/p>\n\t\t\t\t\t\t\t\t<\/div>\n\t\t\t\t<\/div>\n\t\t\t\t\t<\/div>\n\t\t\t\t<\/div>\n\t\t\t\t<\/div>\n\t\t","protected":false},"excerpt":{"rendered":"<p>Bienvenue \u00e0 Setsuko, votre premi\u00e8re destination pour la sant\u00e9 holistique et le bien-\u00eatre, \u00e9tablie \u00e0 Montr\u00e9al en 2013. Setsuko comprend une clinique de massoth\u00e9rapie tr\u00e8s r\u00e9put\u00e9e, Massage Setsuko, et un \u00e9tablissement d&#8217;enseignement distingu\u00e9, l&#8217;\u00c9cole Setsuko. Nous nous engageons \u00e0 favoriser la gu\u00e9rison, l&#8217;\u00e9ducation et la croissance personnelle gr\u00e2ce \u00e0 des soins de haute qualit\u00e9 et [&hellip;]<\/p>\n","protected":false},"author":1,"featured_media":9535,"parent":0,"menu_order":0,"comment_status":"closed","ping_status":"closed","template":"","meta":{"_acf_changed":false,"footnotes":""},"class_list":["post-10410","page","type-page","status-publish","has-post-thumbnail","hentry"],"acf":[],"_links":{"self":[{"href":"https:\/\/setsuko.ca\/fr\/wp-json\/wp\/v2\/pages\/10410","targetHints":{"allow":["GET"]}}],"collection":[{"href":"https:\/\/setsuko.ca\/fr\/wp-json\/wp\/v2\/pages"}],"about":[{"href":"https:\/\/setsuko.ca\/fr\/wp-json\/wp\/v2\/types\/page"}],"author":[{"embeddable":true,"href":"https:\/\/setsuko.ca\/fr\/wp-json\/wp\/v2\/users\/1"}],"replies":[{"embeddable":true,"href":"https:\/\/setsuko.ca\/fr\/wp-json\/wp\/v2\/comments?post=10410"}],"version-history":[{"count":2,"href":"https:\/\/setsuko.ca\/fr\/wp-json\/wp\/v2\/pages\/10410\/revisions"}],"predecessor-version":[{"id":10931,"href":"https:\/\/setsuko.ca\/fr\/wp-json\/wp\/v2\/pages\/10410\/revisions\/10931"}],"wp:featuredmedia":[{"embeddable":true,"href":"https:\/\/setsuko.ca\/fr\/wp-json\/wp\/v2\/media\/9535"}],"wp:attachment":[{"href":"https:\/\/setsuko.ca\/fr\/wp-json\/wp\/v2\/media?parent=10410"}],"curies":[{"name":"wp","href":"https:\/\/api.w.org\/{rel}","templated":true}]}}