{"id":10412,"date":"2024-12-15T13:02:21","date_gmt":"2024-12-15T18:02:21","guid":{"rendered":"https:\/\/ecolesetsuko.ca\/massage-setsuko-massage-montreal-quebec\/massage-mobile-et-spa\/"},"modified":"2025-01-13T14:30:32","modified_gmt":"2025-01-13T19:30:32","slug":"massage-mobile-et-spa","status":"publish","type":"page","link":"https:\/\/setsuko.ca\/fr\/massage-setsuko-massage-montreal-quebec\/massage-mobile-et-spa\/","title":{"rendered":"Massage mobile et spa"},"content":{"rendered":"\t\t<div data-elementor-type=\"wp-page\" data-elementor-id=\"10412\" class=\"elementor elementor-10412 elementor-9945\" data-elementor-post-type=\"page\">\n\t\t\t\t<div class=\"elementor-element elementor-element-46490ea e-flex e-con-boxed e-con e-parent\" data-id=\"46490ea\" data-element_type=\"container\" data-e-type=\"container\" data-settings=\"{&quot;background_background&quot;:&quot;classic&quot;}\">\n\t\t\t\t\t<div class=\"e-con-inner\">\n\t\t\t\t<div class=\"elementor-element elementor-element-0102eee elementor-widget elementor-widget-heading\" data-id=\"0102eee\" data-element_type=\"widget\" data-e-type=\"widget\" data-widget_type=\"heading.default\">\n\t\t\t\t<div class=\"elementor-widget-container\">\n\t\t\t\t\t<h1 class=\"elementor-heading-title elementor-size-default\">Massage mobile et spa<\/h1>\t\t\t\t<\/div>\n\t\t\t\t<\/div>\n\t\t\t\t\t<\/div>\n\t\t\t\t<\/div>\n\t\t<div class=\"elementor-element elementor-element-2ba8201 e-con-full e-flex e-con e-parent\" data-id=\"2ba8201\" data-element_type=\"container\" data-e-type=\"container\" data-settings=\"{&quot;background_background&quot;:&quot;classic&quot;,&quot;sticky&quot;:&quot;top&quot;,&quot;sticky_on&quot;:[&quot;desktop&quot;,&quot;laptop&quot;,&quot;tablet_extra&quot;,&quot;tablet&quot;],&quot;sticky_offset&quot;:0,&quot;sticky_effects_offset&quot;:0,&quot;sticky_anchor_link_offset&quot;:0}\">\n\t\t\t\t<\/div>\n\t\t<div class=\"elementor-element elementor-element-a0f2b09 e-flex e-con-boxed e-con e-parent\" data-id=\"a0f2b09\" data-element_type=\"container\" data-e-type=\"container\" data-settings=\"{&quot;background_background&quot;:&quot;gradient&quot;}\">\n\t\t\t\t\t<div class=\"e-con-inner\">\n\t\t\t\t<div class=\"elementor-element elementor-element-82de03b elementor-widget elementor-widget-heading\" data-id=\"82de03b\" data-element_type=\"widget\" data-e-type=\"widget\" data-widget_type=\"heading.default\">\n\t\t\t\t<div class=\"elementor-widget-container\">\n\t\t\t\t\t<h2 class=\"elementor-heading-title elementor-size-default\">Massage mobile - \u00e0 domicile ou en d\u00e9placement<\/h2>\t\t\t\t<\/div>\n\t\t\t\t<\/div>\n\t\t\t\t<div class=\"elementor-element elementor-element-c93bbc2 elementor-widget elementor-widget-text-editor\" data-id=\"c93bbc2\" data-element_type=\"widget\" data-e-type=\"widget\" data-widget_type=\"text-editor.default\">\n\t\t\t\t<div class=\"elementor-widget-container\">\n\t\t\t\t\t\t\t\t\t<p>Laissez-vous tenter par une exp\u00e9rience de relaxation ultime gr\u00e2ce \u00e0 nos services de massage mobile. Que vous soyez \u00e0 la maison, au bureau ou en voyage, nous sommes l\u00e0 pour vous aider \u00e0 vous d\u00e9tendre et \u00e0 vous ressourcer. Contactez-nous d\u00e8s aujourd&#8217;hui pour prendre rendez-vous et d\u00e9couvrez la commodit\u00e9 et les avantages d&#8217;une th\u00e9rapie de massage professionnelle \u00e0 votre porte.<\/p>\n<p style=\"text-align : justify ;\">Services de massage mobiles<\/p>\n\t\t\t\t\t\t\t\t<\/div>\n\t\t\t\t<\/div>\n\t\t<div class=\"elementor-element elementor-element-7a1b360 e-con-full e-flex e-con e-child\" data-id=\"7a1b360\" data-element_type=\"container\" data-e-type=\"container\">\n\t\t\t\t<div class=\"elementor-element elementor-element-0e4cd44 elementor-widget__width-auto elementor-widget elementor-widget-button\" data-id=\"0e4cd44\" data-element_type=\"widget\" data-e-type=\"widget\" data-widget_type=\"button.default\">\n\t\t\t\t<div class=\"elementor-widget-container\">\n\t\t\t\t\t\t\t\t\t<div class=\"elementor-button-wrapper\">\n\t\t\t\t\t<a class=\"elementor-button elementor-button-link elementor-size-sm\" href=\"https:\/\/www.fresha.com\/fr\/book-now\/massage-setsuko-sr2zt0y5\/services?oiid=sv%3A18068576&#038;share&#038;pId=1225562\" target=\"_blank\" rel=\"noopener\">\n\t\t\t\t\t\t<span class=\"elementor-button-content-wrapper\">\n\t\t\t\t\t\t\t\t\t<span class=\"elementor-button-text\">90 minutes de massage mobile - $160<\/span>\n\t\t\t\t\t<\/span>\n\t\t\t\t\t<\/a>\n\t\t\t\t<\/div>\n\t\t\t\t\t\t\t\t<\/div>\n\t\t\t\t<\/div>\n\t\t\t\t<div class=\"elementor-element elementor-element-81724df elementor-widget__width-auto elementor-widget elementor-widget-button\" data-id=\"81724df\" data-element_type=\"widget\" data-e-type=\"widget\" data-widget_type=\"button.default\">\n\t\t\t\t<div class=\"elementor-widget-container\">\n\t\t\t\t\t\t\t\t\t<div class=\"elementor-button-wrapper\">\n\t\t\t\t\t<a class=\"elementor-button elementor-button-link elementor-size-sm\" href=\"https:\/\/www.fresha.com\/fr\/book-now\/massage-setsuko-sr2zt0y5\/services?oiid=sv%3A18068575&#038;share&#038;pId=1225562\" target=\"_blank\" rel=\"noopener\">\n\t\t\t\t\t\t<span class=\"elementor-button-content-wrapper\">\n\t\t\t\t\t\t\t\t\t<span class=\"elementor-button-text\">60 minutes de massage mobile - $135<\/span>\n\t\t\t\t\t<\/span>\n\t\t\t\t\t<\/a>\n\t\t\t\t<\/div>\n\t\t\t\t\t\t\t\t<\/div>\n\t\t\t\t<\/div>\n\t\t\t\t<\/div>\n\t\t\t\t\t<\/div>\n\t\t\t\t<\/div>\n\t\t<div class=\"elementor-element elementor-element-798fbbc e-flex e-con-boxed e-con e-parent\" data-id=\"798fbbc\" data-element_type=\"container\" data-e-type=\"container\">\n\t\t\t\t\t<div class=\"e-con-inner\">\n\t\t<div class=\"elementor-element elementor-element-e2d00f3 e-con-full e-flex e-con e-child\" data-id=\"e2d00f3\" data-element_type=\"container\" data-e-type=\"container\">\n\t\t\t\t<div class=\"elementor-element elementor-element-1cc96ab elementor-widget elementor-widget-heading\" data-id=\"1cc96ab\" data-element_type=\"widget\" data-e-type=\"widget\" data-widget_type=\"heading.default\">\n\t\t\t\t<div class=\"elementor-widget-container\">\n\t\t\t\t\t<h2 class=\"elementor-heading-title elementor-size-default\">Massage sur chaise corporatif<\/h2>\t\t\t\t<\/div>\n\t\t\t\t<\/div>\n\t\t\t\t<div class=\"elementor-element elementor-element-d1da869 elementor-widget elementor-widget-text-editor\" data-id=\"d1da869\" data-element_type=\"widget\" data-e-type=\"widget\" data-widget_type=\"text-editor.default\">\n\t\t\t\t<div class=\"elementor-widget-container\">\n\t\t\t\t\t\t\t\t\t<p>Exp\u00e9rimentez le summum du bien-\u00eatre sur le lieu de travail gr\u00e2ce \u00e0 nos services de massage sur chaise en entreprise :\u00a0<\/p>\n<ul>\n<li>Oasis de rajeunissement sur place par des th\u00e9rapeutes experts.<\/li>\n<li>Promouvoir la relaxation et le soulagement du stress.<\/li>\n<li>Stimuler le moral et la productivit\u00e9.<\/li>\n<li>Am\u00e9liorer la satisfaction des employ\u00e9s.<\/li>\n<li>S\u00e9ances de massage personnalis\u00e9es adapt\u00e9es aux horaires de travail.\n<\/li>\n<\/ul>\n<p><a href=\"https:\/\/setsuko.ca\/fr\/massage-setsuko-massage-montreal-quebec\/contacter-massage-setsuko-dorval-ndg-montreal\/\">Contactez-nous d\u00e8s aujourd&#8217;hui<\/a> pour un devis et \u00e9levez votre environnement de travail \u00e0 de nouveaux sommets de sant\u00e9 et de bonheur !&#8221;<\/p>\n\t\t\t\t\t\t\t\t<\/div>\n\t\t\t\t<\/div>\n\t\t\t\t<div class=\"elementor-element elementor-element-d2d3cb3 elementor-widget elementor-widget-button\" data-id=\"d2d3cb3\" data-element_type=\"widget\" data-e-type=\"widget\" data-widget_type=\"button.default\">\n\t\t\t\t<div class=\"elementor-widget-container\">\n\t\t\t\t\t\t\t\t\t<div class=\"elementor-button-wrapper\">\n\t\t\t\t\t<a class=\"elementor-button elementor-button-link elementor-size-sm\" href=\"https:\/\/setsuko.ca\/fr\/massage-setsuko-massage-montreal-quebec\/contacter-massage-setsuko-dorval-ndg-montreal\/\">\n\t\t\t\t\t\t<span class=\"elementor-button-content-wrapper\">\n\t\t\t\t\t\t\t\t\t<span class=\"elementor-button-text\">Contactez-nous pour un devis<\/span>\n\t\t\t\t\t<\/span>\n\t\t\t\t\t<\/a>\n\t\t\t\t<\/div>\n\t\t\t\t\t\t\t\t<\/div>\n\t\t\t\t<\/div>\n\t\t\t\t<\/div>\n\t\t<div class=\"elementor-element elementor-element-9cf1020 e-con-full e-flex e-con e-child\" data-id=\"9cf1020\" data-element_type=\"container\" data-e-type=\"container\" data-settings=\"{&quot;background_background&quot;:&quot;classic&quot;}\">\n\t\t\t\t<\/div>\n\t\t\t\t\t<\/div>\n\t\t\t\t<\/div>\n\t\t<div class=\"elementor-element elementor-element-9a39413 e-flex e-con-boxed e-con e-parent\" data-id=\"9a39413\" data-element_type=\"container\" data-e-type=\"container\">\n\t\t\t\t\t<div class=\"e-con-inner\">\n\t\t\t\t<div class=\"elementor-element elementor-element-922eb13 elementor-widget elementor-widget-heading\" data-id=\"922eb13\" data-element_type=\"widget\" data-e-type=\"widget\" data-widget_type=\"heading.default\">\n\t\t\t\t<div class=\"elementor-widget-container\">\n\t\t\t\t\t<h2 class=\"elementor-heading-title elementor-size-default\">Soir\u00e9es spa mobiles<\/h2>\t\t\t\t<\/div>\n\t\t\t\t<\/div>\n\t\t\t\t<div class=\"elementor-element elementor-element-0607a83 elementor-widget elementor-widget-text-editor\" data-id=\"0607a83\" data-element_type=\"widget\" data-e-type=\"widget\" data-widget_type=\"text-editor.default\">\n\t\t\t\t<div class=\"elementor-widget-container\">\n\t\t\t\t\t\t\t\t\t<p>Profitez du luxe dans le confort de votre maison gr\u00e2ce \u00e0 nos soir\u00e9es spa mobiles!<\/p>\n<p>Profitez, vous et vos amis, d&#8217;une s\u00e9ance de chouchoutage avec nos th\u00e9rapeutes experts qui offrent des massages, des manucures, des p\u00e9dicures et des soins du visage. Id\u00e9al pour des occasions telles que les f\u00eates de b\u00e9b\u00e9 ou de mariage, les soir\u00e9es entre filles, ou simplement pour une rencontre amusante et relaxante. Tarifs sp\u00e9ciaux pour les groupes de plus de 6 personnes. R\u00e9servez d\u00e8s maintenant et laissez le spa venir \u00e0 vous!<\/p>\n\t\t\t\t\t\t\t\t<\/div>\n\t\t\t\t<\/div>\n\t\t\t\t\t<\/div>\n\t\t\t\t<\/div>\n\t\t<div class=\"elementor-element elementor-element-ae3ebfe e-flex e-con-boxed e-con e-parent\" data-id=\"ae3ebfe\" data-element_type=\"container\" data-e-type=\"container\" data-settings=\"{&quot;background_background&quot;:&quot;gradient&quot;}\">\n\t\t\t\t\t<div class=\"e-con-inner\">\n\t\t<div class=\"elementor-element elementor-element-829a3ce e-con-full e-flex e-con e-child\" data-id=\"829a3ce\" data-element_type=\"container\" data-e-type=\"container\">\n\t\t\t\t<div class=\"elementor-element elementor-element-2df8d11 elementor-position-top elementor-widget elementor-widget-image-box\" data-id=\"2df8d11\" data-element_type=\"widget\" data-e-type=\"widget\" data-widget_type=\"image-box.default\">\n\t\t\t\t<div class=\"elementor-widget-container\">\n\t\t\t\t\t<div class=\"elementor-image-box-wrapper\"><figure class=\"elementor-image-box-img\"><a href=\"https:\/\/setsuko.ca\/fr\/massage-setsuko-massage-montreal-quebec\/contacter-massage-setsuko-dorval-ndg-montreal\/\" tabindex=\"-1\"><img fetchpriority=\"high\" decoding=\"async\" width=\"500\" height=\"500\" src=\"https:\/\/setsuko.b-cdn.net\/wp-content\/uploads\/2024\/12\/mini-facial-massage-combo.webp\" class=\"attachment-full size-full wp-image-9953\" alt=\"Mini facial and massage combo\" title=\"\" srcset=\"https:\/\/setsuko.b-cdn.net\/wp-content\/uploads\/2024\/12\/mini-facial-massage-combo.webp 500w, https:\/\/setsuko.b-cdn.net\/wp-content\/uploads\/2024\/12\/mini-facial-massage-combo-300x300.webp 300w, https:\/\/setsuko.b-cdn.net\/wp-content\/uploads\/2024\/12\/mini-facial-massage-combo-150x150.webp 150w, https:\/\/setsuko.b-cdn.net\/wp-content\/uploads\/2024\/12\/mini-facial-massage-combo-100x100.webp 100w\" sizes=\"(max-width: 500px) 100vw, 500px\" \/><\/a><\/figure><div class=\"elementor-image-box-content\"><h3 class=\"elementor-image-box-title\"><a href=\"https:\/\/setsuko.ca\/fr\/massage-setsuko-massage-montreal-quebec\/contacter-massage-setsuko-dorval-ndg-montreal\/\">Forfait d\u00e9tente<\/a><\/h3><p class=\"elementor-image-box-description\">Massage de 30 min. + Mini facial (1h)<br>Contactez-nous pour r\u00e9server<\/p><\/div><\/div>\t\t\t\t<\/div>\n\t\t\t\t<\/div>\n\t\t\t\t<\/div>\n\t\t<div class=\"elementor-element elementor-element-5fce4ce e-con-full e-flex e-con e-child\" data-id=\"5fce4ce\" data-element_type=\"container\" data-e-type=\"container\">\n\t\t\t\t<div class=\"elementor-element elementor-element-95d092b elementor-position-top elementor-widget elementor-widget-image-box\" data-id=\"95d092b\" data-element_type=\"widget\" data-e-type=\"widget\" data-widget_type=\"image-box.default\">\n\t\t\t\t<div class=\"elementor-widget-container\">\n\t\t\t\t\t<div class=\"elementor-image-box-wrapper\"><figure class=\"elementor-image-box-img\"><a href=\"https:\/\/setsuko.ca\/fr\/massage-setsuko-massage-montreal-quebec\/contacter-massage-setsuko-dorval-ndg-montreal\/\" tabindex=\"-1\"><img decoding=\"async\" width=\"500\" height=\"500\" src=\"https:\/\/setsuko.b-cdn.net\/wp-content\/uploads\/2024\/12\/manicure-pedicure-mani-pedi-500.webp\" class=\"attachment-full size-full wp-image-9951\" alt=\"Manicure Pedicure combo (mani\/pedi)\" title=\"\" srcset=\"https:\/\/setsuko.b-cdn.net\/wp-content\/uploads\/2024\/12\/manicure-pedicure-mani-pedi-500.webp 500w, https:\/\/setsuko.b-cdn.net\/wp-content\/uploads\/2024\/12\/manicure-pedicure-mani-pedi-500-300x300.webp 300w, https:\/\/setsuko.b-cdn.net\/wp-content\/uploads\/2024\/12\/manicure-pedicure-mani-pedi-500-150x150.webp 150w, https:\/\/setsuko.b-cdn.net\/wp-content\/uploads\/2024\/12\/manicure-pedicure-mani-pedi-500-100x100.webp 100w\" sizes=\"(max-width: 500px) 100vw, 500px\" \/><\/a><\/figure><div class=\"elementor-image-box-content\"><h3 class=\"elementor-image-box-title\"><a href=\"https:\/\/setsuko.ca\/fr\/massage-setsuko-massage-montreal-quebec\/contacter-massage-setsuko-dorval-ndg-montreal\/\">Forfait me chouchouter<\/a><\/h3><p class=\"elementor-image-box-description\">Combo manucure p\u00e9dicure (1.5h)<br>Contactez-nous pour r\u00e9server<\/p><\/div><\/div>\t\t\t\t<\/div>\n\t\t\t\t<\/div>\n\t\t\t\t<\/div>\n\t\t<div class=\"elementor-element elementor-element-78ee974 e-con-full e-flex e-con e-child\" data-id=\"78ee974\" data-element_type=\"container\" data-e-type=\"container\">\n\t\t\t\t<div class=\"elementor-element elementor-element-94629c6 elementor-position-top elementor-widget elementor-widget-image-box\" data-id=\"94629c6\" data-element_type=\"widget\" data-e-type=\"widget\" data-widget_type=\"image-box.default\">\n\t\t\t\t<div class=\"elementor-widget-container\">\n\t\t\t\t\t<div class=\"elementor-image-box-wrapper\"><figure class=\"elementor-image-box-img\"><a href=\"https:\/\/setsuko.ca\/fr\/massage-setsuko-massage-montreal-quebec\/contacter-massage-setsuko-dorval-ndg-montreal\/\" tabindex=\"-1\"><img decoding=\"async\" width=\"500\" height=\"500\" src=\"https:\/\/setsuko.b-cdn.net\/wp-content\/uploads\/2024\/12\/spa-facial.jpg\" class=\"attachment-full size-full wp-image-9813\" alt=\"woman receiving a facial at a spa\" title=\"\" srcset=\"https:\/\/setsuko.b-cdn.net\/wp-content\/uploads\/2024\/12\/spa-facial.jpg 500w, https:\/\/setsuko.b-cdn.net\/wp-content\/uploads\/2024\/12\/spa-facial-300x300.jpg 300w, https:\/\/setsuko.b-cdn.net\/wp-content\/uploads\/2024\/12\/spa-facial-150x150.jpg 150w, https:\/\/setsuko.b-cdn.net\/wp-content\/uploads\/2024\/12\/spa-facial-100x100.jpg 100w\" sizes=\"(max-width: 500px) 100vw, 500px\" \/><\/a><\/figure><div class=\"elementor-image-box-content\"><h3 class=\"elementor-image-box-title\"><a href=\"https:\/\/setsuko.ca\/fr\/massage-setsuko-massage-montreal-quebec\/contacter-massage-setsuko-dorval-ndg-montreal\/\">Forfait plaisir<\/a><\/h3><p class=\"elementor-image-box-description\">1h de massage + 1h de soin du visage (2h)<br>Contactez-nous pour r\u00e9server<\/p><\/div><\/div>\t\t\t\t<\/div>\n\t\t\t\t<\/div>\n\t\t\t\t<\/div>\n\t\t<div class=\"elementor-element elementor-element-0c78025 e-con-full e-flex e-con e-child\" data-id=\"0c78025\" data-element_type=\"container\" data-e-type=\"container\">\n\t\t\t\t<div class=\"elementor-element elementor-element-ebfea5d elementor-position-top elementor-widget elementor-widget-image-box\" data-id=\"ebfea5d\" data-element_type=\"widget\" data-e-type=\"widget\" data-widget_type=\"image-box.default\">\n\t\t\t\t<div class=\"elementor-widget-container\">\n\t\t\t\t\t<div class=\"elementor-image-box-wrapper\"><figure class=\"elementor-image-box-img\"><a href=\"https:\/\/setsuko.ca\/fr\/massage-setsuko-massage-montreal-quebec\/contacter-massage-setsuko-dorval-ndg-montreal\/\" tabindex=\"-1\"><img loading=\"lazy\" decoding=\"async\" width=\"500\" height=\"500\" src=\"https:\/\/setsuko.b-cdn.net\/wp-content\/uploads\/2024\/12\/bliss-mobile-massage-spa-facial-mani-pedi.webp\" class=\"attachment-full size-full wp-image-9955\" alt=\"Bliss mobile massage spa facial mani pedi combo\" title=\"\" srcset=\"https:\/\/setsuko.b-cdn.net\/wp-content\/uploads\/2024\/12\/bliss-mobile-massage-spa-facial-mani-pedi.webp 500w, https:\/\/setsuko.b-cdn.net\/wp-content\/uploads\/2024\/12\/bliss-mobile-massage-spa-facial-mani-pedi-300x300.webp 300w, https:\/\/setsuko.b-cdn.net\/wp-content\/uploads\/2024\/12\/bliss-mobile-massage-spa-facial-mani-pedi-150x150.webp 150w, https:\/\/setsuko.b-cdn.net\/wp-content\/uploads\/2024\/12\/bliss-mobile-massage-spa-facial-mani-pedi-100x100.webp 100w\" sizes=\"(max-width: 500px) 100vw, 500px\" \/><\/a><\/figure><div class=\"elementor-image-box-content\"><h3 class=\"elementor-image-box-title\"><a href=\"https:\/\/setsuko.ca\/fr\/massage-setsuko-massage-montreal-quebec\/contacter-massage-setsuko-dorval-ndg-montreal\/\">Forfait bonheur<\/a><\/h3><p class=\"elementor-image-box-description\">Combo manucure, p\u00e9dicure, soins du visage et massage (3.5h)<br>Contactez-nous pour r\u00e9server<\/p><\/div><\/div>\t\t\t\t<\/div>\n\t\t\t\t<\/div>\n\t\t\t\t<\/div>\n\t\t\t\t\t<\/div>\n\t\t\t\t<\/div>\n\t\t\t\t<\/div>\n\t\t","protected":false},"excerpt":{"rendered":"<p>Massage mobile et spa Massage mobile \u2013 \u00e0 domicile ou en d\u00e9placement Laissez-vous tenter par une exp\u00e9rience de relaxation ultime gr\u00e2ce \u00e0 nos services de massage mobile. Que vous soyez \u00e0 la maison, au bureau ou en voyage, nous sommes l\u00e0 pour vous aider \u00e0 vous d\u00e9tendre et \u00e0 vous ressourcer. Contactez-nous d\u00e8s aujourd&#8217;hui pour [&hellip;]<\/p>\n","protected":false},"author":1,"featured_media":0,"parent":9588,"menu_order":0,"comment_status":"closed","ping_status":"closed","template":"","meta":{"_acf_changed":false,"footnotes":""},"class_list":["post-10412","page","type-page","status-publish","hentry"],"acf":[],"_links":{"self":[{"href":"https:\/\/setsuko.ca\/fr\/wp-json\/wp\/v2\/pages\/10412","targetHints":{"allow":["GET"]}}],"collection":[{"href":"https:\/\/setsuko.ca\/fr\/wp-json\/wp\/v2\/pages"}],"about":[{"href":"https:\/\/setsuko.ca\/fr\/wp-json\/wp\/v2\/types\/page"}],"author":[{"embeddable":true,"href":"https:\/\/setsuko.ca\/fr\/wp-json\/wp\/v2\/users\/1"}],"replies":[{"embeddable":true,"href":"https:\/\/setsuko.ca\/fr\/wp-json\/wp\/v2\/comments?post=10412"}],"version-history":[{"count":3,"href":"https:\/\/setsuko.ca\/fr\/wp-json\/wp\/v2\/pages\/10412\/revisions"}],"predecessor-version":[{"id":10451,"href":"https:\/\/setsuko.ca\/fr\/wp-json\/wp\/v2\/pages\/10412\/revisions\/10451"}],"up":[{"embeddable":true,"href":"https:\/\/setsuko.ca\/fr\/wp-json\/wp\/v2\/pages\/9588"}],"wp:attachment":[{"href":"https:\/\/setsuko.ca\/fr\/wp-json\/wp\/v2\/media?parent=10412"}],"curies":[{"name":"wp","href":"https:\/\/api.w.org\/{rel}","templated":true}]}}