{"id":10416,"date":"2024-12-15T15:37:19","date_gmt":"2024-12-15T20:37:19","guid":{"rendered":"https:\/\/ecolesetsuko.ca\/massage-setsuko-massage-montreal-quebec\/massage-shiatsu\/"},"modified":"2025-01-10T17:39:13","modified_gmt":"2025-01-10T22:39:13","slug":"massage-shiatsu","status":"publish","type":"page","link":"https:\/\/setsuko.ca\/fr\/massage-setsuko-massage-montreal-quebec\/massage-shiatsu\/","title":{"rendered":"Massage Shiatsu"},"content":{"rendered":"\t\t<div data-elementor-type=\"wp-page\" data-elementor-id=\"10416\" class=\"elementor elementor-10416 elementor-10055\" data-elementor-post-type=\"page\">\n\t\t\t\t<div class=\"elementor-element elementor-element-4eb6d1b5 e-con-full e-flex e-con e-parent\" data-id=\"4eb6d1b5\" data-element_type=\"container\" data-e-type=\"container\" data-settings=\"{&quot;background_background&quot;:&quot;classic&quot;,&quot;sticky&quot;:&quot;top&quot;,&quot;sticky_on&quot;:[&quot;desktop&quot;],&quot;sticky_offset&quot;:0,&quot;sticky_effects_offset&quot;:0,&quot;sticky_anchor_link_offset&quot;:0}\">\n\t\t\t\t<\/div>\n\t\t<div class=\"elementor-element elementor-element-5a63640c e-flex e-con-boxed e-con e-parent\" data-id=\"5a63640c\" data-element_type=\"container\" data-e-type=\"container\" data-settings=\"{&quot;background_background&quot;:&quot;gradient&quot;}\">\n\t\t\t\t\t<div class=\"e-con-inner\">\n\t\t\t\t<div class=\"elementor-element elementor-element-60475589 elementor-widget elementor-widget-text-editor\" data-id=\"60475589\" data-element_type=\"widget\" data-e-type=\"widget\" data-widget_type=\"text-editor.default\">\n\t\t\t\t<div class=\"elementor-widget-container\">\n\t\t\t\t\t\t\t\t\t<h1>Massage Shiatsu<\/h1>\n<p>Exp\u00e9rimentez l&#8217;art ancien du massage Shiatsu, une technique japonaise qui favorise la gu\u00e9rison et l&#8217;\u00e9quilibre. En appliquant une l\u00e9g\u00e8re pression avec les doigts, les paumes et les pouces le long des voies \u00e9nerg\u00e9tiques du corps, le shiatsu aide \u00e0 r\u00e9tablir la circulation de l&#8217;\u00e9nergie (Qi) et \u00e0 soulager le stress. Cette approche holistique cible des points sp\u00e9cifiques pour soulager la douleur, am\u00e9liorer la circulation et le bien-\u00eatre g\u00e9n\u00e9ral. Id\u00e9al pour ceux qui recherchent une m\u00e9thode naturelle et non invasive pour rajeunir le corps et l&#8217;esprit. Laissez nos th\u00e9rapeutes qualifi\u00e9s du Massage Setsuko vous guider vers un \u00e9tat d&#8217;harmonie et de relaxation gr\u00e2ce \u00e0 notre Massage Shiatsu.<\/p>\n\t\t\t\t\t\t\t\t<\/div>\n\t\t\t\t<\/div>\n\t\t<div class=\"elementor-element elementor-element-3acf2991 e-grid e-con-full e-con e-child\" data-id=\"3acf2991\" data-element_type=\"container\" data-e-type=\"container\">\n\t\t\t\t<div class=\"elementor-element elementor-element-98f5032 elementor-widget elementor-widget-button\" data-id=\"98f5032\" data-element_type=\"widget\" data-e-type=\"widget\" data-widget_type=\"button.default\">\n\t\t\t\t<div class=\"elementor-widget-container\">\n\t\t\t\t\t\t\t\t\t<div class=\"elementor-button-wrapper\">\n\t\t\t\t\t<a class=\"elementor-button elementor-button-link elementor-size-sm\" href=\"https:\/\/www.fresha.com\/fr\/book-now\/massage-setsuko-sr2zt0y5\/services?lid=1316453&#038;oiid=sv%3A19244442&#038;share&#038;pId=1225562\" target=\"_blank\" rel=\"noopener\">\n\t\t\t\t\t\t<span class=\"elementor-button-content-wrapper\">\n\t\t\t\t\t\t<span class=\"elementor-button-icon\">\n\t\t\t\t<i aria-hidden=\"true\" class=\"fas fa-external-link-alt\"><\/i>\t\t\t<\/span>\n\t\t\t\t\t\t\t\t\t<span class=\"elementor-button-text\">60 min de massage shiatsu \u00e0 NDG<\/span>\n\t\t\t\t\t<\/span>\n\t\t\t\t\t<\/a>\n\t\t\t\t<\/div>\n\t\t\t\t\t\t\t\t<\/div>\n\t\t\t\t<\/div>\n\t\t\t\t<div class=\"elementor-element elementor-element-7b163a8d elementor-widget elementor-widget-button\" data-id=\"7b163a8d\" data-element_type=\"widget\" data-e-type=\"widget\" data-widget_type=\"button.default\">\n\t\t\t\t<div class=\"elementor-widget-container\">\n\t\t\t\t\t\t\t\t\t<div class=\"elementor-button-wrapper\">\n\t\t\t\t\t<a class=\"elementor-button elementor-button-link elementor-size-sm\" href=\"https:\/\/www.fresha.com\/fr\/book-now\/massage-setsuko-sr2zt0y5\/services?lid=1290979&#038;oiid=sv%3A17538673&#038;share&#038;pId=1225562\" target=\"_blank\" rel=\"noopener\">\n\t\t\t\t\t\t<span class=\"elementor-button-content-wrapper\">\n\t\t\t\t\t\t<span class=\"elementor-button-icon\">\n\t\t\t\t<i aria-hidden=\"true\" class=\"fas fa-external-link-alt\"><\/i>\t\t\t<\/span>\n\t\t\t\t\t\t\t\t\t<span class=\"elementor-button-text\">60 min de massage shiatsu \u00e0 Dorval<\/span>\n\t\t\t\t\t<\/span>\n\t\t\t\t\t<\/a>\n\t\t\t\t<\/div>\n\t\t\t\t\t\t\t\t<\/div>\n\t\t\t\t<\/div>\n\t\t\t\t<div class=\"elementor-element elementor-element-65eecc3 elementor-widget elementor-widget-button\" data-id=\"65eecc3\" data-element_type=\"widget\" data-e-type=\"widget\" data-widget_type=\"button.default\">\n\t\t\t\t<div class=\"elementor-widget-container\">\n\t\t\t\t\t\t\t\t\t<div class=\"elementor-button-wrapper\">\n\t\t\t\t\t<a class=\"elementor-button elementor-button-link elementor-size-sm\" href=\"https:\/\/www.fresha.com\/fr\/book-now\/massage-setsuko-sr2zt0y5\/services?lid=1316453&#038;oiid=sv%3A19244443&#038;share&#038;pId=1225562\" target=\"_blank\" rel=\"noopener\">\n\t\t\t\t\t\t<span class=\"elementor-button-content-wrapper\">\n\t\t\t\t\t\t<span class=\"elementor-button-icon\">\n\t\t\t\t<i aria-hidden=\"true\" class=\"fas fa-external-link-alt\"><\/i>\t\t\t<\/span>\n\t\t\t\t\t\t\t\t\t<span class=\"elementor-button-text\">90 min de massage shiatsu \u00e0 NDG<\/span>\n\t\t\t\t\t<\/span>\n\t\t\t\t\t<\/a>\n\t\t\t\t<\/div>\n\t\t\t\t\t\t\t\t<\/div>\n\t\t\t\t<\/div>\n\t\t\t\t<div class=\"elementor-element elementor-element-26e5e87c elementor-widget elementor-widget-button\" data-id=\"26e5e87c\" data-element_type=\"widget\" data-e-type=\"widget\" data-widget_type=\"button.default\">\n\t\t\t\t<div class=\"elementor-widget-container\">\n\t\t\t\t\t\t\t\t\t<div class=\"elementor-button-wrapper\">\n\t\t\t\t\t<a class=\"elementor-button elementor-button-link elementor-size-sm\" href=\"https:\/\/www.fresha.com\/fr\/book-now\/massage-setsuko-sr2zt0y5\/services?lid=1290979&#038;oiid=sv%3A17538675&#038;share&#038;pId=1225562\" target=\"_blank\" rel=\"noopener\">\n\t\t\t\t\t\t<span class=\"elementor-button-content-wrapper\">\n\t\t\t\t\t\t<span class=\"elementor-button-icon\">\n\t\t\t\t<i aria-hidden=\"true\" class=\"fas fa-external-link-alt\"><\/i>\t\t\t<\/span>\n\t\t\t\t\t\t\t\t\t<span class=\"elementor-button-text\">90 min de massage shiatsu \u00e0 Dorval<\/span>\n\t\t\t\t\t<\/span>\n\t\t\t\t\t<\/a>\n\t\t\t\t<\/div>\n\t\t\t\t\t\t\t\t<\/div>\n\t\t\t\t<\/div>\n\t\t\t\t<\/div>\n\t\t\t\t<div class=\"elementor-element elementor-element-4f219a97 elementor-widget elementor-widget-image\" data-id=\"4f219a97\" data-element_type=\"widget\" data-e-type=\"widget\" data-widget_type=\"image.default\">\n\t\t\t\t<div class=\"elementor-widget-container\">\n\t\t\t\t\t\t\t\t\t\t\t\t\t\t\t<img fetchpriority=\"high\" decoding=\"async\" width=\"500\" height=\"500\" src=\"https:\/\/setsuko.b-cdn.net\/wp-content\/uploads\/2024\/01\/SHIATSU-NEW.jpg\" class=\"attachment-full size-full wp-image-6799\" alt=\"SHIATSU\" srcset=\"https:\/\/setsuko.b-cdn.net\/wp-content\/uploads\/2024\/01\/SHIATSU-NEW.jpg 500w, https:\/\/setsuko.b-cdn.net\/wp-content\/uploads\/2024\/01\/SHIATSU-NEW-300x300.jpg 300w, https:\/\/setsuko.b-cdn.net\/wp-content\/uploads\/2024\/01\/SHIATSU-NEW-150x150.jpg 150w, https:\/\/setsuko.b-cdn.net\/wp-content\/uploads\/2024\/01\/SHIATSU-NEW-100x100.jpg 100w\" sizes=\"(max-width: 500px) 100vw, 500px\" title=\"\">\t\t\t\t\t\t\t\t\t\t\t\t\t\t\t<\/div>\n\t\t\t\t<\/div>\n\t\t\t\t<div class=\"elementor-element elementor-element-3c5391c5 elementor-widget elementor-widget-text-editor\" data-id=\"3c5391c5\" data-element_type=\"widget\" data-e-type=\"widget\" data-widget_type=\"text-editor.default\">\n\t\t\t\t<div class=\"elementor-widget-container\">\n\t\t\t\t\t\t\t\t\t<h2>Qu&#8217;est-ce que le massage Shiatsu ? <\/h2>\n<p>Le Shiatsu, qui signifie &#8220;pression des doigts&#8221; en japonais, est une forme de travail corporel th\u00e9rapeutique originaire du Japon. Il est pratiqu\u00e9 pour ajuster la structure physique du corps et son flux d&#8217;\u00e9nergie. Il s&#8217;agit \u00e0 la fois d&#8217;une th\u00e9rapie de soutien pour maintenir la sant\u00e9 et am\u00e9liorer le bien-\u00eatre, et d&#8217;un traitement sp\u00e9cifique pour une s\u00e9rie de maladies.<\/p>\n<h2>Comment le massage shiatsu se compare-t-il aux autres techniques ? <\/h2>\n<h3>Massage su\u00e9dois<\/h3>\n<ul>\n<li><strong>Objectif<\/strong> : Principalement pour la relaxation et l&#8217;am\u00e9lioration de la circulation avec des techniques appliquant une pression douce \u00e0 moyenne.<\/li>\n<li><strong>Technique<\/strong> : Elle comprend des mouvements longs et fluides, des p\u00e9trissages et des tapotements visant \u00e0 d\u00e9tendre les muscles. <\/li>\n<li><strong>Bienfaits<\/strong> : Elle stimule la circulation, soulage les tensions musculaires, am\u00e9liore la souplesse et procure une relaxation g\u00e9n\u00e9rale.<\/li>\n<li><strong>Consid\u00e9rations<\/strong> : implique de se d\u00e9shabiller (couvert par un drap) et utilise des huiles ou des lotions, ce qui peut ne pas convenir \u00e0 tout le monde.<\/li>\n<\/ul>\n<h3>Massage des tissus profonds<\/h3>\n<ul>\n<li><strong>Objectif<\/strong> : cible les couches plus profondes des muscles et des tissus conjonctifs, en se concentrant sur la tension musculaire chronique ou les n\u0153uds.<\/li>\n<li><strong>Technique<\/strong> : Utilise des mouvements lents et d\u00e9lib\u00e9r\u00e9s qui exercent une pression intense sur les zones affect\u00e9es. <\/li>\n<li><strong>Avantages<\/strong> : Efficace pour la douleur chronique, r\u00e9duit l&#8217;inflammation et d\u00e9compose le tissu cicatriciel. <\/li>\n<li><strong>Consid\u00e9rations<\/strong> : Peut entra\u00eener des douleurs apr\u00e8s le massage et n&#8217;est pas recommand\u00e9 aux personnes sensibles \u00e0 la pression profonde.<\/li>\n<\/ul>\n<h3>Comparaison du massage shiatsu<\/h3>\n<ul>\n<li><strong>Objectif<\/strong> : Cherche \u00e0 r\u00e9tablir le flux \u00e9nerg\u00e9tique dans le corps pour am\u00e9liorer la sant\u00e9 et traiter les affections.<\/li>\n<li><strong>Technique<\/strong> : Applique une pression \u00e0 l&#8217;aide des pouces, des mains, des coudes, des genoux et des pieds le long des m\u00e9ridiens. Inclut des \u00e9tirements et des manipulations articulaires.<\/li>\n<li><strong>Bienfaits<\/strong> : R\u00e9duit le stress, am\u00e9liore le bien-\u00eatre, soulage la douleur et renforce le syst\u00e8me immunitaire.<\/li>\n<li><strong>Consid\u00e9rations<\/strong> : Le massage est effectu\u00e9 \u00e0 travers les v\u00eatements, n&#8217;utilise pas d&#8217;huiles ou de lotions et n\u00e9cessite une bonne communication sur les niveaux de pression pour assurer le confort et l&#8217;efficacit\u00e9.<\/li>\n<\/ul>\n<p>Vous n&#8217;\u00eates pas s\u00fbr du type de massage qui vous convient le mieux ? <a href=\"https:\/\/setsuko.ca\/fr\/massage-setsuko-massage-montreal-quebec\/contacter-massage-setsuko-dorval-ndg-montreal\/\">Contactez-nous<\/a> pour parler \u00e0 un massoth\u00e9rapeute certifi\u00e9 d\u00e8s aujourd&#8217;hui afin de choisir le style de massage qui vous convient et qui r\u00e9pond \u00e0 vos besoins.<\/p>\n<p>Les massoth\u00e9rapeutes sont des professionnels de la sant\u00e9.<\/p>\n\t\t\t\t\t\t\t\t<\/div>\n\t\t\t\t<\/div>\n\t\t\t\t\t<\/div>\n\t\t\t\t<\/div>\n\t\t<div class=\"elementor-element elementor-element-60eb3ca e-grid e-con-full e-con e-child\" data-id=\"60eb3ca\" data-element_type=\"container\" data-e-type=\"container\">\n\t\t\t\t<div class=\"elementor-element elementor-element-f05068c elementor-widget elementor-widget-button\" data-id=\"f05068c\" data-element_type=\"widget\" data-e-type=\"widget\" data-widget_type=\"button.default\">\n\t\t\t\t<div class=\"elementor-widget-container\">\n\t\t\t\t\t\t\t\t\t<div class=\"elementor-button-wrapper\">\n\t\t\t\t\t<a class=\"elementor-button elementor-button-link elementor-size-sm\" href=\"https:\/\/www.fresha.com\/fr\/book-now\/massage-setsuko-sr2zt0y5\/services?lid=1316453&#038;oiid=sv%3A19244442&#038;share&#038;pId=1225562\" target=\"_blank\" rel=\"noopener\">\n\t\t\t\t\t\t<span class=\"elementor-button-content-wrapper\">\n\t\t\t\t\t\t<span class=\"elementor-button-icon\">\n\t\t\t\t<i aria-hidden=\"true\" class=\"fas fa-external-link-alt\"><\/i>\t\t\t<\/span>\n\t\t\t\t\t\t\t\t\t<span class=\"elementor-button-text\">60 min de massage shiatsu \u00e0 NDG<\/span>\n\t\t\t\t\t<\/span>\n\t\t\t\t\t<\/a>\n\t\t\t\t<\/div>\n\t\t\t\t\t\t\t\t<\/div>\n\t\t\t\t<\/div>\n\t\t\t\t<div class=\"elementor-element elementor-element-93e6820 elementor-widget elementor-widget-button\" data-id=\"93e6820\" data-element_type=\"widget\" data-e-type=\"widget\" data-widget_type=\"button.default\">\n\t\t\t\t<div class=\"elementor-widget-container\">\n\t\t\t\t\t\t\t\t\t<div class=\"elementor-button-wrapper\">\n\t\t\t\t\t<a class=\"elementor-button elementor-button-link elementor-size-sm\" href=\"https:\/\/www.fresha.com\/fr\/book-now\/massage-setsuko-sr2zt0y5\/services?lid=1290979&#038;oiid=sv%3A17538673&#038;share&#038;pId=1225562\" target=\"_blank\" rel=\"noopener\">\n\t\t\t\t\t\t<span class=\"elementor-button-content-wrapper\">\n\t\t\t\t\t\t<span class=\"elementor-button-icon\">\n\t\t\t\t<i aria-hidden=\"true\" class=\"fas fa-external-link-alt\"><\/i>\t\t\t<\/span>\n\t\t\t\t\t\t\t\t\t<span class=\"elementor-button-text\">60 min de massage shiatsu \u00e0 Dorval<\/span>\n\t\t\t\t\t<\/span>\n\t\t\t\t\t<\/a>\n\t\t\t\t<\/div>\n\t\t\t\t\t\t\t\t<\/div>\n\t\t\t\t<\/div>\n\t\t\t\t<div class=\"elementor-element elementor-element-2ae5c09 elementor-widget elementor-widget-button\" data-id=\"2ae5c09\" data-element_type=\"widget\" data-e-type=\"widget\" data-widget_type=\"button.default\">\n\t\t\t\t<div class=\"elementor-widget-container\">\n\t\t\t\t\t\t\t\t\t<div class=\"elementor-button-wrapper\">\n\t\t\t\t\t<a class=\"elementor-button elementor-button-link elementor-size-sm\" href=\"https:\/\/www.fresha.com\/fr\/book-now\/massage-setsuko-sr2zt0y5\/services?lid=1316453&#038;oiid=sv%3A19244443&#038;share&#038;pId=1225562\" target=\"_blank\" rel=\"noopener\">\n\t\t\t\t\t\t<span class=\"elementor-button-content-wrapper\">\n\t\t\t\t\t\t<span class=\"elementor-button-icon\">\n\t\t\t\t<i aria-hidden=\"true\" class=\"fas fa-external-link-alt\"><\/i>\t\t\t<\/span>\n\t\t\t\t\t\t\t\t\t<span class=\"elementor-button-text\">90 min de massage shiatsu \u00e0 NDG<\/span>\n\t\t\t\t\t<\/span>\n\t\t\t\t\t<\/a>\n\t\t\t\t<\/div>\n\t\t\t\t\t\t\t\t<\/div>\n\t\t\t\t<\/div>\n\t\t\t\t<div class=\"elementor-element elementor-element-8e42246 elementor-widget elementor-widget-button\" data-id=\"8e42246\" data-element_type=\"widget\" data-e-type=\"widget\" data-widget_type=\"button.default\">\n\t\t\t\t<div class=\"elementor-widget-container\">\n\t\t\t\t\t\t\t\t\t<div class=\"elementor-button-wrapper\">\n\t\t\t\t\t<a class=\"elementor-button elementor-button-link elementor-size-sm\" href=\"https:\/\/www.fresha.com\/fr\/book-now\/massage-setsuko-sr2zt0y5\/services?lid=1290979&#038;oiid=sv%3A17538675&#038;share&#038;pId=1225562\" target=\"_blank\" rel=\"noopener\">\n\t\t\t\t\t\t<span class=\"elementor-button-content-wrapper\">\n\t\t\t\t\t\t<span class=\"elementor-button-icon\">\n\t\t\t\t<i aria-hidden=\"true\" class=\"fas fa-external-link-alt\"><\/i>\t\t\t<\/span>\n\t\t\t\t\t\t\t\t\t<span class=\"elementor-button-text\">90 min de massage shiatsu \u00e0 Dorval<\/span>\n\t\t\t\t\t<\/span>\n\t\t\t\t\t<\/a>\n\t\t\t\t<\/div>\n\t\t\t\t\t\t\t\t<\/div>\n\t\t\t\t<\/div>\n\t\t\t\t<\/div>\n\t\t\t\t<\/div>\n\t\t","protected":false},"excerpt":{"rendered":"<p>Massage Shiatsu Exp\u00e9rimentez l&#8217;art ancien du massage Shiatsu, une technique japonaise qui favorise la gu\u00e9rison et l&#8217;\u00e9quilibre. En appliquant une l\u00e9g\u00e8re pression avec les doigts, les paumes et les pouces le long des voies \u00e9nerg\u00e9tiques du corps, le shiatsu aide \u00e0 r\u00e9tablir la circulation de l&#8217;\u00e9nergie (Qi) et \u00e0 soulager le stress. Cette approche holistique [&hellip;]<\/p>\n","protected":false},"author":1,"featured_media":1077,"parent":9588,"menu_order":0,"comment_status":"closed","ping_status":"closed","template":"","meta":{"_acf_changed":false,"footnotes":""},"class_list":["post-10416","page","type-page","status-publish","has-post-thumbnail","hentry"],"acf":[],"_links":{"self":[{"href":"https:\/\/setsuko.ca\/fr\/wp-json\/wp\/v2\/pages\/10416","targetHints":{"allow":["GET"]}}],"collection":[{"href":"https:\/\/setsuko.ca\/fr\/wp-json\/wp\/v2\/pages"}],"about":[{"href":"https:\/\/setsuko.ca\/fr\/wp-json\/wp\/v2\/types\/page"}],"author":[{"embeddable":true,"href":"https:\/\/setsuko.ca\/fr\/wp-json\/wp\/v2\/users\/1"}],"replies":[{"embeddable":true,"href":"https:\/\/setsuko.ca\/fr\/wp-json\/wp\/v2\/comments?post=10416"}],"version-history":[{"count":1,"href":"https:\/\/setsuko.ca\/fr\/wp-json\/wp\/v2\/pages\/10416\/revisions"}],"predecessor-version":[{"id":10417,"href":"https:\/\/setsuko.ca\/fr\/wp-json\/wp\/v2\/pages\/10416\/revisions\/10417"}],"up":[{"embeddable":true,"href":"https:\/\/setsuko.ca\/fr\/wp-json\/wp\/v2\/pages\/9588"}],"wp:featuredmedia":[{"embeddable":true,"href":"https:\/\/setsuko.ca\/fr\/wp-json\/wp\/v2\/media\/1077"}],"wp:attachment":[{"href":"https:\/\/setsuko.ca\/fr\/wp-json\/wp\/v2\/media?parent=10416"}],"curies":[{"name":"wp","href":"https:\/\/api.w.org\/{rel}","templated":true}]}}