{"id":10422,"date":"2024-11-28T10:27:21","date_gmt":"2024-11-28T15:27:21","guid":{"rendered":"https:\/\/ecolesetsuko.ca\/massage-setsuko-massage-montreal-quebec\/reserver-un-massage-a-montreal-canada\/"},"modified":"2025-01-18T17:37:24","modified_gmt":"2025-01-18T22:37:24","slug":"reserver-un-massage-a-montreal-canada","status":"publish","type":"page","link":"https:\/\/setsuko.ca\/fr\/massage-setsuko-massage-montreal-quebec\/reserver-un-massage-a-montreal-canada\/","title":{"rendered":"R\u00e9server un massage \u00e0 Montr\u00e9al Canada"},"content":{"rendered":"\t\t<div data-elementor-type=\"wp-page\" data-elementor-id=\"10422\" class=\"elementor elementor-10422 elementor-9499\" data-elementor-post-type=\"page\">\n\t\t\t\t<div class=\"elementor-element elementor-element-f082f2f e-con-full e-flex e-con e-parent\" data-id=\"f082f2f\" data-element_type=\"container\" data-e-type=\"container\" data-settings=\"{&quot;background_background&quot;:&quot;classic&quot;,&quot;sticky&quot;:&quot;top&quot;,&quot;sticky_on&quot;:[&quot;desktop&quot;,&quot;laptop&quot;,&quot;tablet_extra&quot;,&quot;tablet&quot;],&quot;sticky_offset&quot;:0,&quot;sticky_effects_offset&quot;:0,&quot;sticky_anchor_link_offset&quot;:0}\">\n\t\t\t\t<\/div>\n\t\t<div class=\"elementor-element elementor-element-44a2f6e e-flex e-con-boxed e-con e-parent\" data-id=\"44a2f6e\" data-element_type=\"container\" data-e-type=\"container\">\n\t\t\t\t\t<div class=\"e-con-inner\">\n\t\t\t\t<div class=\"elementor-element elementor-element-4a06c1d elementor-widget elementor-widget-heading\" data-id=\"4a06c1d\" data-element_type=\"widget\" data-e-type=\"widget\" data-widget_type=\"heading.default\">\n\t\t\t\t<div class=\"elementor-widget-container\">\n\t\t\t\t\t<h1 class=\"elementor-heading-title elementor-size-default\">R\u00e9server un massage \u00e0 Montr\u00e9al Canada<\/h1>\t\t\t\t<\/div>\n\t\t\t\t<\/div>\n\t\t\t\t\t<\/div>\n\t\t\t\t<\/div>\n\t\t<div class=\"elementor-element elementor-element-c1e55b2 e-flex e-con-boxed e-con e-parent\" data-id=\"c1e55b2\" data-element_type=\"container\" data-e-type=\"container\" data-settings=\"{&quot;background_background&quot;:&quot;gradient&quot;}\">\n\t\t\t\t\t<div class=\"e-con-inner\">\n\t\t<div class=\"elementor-element elementor-element-105499f e-con-full e-flex e-con e-child\" data-id=\"105499f\" data-element_type=\"container\" data-e-type=\"container\">\n\t\t\t\t<div class=\"elementor-element elementor-element-26b0a37 elementor-widget elementor-widget-heading\" data-id=\"26b0a37\" data-element_type=\"widget\" data-e-type=\"widget\" data-widget_type=\"heading.default\">\n\t\t\t\t<div class=\"elementor-widget-container\">\n\t\t\t\t\t<h2 class=\"elementor-heading-title elementor-size-default\">Massage dans l'ouest de l'\u00eele<\/h2>\t\t\t\t<\/div>\n\t\t\t\t<\/div>\n\t\t\t\t<div class=\"elementor-element elementor-element-2c758de elementor-widget elementor-widget-button\" data-id=\"2c758de\" data-element_type=\"widget\" data-e-type=\"widget\" data-widget_type=\"button.default\">\n\t\t\t\t<div class=\"elementor-widget-container\">\n\t\t\t\t\t\t\t\t\t<div class=\"elementor-button-wrapper\">\n\t\t\t\t\t<a class=\"elementor-button elementor-button-link elementor-size-sm\" href=\"https:\/\/www.fresha.com\/fr\/a\/setsuko-centre-de-massotherapie-dorval-1564-herron-road-q8uiki0k\/booking?allOffer=true&#038;menu=true&#038;pId=1225562\" target=\"_blank\" rel=\"nofollow noopener\">\n\t\t\t\t\t\t<span class=\"elementor-button-content-wrapper\">\n\t\t\t\t\t\t<span class=\"elementor-button-icon\">\n\t\t\t\t<i aria-hidden=\"true\" class=\"fas fa-external-link-alt\"><\/i>\t\t\t<\/span>\n\t\t\t\t\t\t\t\t\t<span class=\"elementor-button-text\">R\u00e9server en ligne <\/span>\n\t\t\t\t\t<\/span>\n\t\t\t\t\t<\/a>\n\t\t\t\t<\/div>\n\t\t\t\t\t\t\t\t<\/div>\n\t\t\t\t<\/div>\n\t\t\t\t<div class=\"elementor-element elementor-element-974a684 elementor-icon-list--layout-traditional elementor-list-item-link-full_width elementor-widget elementor-widget-icon-list\" data-id=\"974a684\" data-element_type=\"widget\" data-e-type=\"widget\" data-widget_type=\"icon-list.default\">\n\t\t\t\t<div class=\"elementor-widget-container\">\n\t\t\t\t\t\t\t<ul class=\"elementor-icon-list-items\">\n\t\t\t\t\t\t\t<li class=\"elementor-icon-list-item\">\n\t\t\t\t\t\t\t\t\t\t\t<span class=\"elementor-icon-list-icon\">\n\t\t\t\t\t\t\t<i aria-hidden=\"true\" class=\"fas fa-map-marker-alt\"><\/i>\t\t\t\t\t\t<\/span>\n\t\t\t\t\t\t\t\t\t\t<span class=\"elementor-icon-list-text\">1564 Herron Rd, Suite 205, Dorval, Quebec H9S 1B7<\/span>\n\t\t\t\t\t\t\t\t\t<\/li>\n\t\t\t\t\t\t\t\t<li class=\"elementor-icon-list-item\">\n\t\t\t\t\t\t\t\t\t\t\t<a href=\"tel:15146312959\">\n\n\t\t\t\t\t\t\t\t\t\t\t\t<span class=\"elementor-icon-list-icon\">\n\t\t\t\t\t\t\t<i aria-hidden=\"true\" class=\"fas fa-phone-alt\"><\/i>\t\t\t\t\t\t<\/span>\n\t\t\t\t\t\t\t\t\t\t<span class=\"elementor-icon-list-text\">(514) 631-2959<\/span>\n\t\t\t\t\t\t\t\t\t\t\t<\/a>\n\t\t\t\t\t\t\t\t\t<\/li>\n\t\t\t\t\t\t<\/ul>\n\t\t\t\t\t\t<\/div>\n\t\t\t\t<\/div>\n\t\t\t\t<div class=\"elementor-element elementor-element-33341e3 elementor-widget elementor-widget-text-editor\" data-id=\"33341e3\" data-element_type=\"widget\" data-e-type=\"widget\" data-widget_type=\"text-editor.default\">\n\t\t\t\t<div class=\"elementor-widget-container\">\n\t\t\t\t\t\t\t\t\t<h4>Services offerts \u00e0 l&#8217;emplacement de l&#8217;Ouest-de-l&#8217;\u00cele:<\/h4><ul><li><a href=\"https:\/\/setsuko.ca\/fr\/massage-setsuko-massage-montreal-quebec\/massage-shiatsu\/\">Massage shiatsu<\/a><\/li><li><a href=\"https:\/\/setsuko.ca\/fr\/massage-setsuko-massage-montreal-quebec\/massage-suedois\/\">Massage su\u00e9dois<\/a><\/li><li><a href=\"https:\/\/setsuko.ca\/fr\/massage-setsuko-massage-montreal-quebec\/massage-des-tissus-profonds\/\">Massage des tissus profonds<\/a><\/li><li><a href=\"https:\/\/setsuko.ca\/fr\/massage-setsuko-massage-montreal-quebec\/massage-de-drainage-lymphatique\/\">Massage-drainage-lymphatique<\/a><\/li><li><a href=\"https:\/\/setsuko.ca\/fr\/massage-setsuko-massage-montreal-quebec\/massage-par-acupression\/\">Massage \u00e0 l&#8217;acupression<\/a><\/li><li><a href=\"https:\/\/setsuko.ca\/fr\/massage-setsuko-massage-montreal-quebec\/massage-reflexologique-des-pieds\/\">R\u00e9flexologie pour les mains et les pieds<\/a><\/li><li><a href=\"https:\/\/setsuko.ca\/fr\/massage-setsuko-massage-montreal-quebec\/massage-prenatal\/\">Massage pr\u00e9natal<\/a><\/li><li>S\u00e9ances Signature Setsuko<\/li><li>Massage aux pierres chaudes<\/li><li>Cupping<\/li><li>Massage Harmonie et Fusion<\/li><li>Massage de t\u00eate Champi<\/li><li><a href=\"https:\/\/setsuko.ca\/massage-montreal-quebec\/student-massage-therapy\/\">Massage pour \u00e9tudiants (\u00e0 prix r\u00e9duit)<\/a><\/li><li><a href=\"https:\/\/setsuko.ca\/fr\/massage-setsuko-massage-montreal-quebec\/massage-mobile-et-spa\/\">Massage sur chaise<\/a><\/li><li><a href=\"https:\/\/setsuko.ca\/fr\/massage-setsuko-massage-montreal-quebec\/massage-mobile-et-spa\/\">Massage mobile<\/a><\/li><li>Vagheggi Facial sur mesure<\/li><li><a href=\"https:\/\/www.fresha.com\/fr\/a\/setsuko-centre-de-massotherapie-dorval-1564-herron-road-q8uiki0k\/gift-cards?pId=1225562\" target=\"_blank\" rel=\"noopener\">Cartes-cadeaux<\/a><\/li><\/ul>\t\t\t\t\t\t\t\t<\/div>\n\t\t\t\t<\/div>\n\t\t\t\t<\/div>\n\t\t<div class=\"elementor-element elementor-element-a42d42e e-con-full e-flex e-con e-child\" data-id=\"a42d42e\" data-element_type=\"container\" data-e-type=\"container\">\n\t\t\t\t<div class=\"elementor-element elementor-element-a32981b elementor-widget elementor-widget-heading\" data-id=\"a32981b\" data-element_type=\"widget\" data-e-type=\"widget\" data-widget_type=\"heading.default\">\n\t\t\t\t<div class=\"elementor-widget-container\">\n\t\t\t\t\t<h2 class=\"elementor-heading-title elementor-size-default\">Massage \u00e0 NDG<\/h2>\t\t\t\t<\/div>\n\t\t\t\t<\/div>\n\t\t\t\t<div class=\"elementor-element elementor-element-1309d27 elementor-widget elementor-widget-button\" data-id=\"1309d27\" data-element_type=\"widget\" data-e-type=\"widget\" data-widget_type=\"button.default\">\n\t\t\t\t<div class=\"elementor-widget-container\">\n\t\t\t\t\t\t\t\t\t<div class=\"elementor-button-wrapper\">\n\t\t\t\t\t<a class=\"elementor-button elementor-button-link elementor-size-sm\" href=\"https:\/\/www.fresha.com\/fr\/a\/setsuko-ndg-montreal-2111-ave-northcliffe-dwybvbfi\/booking?allOffer=true&#038;pId=1225562\" target=\"_blank\" rel=\"nofollow noopener\">\n\t\t\t\t\t\t<span class=\"elementor-button-content-wrapper\">\n\t\t\t\t\t\t<span class=\"elementor-button-icon\">\n\t\t\t\t<i aria-hidden=\"true\" class=\"fas fa-external-link-alt\"><\/i>\t\t\t<\/span>\n\t\t\t\t\t\t\t\t\t<span class=\"elementor-button-text\">R\u00e9server en ligne<\/span>\n\t\t\t\t\t<\/span>\n\t\t\t\t\t<\/a>\n\t\t\t\t<\/div>\n\t\t\t\t\t\t\t\t<\/div>\n\t\t\t\t<\/div>\n\t\t\t\t<div class=\"elementor-element elementor-element-057be47 elementor-icon-list--layout-traditional elementor-list-item-link-full_width elementor-widget elementor-widget-icon-list\" data-id=\"057be47\" data-element_type=\"widget\" data-e-type=\"widget\" data-widget_type=\"icon-list.default\">\n\t\t\t\t<div class=\"elementor-widget-container\">\n\t\t\t\t\t\t\t<ul class=\"elementor-icon-list-items\">\n\t\t\t\t\t\t\t<li class=\"elementor-icon-list-item\">\n\t\t\t\t\t\t\t\t\t\t\t<span class=\"elementor-icon-list-icon\">\n\t\t\t\t\t\t\t<i aria-hidden=\"true\" class=\"fas fa-map-marker-alt\"><\/i>\t\t\t\t\t\t<\/span>\n\t\t\t\t\t\t\t\t\t\t<span class=\"elementor-icon-list-text\">2111 Av. Northcliffe, Suite 11D, Montr\u00e9al, QC H4A 3K6<\/span>\n\t\t\t\t\t\t\t\t\t<\/li>\n\t\t\t\t\t\t\t\t<li class=\"elementor-icon-list-item\">\n\t\t\t\t\t\t\t\t\t\t\t<a href=\"tel:15144821991\">\n\n\t\t\t\t\t\t\t\t\t\t\t\t<span class=\"elementor-icon-list-icon\">\n\t\t\t\t\t\t\t<i aria-hidden=\"true\" class=\"fas fa-phone-alt\"><\/i>\t\t\t\t\t\t<\/span>\n\t\t\t\t\t\t\t\t\t\t<span class=\"elementor-icon-list-text\">(514) 482-1991<\/span>\n\t\t\t\t\t\t\t\t\t\t\t<\/a>\n\t\t\t\t\t\t\t\t\t<\/li>\n\t\t\t\t\t\t<\/ul>\n\t\t\t\t\t\t<\/div>\n\t\t\t\t<\/div>\n\t\t\t\t<div class=\"elementor-element elementor-element-5a112cb elementor-widget elementor-widget-text-editor\" data-id=\"5a112cb\" data-element_type=\"widget\" data-e-type=\"widget\" data-widget_type=\"text-editor.default\">\n\t\t\t\t<div class=\"elementor-widget-container\">\n\t\t\t\t\t\t\t\t\t<h4>Services offerts \u00e0 l&#8217;emplacement NDG:<\/h4><ul><li><a href=\"https:\/\/setsuko.ca\/fr\/massage-setsuko-massage-montreal-quebec\/massage-shiatsu\/\">Massage Shiatsu<\/a><\/li><li><a href=\"https:\/\/setsuko.ca\/fr\/massage-setsuko-massage-montreal-quebec\/massage-suedois\/\">Massage su\u00e9dois<\/a><\/li><li><a href=\"https:\/\/setsuko.ca\/massage-montreal-quebec\/deep-tissue-massage\/\">Massage des tissus profonds<\/a><\/li><li><a href=\"https:\/\/setsuko.ca\/massage-montreal-quebec\/lymphatic-drainage-massage\/\">Massage par drainage lymphatique<\/a><\/li><li><a href=\"https:\/\/setsuko.ca\/massage-montreal-quebec\/prenatal-massage\/\">Massage pr\u00e9natal<\/a><\/li><li><a href=\"https:\/\/setsuko.ca\/fr\/massage-setsuko-massage-montreal-quebec\/massotherapeutes-qualifies-a-montreal\/\">S\u00e9ances Signature Setsuko<\/a><\/li><li>Cupping<\/li><li><a href=\"https:\/\/setsuko.ca\/fr\/massage-setsuko-massage-montreal-quebec\/massage-mobile-et-spa\/\">Massage sur chaise<\/a><\/li><li><a href=\"https:\/\/setsuko.ca\/fr\/massage-setsuko-massage-montreal-quebec\/massage-mobile-et-spa\/\">Massage mobile<\/a><\/li><li><a href=\"https:\/\/www.fresha.com\/fr\/a\/setsuko-ndg-montreal-2111-ave-northcliffe-dwybvbfi\/gift-cards?pId=1225562\" target=\"_blank\" rel=\"noopener\">Cartes-cadeaux<\/a><\/li><\/ul>\t\t\t\t\t\t\t\t<\/div>\n\t\t\t\t<\/div>\n\t\t\t\t<\/div>\n\t\t\t\t\t<\/div>\n\t\t\t\t<\/div>\n\t\t\t\t<\/div>\n\t\t","protected":false},"excerpt":{"rendered":"<p>R\u00e9server un massage \u00e0 Montr\u00e9al Canada Massage dans l&#8217;ouest de l&#8217;\u00eele R\u00e9server en ligne 1564 Herron Rd, Suite 205, Dorval, Quebec H9S 1B7 (514) 631-2959 Services offerts \u00e0 l&#8217;emplacement de l&#8217;Ouest-de-l&#8217;\u00cele: Massage shiatsu Massage su\u00e9dois Massage des tissus profonds Massage-drainage-lymphatique Massage \u00e0 l&#8217;acupression R\u00e9flexologie pour les mains et les pieds Massage pr\u00e9natal S\u00e9ances Signature Setsuko [&hellip;]<\/p>\n","protected":false},"author":1,"featured_media":0,"parent":9588,"menu_order":0,"comment_status":"closed","ping_status":"closed","template":"","meta":{"_acf_changed":false,"footnotes":""},"class_list":["post-10422","page","type-page","status-publish","hentry"],"acf":[],"_links":{"self":[{"href":"https:\/\/setsuko.ca\/fr\/wp-json\/wp\/v2\/pages\/10422","targetHints":{"allow":["GET"]}}],"collection":[{"href":"https:\/\/setsuko.ca\/fr\/wp-json\/wp\/v2\/pages"}],"about":[{"href":"https:\/\/setsuko.ca\/fr\/wp-json\/wp\/v2\/types\/page"}],"author":[{"embeddable":true,"href":"https:\/\/setsuko.ca\/fr\/wp-json\/wp\/v2\/users\/1"}],"replies":[{"embeddable":true,"href":"https:\/\/setsuko.ca\/fr\/wp-json\/wp\/v2\/comments?post=10422"}],"version-history":[{"count":5,"href":"https:\/\/setsuko.ca\/fr\/wp-json\/wp\/v2\/pages\/10422\/revisions"}],"predecessor-version":[{"id":10864,"href":"https:\/\/setsuko.ca\/fr\/wp-json\/wp\/v2\/pages\/10422\/revisions\/10864"}],"up":[{"embeddable":true,"href":"https:\/\/setsuko.ca\/fr\/wp-json\/wp\/v2\/pages\/9588"}],"wp:attachment":[{"href":"https:\/\/setsuko.ca\/fr\/wp-json\/wp\/v2\/media?parent=10422"}],"curies":[{"name":"wp","href":"https:\/\/api.w.org\/{rel}","templated":true}]}}