{"id":10505,"date":"2024-12-15T15:04:58","date_gmt":"2024-12-15T20:04:58","guid":{"rendered":"https:\/\/ecolesetsuko.ca\/massage-setsuko-massage-montreal-quebec\/massage-des-tissus-profonds\/"},"modified":"2026-02-10T14:45:06","modified_gmt":"2026-02-10T19:45:06","slug":"massage-des-tissus-profonds","status":"publish","type":"page","link":"https:\/\/setsuko.ca\/fr\/massage-setsuko-massage-montreal-quebec\/massage-des-tissus-profonds\/","title":{"rendered":"Massage des tissus profonds"},"content":{"rendered":"\t\t<div data-elementor-type=\"wp-page\" data-elementor-id=\"10505\" class=\"elementor elementor-10505 elementor-10042\" data-elementor-post-type=\"page\">\n\t\t\t\t<div class=\"elementor-element elementor-element-5da06c82 e-con-full e-flex e-con e-parent\" data-id=\"5da06c82\" data-element_type=\"container\" data-e-type=\"container\" data-settings=\"{&quot;background_background&quot;:&quot;classic&quot;,&quot;sticky&quot;:&quot;top&quot;,&quot;sticky_on&quot;:[&quot;desktop&quot;],&quot;sticky_offset&quot;:0,&quot;sticky_effects_offset&quot;:0,&quot;sticky_anchor_link_offset&quot;:0}\">\n\t\t\t\t<\/div>\n\t\t<div class=\"elementor-element elementor-element-7d0fa19d e-flex e-con-boxed e-con e-parent\" data-id=\"7d0fa19d\" data-element_type=\"container\" data-e-type=\"container\" data-settings=\"{&quot;background_background&quot;:&quot;gradient&quot;}\">\n\t\t\t\t\t<div class=\"e-con-inner\">\n\t\t\t\t<div class=\"elementor-element elementor-element-381d8427 elementor-widget elementor-widget-text-editor\" data-id=\"381d8427\" data-element_type=\"widget\" data-e-type=\"widget\" data-widget_type=\"text-editor.default\">\n\t\t\t\t<div class=\"elementor-widget-container\">\n\t\t\t\t\t\t\t\t\t<h1>Massage des tissus profonds<\/h1>\nNotre massage des tissus profonds est con\u00e7u pour ceux qui recherchent un soulagement cibl\u00e9 des douleurs chroniques et des tensions musculaires. Cette technique th\u00e9rapeutique va au-del\u00e0 de la surface pour travailler sur les couches plus profondes des muscles et des tissus conjonctifs. Incorporant des m\u00e9thodes telles que la lib\u00e9ration myofasciale et la th\u00e9rapie des points de d\u00e9clenchement, elle soulage efficacement les tensions et am\u00e9liore la mobilit\u00e9. Parfait pour les athl\u00e8tes ou toute personne \u00e9prouvant un inconfort persistant, nos th\u00e9rapeutes qualifi\u00e9s adapteront la s\u00e9ance pour r\u00e9pondre \u00e0 vos besoins sp\u00e9cifiques. Retrouvez l&#8217;\u00e9quilibre naturel et la fonctionnalit\u00e9 de votre corps avec notre massage des tissus profonds chez Setsuko.\t\t\t\t\t\t\t\t<\/div>\n\t\t\t\t<\/div>\n\t\t<div class=\"elementor-element elementor-element-5d7271d9 e-grid e-con-full e-con e-child\" data-id=\"5d7271d9\" data-element_type=\"container\" data-e-type=\"container\">\n\t\t\t\t<div class=\"elementor-element elementor-element-407ea549 elementor-widget elementor-widget-button\" data-id=\"407ea549\" data-element_type=\"widget\" data-e-type=\"widget\" data-widget_type=\"button.default\">\n\t\t\t\t<div class=\"elementor-widget-container\">\n\t\t\t\t\t\t\t\t\t<div class=\"elementor-button-wrapper\">\n\t\t\t\t\t<a class=\"elementor-button elementor-button-link elementor-size-sm\" href=\"https:\/\/www.fresha.com\/en\/book-now\/massage-setsuko-sr2zt0y5\/services?lid=1316453&#038;oiid=sv%3A19244429&#038;share&#038;pId=1225562\" target=\"_blank\" rel=\"noopener\">\n\t\t\t\t\t\t<span class=\"elementor-button-content-wrapper\">\n\t\t\t\t\t\t<span class=\"elementor-button-icon\">\n\t\t\t\t<i aria-hidden=\"true\" class=\"fas fa-external-link-alt\"><\/i>\t\t\t<\/span>\n\t\t\t\t\t\t\t\t\t<span class=\"elementor-button-text\">Massage des tissus profonds de 60 min \u00e0 NDG<\/span>\n\t\t\t\t\t<\/span>\n\t\t\t\t\t<\/a>\n\t\t\t\t<\/div>\n\t\t\t\t\t\t\t\t<\/div>\n\t\t\t\t<\/div>\n\t\t\t\t<div class=\"elementor-element elementor-element-3e44bda5 elementor-widget elementor-widget-button\" data-id=\"3e44bda5\" data-element_type=\"widget\" data-e-type=\"widget\" data-widget_type=\"button.default\">\n\t\t\t\t<div class=\"elementor-widget-container\">\n\t\t\t\t\t\t\t\t\t<div class=\"elementor-button-wrapper\">\n\t\t\t\t\t<a class=\"elementor-button elementor-button-link elementor-size-sm\" href=\"https:\/\/www.fresha.com\/en\/book-now\/massage-setsuko-sr2zt0y5\/services?lid=1290979&#038;oiid=sv%3A17538639&#038;share&#038;pId=1225562\" target=\"_blank\" rel=\"noopener\">\n\t\t\t\t\t\t<span class=\"elementor-button-content-wrapper\">\n\t\t\t\t\t\t<span class=\"elementor-button-icon\">\n\t\t\t\t<i aria-hidden=\"true\" class=\"fas fa-external-link-alt\"><\/i>\t\t\t<\/span>\n\t\t\t\t\t\t\t\t\t<span class=\"elementor-button-text\">Massage des tissus profonds de 60 min \u00e0 Dorval<\/span>\n\t\t\t\t\t<\/span>\n\t\t\t\t\t<\/a>\n\t\t\t\t<\/div>\n\t\t\t\t\t\t\t\t<\/div>\n\t\t\t\t<\/div>\n\t\t\t\t<div class=\"elementor-element elementor-element-188f5631 elementor-widget elementor-widget-button\" data-id=\"188f5631\" data-element_type=\"widget\" data-e-type=\"widget\" data-widget_type=\"button.default\">\n\t\t\t\t<div class=\"elementor-widget-container\">\n\t\t\t\t\t\t\t\t\t<div class=\"elementor-button-wrapper\">\n\t\t\t\t\t<a class=\"elementor-button elementor-button-link elementor-size-sm\" href=\"https:\/\/www.fresha.com\/en\/book-now\/massage-setsuko-sr2zt0y5\/services?lid=1316453&#038;oiid=sv%3A19244430&#038;share&#038;pId=1225562\" target=\"_blank\" rel=\"noopener\">\n\t\t\t\t\t\t<span class=\"elementor-button-content-wrapper\">\n\t\t\t\t\t\t<span class=\"elementor-button-icon\">\n\t\t\t\t<i aria-hidden=\"true\" class=\"fas fa-external-link-alt\"><\/i>\t\t\t<\/span>\n\t\t\t\t\t\t\t\t\t<span class=\"elementor-button-text\">Massage des tissus profonds de 90 min \u00e0 NDG<\/span>\n\t\t\t\t\t<\/span>\n\t\t\t\t\t<\/a>\n\t\t\t\t<\/div>\n\t\t\t\t\t\t\t\t<\/div>\n\t\t\t\t<\/div>\n\t\t\t\t<div class=\"elementor-element elementor-element-c053c5a elementor-widget elementor-widget-button\" data-id=\"c053c5a\" data-element_type=\"widget\" data-e-type=\"widget\" data-widget_type=\"button.default\">\n\t\t\t\t<div class=\"elementor-widget-container\">\n\t\t\t\t\t\t\t\t\t<div class=\"elementor-button-wrapper\">\n\t\t\t\t\t<a class=\"elementor-button elementor-button-link elementor-size-sm\" href=\"https:\/\/www.fresha.com\/en\/book-now\/massage-setsuko-sr2zt0y5\/services?lid=1290979&#038;oiid=sv%3A17538639&#038;share&#038;pId=1225562\" target=\"_blank\" rel=\"noopener\">\n\t\t\t\t\t\t<span class=\"elementor-button-content-wrapper\">\n\t\t\t\t\t\t<span class=\"elementor-button-icon\">\n\t\t\t\t<i aria-hidden=\"true\" class=\"fas fa-external-link-alt\"><\/i>\t\t\t<\/span>\n\t\t\t\t\t\t\t\t\t<span class=\"elementor-button-text\">Massage des tissus profonds de 90 min \u00e0 Dorval<\/span>\n\t\t\t\t\t<\/span>\n\t\t\t\t\t<\/a>\n\t\t\t\t<\/div>\n\t\t\t\t\t\t\t\t<\/div>\n\t\t\t\t<\/div>\n\t\t\t\t<div class=\"elementor-element elementor-element-614f0ad elementor-widget elementor-widget-button\" data-id=\"614f0ad\" data-element_type=\"widget\" data-e-type=\"widget\" data-widget_type=\"button.default\">\n\t\t\t\t<div class=\"elementor-widget-container\">\n\t\t\t\t\t\t\t\t\t<div class=\"elementor-button-wrapper\">\n\t\t\t\t\t<a class=\"elementor-button elementor-button-link elementor-size-sm\" href=\"https:\/\/www.fresha.com\/en\/book-now\/massage-setsuko-sr2zt0y5\/services?lid=1316453&#038;oiid=sv%3A19244431&#038;share&#038;pId=1225562\" target=\"_blank\" rel=\"noopener\">\n\t\t\t\t\t\t<span class=\"elementor-button-content-wrapper\">\n\t\t\t\t\t\t<span class=\"elementor-button-icon\">\n\t\t\t\t<i aria-hidden=\"true\" class=\"fas fa-external-link-alt\"><\/i>\t\t\t<\/span>\n\t\t\t\t\t\t\t\t\t<span class=\"elementor-button-text\">Massage des tissus profonds de 120 min \u00e0 NDG<\/span>\n\t\t\t\t\t<\/span>\n\t\t\t\t\t<\/a>\n\t\t\t\t<\/div>\n\t\t\t\t\t\t\t\t<\/div>\n\t\t\t\t<\/div>\n\t\t\t\t<div class=\"elementor-element elementor-element-ac0b03d elementor-widget elementor-widget-button\" data-id=\"ac0b03d\" data-element_type=\"widget\" data-e-type=\"widget\" data-widget_type=\"button.default\">\n\t\t\t\t<div class=\"elementor-widget-container\">\n\t\t\t\t\t\t\t\t\t<div class=\"elementor-button-wrapper\">\n\t\t\t\t\t<a class=\"elementor-button elementor-button-link elementor-size-sm\" href=\"https:\/\/www.fresha.com\/en\/book-now\/massage-setsuko-sr2zt0y5\/services?lid=1290979&#038;oiid=sv%3A17857426&#038;share&#038;pId=1225562\" target=\"_blank\" rel=\"noopener\">\n\t\t\t\t\t\t<span class=\"elementor-button-content-wrapper\">\n\t\t\t\t\t\t<span class=\"elementor-button-icon\">\n\t\t\t\t<i aria-hidden=\"true\" class=\"fas fa-external-link-alt\"><\/i>\t\t\t<\/span>\n\t\t\t\t\t\t\t\t\t<span class=\"elementor-button-text\">Massage des tissus profonds de 120 min \u00e0 Dorval<\/span>\n\t\t\t\t\t<\/span>\n\t\t\t\t\t<\/a>\n\t\t\t\t<\/div>\n\t\t\t\t\t\t\t\t<\/div>\n\t\t\t\t<\/div>\n\t\t\t\t<\/div>\n\t\t\t\t<div class=\"elementor-element elementor-element-1191ef34 elementor-widget elementor-widget-image\" data-id=\"1191ef34\" data-element_type=\"widget\" data-e-type=\"widget\" data-widget_type=\"image.default\">\n\t\t\t\t<div class=\"elementor-widget-container\">\n\t\t\t\t\t\t\t\t\t\t\t\t\t\t\t<img fetchpriority=\"high\" decoding=\"async\" width=\"800\" height=\"800\" src=\"https:\/\/setsuko.b-cdn.net\/wp-content\/uploads\/2023\/04\/Deep-Tissue.webp\" class=\"attachment-full size-full wp-image-6415\" alt=\"Th\u00e9rapie de massage des tissus profonds\" title=\"\">\t\t\t\t\t\t\t\t\t\t\t\t\t\t\t<\/div>\n\t\t\t\t<\/div>\n\t\t\t\t<div class=\"elementor-element elementor-element-5f0a3520 elementor-widget elementor-widget-text-editor\" data-id=\"5f0a3520\" data-element_type=\"widget\" data-e-type=\"widget\" data-widget_type=\"text-editor.default\">\n\t\t\t\t<div class=\"elementor-widget-container\">\n\t\t\t\t\t\t\t\t\t<h2>Qu&#8217;est-ce que le massage des tissus profonds ?<\/h2><p>Le massage des tissus profonds est un type de massoth\u00e9rapie qui se concentre sur le r\u00e9alignement des couches plus profondes des muscles et des tissus conjonctifs. Il est particuli\u00e8rement utile pour les douleurs et courbatures chroniques et les zones contract\u00e9es telles que les raideurs du cou, les tensions du bas du dos et les \u00e9paules douloureuses. Voici un aper\u00e7u plus d\u00e9taill\u00e9 de ce qui rend le massage des tissus profonds distinct :  <\/p><h3>Objectif :<\/h3><p>Le massage des tissus profonds est utilis\u00e9 pour traiter une vari\u00e9t\u00e9 de maux physiques, principalement en d\u00e9composant physiquement les adh\u00e9rences (bandes de tissus douloureux et rigides) dans les muscles, tendons et ligaments pour restaurer un mouvement normal et soulager la douleur. Il est particuli\u00e8rement efficace pour les personnes qui souffrent de douleurs musculaires et d&#8217;inconfort constants, y compris les probl\u00e8mes li\u00e9s \u00e0 la posture et aux tensions r\u00e9p\u00e9titives. <\/p><h3>Technique :<\/h3><ul><li><strong>Pression<\/strong> : Le massoth\u00e9rapeute applique des mouvements lents et d\u00e9lib\u00e9r\u00e9s qui concentrent la pression sur les couches de muscles, tendons ou autres tissus profonds sous votre peau.<\/li><li><strong>Mouvements<\/strong> : Contrairement au massage su\u00e9dois, qui a un effet relaxant et utilise une compression plus l\u00e9g\u00e8re, le massage des tissus profonds utilise des mouvements appliqu\u00e9s avec plus de pression, visant \u00e0 lib\u00e9rer les tensions profondes dans les muscles.<\/li><li><strong>Outils<\/strong> : Les doigts, les jointures, les mains, les coudes et parfois des outils peuvent \u00eatre utilis\u00e9s pour appliquer une pression plus profonde.<\/li><\/ul><h3>Bienfaits :<\/h3><ul><li><strong>Soulagement de la douleur<\/strong> : Efficace pour r\u00e9duire la douleur caus\u00e9e par les tensions musculaires, y compris les troubles comme la fibromyalgie et les crampes musculaires.<\/li><li><strong>Mobilit\u00e9 am\u00e9lior\u00e9e<\/strong> : Aide \u00e0 d\u00e9composer et \u00e9ventuellement \u00e9liminer les tissus cicatriciels dans le corps. Ceci est accompli en am\u00e9liorant la circulation et le drainage lymphatiques pour am\u00e9liorer la flexibilit\u00e9 et l&#8217;amplitude de mouvement dans la zone affect\u00e9e. <\/li><li><strong>Soulagement du stress<\/strong> : La manipulation intense des muscles aide \u00e0 soulager le stress. La lib\u00e9ration de s\u00e9rotonine et d&#8217;ocytocine r\u00e9sultant du massage des tissus profonds procure une sensation de bien-\u00eatre, de calme et de s\u00e9r\u00e9nit\u00e9. <\/li><\/ul><h3>Consid\u00e9rations :<\/h3><ul><li><strong>Intensit\u00e9<\/strong> : Il n&#8217;est pas rare que les receveurs de massage des tissus profonds voient leur douleur remplac\u00e9e par une nouvelle courbature musculaire pendant un jour ou deux. C&#8217;est pourquoi il est important de communiquer avec le th\u00e9rapeute au sujet du niveau de pression. <\/li><li><strong>Pas pour tout le monde<\/strong> : Le massage des tissus profonds n&#8217;est g\u00e9n\u00e9ralement pas recommand\u00e9 pour les personnes qui sont mal \u00e0 l&#8217;aise avec des touches plus intenses. Il ne convient pas non plus aux personnes ayant certaines conditions de sant\u00e9, comme l&#8217;arthrite inflammatoire, ou celles qui prennent des m\u00e9dicaments anticoagulants, sans l&#8217;approbation d&#8217;un m\u00e9decin. <\/li><\/ul><p>Le massage des tissus profonds est particuli\u00e8rement b\u00e9n\u00e9fique pour les personnes souffrant de douleur chronique ou de tension musculaire s\u00e9v\u00e8re, car il atteint les sections profondes des muscles \u00e9pais, soulageant consid\u00e9rablement l&#8217;inconfort.<\/p><h2>Comment le massage des tissus profonds se compare-t-il aux autres techniques ?<\/h2><p>Le massage des tissus profonds diff\u00e8re consid\u00e9rablement des autres techniques telles que le massage su\u00e9dois et le shiatsu dans son approche et son application. Principalement destin\u00e9 \u00e0 traiter les couches profondes des muscles et des tissus conjonctifs, le massage des tissus profonds utilise des mouvements lents et \u00e9nergiques pour cibler la douleur chronique et les tensions. Cette m\u00e9thode est particuli\u00e8rement efficace pour les zones de tension et de contraction, comme un cou raide ou des \u00e9paules douloureuses. En revanche, le massage su\u00e9dois est g\u00e9n\u00e9ralement plus doux et relaxant, employant de longs mouvements, des p\u00e9trissages et des mouvements circulaires pour favoriser la relaxation g\u00e9n\u00e9rale et la circulation sanguine. Le shiatsu, enracin\u00e9 dans la tradition japonaise, contraste \u00e9galement en se concentrant sur les points de pression et les voies \u00e9nerg\u00e9tiques pour \u00e9quilibrer le flux d&#8217;\u00e9nergie du corps, plut\u00f4t que de cibler directement la tension musculaire. Chaque technique offre des bienfaits distincts, les rendant appropri\u00e9es pour diff\u00e9rents besoins et pr\u00e9f\u00e9rences.     <\/p><p>Vous ne savez pas quel massage vous convient&nbsp;? <a href=\"https:\/\/setsuko.ca\/fr\/massage-setsuko-massage-montreal-quebec\/contacter-massage-setsuko-dorval-ndg-montreal\/\">Contactez-nous<\/a> d\u00e8s aujourd&#8217;hui pour parler \u00e0 un massoth\u00e9rapeute certifi\u00e9 expert afin de choisir le style de massage adapt\u00e9 \u00e0 vous et \u00e0 vos besoins.<\/p>\t\t\t\t\t\t\t\t<\/div>\n\t\t\t\t<\/div>\n\t\t\t\t\t<\/div>\n\t\t\t\t<\/div>\n\t\t<div class=\"elementor-element elementor-element-856a343 e-grid e-con-full e-con e-child\" data-id=\"856a343\" data-element_type=\"container\" data-e-type=\"container\">\n\t\t\t\t<div class=\"elementor-element elementor-element-750133a elementor-widget elementor-widget-button\" data-id=\"750133a\" data-element_type=\"widget\" data-e-type=\"widget\" data-widget_type=\"button.default\">\n\t\t\t\t<div class=\"elementor-widget-container\">\n\t\t\t\t\t\t\t\t\t<div class=\"elementor-button-wrapper\">\n\t\t\t\t\t<a class=\"elementor-button elementor-button-link elementor-size-sm\" href=\"https:\/\/www.fresha.com\/en\/book-now\/massage-setsuko-sr2zt0y5\/services?lid=1316453&#038;oiid=sv%3A19244429&#038;share&#038;pId=1225562\" target=\"_blank\" rel=\"noopener\">\n\t\t\t\t\t\t<span class=\"elementor-button-content-wrapper\">\n\t\t\t\t\t\t<span class=\"elementor-button-icon\">\n\t\t\t\t<i aria-hidden=\"true\" class=\"fas fa-external-link-alt\"><\/i>\t\t\t<\/span>\n\t\t\t\t\t\t\t\t\t<span class=\"elementor-button-text\">Massage des tissus profonds de 60 min \u00e0 NDG<\/span>\n\t\t\t\t\t<\/span>\n\t\t\t\t\t<\/a>\n\t\t\t\t<\/div>\n\t\t\t\t\t\t\t\t<\/div>\n\t\t\t\t<\/div>\n\t\t\t\t<div class=\"elementor-element elementor-element-0ded99f elementor-widget elementor-widget-button\" data-id=\"0ded99f\" data-element_type=\"widget\" data-e-type=\"widget\" data-widget_type=\"button.default\">\n\t\t\t\t<div class=\"elementor-widget-container\">\n\t\t\t\t\t\t\t\t\t<div class=\"elementor-button-wrapper\">\n\t\t\t\t\t<a class=\"elementor-button elementor-button-link elementor-size-sm\" href=\"https:\/\/www.fresha.com\/en\/book-now\/massage-setsuko-sr2zt0y5\/services?lid=1290979&#038;oiid=sv%3A17538639&#038;share&#038;pId=1225562\" target=\"_blank\" rel=\"noopener\">\n\t\t\t\t\t\t<span class=\"elementor-button-content-wrapper\">\n\t\t\t\t\t\t<span class=\"elementor-button-icon\">\n\t\t\t\t<i aria-hidden=\"true\" class=\"fas fa-external-link-alt\"><\/i>\t\t\t<\/span>\n\t\t\t\t\t\t\t\t\t<span class=\"elementor-button-text\">Massage des tissus profonds de 60 min \u00e0 Dorval<\/span>\n\t\t\t\t\t<\/span>\n\t\t\t\t\t<\/a>\n\t\t\t\t<\/div>\n\t\t\t\t\t\t\t\t<\/div>\n\t\t\t\t<\/div>\n\t\t\t\t<div class=\"elementor-element elementor-element-fabbed0 elementor-widget elementor-widget-button\" data-id=\"fabbed0\" data-element_type=\"widget\" data-e-type=\"widget\" data-widget_type=\"button.default\">\n\t\t\t\t<div class=\"elementor-widget-container\">\n\t\t\t\t\t\t\t\t\t<div class=\"elementor-button-wrapper\">\n\t\t\t\t\t<a class=\"elementor-button elementor-button-link elementor-size-sm\" href=\"https:\/\/www.fresha.com\/en\/book-now\/massage-setsuko-sr2zt0y5\/services?lid=1316453&#038;oiid=sv%3A19244430&#038;share&#038;pId=1225562\" target=\"_blank\" rel=\"noopener\">\n\t\t\t\t\t\t<span class=\"elementor-button-content-wrapper\">\n\t\t\t\t\t\t<span class=\"elementor-button-icon\">\n\t\t\t\t<i aria-hidden=\"true\" class=\"fas fa-external-link-alt\"><\/i>\t\t\t<\/span>\n\t\t\t\t\t\t\t\t\t<span class=\"elementor-button-text\">Massage des tissus profonds de 90 min \u00e0 NDG<\/span>\n\t\t\t\t\t<\/span>\n\t\t\t\t\t<\/a>\n\t\t\t\t<\/div>\n\t\t\t\t\t\t\t\t<\/div>\n\t\t\t\t<\/div>\n\t\t\t\t<div class=\"elementor-element elementor-element-639fb52 elementor-widget elementor-widget-button\" data-id=\"639fb52\" data-element_type=\"widget\" data-e-type=\"widget\" data-widget_type=\"button.default\">\n\t\t\t\t<div class=\"elementor-widget-container\">\n\t\t\t\t\t\t\t\t\t<div class=\"elementor-button-wrapper\">\n\t\t\t\t\t<a class=\"elementor-button elementor-button-link elementor-size-sm\" href=\"https:\/\/www.fresha.com\/en\/book-now\/massage-setsuko-sr2zt0y5\/services?lid=1290979&#038;oiid=sv%3A17538639&#038;share&#038;pId=1225562\" target=\"_blank\" rel=\"noopener\">\n\t\t\t\t\t\t<span class=\"elementor-button-content-wrapper\">\n\t\t\t\t\t\t<span class=\"elementor-button-icon\">\n\t\t\t\t<i aria-hidden=\"true\" class=\"fas fa-external-link-alt\"><\/i>\t\t\t<\/span>\n\t\t\t\t\t\t\t\t\t<span class=\"elementor-button-text\">Massage des tissus profonds de 90 min \u00e0 Dorval<\/span>\n\t\t\t\t\t<\/span>\n\t\t\t\t\t<\/a>\n\t\t\t\t<\/div>\n\t\t\t\t\t\t\t\t<\/div>\n\t\t\t\t<\/div>\n\t\t\t\t<div class=\"elementor-element elementor-element-d05c0a9 elementor-widget elementor-widget-button\" data-id=\"d05c0a9\" data-element_type=\"widget\" data-e-type=\"widget\" data-widget_type=\"button.default\">\n\t\t\t\t<div class=\"elementor-widget-container\">\n\t\t\t\t\t\t\t\t\t<div class=\"elementor-button-wrapper\">\n\t\t\t\t\t<a class=\"elementor-button elementor-button-link elementor-size-sm\" href=\"https:\/\/www.fresha.com\/en\/book-now\/massage-setsuko-sr2zt0y5\/services?lid=1316453&#038;oiid=sv%3A19244431&#038;share&#038;pId=1225562\" target=\"_blank\" rel=\"noopener\">\n\t\t\t\t\t\t<span class=\"elementor-button-content-wrapper\">\n\t\t\t\t\t\t<span class=\"elementor-button-icon\">\n\t\t\t\t<i aria-hidden=\"true\" class=\"fas fa-external-link-alt\"><\/i>\t\t\t<\/span>\n\t\t\t\t\t\t\t\t\t<span class=\"elementor-button-text\">Massage des tissus profonds de 120 min \u00e0 NDG<\/span>\n\t\t\t\t\t<\/span>\n\t\t\t\t\t<\/a>\n\t\t\t\t<\/div>\n\t\t\t\t\t\t\t\t<\/div>\n\t\t\t\t<\/div>\n\t\t\t\t<div class=\"elementor-element elementor-element-c61c58e elementor-widget elementor-widget-button\" data-id=\"c61c58e\" data-element_type=\"widget\" data-e-type=\"widget\" data-widget_type=\"button.default\">\n\t\t\t\t<div class=\"elementor-widget-container\">\n\t\t\t\t\t\t\t\t\t<div class=\"elementor-button-wrapper\">\n\t\t\t\t\t<a class=\"elementor-button elementor-button-link elementor-size-sm\" href=\"https:\/\/www.fresha.com\/en\/book-now\/massage-setsuko-sr2zt0y5\/services?lid=1290979&#038;oiid=sv%3A17857426&#038;share&#038;pId=1225562\" target=\"_blank\" rel=\"noopener\">\n\t\t\t\t\t\t<span class=\"elementor-button-content-wrapper\">\n\t\t\t\t\t\t<span class=\"elementor-button-icon\">\n\t\t\t\t<i aria-hidden=\"true\" class=\"fas fa-external-link-alt\"><\/i>\t\t\t<\/span>\n\t\t\t\t\t\t\t\t\t<span class=\"elementor-button-text\">Massage des tissus profonds de 120 min \u00e0 Dorval<\/span>\n\t\t\t\t\t<\/span>\n\t\t\t\t\t<\/a>\n\t\t\t\t<\/div>\n\t\t\t\t\t\t\t\t<\/div>\n\t\t\t\t<\/div>\n\t\t\t\t<\/div>\n\t\t\t\t<\/div>\n\t\t","protected":false},"excerpt":{"rendered":"<p>Massage des tissus profonds Notre massage des tissus profonds est con\u00e7u pour ceux qui recherchent un soulagement cibl\u00e9 des douleurs chroniques et des tensions musculaires. Cette technique th\u00e9rapeutique va au-del\u00e0 de la surface pour travailler sur les couches plus profondes des muscles et des tissus conjonctifs. Incorporant des m\u00e9thodes telles que la lib\u00e9ration myofasciale et [&hellip;]<\/p>\n","protected":false},"author":1,"featured_media":124,"parent":9588,"menu_order":0,"comment_status":"closed","ping_status":"closed","template":"","meta":{"_acf_changed":false,"footnotes":""},"class_list":["post-10505","page","type-page","status-publish","has-post-thumbnail","hentry"],"acf":[],"_links":{"self":[{"href":"https:\/\/setsuko.ca\/fr\/wp-json\/wp\/v2\/pages\/10505","targetHints":{"allow":["GET"]}}],"collection":[{"href":"https:\/\/setsuko.ca\/fr\/wp-json\/wp\/v2\/pages"}],"about":[{"href":"https:\/\/setsuko.ca\/fr\/wp-json\/wp\/v2\/types\/page"}],"author":[{"embeddable":true,"href":"https:\/\/setsuko.ca\/fr\/wp-json\/wp\/v2\/users\/1"}],"replies":[{"embeddable":true,"href":"https:\/\/setsuko.ca\/fr\/wp-json\/wp\/v2\/comments?post=10505"}],"version-history":[{"count":2,"href":"https:\/\/setsuko.ca\/fr\/wp-json\/wp\/v2\/pages\/10505\/revisions"}],"predecessor-version":[{"id":14997,"href":"https:\/\/setsuko.ca\/fr\/wp-json\/wp\/v2\/pages\/10505\/revisions\/14997"}],"up":[{"embeddable":true,"href":"https:\/\/setsuko.ca\/fr\/wp-json\/wp\/v2\/pages\/9588"}],"wp:featuredmedia":[{"embeddable":true,"href":"https:\/\/setsuko.ca\/fr\/wp-json\/wp\/v2\/media\/124"}],"wp:attachment":[{"href":"https:\/\/setsuko.ca\/fr\/wp-json\/wp\/v2\/media?parent=10505"}],"curies":[{"name":"wp","href":"https:\/\/api.w.org\/{rel}","templated":true}]}}