{"id":10511,"date":"2024-12-15T14:32:24","date_gmt":"2024-12-15T19:32:24","guid":{"rendered":"https:\/\/ecolesetsuko.ca\/massage-setsuko-massage-montreal-quebec\/massage-de-drainage-lymphatique\/"},"modified":"2026-02-10T14:44:41","modified_gmt":"2026-02-10T19:44:41","slug":"massage-de-drainage-lymphatique","status":"publish","type":"page","link":"https:\/\/setsuko.ca\/fr\/massage-setsuko-massage-montreal-quebec\/massage-de-drainage-lymphatique\/","title":{"rendered":"Massage de drainage lymphatique"},"content":{"rendered":"\t\t<div data-elementor-type=\"wp-page\" data-elementor-id=\"10511\" class=\"elementor elementor-10511 elementor-10007\" data-elementor-post-type=\"page\">\n\t\t\t\t<div class=\"elementor-element elementor-element-ce7aae2 e-con-full e-flex e-con e-parent\" data-id=\"ce7aae2\" data-element_type=\"container\" data-e-type=\"container\" data-settings=\"{&quot;background_background&quot;:&quot;classic&quot;,&quot;sticky&quot;:&quot;top&quot;,&quot;sticky_on&quot;:[&quot;desktop&quot;],&quot;sticky_offset&quot;:0,&quot;sticky_effects_offset&quot;:0,&quot;sticky_anchor_link_offset&quot;:0}\">\n\t\t\t\t<\/div>\n\t\t<div class=\"elementor-element elementor-element-76499e2 e-flex e-con-boxed e-con e-parent\" data-id=\"76499e2\" data-element_type=\"container\" data-e-type=\"container\" data-settings=\"{&quot;background_background&quot;:&quot;gradient&quot;}\">\n\t\t\t\t\t<div class=\"e-con-inner\">\n\t\t\t\t<div class=\"elementor-element elementor-element-6f0357e elementor-widget elementor-widget-text-editor\" data-id=\"6f0357e\" data-element_type=\"widget\" data-e-type=\"widget\" data-widget_type=\"text-editor.default\">\n\t\t\t\t<div class=\"elementor-widget-container\">\n\t\t\t\t\t\t\t\t\t<h1>Massage de drainage lymphatique<\/h1><p>Notre massage de drainage lymphatique est un traitement doux et rythm\u00e9 con\u00e7u pour stimuler le syst\u00e8me lymphatique du corps. Cette th\u00e9rapie permet d&#8217;\u00e9liminer les toxines, de r\u00e9duire les gonflements et d&#8217;am\u00e9liorer les fonctions immunitaires. En utilisant une l\u00e9g\u00e8re pression et des techniques sp\u00e9cifiques, nos th\u00e9rapeutes qualifi\u00e9s encouragent la circulation du liquide lymphatique, favorisant ainsi la d\u00e9sintoxication et le bien-\u00eatre g\u00e9n\u00e9ral. Id\u00e9al pour les personnes qui se remettent d&#8217;une intervention chirurgicale, qui souffrent de gonflements chroniques, de douleurs chroniques, d&#8217;inflammations, d&#8217;\u0153d\u00e8mes ou qui cherchent \u00e0 renforcer leur syst\u00e8me immunitaire, ce massage offre de profonds bienfaits. D\u00e9couvrez les effets apaisants et b\u00e9n\u00e9fiques pour la sant\u00e9 du massage de drainage lymphatique chez Setsuko \u2013 Centre de Massoth\u00e9rapie Holistique.    <\/p>\t\t\t\t\t\t\t\t<\/div>\n\t\t\t\t<\/div>\n\t\t<div class=\"elementor-element elementor-element-8e8ade7 e-grid e-con-full e-con e-child\" data-id=\"8e8ade7\" data-element_type=\"container\" data-e-type=\"container\">\n\t\t\t\t<div class=\"elementor-element elementor-element-6d14050 elementor-widget elementor-widget-button\" data-id=\"6d14050\" data-element_type=\"widget\" data-e-type=\"widget\" data-widget_type=\"button.default\">\n\t\t\t\t<div class=\"elementor-widget-container\">\n\t\t\t\t\t\t\t\t\t<div class=\"elementor-button-wrapper\">\n\t\t\t\t\t<a class=\"elementor-button elementor-button-link elementor-size-sm\" href=\"https:\/\/www.fresha.com\/en\/book-now\/massage-setsuko-sr2zt0y5\/services?lid=1316453&#038;oiid=sv%3A19244436&#038;share&#038;pId=1225562\" target=\"_blank\" rel=\"noopener\">\n\t\t\t\t\t\t<span class=\"elementor-button-content-wrapper\">\n\t\t\t\t\t\t<span class=\"elementor-button-icon\">\n\t\t\t\t<i aria-hidden=\"true\" class=\"fas fa-external-link-alt\"><\/i>\t\t\t<\/span>\n\t\t\t\t\t\t\t\t\t<span class=\"elementor-button-text\">Massage de drainage lymphatique de 60 minutes \u00e0 NDG<\/span>\n\t\t\t\t\t<\/span>\n\t\t\t\t\t<\/a>\n\t\t\t\t<\/div>\n\t\t\t\t\t\t\t\t<\/div>\n\t\t\t\t<\/div>\n\t\t\t\t<div class=\"elementor-element elementor-element-80cc741 elementor-widget elementor-widget-button\" data-id=\"80cc741\" data-element_type=\"widget\" data-e-type=\"widget\" data-widget_type=\"button.default\">\n\t\t\t\t<div class=\"elementor-widget-container\">\n\t\t\t\t\t\t\t\t\t<div class=\"elementor-button-wrapper\">\n\t\t\t\t\t<a class=\"elementor-button elementor-button-link elementor-size-sm\" href=\"https:\/\/www.fresha.com\/en\/book-now\/massage-setsuko-sr2zt0y5\/services?lid=1290979&#038;oiid=sv%3A17538700&#038;share&#038;pId=1225562\" target=\"_blank\" rel=\"noopener\">\n\t\t\t\t\t\t<span class=\"elementor-button-content-wrapper\">\n\t\t\t\t\t\t<span class=\"elementor-button-icon\">\n\t\t\t\t<i aria-hidden=\"true\" class=\"fas fa-external-link-alt\"><\/i>\t\t\t<\/span>\n\t\t\t\t\t\t\t\t\t<span class=\"elementor-button-text\">Massage de drainage lymphatique de 60 minutes \u00e0 Dorval<\/span>\n\t\t\t\t\t<\/span>\n\t\t\t\t\t<\/a>\n\t\t\t\t<\/div>\n\t\t\t\t\t\t\t\t<\/div>\n\t\t\t\t<\/div>\n\t\t\t\t<div class=\"elementor-element elementor-element-96cdd40 elementor-widget elementor-widget-button\" data-id=\"96cdd40\" data-element_type=\"widget\" data-e-type=\"widget\" data-widget_type=\"button.default\">\n\t\t\t\t<div class=\"elementor-widget-container\">\n\t\t\t\t\t\t\t\t\t<div class=\"elementor-button-wrapper\">\n\t\t\t\t\t<a class=\"elementor-button elementor-button-link elementor-size-sm\" href=\"https:\/\/www.fresha.com\/en\/book-now\/massage-setsuko-sr2zt0y5\/services?lid=1316453&#038;oiid=sv%3A19244437&#038;share&#038;pId=1225562\" target=\"_blank\" rel=\"noopener\">\n\t\t\t\t\t\t<span class=\"elementor-button-content-wrapper\">\n\t\t\t\t\t\t<span class=\"elementor-button-icon\">\n\t\t\t\t<i aria-hidden=\"true\" class=\"fas fa-external-link-alt\"><\/i>\t\t\t<\/span>\n\t\t\t\t\t\t\t\t\t<span class=\"elementor-button-text\">Massage de drainage lymphatique de 90 minutes \u00e0 NDG<\/span>\n\t\t\t\t\t<\/span>\n\t\t\t\t\t<\/a>\n\t\t\t\t<\/div>\n\t\t\t\t\t\t\t\t<\/div>\n\t\t\t\t<\/div>\n\t\t\t\t<div class=\"elementor-element elementor-element-13a54aa elementor-widget elementor-widget-button\" data-id=\"13a54aa\" data-element_type=\"widget\" data-e-type=\"widget\" data-widget_type=\"button.default\">\n\t\t\t\t<div class=\"elementor-widget-container\">\n\t\t\t\t\t\t\t\t\t<div class=\"elementor-button-wrapper\">\n\t\t\t\t\t<a class=\"elementor-button elementor-button-link elementor-size-sm\" href=\"https:\/\/www.fresha.com\/en\/book-now\/massage-setsuko-sr2zt0y5\/services?lid=1290979&#038;oiid=sv%3A17538702&#038;share&#038;pId=1225562\" target=\"_blank\" rel=\"noopener\">\n\t\t\t\t\t\t<span class=\"elementor-button-content-wrapper\">\n\t\t\t\t\t\t<span class=\"elementor-button-icon\">\n\t\t\t\t<i aria-hidden=\"true\" class=\"fas fa-external-link-alt\"><\/i>\t\t\t<\/span>\n\t\t\t\t\t\t\t\t\t<span class=\"elementor-button-text\">Massage de drainage lymphatique de 90 minutes \u00e0 Dorval<\/span>\n\t\t\t\t\t<\/span>\n\t\t\t\t\t<\/a>\n\t\t\t\t<\/div>\n\t\t\t\t\t\t\t\t<\/div>\n\t\t\t\t<\/div>\n\t\t\t\t<\/div>\n\t\t\t\t<div class=\"elementor-element elementor-element-e7834b6 elementor-widget elementor-widget-image\" data-id=\"e7834b6\" data-element_type=\"widget\" data-e-type=\"widget\" data-widget_type=\"image.default\">\n\t\t\t\t<div class=\"elementor-widget-container\">\n\t\t\t\t\t\t\t\t\t\t\t\t\t\t\t<img fetchpriority=\"high\" decoding=\"async\" width=\"800\" height=\"800\" src=\"https:\/\/setsuko.b-cdn.net\/wp-content\/uploads\/2022\/12\/Lymphatic.webp\" class=\"attachment-full size-full wp-image-6407\" alt=\"Drainage lymphatique\" title=\"\">\t\t\t\t\t\t\t\t\t\t\t\t\t\t\t<\/div>\n\t\t\t\t<\/div>\n\t\t\t\t<div class=\"elementor-element elementor-element-23e8ceb elementor-widget elementor-widget-text-editor\" data-id=\"23e8ceb\" data-element_type=\"widget\" data-e-type=\"widget\" data-widget_type=\"text-editor.default\">\n\t\t\t\t<div class=\"elementor-widget-container\">\n\t\t\t\t\t\t\t\t\t<h2>Qu&#8217;est-ce que le massage par drainage lymphatique ?<\/h2><p>Le drainage lymphatique est une technique de massage douce qui vise \u00e0 stimuler le syst\u00e8me lymphatique afin d&#8217;am\u00e9liorer le m\u00e9tabolisme, de favoriser l&#8217;\u00e9limination des toxines et des d\u00e9chets corporels et d&#8217;encourager un syst\u00e8me immunitaire sain. Cette technique implique des mouvements l\u00e9gers et rythm\u00e9s qui suivent le trajet du syst\u00e8me lymphatique dans le corps. Elle est particuli\u00e8rement efficace pour r\u00e9duire les gonflements et am\u00e9liorer la circulation dans le syst\u00e8me lymphatique.  <\/p><p>Le drainage lymphatique est souvent utilis\u00e9 pour traiter le lymph\u0153d\u00e8me, qui est un gonflement qui se produit g\u00e9n\u00e9ralement dans l&#8217;un des bras ou des jambes en raison d&#8217;un blocage du syst\u00e8me lymphatique. Il est \u00e9galement recherch\u00e9 pour ses effets apaisants sur le syst\u00e8me nerveux, ce qui le rend b\u00e9n\u00e9fique pour les personnes qui se remettent d&#8217;une intervention chirurgicale, qui souffrent de maladies chroniques ou qui cherchent \u00e0 am\u00e9liorer leur bien-\u00eatre g\u00e9n\u00e9ral et leur d\u00e9sintoxication. R\u00e9servez votre massage de drainage lymphatique d\u00e8s aujourd&#8217;hui !  <\/p><h2>Comment le massage par drainage lymphatique se compare-t-il au massage su\u00e9dois ou au shiatsu ?<\/h2><p>Le massage de drainage lymphatique, le massage su\u00e9dois et le shiatsu sont des types distincts de travail corporel qui r\u00e9pondent \u00e0 des objectifs diff\u00e9rents et font appel \u00e0 des techniques diff\u00e9rentes. Voici comment ils se comparent : <\/p><h3><a href=\"https:\/\/setsuko.ca\/fr\/massage-setsuko-massage-montreal-quebec\/massage-de-drainage-lymphatique\/\">Massage de drainage lymphatique<\/a><\/h3><ul><li><strong>Objectif <\/strong>: favoriser la circulation de la lymphe, qui contribue \u00e0 la d\u00e9sintoxication de l&#8217;organisme, au soutien de la fonction immunitaire et \u00e0 la r\u00e9duction des gonflements.<\/li><li><strong>Technique<\/strong> : Il s&#8217;agit de mouvements tr\u00e8s doux, l\u00e9gers et rythm\u00e9s qui imitent le flux naturel de la lymphe dans le corps. Elle est sp\u00e9cialement con\u00e7ue pour stimuler non pas la circulation sanguine, mais la circulation lymphatique. <\/li><li><strong>Avantage <\/strong>: il est particuli\u00e8rement b\u00e9n\u00e9fique pour les personnes souffrant de lymph\u0153d\u00e8me, de convalescence postop\u00e9ratoire, ou pour celles qui sont sujettes \u00e0 des gonflements ou qui souhaitent d\u00e9toxifier leur corps.<\/li><\/ul><h3><a href=\"https:\/\/setsuko.ca\/fr\/massage-setsuko-massage-montreal-quebec\/massage-suedois\/\">Massage su\u00e9dois<\/a><\/h3><ul><li><strong>Objectif <\/strong>: principalement ax\u00e9 sur la relaxation et le bien-\u00eatre g\u00e9n\u00e9ral. C&#8217;est la forme de th\u00e9rapie par le massage la plus r\u00e9pandue dans les pays occidentaux. <\/li><li><strong>Technique<\/strong> : Elle utilise une vari\u00e9t\u00e9 de mouvements tels que l&#8217;effleurage (longs mouvements fluides), le p\u00e9trissage, le tapotement et la friction, appliqu\u00e9s avec une pression moyenne \u00e0 ferme. Il est con\u00e7u pour stimuler la circulation sanguine et soulager les tensions musculaires. <\/li><li><strong>B\u00e9n\u00e9fice <\/strong>: Excellent pour soulager les tensions musculaires, am\u00e9liorer la circulation et r\u00e9duire le niveau de stress. Il convient \u00e0 presque tous ceux qui cherchent \u00e0 se d\u00e9tendre et \u00e0 se relaxer. <\/li><\/ul><h3><a href=\"https:\/\/setsuko.ca\/fr\/massage-setsuko-massage-montreal-quebec\/massage-shiatsu\/\">Shiatsu<\/a><\/h3><ul><li><strong>Objet <\/strong>: Forme de massage japonais visant \u00e0 r\u00e9\u00e9quilibrer le flux d&#8217;\u00e9nergie dans le corps, \u00e0 am\u00e9liorer la sant\u00e9 g\u00e9n\u00e9rale et \u00e0 traiter des affections corporelles sp\u00e9cifiques.<\/li><li><strong>Technique <\/strong>: Elle consiste \u00e0 exercer une pression avec les doigts, les pouces, les paumes, les coudes, les pieds ou les genoux sur diff\u00e9rents points du corps, ainsi qu&#8217;\u00e0 effectuer des \u00e9tirements et des manipulations articulaires. Le shiatsu repose sur les m\u00eames principes que l&#8217;acupuncture, en se concentrant sur les m\u00e9ridiens du corps. <\/li><li><strong>Bienfaits <\/strong>: aide \u00e0 rel\u00e2cher la tension, \u00e0 r\u00e9duire le stress et \u00e0 promouvoir la sant\u00e9 et le bien-\u00eatre. Souvent utilis\u00e9 pour soulager les maux de t\u00eate, les douleurs dorsales, l&#8217;insomnie et la fatigue. <\/li><\/ul><h3>Comparaison :<\/h3><ul><li><strong>Intensit\u00e9 <\/strong>de la technique : Le drainage lymphatique est beaucoup plus doux que le su\u00e9dois et le shiatsu, qui peuvent impliquer des pressions mod\u00e9r\u00e9es \u00e0 fortes et des manipulations plus vigoureuses.<\/li><li><strong>Objectif <\/strong>: Le drainage lymphatique se concentre sp\u00e9cifiquement sur le syst\u00e8me lymphatique, tandis que le massage su\u00e9dois cible les syst\u00e8mes musculaire et circulatoire et le shiatsu les voies \u00e9nerg\u00e9tiques du corps.<\/li><li><strong>R\u00e9sultats <\/strong>: Les r\u00e9sultats souhait\u00e9s sont \u00e9galement diff\u00e9rents, le drainage lymphatique favorisant principalement la d\u00e9sintoxication et la r\u00e9duction des gonflements, le massage su\u00e9dois favorisant la relaxation et la circulation, et le shiatsu se concentrant sur la circulation de l&#8217;\u00e9nergie et les affections physiques.<\/li><\/ul><p><br>Chaque type de massage est unique et choisi en fonction des besoins individuels et des objectifs de sant\u00e9. La recherche de la relaxation, de la d\u00e9sintoxication ou de l&#8217;\u00e9quilibre \u00e9nerg\u00e9tique guidera le choix de la personne parmi ces th\u00e9rapies. Vous ne savez pas quel massage vous convient le mieux ? <br><a href=\"https:\/\/setsuko.ca\/fr\/massage-setsuko-massage-montreal-quebec\/contacter-massage-setsuko-dorval-ndg-montreal\/\">Contactez-nous<\/a> d\u00e8s aujourd&#8217;hui \u00e0 l&#8217;adresse<br>pour parler \u00e0 un massoth\u00e9rapeute certifi\u00e9 afin de choisir le style de massage qui vous convient et qui r\u00e9pond \u00e0 vos besoins.  <\/p>\t\t\t\t\t\t\t\t<\/div>\n\t\t\t\t<\/div>\n\t\t\t\t\t<\/div>\n\t\t\t\t<\/div>\n\t\t<div class=\"elementor-element elementor-element-8aea72f e-grid e-con-boxed e-con e-child\" data-id=\"8aea72f\" data-element_type=\"container\" data-e-type=\"container\">\n\t\t\t\t\t<div class=\"e-con-inner\">\n\t\t\t\t<div class=\"elementor-element elementor-element-877144e elementor-widget elementor-widget-button\" data-id=\"877144e\" data-element_type=\"widget\" data-e-type=\"widget\" data-widget_type=\"button.default\">\n\t\t\t\t<div class=\"elementor-widget-container\">\n\t\t\t\t\t\t\t\t\t<div class=\"elementor-button-wrapper\">\n\t\t\t\t\t<a class=\"elementor-button elementor-button-link elementor-size-sm\" href=\"https:\/\/www.fresha.com\/en\/book-now\/massage-setsuko-sr2zt0y5\/services?lid=1316453&#038;oiid=sv%3A19244436&#038;share&#038;pId=1225562\" target=\"_blank\" rel=\"noopener\">\n\t\t\t\t\t\t<span class=\"elementor-button-content-wrapper\">\n\t\t\t\t\t\t<span class=\"elementor-button-icon\">\n\t\t\t\t<i aria-hidden=\"true\" class=\"fas fa-external-link-alt\"><\/i>\t\t\t<\/span>\n\t\t\t\t\t\t\t\t\t<span class=\"elementor-button-text\">Massage de drainage lymphatique de 60 minutes \u00e0 NDG<\/span>\n\t\t\t\t\t<\/span>\n\t\t\t\t\t<\/a>\n\t\t\t\t<\/div>\n\t\t\t\t\t\t\t\t<\/div>\n\t\t\t\t<\/div>\n\t\t\t\t<div class=\"elementor-element elementor-element-a97a314 elementor-widget elementor-widget-button\" data-id=\"a97a314\" data-element_type=\"widget\" data-e-type=\"widget\" data-widget_type=\"button.default\">\n\t\t\t\t<div class=\"elementor-widget-container\">\n\t\t\t\t\t\t\t\t\t<div class=\"elementor-button-wrapper\">\n\t\t\t\t\t<a class=\"elementor-button elementor-button-link elementor-size-sm\" href=\"https:\/\/www.fresha.com\/en\/book-now\/massage-setsuko-sr2zt0y5\/services?lid=1290979&#038;oiid=sv%3A17538700&#038;share&#038;pId=1225562\" target=\"_blank\" rel=\"noopener\">\n\t\t\t\t\t\t<span class=\"elementor-button-content-wrapper\">\n\t\t\t\t\t\t<span class=\"elementor-button-icon\">\n\t\t\t\t<i aria-hidden=\"true\" class=\"fas fa-external-link-alt\"><\/i>\t\t\t<\/span>\n\t\t\t\t\t\t\t\t\t<span class=\"elementor-button-text\">Massage de drainage lymphatique de 60 minutes \u00e0 Dorval<\/span>\n\t\t\t\t\t<\/span>\n\t\t\t\t\t<\/a>\n\t\t\t\t<\/div>\n\t\t\t\t\t\t\t\t<\/div>\n\t\t\t\t<\/div>\n\t\t\t\t<div class=\"elementor-element elementor-element-27bce01 elementor-widget elementor-widget-button\" data-id=\"27bce01\" data-element_type=\"widget\" data-e-type=\"widget\" data-widget_type=\"button.default\">\n\t\t\t\t<div class=\"elementor-widget-container\">\n\t\t\t\t\t\t\t\t\t<div class=\"elementor-button-wrapper\">\n\t\t\t\t\t<a class=\"elementor-button elementor-button-link elementor-size-sm\" href=\"https:\/\/www.fresha.com\/en\/book-now\/massage-setsuko-sr2zt0y5\/services?lid=1316453&#038;oiid=sv%3A19244437&#038;share&#038;pId=1225562\" target=\"_blank\" rel=\"noopener\">\n\t\t\t\t\t\t<span class=\"elementor-button-content-wrapper\">\n\t\t\t\t\t\t<span class=\"elementor-button-icon\">\n\t\t\t\t<i aria-hidden=\"true\" class=\"fas fa-external-link-alt\"><\/i>\t\t\t<\/span>\n\t\t\t\t\t\t\t\t\t<span class=\"elementor-button-text\">Massage de drainage lymphatique de 90 minutes \u00e0 NDG<\/span>\n\t\t\t\t\t<\/span>\n\t\t\t\t\t<\/a>\n\t\t\t\t<\/div>\n\t\t\t\t\t\t\t\t<\/div>\n\t\t\t\t<\/div>\n\t\t\t\t<div class=\"elementor-element elementor-element-01fc051 elementor-widget elementor-widget-button\" data-id=\"01fc051\" data-element_type=\"widget\" data-e-type=\"widget\" data-widget_type=\"button.default\">\n\t\t\t\t<div class=\"elementor-widget-container\">\n\t\t\t\t\t\t\t\t\t<div class=\"elementor-button-wrapper\">\n\t\t\t\t\t<a class=\"elementor-button elementor-button-link elementor-size-sm\" href=\"https:\/\/www.fresha.com\/en\/book-now\/massage-setsuko-sr2zt0y5\/services?lid=1290979&#038;oiid=sv%3A17538702&#038;share&#038;pId=1225562\" target=\"_blank\" rel=\"noopener\">\n\t\t\t\t\t\t<span class=\"elementor-button-content-wrapper\">\n\t\t\t\t\t\t<span class=\"elementor-button-icon\">\n\t\t\t\t<i aria-hidden=\"true\" class=\"fas fa-external-link-alt\"><\/i>\t\t\t<\/span>\n\t\t\t\t\t\t\t\t\t<span class=\"elementor-button-text\">Massage de drainage lymphatique de 90 minutes \u00e0 Dorval<\/span>\n\t\t\t\t\t<\/span>\n\t\t\t\t\t<\/a>\n\t\t\t\t<\/div>\n\t\t\t\t\t\t\t\t<\/div>\n\t\t\t\t<\/div>\n\t\t\t\t\t<\/div>\n\t\t\t\t<\/div>\n\t\t\t\t<\/div>\n\t\t","protected":false},"excerpt":{"rendered":"<p>Massage de drainage lymphatique Notre massage de drainage lymphatique est un traitement doux et rythm\u00e9 con\u00e7u pour stimuler le syst\u00e8me lymphatique du corps. Cette th\u00e9rapie permet d&#8217;\u00e9liminer les toxines, de r\u00e9duire les gonflements et d&#8217;am\u00e9liorer les fonctions immunitaires. En utilisant une l\u00e9g\u00e8re pression et des techniques sp\u00e9cifiques, nos th\u00e9rapeutes qualifi\u00e9s encouragent la circulation du liquide [&hellip;]<\/p>\n","protected":false},"author":1,"featured_media":6407,"parent":9588,"menu_order":0,"comment_status":"closed","ping_status":"closed","template":"","meta":{"_acf_changed":false,"footnotes":""},"class_list":["post-10511","page","type-page","status-publish","has-post-thumbnail","hentry"],"acf":[],"_links":{"self":[{"href":"https:\/\/setsuko.ca\/fr\/wp-json\/wp\/v2\/pages\/10511","targetHints":{"allow":["GET"]}}],"collection":[{"href":"https:\/\/setsuko.ca\/fr\/wp-json\/wp\/v2\/pages"}],"about":[{"href":"https:\/\/setsuko.ca\/fr\/wp-json\/wp\/v2\/types\/page"}],"author":[{"embeddable":true,"href":"https:\/\/setsuko.ca\/fr\/wp-json\/wp\/v2\/users\/1"}],"replies":[{"embeddable":true,"href":"https:\/\/setsuko.ca\/fr\/wp-json\/wp\/v2\/comments?post=10511"}],"version-history":[{"count":4,"href":"https:\/\/setsuko.ca\/fr\/wp-json\/wp\/v2\/pages\/10511\/revisions"}],"predecessor-version":[{"id":14994,"href":"https:\/\/setsuko.ca\/fr\/wp-json\/wp\/v2\/pages\/10511\/revisions\/14994"}],"up":[{"embeddable":true,"href":"https:\/\/setsuko.ca\/fr\/wp-json\/wp\/v2\/pages\/9588"}],"wp:featuredmedia":[{"embeddable":true,"href":"https:\/\/setsuko.ca\/fr\/wp-json\/wp\/v2\/media\/6407"}],"wp:attachment":[{"href":"https:\/\/setsuko.ca\/fr\/wp-json\/wp\/v2\/media?parent=10511"}],"curies":[{"name":"wp","href":"https:\/\/api.w.org\/{rel}","templated":true}]}}