{"id":10513,"date":"2024-12-15T16:41:21","date_gmt":"2024-12-15T21:41:21","guid":{"rendered":"https:\/\/ecolesetsuko.ca\/massage-setsuko-massage-montreal-quebec\/massage-prenatal\/"},"modified":"2025-01-13T14:23:48","modified_gmt":"2025-01-13T19:23:48","slug":"massage-prenatal","status":"publish","type":"page","link":"https:\/\/setsuko.ca\/fr\/massage-setsuko-massage-montreal-quebec\/massage-prenatal\/","title":{"rendered":"Massage pr\u00e9natal"},"content":{"rendered":"\t\t<div data-elementor-type=\"wp-page\" data-elementor-id=\"10513\" class=\"elementor elementor-10513 elementor-10097\" data-elementor-post-type=\"page\">\n\t\t\t\t<div class=\"elementor-element elementor-element-2dc09fdf e-con-full e-flex e-con e-parent\" data-id=\"2dc09fdf\" data-element_type=\"container\" data-e-type=\"container\" data-settings=\"{&quot;background_background&quot;:&quot;classic&quot;,&quot;sticky&quot;:&quot;top&quot;,&quot;sticky_on&quot;:[&quot;desktop&quot;],&quot;sticky_offset&quot;:0,&quot;sticky_effects_offset&quot;:0,&quot;sticky_anchor_link_offset&quot;:0}\">\n\t\t\t\t<\/div>\n\t\t<div class=\"elementor-element elementor-element-3e90ba85 e-flex e-con-boxed e-con e-parent\" data-id=\"3e90ba85\" data-element_type=\"container\" data-e-type=\"container\" data-settings=\"{&quot;background_background&quot;:&quot;gradient&quot;}\">\n\t\t\t\t\t<div class=\"e-con-inner\">\n\t\t\t\t<div class=\"elementor-element elementor-element-1c1d8dbf elementor-widget elementor-widget-text-editor\" data-id=\"1c1d8dbf\" data-element_type=\"widget\" data-e-type=\"widget\" data-widget_type=\"text-editor.default\">\n\t\t\t\t<div class=\"elementor-widget-container\">\n\t\t\t\t\t\t\t\t\t<h1>Massage pr\u00e9natal<\/h1>\n<p>Notre massage pr\u00e9natal offre un soutien attentif aux futures mamans, en aidant \u00e0 soulager les malaises courants tels que les douleurs dorsales, les gonflements et la fatigue. Gr\u00e2ce \u00e0 des techniques douces et adapt\u00e9es, nous visons \u00e0 r\u00e9duire le stress, \u00e0 am\u00e9liorer la circulation et \u00e0 promouvoir le bien-\u00eatre g\u00e9n\u00e9ral de la m\u00e8re et du b\u00e9b\u00e9. S\u00fbr et relaxant, ce massage est con\u00e7u pour apporter du confort tout au long de la grossesse.<\/p>\n\t\t\t\t\t\t\t\t<\/div>\n\t\t\t\t<\/div>\n\t\t<div class=\"elementor-element elementor-element-30d97803 e-grid e-con-full e-con e-child\" data-id=\"30d97803\" data-element_type=\"container\" data-e-type=\"container\">\n\t\t\t\t<div class=\"elementor-element elementor-element-2a93f33d elementor-widget elementor-widget-button\" data-id=\"2a93f33d\" data-element_type=\"widget\" data-e-type=\"widget\" data-widget_type=\"button.default\">\n\t\t\t\t<div class=\"elementor-widget-container\">\n\t\t\t\t\t\t\t\t\t<div class=\"elementor-button-wrapper\">\n\t\t\t\t\t<a class=\"elementor-button elementor-button-link elementor-size-sm\" href=\"https:\/\/www.fresha.com\/fr\/book-now\/massage-setsuko-sr2zt0y5\/services?lid=1316453&#038;oiid=sv%3A19405808&#038;share&#038;pId=1225562\" target=\"_blank\" rel=\"noopener\">\n\t\t\t\t\t\t<span class=\"elementor-button-content-wrapper\">\n\t\t\t\t\t\t<span class=\"elementor-button-icon\">\n\t\t\t\t<i aria-hidden=\"true\" class=\"fas fa-external-link-alt\"><\/i>\t\t\t<\/span>\n\t\t\t\t\t\t\t\t\t<span class=\"elementor-button-text\">60 min de massage pr\u00e9natal \u00e0 NDG<\/span>\n\t\t\t\t\t<\/span>\n\t\t\t\t\t<\/a>\n\t\t\t\t<\/div>\n\t\t\t\t\t\t\t\t<\/div>\n\t\t\t\t<\/div>\n\t\t\t\t<div class=\"elementor-element elementor-element-58a6fe4c elementor-widget elementor-widget-button\" data-id=\"58a6fe4c\" data-element_type=\"widget\" data-e-type=\"widget\" data-widget_type=\"button.default\">\n\t\t\t\t<div class=\"elementor-widget-container\">\n\t\t\t\t\t\t\t\t\t<div class=\"elementor-button-wrapper\">\n\t\t\t\t\t<a class=\"elementor-button elementor-button-link elementor-size-sm\" href=\"https:\/\/www.fresha.com\/fr\/book-now\/massage-setsuko-sr2zt0y5\/services?lid=1290979&#038;oiid=sv%3A19405808&#038;share&#038;pId=1225562\" target=\"_blank\" rel=\"noopener\">\n\t\t\t\t\t\t<span class=\"elementor-button-content-wrapper\">\n\t\t\t\t\t\t<span class=\"elementor-button-icon\">\n\t\t\t\t<i aria-hidden=\"true\" class=\"fas fa-external-link-alt\"><\/i>\t\t\t<\/span>\n\t\t\t\t\t\t\t\t\t<span class=\"elementor-button-text\">60 min de massage pr\u00e9natal \u00e0 Dorval<\/span>\n\t\t\t\t\t<\/span>\n\t\t\t\t\t<\/a>\n\t\t\t\t<\/div>\n\t\t\t\t\t\t\t\t<\/div>\n\t\t\t\t<\/div>\n\t\t\t\t<div class=\"elementor-element elementor-element-1ac517c9 elementor-widget elementor-widget-button\" data-id=\"1ac517c9\" data-element_type=\"widget\" data-e-type=\"widget\" data-widget_type=\"button.default\">\n\t\t\t\t<div class=\"elementor-widget-container\">\n\t\t\t\t\t\t\t\t\t<div class=\"elementor-button-wrapper\">\n\t\t\t\t\t<a class=\"elementor-button elementor-button-link elementor-size-sm\" href=\"https:\/\/www.fresha.com\/fr\/book-now\/massage-setsuko-sr2zt0y5\/services?lid=1316453&#038;oiid=sv%3A19405809&#038;share&#038;pId=1225562\" target=\"_blank\" rel=\"noopener\">\n\t\t\t\t\t\t<span class=\"elementor-button-content-wrapper\">\n\t\t\t\t\t\t<span class=\"elementor-button-icon\">\n\t\t\t\t<i aria-hidden=\"true\" class=\"fas fa-external-link-alt\"><\/i>\t\t\t<\/span>\n\t\t\t\t\t\t\t\t\t<span class=\"elementor-button-text\">90 min de massage pr\u00e9natal \u00e0 NDG<\/span>\n\t\t\t\t\t<\/span>\n\t\t\t\t\t<\/a>\n\t\t\t\t<\/div>\n\t\t\t\t\t\t\t\t<\/div>\n\t\t\t\t<\/div>\n\t\t\t\t<div class=\"elementor-element elementor-element-452f6705 elementor-widget elementor-widget-button\" data-id=\"452f6705\" data-element_type=\"widget\" data-e-type=\"widget\" data-widget_type=\"button.default\">\n\t\t\t\t<div class=\"elementor-widget-container\">\n\t\t\t\t\t\t\t\t\t<div class=\"elementor-button-wrapper\">\n\t\t\t\t\t<a class=\"elementor-button elementor-button-link elementor-size-sm\" href=\"https:\/\/www.fresha.com\/fr\/book-now\/massage-setsuko-sr2zt0y5\/services?lid=1290979&#038;oiid=sv%3A19405809&#038;share&#038;pId=1225562\" target=\"_blank\" rel=\"noopener\">\n\t\t\t\t\t\t<span class=\"elementor-button-content-wrapper\">\n\t\t\t\t\t\t<span class=\"elementor-button-icon\">\n\t\t\t\t<i aria-hidden=\"true\" class=\"fas fa-external-link-alt\"><\/i>\t\t\t<\/span>\n\t\t\t\t\t\t\t\t\t<span class=\"elementor-button-text\">90 min de massage pr\u00e9natal \u00e0 Dorval<\/span>\n\t\t\t\t\t<\/span>\n\t\t\t\t\t<\/a>\n\t\t\t\t<\/div>\n\t\t\t\t\t\t\t\t<\/div>\n\t\t\t\t<\/div>\n\t\t\t\t<\/div>\n\t\t\t\t<div class=\"elementor-element elementor-element-4f08a76a elementor-widget elementor-widget-image\" data-id=\"4f08a76a\" data-element_type=\"widget\" data-e-type=\"widget\" data-widget_type=\"image.default\">\n\t\t\t\t<div class=\"elementor-widget-container\">\n\t\t\t\t\t\t\t\t\t\t\t\t\t\t\t<img fetchpriority=\"high\" decoding=\"async\" width=\"500\" height=\"500\" src=\"https:\/\/setsuko.b-cdn.net\/wp-content\/uploads\/2023\/05\/Prenatal.jpg\" class=\"attachment-full size-full wp-image-6739\" alt=\"Massage pr\u00e9natal\" srcset=\"https:\/\/setsuko.b-cdn.net\/wp-content\/uploads\/2023\/05\/Prenatal.jpg 500w, https:\/\/setsuko.b-cdn.net\/wp-content\/uploads\/2023\/05\/Prenatal-300x300.jpg 300w, https:\/\/setsuko.b-cdn.net\/wp-content\/uploads\/2023\/05\/Prenatal-150x150.jpg 150w, https:\/\/setsuko.b-cdn.net\/wp-content\/uploads\/2023\/05\/Prenatal-100x100.jpg 100w\" sizes=\"(max-width: 500px) 100vw, 500px\" title=\"\">\t\t\t\t\t\t\t\t\t\t\t\t\t\t\t<\/div>\n\t\t\t\t<\/div>\n\t\t\t\t<div class=\"elementor-element elementor-element-54574766 elementor-widget elementor-widget-text-editor\" data-id=\"54574766\" data-element_type=\"widget\" data-e-type=\"widget\" data-widget_type=\"text-editor.default\">\n\t\t\t\t<div class=\"elementor-widget-container\">\n\t\t\t\t\t\t\t\t\t<h2>Qu&#8217;est-ce que le massage pr\u00e9natal ? <\/h2>\n<p>Le massage pr\u00e9natal est une approche th\u00e9rapeutique sp\u00e9cialement con\u00e7ue pour les femmes enceintes afin d&#8217;aider \u00e0 soulager les malaises li\u00e9s \u00e0 la grossesse. Ce type de massage vise \u00e0 r\u00e9pondre aux besoins particuliers des femmes enceintes, comme la r\u00e9duction du stress, l&#8217;am\u00e9lioration de la circulation et le soulagement des maux de dos, des douleurs cervicales et des tensions musculaires. Le massage pr\u00e9natal est adapt\u00e9 \u00e0 la s\u00e9curit\u00e9 et au confort de la m\u00e8re et du f\u0153tus, en utilisant des techniques douces et un positionnement sp\u00e9cial pour assurer leur protection.<\/p>\n<h2>Comment le massage pr\u00e9natal se compare-t-il \u00e0 d&#8217;autres techniques ? <\/h2>\n<h3><a href=\"https:\/\/setsuko.ca\/fr\/massage-setsuko-massage-montreal-quebec\/massage-suedois\/\">Massage su\u00e9dois<\/a><\/h3>\n<ul>\n<li><strong>Objectif<\/strong> : Il vise la relaxation g\u00e9n\u00e9rale et l&#8217;am\u00e9lioration de la circulation en utilisant des mouvements doux.<\/li>\n<li><strong>Technique<\/strong> : Il incorpore une pression l\u00e9g\u00e8re \u00e0 moyenne avec de longs mouvements fluides, des p\u00e9trissages et des mouvements circulaires.<\/li>\n<li><strong>Bienfaits<\/strong> : Il aide \u00e0 d\u00e9tendre tout le corps et est particuli\u00e8rement b\u00e9n\u00e9fique pour am\u00e9liorer la circulation sanguine et soulager la tension musculaire.<\/li>\n<li><strong>Consid\u00e9rations<\/strong> : Bien que douces, les techniques de massage su\u00e9dois ne conviennent pas toutes aux femmes enceintes, surtout aux derniers stades de la grossesse.<\/li>\n<\/ul>\n<h3><a href=\"https:\/\/setsuko.ca\/fr\/massage-setsuko-massage-montreal-quebec\/massage-des-tissus-profonds\/\">Massage des tissus profonds<\/a><\/h3>\n<ul>\n<li><strong>Objectif<\/strong> : Se concentre sur les couches plus profondes des muscles et des tissus conjonctifs afin de traiter les tensions et les n\u0153uds importants.<\/li>\n<li><strong>Technique<\/strong> : Utilise des mouvements lents et vigoureux pour cibler les couches profondes du muscle et du fascia.<\/li>\n<li><strong>Avantages<\/strong> : Efficace pour les douleurs musculaires chroniques et l&#8217;am\u00e9lioration de l&#8217;amplitude des mouvements.<\/li>\n<li><strong>Consid\u00e9rations<\/strong> : G\u00e9n\u00e9ralement d\u00e9conseill\u00e9 aux femmes enceintes en raison de l&#8217;intensit\u00e9 et de la pression, qui peuvent \u00eatre inconfortables et potentiellement risqu\u00e9es.<\/li>\n<\/ul>\n<h3><a href=\"https:\/\/setsuko.ca\/fr\/massage-setsuko-massage-montreal-quebec\/massage-shiatsu\/\">Massage Shiatsu<\/a><\/h3>\n<ul>\n<li><strong>Objectif<\/strong> : Vise \u00e0 \u00e9quilibrer les voies \u00e9nerg\u00e9tiques du corps afin d&#8217;am\u00e9liorer la sant\u00e9 et le bien-\u00eatre \u00e9motionnel.<\/li>\n<li><strong>Technique<\/strong> : Applique une pression le long des m\u00e9ridiens \u00e9nerg\u00e9tiques \u00e0 l&#8217;aide des pouces, des mains et des coudes.<\/li>\n<li><strong>Avantages<\/strong> : Am\u00e9liore le flux \u00e9nerg\u00e9tique et r\u00e9duit le stress sans qu&#8217;il soit n\u00e9cessaire d&#8217;exercer une pression profonde.<\/li>\n<li><strong>Consid\u00e9rations<\/strong> : Peut \u00eatre adapt\u00e9 aux femmes enceintes, mais n\u00e9cessite un praticien qualifi\u00e9 en soins pr\u00e9nataux pour assurer la s\u00e9curit\u00e9.<\/li>\n<\/ul>\n<h3>Comparaison du massage pr\u00e9natal<\/h3>\n<ul>\n<li><strong>Objectif<\/strong> : Sp\u00e9cifiquement adapt\u00e9 aux besoins des femmes enceintes, il se concentre sur le soulagement de l&#8217;inconfort sp\u00e9cifique \u00e0 la grossesse et l&#8217;am\u00e9lioration du bien-\u00eatre maternel.<\/li>\n<li><strong>Technique<\/strong> : Elle utilise des mouvements doux et un positionnement personnalis\u00e9 pour assurer la s\u00e9curit\u00e9 et le confort de la m\u00e8re et du b\u00e9b\u00e9. Des coussins sp\u00e9ciaux ou des positions couch\u00e9es sur le c\u00f4t\u00e9 sont souvent utilis\u00e9s pour \u00e9viter la pression sur l&#8217;abdomen.<\/li>\n<li><strong>Avantages<\/strong> : R\u00e9duit les d\u00e9sagr\u00e9ments li\u00e9s \u00e0 la grossesse tels que les maux de dos, les raideurs de la nuque, les crampes dans les jambes, les maux de t\u00eate et les \u0153d\u00e8mes. Am\u00e9liore \u00e9galement l&#8217;humeur et r\u00e9duit le stress. <\/li>\n<li><strong>Consid\u00e9rations<\/strong> : Le massage doit \u00eatre effectu\u00e9 par une th\u00e9rapeute form\u00e9e au massage pr\u00e9natal afin de garantir la s\u00e9curit\u00e9. Certaines zones et techniques de massage sont \u00e0 \u00e9viter pendant la grossesse.<\/li>\n<\/ul>\n<p>Vous n&#8217;\u00eates pas s\u00fbre que le massage vous convienne ? <a href=\"https:\/\/setsuko.ca\/fr\/massage-setsuko-massage-montreal-quebec\/contacter-massage-setsuko-dorval-ndg-montreal\/\">Contactez-nous<\/a> pour parler \u00e0 un massoth\u00e9rapeute certifi\u00e9 d\u00e8s aujourd&#8217;hui afin de choisir le style de massage qui vous convient et qui r\u00e9pond \u00e0 vos besoins.<\/p>\n<p>Les massoth\u00e9rapies pr\u00e9natales doivent \u00eatre effectu\u00e9es par un massoth\u00e9rapeute form\u00e9 pour assurer la s\u00e9curit\u00e9.<\/p>\n\t\t\t\t\t\t\t\t<\/div>\n\t\t\t\t<\/div>\n\t\t\t\t\t<\/div>\n\t\t\t\t<\/div>\n\t\t<div class=\"elementor-element elementor-element-251380d e-grid e-con-full e-con e-child\" data-id=\"251380d\" data-element_type=\"container\" data-e-type=\"container\">\n\t\t\t\t<div class=\"elementor-element elementor-element-c2c2b01 elementor-widget elementor-widget-button\" data-id=\"c2c2b01\" data-element_type=\"widget\" data-e-type=\"widget\" data-widget_type=\"button.default\">\n\t\t\t\t<div class=\"elementor-widget-container\">\n\t\t\t\t\t\t\t\t\t<div class=\"elementor-button-wrapper\">\n\t\t\t\t\t<a class=\"elementor-button elementor-button-link elementor-size-sm\" href=\"https:\/\/www.fresha.com\/fr\/book-now\/massage-setsuko-sr2zt0y5\/services?lid=1316453&#038;oiid=sv%3A19405808&#038;share&#038;pId=1225562\" target=\"_blank\" rel=\"noopener\">\n\t\t\t\t\t\t<span class=\"elementor-button-content-wrapper\">\n\t\t\t\t\t\t<span class=\"elementor-button-icon\">\n\t\t\t\t<i aria-hidden=\"true\" class=\"fas fa-external-link-alt\"><\/i>\t\t\t<\/span>\n\t\t\t\t\t\t\t\t\t<span class=\"elementor-button-text\">60 min de massage pr\u00e9natal \u00e0 NDG<\/span>\n\t\t\t\t\t<\/span>\n\t\t\t\t\t<\/a>\n\t\t\t\t<\/div>\n\t\t\t\t\t\t\t\t<\/div>\n\t\t\t\t<\/div>\n\t\t\t\t<div class=\"elementor-element elementor-element-939edce elementor-widget elementor-widget-button\" data-id=\"939edce\" data-element_type=\"widget\" data-e-type=\"widget\" data-widget_type=\"button.default\">\n\t\t\t\t<div class=\"elementor-widget-container\">\n\t\t\t\t\t\t\t\t\t<div class=\"elementor-button-wrapper\">\n\t\t\t\t\t<a class=\"elementor-button elementor-button-link elementor-size-sm\" href=\"https:\/\/www.fresha.com\/fr\/book-now\/massage-setsuko-sr2zt0y5\/services?lid=1290979&#038;oiid=sv%3A19405808&#038;share&#038;pId=1225562\" target=\"_blank\" rel=\"noopener\">\n\t\t\t\t\t\t<span class=\"elementor-button-content-wrapper\">\n\t\t\t\t\t\t<span class=\"elementor-button-icon\">\n\t\t\t\t<i aria-hidden=\"true\" class=\"fas fa-external-link-alt\"><\/i>\t\t\t<\/span>\n\t\t\t\t\t\t\t\t\t<span class=\"elementor-button-text\">60 min de massage pr\u00e9natal \u00e0 Dorval<\/span>\n\t\t\t\t\t<\/span>\n\t\t\t\t\t<\/a>\n\t\t\t\t<\/div>\n\t\t\t\t\t\t\t\t<\/div>\n\t\t\t\t<\/div>\n\t\t\t\t<div class=\"elementor-element elementor-element-f6714b4 elementor-widget elementor-widget-button\" data-id=\"f6714b4\" data-element_type=\"widget\" data-e-type=\"widget\" data-widget_type=\"button.default\">\n\t\t\t\t<div class=\"elementor-widget-container\">\n\t\t\t\t\t\t\t\t\t<div class=\"elementor-button-wrapper\">\n\t\t\t\t\t<a class=\"elementor-button elementor-button-link elementor-size-sm\" href=\"https:\/\/www.fresha.com\/fr\/book-now\/massage-setsuko-sr2zt0y5\/services?lid=1316453&#038;oiid=sv%3A19405809&#038;share&#038;pId=1225562\" target=\"_blank\" rel=\"noopener\">\n\t\t\t\t\t\t<span class=\"elementor-button-content-wrapper\">\n\t\t\t\t\t\t<span class=\"elementor-button-icon\">\n\t\t\t\t<i aria-hidden=\"true\" class=\"fas fa-external-link-alt\"><\/i>\t\t\t<\/span>\n\t\t\t\t\t\t\t\t\t<span class=\"elementor-button-text\">90 min de massage pr\u00e9natal \u00e0 NDG<\/span>\n\t\t\t\t\t<\/span>\n\t\t\t\t\t<\/a>\n\t\t\t\t<\/div>\n\t\t\t\t\t\t\t\t<\/div>\n\t\t\t\t<\/div>\n\t\t\t\t<div class=\"elementor-element elementor-element-96af07e elementor-widget elementor-widget-button\" data-id=\"96af07e\" data-element_type=\"widget\" data-e-type=\"widget\" data-widget_type=\"button.default\">\n\t\t\t\t<div class=\"elementor-widget-container\">\n\t\t\t\t\t\t\t\t\t<div class=\"elementor-button-wrapper\">\n\t\t\t\t\t<a class=\"elementor-button elementor-button-link elementor-size-sm\" href=\"https:\/\/www.fresha.com\/fr\/book-now\/massage-setsuko-sr2zt0y5\/services?lid=1290979&#038;oiid=sv%3A19405809&#038;share&#038;pId=1225562\" target=\"_blank\" rel=\"noopener\">\n\t\t\t\t\t\t<span class=\"elementor-button-content-wrapper\">\n\t\t\t\t\t\t<span class=\"elementor-button-icon\">\n\t\t\t\t<i aria-hidden=\"true\" class=\"fas fa-external-link-alt\"><\/i>\t\t\t<\/span>\n\t\t\t\t\t\t\t\t\t<span class=\"elementor-button-text\">90 min de massage pr\u00e9natal \u00e0 Dorval<\/span>\n\t\t\t\t\t<\/span>\n\t\t\t\t\t<\/a>\n\t\t\t\t<\/div>\n\t\t\t\t\t\t\t\t<\/div>\n\t\t\t\t<\/div>\n\t\t\t\t<\/div>\n\t\t\t\t<\/div>\n\t\t","protected":false},"excerpt":{"rendered":"<p>Massage pr\u00e9natal Notre massage pr\u00e9natal offre un soutien attentif aux futures mamans, en aidant \u00e0 soulager les malaises courants tels que les douleurs dorsales, les gonflements et la fatigue. Gr\u00e2ce \u00e0 des techniques douces et adapt\u00e9es, nous visons \u00e0 r\u00e9duire le stress, \u00e0 am\u00e9liorer la circulation et \u00e0 promouvoir le bien-\u00eatre g\u00e9n\u00e9ral de la m\u00e8re [&hellip;]<\/p>\n","protected":false},"author":1,"featured_media":1399,"parent":9588,"menu_order":0,"comment_status":"closed","ping_status":"closed","template":"","meta":{"_acf_changed":false,"footnotes":""},"class_list":["post-10513","page","type-page","status-publish","has-post-thumbnail","hentry"],"acf":[],"_links":{"self":[{"href":"https:\/\/setsuko.ca\/fr\/wp-json\/wp\/v2\/pages\/10513","targetHints":{"allow":["GET"]}}],"collection":[{"href":"https:\/\/setsuko.ca\/fr\/wp-json\/wp\/v2\/pages"}],"about":[{"href":"https:\/\/setsuko.ca\/fr\/wp-json\/wp\/v2\/types\/page"}],"author":[{"embeddable":true,"href":"https:\/\/setsuko.ca\/fr\/wp-json\/wp\/v2\/users\/1"}],"replies":[{"embeddable":true,"href":"https:\/\/setsuko.ca\/fr\/wp-json\/wp\/v2\/comments?post=10513"}],"version-history":[{"count":1,"href":"https:\/\/setsuko.ca\/fr\/wp-json\/wp\/v2\/pages\/10513\/revisions"}],"predecessor-version":[{"id":10514,"href":"https:\/\/setsuko.ca\/fr\/wp-json\/wp\/v2\/pages\/10513\/revisions\/10514"}],"up":[{"embeddable":true,"href":"https:\/\/setsuko.ca\/fr\/wp-json\/wp\/v2\/pages\/9588"}],"wp:featuredmedia":[{"embeddable":true,"href":"https:\/\/setsuko.ca\/fr\/wp-json\/wp\/v2\/media\/1399"}],"wp:attachment":[{"href":"https:\/\/setsuko.ca\/fr\/wp-json\/wp\/v2\/media?parent=10513"}],"curies":[{"name":"wp","href":"https:\/\/api.w.org\/{rel}","templated":true}]}}