{"id":10515,"date":"2024-12-15T15:55:14","date_gmt":"2024-12-15T20:55:14","guid":{"rendered":"https:\/\/ecolesetsuko.ca\/massage-setsuko-massage-montreal-quebec\/massage-reflexologique-des-pieds\/"},"modified":"2026-02-10T14:44:34","modified_gmt":"2026-02-10T19:44:34","slug":"massage-reflexologique-des-pieds","status":"publish","type":"page","link":"https:\/\/setsuko.ca\/fr\/massage-setsuko-massage-montreal-quebec\/massage-reflexologique-des-pieds\/","title":{"rendered":"Massage de r\u00e9flexologie des pieds"},"content":{"rendered":"\t\t<div data-elementor-type=\"wp-page\" data-elementor-id=\"10515\" class=\"elementor elementor-10515 elementor-10060\" data-elementor-post-type=\"page\">\n\t\t\t\t<div class=\"elementor-element elementor-element-3c040e82 e-con-full e-flex e-con e-parent\" data-id=\"3c040e82\" data-element_type=\"container\" data-e-type=\"container\" data-settings=\"{&quot;background_background&quot;:&quot;classic&quot;,&quot;sticky&quot;:&quot;top&quot;,&quot;sticky_on&quot;:[&quot;desktop&quot;],&quot;sticky_offset&quot;:0,&quot;sticky_effects_offset&quot;:0,&quot;sticky_anchor_link_offset&quot;:0}\">\n\t\t\t\t<\/div>\n\t\t<div class=\"elementor-element elementor-element-35fc7409 e-flex e-con-boxed e-con e-parent\" data-id=\"35fc7409\" data-element_type=\"container\" data-e-type=\"container\" data-settings=\"{&quot;background_background&quot;:&quot;gradient&quot;}\">\n\t\t\t\t\t<div class=\"e-con-inner\">\n\t\t\t\t<div class=\"elementor-element elementor-element-4e00c1ff elementor-widget elementor-widget-text-editor\" data-id=\"4e00c1ff\" data-element_type=\"widget\" data-e-type=\"widget\" data-widget_type=\"text-editor.default\">\n\t\t\t\t<div class=\"elementor-widget-container\">\n\t\t\t\t\t\t\t\t\t<h1>Massage de r\u00e9flexologie des pieds, des mains et des oreilles<\/h1><p>D\u00e9couvrez le pouvoir de gu\u00e9rison de la r\u00e9flexologie, une pratique ancienne qui cible des points sp\u00e9cifiques sur les pieds, les mains et les oreilles pour favoriser le bien-\u00eatre g\u00e9n\u00e9ral. En appliquant une pression sur ces points r\u00e9flexes, nos th\u00e9rapeutes qualifi\u00e9s peuvent aider \u00e0 soulager le stress, \u00e0 am\u00e9liorer la circulation et \u00e0 \u00e9quilibrer l&#8217;\u00e9nergie naturelle de votre corps. Ce traitement non invasif est parfait pour ceux qui recherchent une approche holistique du bien-\u00eatre, en traitant divers probl\u00e8mes de sant\u00e9 \u00e0 travers les zones r\u00e9flexes du corps. D\u00e9couvrez une relaxation profonde et une r\u00e9g\u00e9n\u00e9ration avec la r\u00e9flexologie chez Massage Setsuko<\/p>\t\t\t\t\t\t\t\t<\/div>\n\t\t\t\t<\/div>\n\t\t<div class=\"elementor-element elementor-element-63048246 e-grid e-con-full e-con e-child\" data-id=\"63048246\" data-element_type=\"container\" data-e-type=\"container\">\n\t\t\t\t<div class=\"elementor-element elementor-element-2e6a0a4f elementor-widget elementor-widget-button\" data-id=\"2e6a0a4f\" data-element_type=\"widget\" data-e-type=\"widget\" data-widget_type=\"button.default\">\n\t\t\t\t<div class=\"elementor-widget-container\">\n\t\t\t\t\t\t\t\t\t<div class=\"elementor-button-wrapper\">\n\t\t\t\t\t<a class=\"elementor-button elementor-button-link elementor-size-sm\" href=\"https:\/\/www.fresha.com\/en\/book-now\/massage-setsuko-sr2zt0y5\/services?lid=1290979&#038;oiid=sv%3A17538712&#038;share&#038;pId=1225562\" target=\"_blank\" rel=\"noopener\">\n\t\t\t\t\t\t<span class=\"elementor-button-content-wrapper\">\n\t\t\t\t\t\t<span class=\"elementor-button-icon\">\n\t\t\t\t<i aria-hidden=\"true\" class=\"fas fa-external-link-alt\"><\/i>\t\t\t<\/span>\n\t\t\t\t\t\t\t\t\t<span class=\"elementor-button-text\">Massage de r\u00e9flexologie de 60 minutes \u00e0 Dorval<\/span>\n\t\t\t\t\t<\/span>\n\t\t\t\t\t<\/a>\n\t\t\t\t<\/div>\n\t\t\t\t\t\t\t\t<\/div>\n\t\t\t\t<\/div>\n\t\t\t\t<div class=\"elementor-element elementor-element-261615cd elementor-widget elementor-widget-button\" data-id=\"261615cd\" data-element_type=\"widget\" data-e-type=\"widget\" data-widget_type=\"button.default\">\n\t\t\t\t<div class=\"elementor-widget-container\">\n\t\t\t\t\t\t\t\t\t<div class=\"elementor-button-wrapper\">\n\t\t\t\t\t<a class=\"elementor-button elementor-button-link elementor-size-sm\" href=\"https:\/\/www.fresha.com\/en\/book-now\/massage-setsuko-sr2zt0y5\/services?lid=1290979&#038;oiid=sv%3A17538714&#038;share&#038;pId=1225562\" target=\"_blank\" rel=\"noopener\">\n\t\t\t\t\t\t<span class=\"elementor-button-content-wrapper\">\n\t\t\t\t\t\t<span class=\"elementor-button-icon\">\n\t\t\t\t<i aria-hidden=\"true\" class=\"fas fa-external-link-alt\"><\/i>\t\t\t<\/span>\n\t\t\t\t\t\t\t\t\t<span class=\"elementor-button-text\">Massage de r\u00e9flexologie de 90 minutes \u00e0 Dorval<\/span>\n\t\t\t\t\t<\/span>\n\t\t\t\t\t<\/a>\n\t\t\t\t<\/div>\n\t\t\t\t\t\t\t\t<\/div>\n\t\t\t\t<\/div>\n\t\t\t\t<\/div>\n\t\t\t\t<div class=\"elementor-element elementor-element-32a98dab elementor-widget elementor-widget-image\" data-id=\"32a98dab\" data-element_type=\"widget\" data-e-type=\"widget\" data-widget_type=\"image.default\">\n\t\t\t\t<div class=\"elementor-widget-container\">\n\t\t\t\t\t\t\t\t\t\t\t\t\t\t\t<img fetchpriority=\"high\" decoding=\"async\" width=\"800\" height=\"800\" src=\"https:\/\/setsuko.b-cdn.net\/wp-content\/uploads\/2023\/05\/Reflexology.webp\" class=\"attachment-full size-full wp-image-6413\" alt=\"R\u00e9flexologie\" title=\"\">\t\t\t\t\t\t\t\t\t\t\t\t\t\t\t<\/div>\n\t\t\t\t<\/div>\n\t\t\t\t<div class=\"elementor-element elementor-element-4a0ec4ef elementor-widget elementor-widget-text-editor\" data-id=\"4a0ec4ef\" data-element_type=\"widget\" data-e-type=\"widget\" data-widget_type=\"text-editor.default\">\n\t\t\t\t<div class=\"elementor-widget-container\">\n\t\t\t\t\t\t\t\t\t<h2>Qu&#8217;est-ce que le massage de r\u00e9flexologie ?<\/h2><p>La r\u00e9flexologie est une technique de pression cibl\u00e9e principalement appliqu\u00e9e aux pieds, aux mains et aux oreilles. Elle part du principe que ces zones refl\u00e8tent la carte compl\u00e8te des organes et des syst\u00e8mes du corps. Le massage de r\u00e9flexologie des pieds, des mains et des oreilles vise \u00e0 stimuler des points sp\u00e9cifiques pour favoriser les bienfaits pour la sant\u00e9 des parties correspondantes du corps.  <\/p><h2>Comment le massage de r\u00e9flexologie se compare-t-il aux autres techniques ?<\/h2><h3><a href=\"https:\/\/setsuko.ca\/fr\/massage-setsuko-massage-montreal-quebec\/massage-suedois\/\">Massage su\u00e9dois<\/a><\/h3><ul><li><strong>Objectif<\/strong>&nbsp;: procure une relaxation g\u00e9n\u00e9rale et une circulation accrue gr\u00e2ce \u00e0 divers mouvements de massage.<\/li><li><strong>Technique<\/strong>&nbsp;: implique des mouvements doux, longs, de p\u00e9trissage et courts, de tapotement rythmique sur les couches sup\u00e9rieures des muscles.<\/li><li><strong>Avantages<\/strong>&nbsp;: soulage la tension musculaire, am\u00e9liore la relaxation et am\u00e9liore la sant\u00e9 circulatoire globale.<\/li><li><strong>Consid\u00e9rations<\/strong>&nbsp;: il implique un massage complet du corps, g\u00e9n\u00e9ralement avec des huiles, qui pourrait ne pas se concentrer sp\u00e9cifiquement sur les probl\u00e8mes de sant\u00e9 ou le soulagement cibl\u00e9.<\/li><\/ul><h3><a href=\"https:\/\/setsuko.ca\/fr\/massage-setsuko-massage-montreal-quebec\/massage-des-tissus-profonds\/\">Massage des tissus profonds<\/a><\/h3><ul><li><strong>Objectif<\/strong>&nbsp;: vise \u00e0 att\u00e9nuer les tensions s\u00e9v\u00e8res dans les muscles et les tissus conjonctifs ou le fascia.<\/li><li><strong>Technique<\/strong>&nbsp;: utilise des mouvements lents et d\u00e9lib\u00e9r\u00e9s qui concentrent la pression sur les couches musculaires plus profondes.<\/li><li><strong>Avantages<\/strong>&nbsp;: r\u00e9duit la douleur chronique, am\u00e9liore les muscles raides et est b\u00e9n\u00e9fique pour la r\u00e9cup\u00e9ration apr\u00e8s des blessures.<\/li><li><strong>Consid\u00e9rations<\/strong>&nbsp;: peut \u00eatre assez intense et peut entra\u00eener des douleurs apr\u00e8s la s\u00e9ance de massage.<\/li><\/ul><h3>Comparaison du massage de r\u00e9flexologie<\/h3><ul><li><strong>Objectif<\/strong>&nbsp;: sp\u00e9cialement con\u00e7u pour am\u00e9liorer le fonctionnement interne du corps et la circulation de l&#8217;\u00e9nergie.<\/li><li><strong>Technique<\/strong>&nbsp;: utilise des techniques du pouce, des doigts et de la main pour appliquer une pression sur des zones sp\u00e9cifiques, en se concentrant particuli\u00e8rement sur le massage de r\u00e9flexologie des pieds.<\/li><li><strong>Avantages<\/strong>&nbsp;: am\u00e9liore la fonction des organes, am\u00e9liore la relaxation et augmente les niveaux d&#8217;\u00e9nergie globaux. Reconnu pour sa capacit\u00e9 \u00e0 soulager le stress et \u00e0 favoriser l&#8217;hom\u00e9ostasie. <\/li><li><strong>Consid\u00e9rations<\/strong>&nbsp;: il est non invasif et ne n\u00e9cessite pas de retirer les v\u00eatements, ce qui le rend accessible \u00e0 ceux qui sont plus \u00e0 l&#8217;aise de rester v\u00eatus ou qui sont sensibles \u00e0 l&#8217;espace personnel.<\/li><\/ul><p>Vous ne savez pas quel massage vous convient&nbsp;? <a href=\"https:\/\/setsuko.ca\/fr\/massage-setsuko-massage-montreal-quebec\/contacter-massage-setsuko-dorval-ndg-montreal\/\">Contactez-nous<\/a> d\u00e8s aujourd&#8217;hui pour parler \u00e0 un massoth\u00e9rapeute certifi\u00e9 expert afin de choisir le style de massage adapt\u00e9 \u00e0 vous et \u00e0 vos besoins.<\/p>\t\t\t\t\t\t\t\t<\/div>\n\t\t\t\t<\/div>\n\t\t\t\t\t<\/div>\n\t\t\t\t<\/div>\n\t\t<div class=\"elementor-element elementor-element-e1cee87 e-grid e-con-full e-con e-child\" data-id=\"e1cee87\" data-element_type=\"container\" data-e-type=\"container\">\n\t\t\t\t<div class=\"elementor-element elementor-element-335db6a elementor-widget elementor-widget-button\" data-id=\"335db6a\" data-element_type=\"widget\" data-e-type=\"widget\" data-widget_type=\"button.default\">\n\t\t\t\t<div class=\"elementor-widget-container\">\n\t\t\t\t\t\t\t\t\t<div class=\"elementor-button-wrapper\">\n\t\t\t\t\t<a class=\"elementor-button elementor-button-link elementor-size-sm\" href=\"https:\/\/www.fresha.com\/en\/book-now\/massage-setsuko-sr2zt0y5\/services?lid=1290979&#038;oiid=sv%3A17538712&#038;share&#038;pId=1225562\" target=\"_blank\" rel=\"noopener\">\n\t\t\t\t\t\t<span class=\"elementor-button-content-wrapper\">\n\t\t\t\t\t\t<span class=\"elementor-button-icon\">\n\t\t\t\t<i aria-hidden=\"true\" class=\"fas fa-external-link-alt\"><\/i>\t\t\t<\/span>\n\t\t\t\t\t\t\t\t\t<span class=\"elementor-button-text\">Massage de r\u00e9flexologie de 60 minutes \u00e0 Dorval<\/span>\n\t\t\t\t\t<\/span>\n\t\t\t\t\t<\/a>\n\t\t\t\t<\/div>\n\t\t\t\t\t\t\t\t<\/div>\n\t\t\t\t<\/div>\n\t\t\t\t<div class=\"elementor-element elementor-element-32ef2dc elementor-widget elementor-widget-button\" data-id=\"32ef2dc\" data-element_type=\"widget\" data-e-type=\"widget\" data-widget_type=\"button.default\">\n\t\t\t\t<div class=\"elementor-widget-container\">\n\t\t\t\t\t\t\t\t\t<div class=\"elementor-button-wrapper\">\n\t\t\t\t\t<a class=\"elementor-button elementor-button-link elementor-size-sm\" href=\"https:\/\/www.fresha.com\/en\/book-now\/massage-setsuko-sr2zt0y5\/services?lid=1290979&#038;oiid=sv%3A17538714&#038;share&#038;pId=1225562\" target=\"_blank\" rel=\"noopener\">\n\t\t\t\t\t\t<span class=\"elementor-button-content-wrapper\">\n\t\t\t\t\t\t<span class=\"elementor-button-icon\">\n\t\t\t\t<i aria-hidden=\"true\" class=\"fas fa-external-link-alt\"><\/i>\t\t\t<\/span>\n\t\t\t\t\t\t\t\t\t<span class=\"elementor-button-text\">Massage de r\u00e9flexologie de 90 minutes \u00e0 Dorval<\/span>\n\t\t\t\t\t<\/span>\n\t\t\t\t\t<\/a>\n\t\t\t\t<\/div>\n\t\t\t\t\t\t\t\t<\/div>\n\t\t\t\t<\/div>\n\t\t\t\t<\/div>\n\t\t\t\t<\/div>\n\t\t","protected":false},"excerpt":{"rendered":"<p>Massage de r\u00e9flexologie des pieds, des mains et des oreilles D\u00e9couvrez le pouvoir de gu\u00e9rison de la r\u00e9flexologie, une pratique ancienne qui cible des points sp\u00e9cifiques sur les pieds, les mains et les oreilles pour favoriser le bien-\u00eatre g\u00e9n\u00e9ral. En appliquant une pression sur ces points r\u00e9flexes, nos th\u00e9rapeutes qualifi\u00e9s peuvent aider \u00e0 soulager le [&hellip;]<\/p>\n","protected":false},"author":1,"featured_media":10063,"parent":9588,"menu_order":0,"comment_status":"closed","ping_status":"closed","template":"","meta":{"_acf_changed":false,"footnotes":""},"class_list":["post-10515","page","type-page","status-publish","has-post-thumbnail","hentry"],"acf":[],"_links":{"self":[{"href":"https:\/\/setsuko.ca\/fr\/wp-json\/wp\/v2\/pages\/10515","targetHints":{"allow":["GET"]}}],"collection":[{"href":"https:\/\/setsuko.ca\/fr\/wp-json\/wp\/v2\/pages"}],"about":[{"href":"https:\/\/setsuko.ca\/fr\/wp-json\/wp\/v2\/types\/page"}],"author":[{"embeddable":true,"href":"https:\/\/setsuko.ca\/fr\/wp-json\/wp\/v2\/users\/1"}],"replies":[{"embeddable":true,"href":"https:\/\/setsuko.ca\/fr\/wp-json\/wp\/v2\/comments?post=10515"}],"version-history":[{"count":3,"href":"https:\/\/setsuko.ca\/fr\/wp-json\/wp\/v2\/pages\/10515\/revisions"}],"predecessor-version":[{"id":14991,"href":"https:\/\/setsuko.ca\/fr\/wp-json\/wp\/v2\/pages\/10515\/revisions\/14991"}],"up":[{"embeddable":true,"href":"https:\/\/setsuko.ca\/fr\/wp-json\/wp\/v2\/pages\/9588"}],"wp:featuredmedia":[{"embeddable":true,"href":"https:\/\/setsuko.ca\/fr\/wp-json\/wp\/v2\/media\/10063"}],"wp:attachment":[{"href":"https:\/\/setsuko.ca\/fr\/wp-json\/wp\/v2\/media?parent=10515"}],"curies":[{"name":"wp","href":"https:\/\/api.w.org\/{rel}","templated":true}]}}