{"id":10519,"date":"2024-12-15T16:14:23","date_gmt":"2024-12-15T21:14:23","guid":{"rendered":"https:\/\/ecolesetsuko.ca\/massage-setsuko-massage-montreal-quebec\/massage-therapeutique-par-des-etudiants\/"},"modified":"2025-05-28T12:36:56","modified_gmt":"2025-05-28T16:36:56","slug":"massage-therapeutique-par-des-etudiants","status":"publish","type":"page","link":"https:\/\/setsuko.ca\/fr\/massage-setsuko-massage-montreal-quebec\/massage-therapeutique-par-des-etudiants\/","title":{"rendered":"Massage th\u00e9rapeutique par des \u00e9tudiants"},"content":{"rendered":"\t\t<div data-elementor-type=\"wp-page\" data-elementor-id=\"10519\" class=\"elementor elementor-10519 elementor-10080\" data-elementor-post-type=\"page\">\n\t\t\t\t<div class=\"elementor-element elementor-element-71406561 e-con-full e-flex e-con e-parent\" data-id=\"71406561\" data-element_type=\"container\" data-e-type=\"container\" data-settings=\"{&quot;background_background&quot;:&quot;classic&quot;,&quot;sticky&quot;:&quot;top&quot;,&quot;sticky_on&quot;:[&quot;desktop&quot;],&quot;sticky_offset&quot;:0,&quot;sticky_effects_offset&quot;:0,&quot;sticky_anchor_link_offset&quot;:0}\">\n\t\t\t\t<\/div>\n\t\t<div class=\"elementor-element elementor-element-4ff812d e-flex e-con-boxed e-con e-parent\" data-id=\"4ff812d\" data-element_type=\"container\" data-e-type=\"container\" data-settings=\"{&quot;background_background&quot;:&quot;gradient&quot;}\">\n\t\t\t\t\t<div class=\"e-con-inner\">\n\t\t\t\t<div class=\"elementor-element elementor-element-571e390b elementor-widget elementor-widget-text-editor\" data-id=\"571e390b\" data-element_type=\"widget\" data-e-type=\"widget\" data-widget_type=\"text-editor.default\">\n\t\t\t\t<div class=\"elementor-widget-container\">\n\t\t\t\t\t\t\t\t\t<h1>Les \u00e9tudiants en massoth\u00e9rapie<\/h1>\n<p>\u00c0 la clinique de massage Setsuko, nous nous engageons \u00e0 offrir des exp\u00e9riences th\u00e9rapeutiques exceptionnelles et \u00e0 former la prochaine g\u00e9n\u00e9ration de massoth\u00e9rapeutes. En tant que clinique d&#8217;enseignement affili\u00e9e \u00e0 <a href=\"https:\/\/setsuko.ca\/fr\/ecole\/\">Ecole Setsuko<\/a>, nous sommes fiers de pr\u00e9senter l&#8217;expertise de nos \u00e9tudiants et de nos dipl\u00f4m\u00e9s, qui apportent une richesse de connaissances et de passion \u00e0 chaque s\u00e9ance.<\/p>\n<h3>Clinique d&#8217;\u00e9tudiants professionnels<\/h3>\n<p>Faites l&#8217;exp\u00e9rience d&#8217;un massage de niveau professionnel \u00e0 un prix r\u00e9duit. Notre clinique pour \u00e9tudiants professionnels accueille des \u00e9tudiants en fin de cursus qui proposent des traitements dans un cadre priv\u00e9 et professionnel. Ces s\u00e9ances sont parfaites pour ceux qui recherchent une exp\u00e9rience clinique plus traditionnelle.<br \/>\nVeuillez noter qu&#8217;aucun re\u00e7u d&#8217;assurance n&#8217;est fourni pour ces s\u00e9ances.<\/p>\n\t\t\t\t\t\t\t\t<\/div>\n\t\t\t\t<\/div>\n\t\t<div class=\"elementor-element elementor-element-6a4dba01 e-grid e-con-full e-con e-child\" data-id=\"6a4dba01\" data-element_type=\"container\" data-e-type=\"container\">\n\t\t\t\t<div class=\"elementor-element elementor-element-302166b7 elementor-widget elementor-widget-button\" data-id=\"302166b7\" data-element_type=\"widget\" data-e-type=\"widget\" data-widget_type=\"button.default\">\n\t\t\t\t<div class=\"elementor-widget-container\">\n\t\t\t\t\t\t\t\t\t<div class=\"elementor-button-wrapper\">\n\t\t\t\t\t<a class=\"elementor-button elementor-button-link elementor-size-sm\" href=\"https:\/\/www.fresha.com\/fr\/book-now\/massage-setsuko-sr2zt0y5\/services?lid=1290979&#038;eid=3281607&#038;oiid=sv%3A17816396&#038;share&#038;pId=1225562\" target=\"_blank\" rel=\"noopener\">\n\t\t\t\t\t\t<span class=\"elementor-button-content-wrapper\">\n\t\t\t\t\t\t<span class=\"elementor-button-icon\">\n\t\t\t\t<i aria-hidden=\"true\" class=\"fas fa-external-link-alt\"><\/i>\t\t\t<\/span>\n\t\t\t\t\t\t\t\t\t<span class=\"elementor-button-text\">60 minutes de massage par un \u00e9tudiant \u00e0 Dorval $40<\/span>\n\t\t\t\t\t<\/span>\n\t\t\t\t\t<\/a>\n\t\t\t\t<\/div>\n\t\t\t\t\t\t\t\t<\/div>\n\t\t\t\t<\/div>\n\t\t\t\t<div class=\"elementor-element elementor-element-1ede9e79 elementor-widget elementor-widget-button\" data-id=\"1ede9e79\" data-element_type=\"widget\" data-e-type=\"widget\" data-widget_type=\"button.default\">\n\t\t\t\t<div class=\"elementor-widget-container\">\n\t\t\t\t\t\t\t\t\t<div class=\"elementor-button-wrapper\">\n\t\t\t\t\t<a class=\"elementor-button elementor-button-link elementor-size-sm\" href=\"https:\/\/www.fresha.com\/fr\/book-now\/massage-setsuko-sr2zt0y5\/services?lid=1290979&#038;eid=3281607&#038;oiid=sv%3A17872090&#038;share&#038;pId=1225562\" target=\"_blank\" rel=\"noopener\">\n\t\t\t\t\t\t<span class=\"elementor-button-content-wrapper\">\n\t\t\t\t\t\t<span class=\"elementor-button-icon\">\n\t\t\t\t<i aria-hidden=\"true\" class=\"fas fa-external-link-alt\"><\/i>\t\t\t<\/span>\n\t\t\t\t\t\t\t\t\t<span class=\"elementor-button-text\">90 minutes de massage par un \u00e9tudiant \u00e0 Dorval $60<\/span>\n\t\t\t\t\t<\/span>\n\t\t\t\t\t<\/a>\n\t\t\t\t<\/div>\n\t\t\t\t\t\t\t\t<\/div>\n\t\t\t\t<\/div>\n\t\t\t\t<\/div>\n\t\t\t\t<div class=\"elementor-element elementor-element-e50815e elementor-widget elementor-widget-text-editor\" data-id=\"e50815e\" data-element_type=\"widget\" data-e-type=\"widget\" data-widget_type=\"text-editor.default\">\n\t\t\t\t<div class=\"elementor-widget-container\">\n\t\t\t\t\t\t\t\t\t<h3>Clinique d&#8217;\u00e9tudiants supervis\u00e9s<\/h3>\n<p>Rejoignez-nous pour une exp\u00e9rience unique dans notre clinique d&#8217;\u00e9tudiants supervis\u00e9s, o\u00f9 une vari\u00e9t\u00e9 de types de massage est pratiqu\u00e9e. Ces s\u00e9ances sont effectu\u00e9es en groupe, sous la supervision d&#8217;un instructeur, ce qui permet \u00e0 plusieurs \u00e9tudiants d&#8217;apprendre dans un environnement collaboratif :<\/p>\n<ul>\n<li><strong>Gamme de prix<\/strong> : Gratuit \u00e0 25 $<\/li>\n<li><strong>Types de massage<\/strong> : su\u00e9dois, shiatsu, lymphatique, formation avanc\u00e9e, craniosacral, herboristerie, polarit\u00e9, th\u00e9rapie sonore<\/li>\n<\/ul>\n<p>Ces sessions sont id\u00e9ales pour ceux qui souhaitent exp\u00e9rimenter une gamme de techniques \u00e0 un prix accessible, contribuant ainsi au parcours \u00e9ducatif de nos \u00e9tudiants.<\/p>\n\t\t\t\t\t\t\t\t<\/div>\n\t\t\t\t<\/div>\n\t\t<div class=\"elementor-element elementor-element-f30574b e-grid e-con-full e-con e-child\" data-id=\"f30574b\" data-element_type=\"container\" data-e-type=\"container\">\n\t\t\t\t<div class=\"elementor-element elementor-element-e2a923c elementor-widget elementor-widget-button\" data-id=\"e2a923c\" data-element_type=\"widget\" data-e-type=\"widget\" data-widget_type=\"button.default\">\n\t\t\t\t<div class=\"elementor-widget-container\">\n\t\t\t\t\t\t\t\t\t<div class=\"elementor-button-wrapper\">\n\t\t\t\t\t<a class=\"elementor-button elementor-button-link elementor-size-sm\" href=\"https:\/\/clinicecolesetsuko.janeapp.com\/\" target=\"_blank\" rel=\"noopener\">\n\t\t\t\t\t\t<span class=\"elementor-button-content-wrapper\">\n\t\t\t\t\t\t<span class=\"elementor-button-icon\">\n\t\t\t\t<i aria-hidden=\"true\" class=\"fas fa-external-link-alt\"><\/i>\t\t\t<\/span>\n\t\t\t\t\t\t\t\t\t<span class=\"elementor-button-text\">Prochains stages de massage pour \u00e9tudiants<\/span>\n\t\t\t\t\t<\/span>\n\t\t\t\t\t<\/a>\n\t\t\t\t<\/div>\n\t\t\t\t\t\t\t\t<\/div>\n\t\t\t\t<\/div>\n\t\t\t\t<div class=\"elementor-element elementor-element-526c848 elementor-widget elementor-widget-button\" data-id=\"526c848\" data-element_type=\"widget\" data-e-type=\"widget\" data-widget_type=\"button.default\">\n\t\t\t\t<div class=\"elementor-widget-container\">\n\t\t\t\t\t\t\t\t\t<div class=\"elementor-button-wrapper\">\n\t\t\t\t\t<a class=\"elementor-button elementor-button-link elementor-size-sm\" href=\"https:\/\/setsuko.ca\/fr\/ecole\/inscription-au-massage-clinique-supervise-par-un-etudiant\/\">\n\t\t\t\t\t\t<span class=\"elementor-button-content-wrapper\">\n\t\t\t\t\t\t<span class=\"elementor-button-icon\">\n\t\t\t\t<i aria-hidden=\"true\" class=\"fas fa-external-link-alt\"><\/i>\t\t\t<\/span>\n\t\t\t\t\t\t\t\t\t<span class=\"elementor-button-text\">S'inscrire sur la liste d'attente pour \u00eatre inform\u00e9<\/span>\n\t\t\t\t\t<\/span>\n\t\t\t\t\t<\/a>\n\t\t\t\t<\/div>\n\t\t\t\t\t\t\t\t<\/div>\n\t\t\t\t<\/div>\n\t\t\t\t<\/div>\n\t\t\t\t\t<\/div>\n\t\t\t\t<\/div>\n\t\t<div class=\"elementor-element elementor-element-184d7a5 e-flex e-con-boxed e-con e-parent\" data-id=\"184d7a5\" data-element_type=\"container\" data-e-type=\"container\">\n\t\t\t\t\t<div class=\"e-con-inner\">\n\t\t<div class=\"elementor-element elementor-element-4fe231d e-con-full e-flex e-con e-child\" data-id=\"4fe231d\" data-element_type=\"container\" data-e-type=\"container\">\n\t\t\t\t<div class=\"elementor-element elementor-element-5e3f6fd elementor-widget elementor-widget-text-editor\" data-id=\"5e3f6fd\" data-element_type=\"widget\" data-e-type=\"widget\" data-widget_type=\"text-editor.default\">\n\t\t\t\t<div class=\"elementor-widget-container\">\n\t\t\t\t\t\t\t\t\t<h3>Pourquoi choisir un massage \u00e9tudiant ?<br \/>\nOpter pour un massage \u00e9tudiant chez Setsuko vous permet de recevoir des soins de qualit\u00e9 tout en soutenant la formation de futurs professionnels. Nos \u00e9tudiants appliquent une approche holistique de la th\u00e9rapie, r\u00e9pondant \u00e0 vos besoins uniques pour cultiver l&#8217;\u00e9quilibre, la connexion et l&#8217;autonomisation. Que vous choisissiez notre clinique pour \u00e9tudiants professionnels ou notre clinique pour \u00e9tudiants supervis\u00e9s, vous \u00eates entre de bonnes mains.<\/p>\n\t\t\t\t\t\t\t\t<\/div>\n\t\t\t\t<\/div>\n\t\t\t\t<\/div>\n\t\t<div class=\"elementor-element elementor-element-edf12b7 e-con-full e-flex e-con e-child\" data-id=\"edf12b7\" data-element_type=\"container\" data-e-type=\"container\">\n\t\t\t\t<div class=\"elementor-element elementor-element-5a0edc52 elementor-widget elementor-widget-image\" data-id=\"5a0edc52\" data-element_type=\"widget\" data-e-type=\"widget\" data-widget_type=\"image.default\">\n\t\t\t\t<div class=\"elementor-widget-container\">\n\t\t\t\t\t\t\t\t\t\t\t\t\t\t\t<img fetchpriority=\"high\" decoding=\"async\" width=\"800\" height=\"500\" src=\"https:\/\/setsuko.b-cdn.net\/wp-content\/uploads\/2021\/12\/AdobeStock_207372460-1080x675-1-1024x640.jpeg\" class=\"attachment-large size-large wp-image-632\" alt=\"Dans la deuxi\u00e8me partie de la formation avanc\u00e9e \u00e0 la technique du massage su\u00e9dois th\u00e9rapeutique, les \u00e9tudiants apprendront \u00e0 identifier et \u00e0 localiser des tensions sp\u00e9cifiques dans le corps et \u00e0 apprendre des techniques cibl\u00e9es sur ces zones.\" srcset=\"https:\/\/setsuko.b-cdn.net\/wp-content\/uploads\/2021\/12\/AdobeStock_207372460-1080x675-1-1024x640.jpeg 1024w, https:\/\/setsuko.b-cdn.net\/wp-content\/uploads\/2021\/12\/AdobeStock_207372460-1080x675-1-600x375.jpeg 600w, https:\/\/setsuko.b-cdn.net\/wp-content\/uploads\/2021\/12\/AdobeStock_207372460-1080x675-1-300x188.jpeg 300w, https:\/\/setsuko.b-cdn.net\/wp-content\/uploads\/2021\/12\/AdobeStock_207372460-1080x675-1-768x480.jpeg 768w, https:\/\/setsuko.b-cdn.net\/wp-content\/uploads\/2021\/12\/AdobeStock_207372460-1080x675-1.jpeg 1080w\" sizes=\"(max-width: 800px) 100vw, 800px\" title=\"\">\t\t\t\t\t\t\t\t\t\t\t\t\t\t\t<\/div>\n\t\t\t\t<\/div>\n\t\t\t\t<\/div>\n\t\t\t\t\t<\/div>\n\t\t\t\t<\/div>\n\t\t\t\t<\/div>\n\t\t","protected":false},"excerpt":{"rendered":"<p>Les \u00e9tudiants en massoth\u00e9rapie \u00c0 la clinique de massage Setsuko, nous nous engageons \u00e0 offrir des exp\u00e9riences th\u00e9rapeutiques exceptionnelles et \u00e0 former la prochaine g\u00e9n\u00e9ration de massoth\u00e9rapeutes. En tant que clinique d&#8217;enseignement affili\u00e9e \u00e0 Ecole Setsuko, nous sommes fiers de pr\u00e9senter l&#8217;expertise de nos \u00e9tudiants et de nos dipl\u00f4m\u00e9s, qui apportent une richesse de connaissances [&hellip;]<\/p>\n","protected":false},"author":1,"featured_media":632,"parent":9588,"menu_order":0,"comment_status":"closed","ping_status":"closed","template":"","meta":{"_acf_changed":false,"footnotes":""},"class_list":["post-10519","page","type-page","status-publish","has-post-thumbnail","hentry"],"acf":[],"_links":{"self":[{"href":"https:\/\/setsuko.ca\/fr\/wp-json\/wp\/v2\/pages\/10519","targetHints":{"allow":["GET"]}}],"collection":[{"href":"https:\/\/setsuko.ca\/fr\/wp-json\/wp\/v2\/pages"}],"about":[{"href":"https:\/\/setsuko.ca\/fr\/wp-json\/wp\/v2\/types\/page"}],"author":[{"embeddable":true,"href":"https:\/\/setsuko.ca\/fr\/wp-json\/wp\/v2\/users\/1"}],"replies":[{"embeddable":true,"href":"https:\/\/setsuko.ca\/fr\/wp-json\/wp\/v2\/comments?post=10519"}],"version-history":[{"count":5,"href":"https:\/\/setsuko.ca\/fr\/wp-json\/wp\/v2\/pages\/10519\/revisions"}],"predecessor-version":[{"id":12234,"href":"https:\/\/setsuko.ca\/fr\/wp-json\/wp\/v2\/pages\/10519\/revisions\/12234"}],"up":[{"embeddable":true,"href":"https:\/\/setsuko.ca\/fr\/wp-json\/wp\/v2\/pages\/9588"}],"wp:featuredmedia":[{"embeddable":true,"href":"https:\/\/setsuko.ca\/fr\/wp-json\/wp\/v2\/media\/632"}],"wp:attachment":[{"href":"https:\/\/setsuko.ca\/fr\/wp-json\/wp\/v2\/media?parent=10519"}],"curies":[{"name":"wp","href":"https:\/\/api.w.org\/{rel}","templated":true}]}}