{"id":10545,"date":"2025-01-13T17:44:09","date_gmt":"2025-01-13T22:44:09","guid":{"rendered":"https:\/\/ecolesetsuko.ca\/erreurs-et-ameliorations-du-site-web\/"},"modified":"2025-01-13T20:37:46","modified_gmt":"2025-01-14T01:37:46","slug":"erreurs-et-ameliorations-du-site-web","status":"publish","type":"page","link":"https:\/\/setsuko.ca\/fr\/erreurs-et-ameliorations-du-site-web\/","title":{"rendered":"Erreurs et am\u00e9liorations du site web"},"content":{"rendered":"\t\t<div data-elementor-type=\"wp-page\" data-elementor-id=\"10545\" class=\"elementor elementor-10545 elementor-10534\" data-elementor-post-type=\"page\">\n\t\t\t\t<div class=\"elementor-element elementor-element-d6318a0 e-flex e-con-boxed e-con e-parent\" data-id=\"d6318a0\" data-element_type=\"container\" data-e-type=\"container\">\n\t\t\t\t\t<div class=\"e-con-inner\">\n\t\t\t\t<div class=\"elementor-element elementor-element-dbc1a9e elementor-widget elementor-widget-heading\" data-id=\"dbc1a9e\" data-element_type=\"widget\" data-e-type=\"widget\" data-widget_type=\"heading.default\">\n\t\t\t\t<div class=\"elementor-widget-container\">\n\t\t\t\t\t<h1 class=\"elementor-heading-title elementor-size-default\">Erreurs et am\u00e9liorations du site web<\/h1>\t\t\t\t<\/div>\n\t\t\t\t<\/div>\n\t\t\t\t<div class=\"elementor-element elementor-element-ca99c28 elementor-widget elementor-widget-text-editor\" data-id=\"ca99c28\" data-element_type=\"widget\" data-e-type=\"widget\" data-widget_type=\"text-editor.default\">\n\t\t\t\t<div class=\"elementor-widget-container\">\n\t\t\t\t\t\t\t\t\t<p>Nous vous remercions de prendre le temps de nous aider \u00e0 am\u00e9liorer notre site web afin qu&#8217;il soit le plus performant possible pour vous ! Veuillez prendre une minute pour remplir le formulaire ci-dessous et nous faire part des erreurs que vous avez rencontr\u00e9es ou des am\u00e9liorations que vous pensez que nous pouvons apporter :<\/p>\n\t\t\t\t\t\t\t\t<\/div>\n\t\t\t\t<\/div>\n\t\t\t\t<div class=\"elementor-element elementor-element-eef9784 elementor-button-align-stretch elementor-widget elementor-widget-form\" data-id=\"eef9784\" data-element_type=\"widget\" data-e-type=\"widget\" data-settings=\"{&quot;step_next_label&quot;:&quot;Suivant&quot;,&quot;step_previous_label&quot;:&quot;Pr\\u00e9c\\u00e9dent&quot;,&quot;button_width&quot;:&quot;100&quot;,&quot;step_type&quot;:&quot;number_text&quot;,&quot;step_icon_shape&quot;:&quot;circle&quot;}\" data-widget_type=\"form.default\">\n\t\t\t\t<div class=\"elementor-widget-container\">\n\t\t\t\t\t\t\t<form class=\"elementor-form\" method=\"post\" name=\"Formulaire d&#039;erreur et de retour d&#039;information sur le site web\" aria-label=\"Formulaire d&#039;erreur et de retour d&#039;information sur le site web\">\n\t\t\t<input type=\"hidden\" name=\"post_id\" value=\"10545\"\/>\n\t\t\t<input type=\"hidden\" name=\"form_id\" value=\"eef9784\"\/>\n\t\t\t<input type=\"hidden\" name=\"referer_title\" value=\"Erreurs et am\u00e9liorations du site web - Setsuko\" \/>\n\n\t\t\t\t\t\t\t<input type=\"hidden\" name=\"queried_id\" value=\"10545\"\/>\n\t\t\t\n\t\t\t<div class=\"elementor-form-fields-wrapper elementor-labels-above\">\n\t\t\t\t\t\t\t\t<div class=\"elementor-field-type-text\">\n\t\t\t\t\t<input size=\"1\" type=\"text\" name=\"form_fields[field_1925656]\" id=\"form-field-field_1925656\" class=\"elementor-field elementor-size-sm \" style=\"display:none !important;\">\t\t\t\t<\/div>\n\t\t\t\t\t\t\t\t<div class=\"elementor-field-type-text elementor-field-group elementor-column elementor-field-group-name elementor-col-100\">\n\t\t\t\t\t\t\t\t\t\t\t\t<label for=\"form-field-name\" class=\"elementor-field-label\">\n\t\t\t\t\t\t\t\tNom\t\t\t\t\t\t\t<\/label>\n\t\t\t\t\t\t\t\t\t\t\t\t\t\t<input size=\"1\" type=\"text\" name=\"form_fields[name]\" id=\"form-field-name\" class=\"elementor-field elementor-size-sm  elementor-field-textual\" placeholder=\"Nom\">\n\t\t\t\t\t\t\t\t\t\t\t<\/div>\n\t\t\t\t\t\t\t\t<div class=\"elementor-field-type-email elementor-field-group elementor-column elementor-field-group-email elementor-col-50 elementor-field-required elementor-mark-required\">\n\t\t\t\t\t\t\t\t\t\t\t\t<label for=\"form-field-email\" class=\"elementor-field-label\">\n\t\t\t\t\t\t\t\tCourriel\t\t\t\t\t\t\t<\/label>\n\t\t\t\t\t\t\t\t\t\t\t\t\t\t<input size=\"1\" type=\"email\" name=\"form_fields[email]\" id=\"form-field-email\" class=\"elementor-field elementor-size-sm  elementor-field-textual\" placeholder=\"Courriel\" required=\"required\">\n\t\t\t\t\t\t\t\t\t\t\t<\/div>\n\t\t\t\t\t\t\t\t<div class=\"elementor-field-type-tel elementor-field-group elementor-column elementor-field-group-field_7e29108 elementor-col-50\">\n\t\t\t\t\t\t\t\t\t\t\t\t<label for=\"form-field-field_7e29108\" class=\"elementor-field-label\">\n\t\t\t\t\t\t\t\tNum\u00e9ro de t\u00e9l\u00e9phone\t\t\t\t\t\t\t<\/label>\n\t\t\t\t\t\t\t\t<input size=\"1\" type=\"tel\" name=\"form_fields[field_7e29108]\" id=\"form-field-field_7e29108\" class=\"elementor-field elementor-size-sm  elementor-field-textual\" placeholder=\"514-999-9999\" pattern=\"[0-9()#&amp;+*-=.]+\" title=\"Only numbers and phone characters (#, -, *, etc) are accepted.\">\n\n\t\t\t\t\t\t<\/div>\n\t\t\t\t\t\t\t\t<div class=\"elementor-field-type-url elementor-field-group elementor-column elementor-field-group-field_bafe0bf elementor-col-100 elementor-field-required elementor-mark-required\">\n\t\t\t\t\t\t\t\t\t\t\t\t<label for=\"form-field-field_bafe0bf\" class=\"elementor-field-label\">\n\t\t\t\t\t\t\t\tVeuillez coller l'adresse de la page sur laquelle vous avez trouv\u00e9 l'erreur ou que vous pensez pouvoir \u00eatre am\u00e9lior\u00e9e :\t\t\t\t\t\t\t<\/label>\n\t\t\t\t\t\t\t\t\t\t\t\t\t\t<input size=\"1\" type=\"url\" name=\"form_fields[field_bafe0bf]\" id=\"form-field-field_bafe0bf\" class=\"elementor-field elementor-size-sm  elementor-field-textual\" placeholder=\"https:\/\/setsuko.ca\/\" required=\"required\">\n\t\t\t\t\t\t\t\t\t\t\t<\/div>\n\t\t\t\t\t\t\t\t<div class=\"elementor-field-type-textarea elementor-field-group elementor-column elementor-field-group-message elementor-col-100\">\n\t\t\t\t\t\t\t\t\t\t\t\t<label for=\"form-field-message\" class=\"elementor-field-label\">\n\t\t\t\t\t\t\t\tVeuillez d\u00e9crire les \u00e9tapes que vous avez suivies pour y parvenir.\t\t\t\t\t\t\t<\/label>\n\t\t\t\t\t\t<textarea class=\"elementor-field-textual elementor-field  elementor-size-sm\" name=\"form_fields[message]\" id=\"form-field-message\" rows=\"4\" placeholder=\"J&#039;ai cliqu\u00e9 sur...\"><\/textarea>\t\t\t\t<\/div>\n\t\t\t\t\t\t\t\t<div class=\"elementor-field-type-textarea elementor-field-group elementor-column elementor-field-group-field_cc50f6d elementor-col-100 elementor-field-required elementor-mark-required\">\n\t\t\t\t\t\t\t\t\t\t\t\t<label for=\"form-field-field_cc50f6d\" class=\"elementor-field-label\">\n\t\t\t\t\t\t\t\tVeuillez d\u00e9crire ce qui n'a pas fonctionn\u00e9 ou ce que vous pensez que nous pouvons am\u00e9liorer :\t\t\t\t\t\t\t<\/label>\n\t\t\t\t\t\t<textarea class=\"elementor-field-textual elementor-field  elementor-size-sm\" name=\"form_fields[field_cc50f6d]\" id=\"form-field-field_cc50f6d\" rows=\"4\" required=\"required\"><\/textarea>\t\t\t\t<\/div>\n\t\t\t\t\t\t\t\t<div class=\"elementor-field-type-radio elementor-field-group elementor-column elementor-field-group-field_6cf6c77 elementor-col-50 elementor-field-required elementor-mark-required\">\n\t\t\t\t\t\t\t\t\t\t\t\t<label for=\"form-field-field_6cf6c77\" class=\"elementor-field-label\">\n\t\t\t\t\t\t\t\tQuel appareil utilisiez-vous ?\t\t\t\t\t\t\t<\/label>\n\t\t\t\t\t\t<div class=\"elementor-field-subgroup  \"><span class=\"elementor-field-option\"><input type=\"radio\" value=\"T\u00e9l\u00e9phone\" id=\"form-field-field_6cf6c77-0\" name=\"form_fields[field_6cf6c77]\" required=\"required\"> <label for=\"form-field-field_6cf6c77-0\">T\u00e9l\u00e9phone<\/label><\/span><span class=\"elementor-field-option\"><input type=\"radio\" value=\"Tablette\" id=\"form-field-field_6cf6c77-1\" name=\"form_fields[field_6cf6c77]\" required=\"required\"> <label for=\"form-field-field_6cf6c77-1\">Tablette<\/label><\/span><span class=\"elementor-field-option\"><input type=\"radio\" value=\"Ordinateur portable\" id=\"form-field-field_6cf6c77-2\" name=\"form_fields[field_6cf6c77]\" required=\"required\"> <label for=\"form-field-field_6cf6c77-2\">Ordinateur portable<\/label><\/span><span class=\"elementor-field-option\"><input type=\"radio\" value=\"Ordinateur de bureau\" id=\"form-field-field_6cf6c77-3\" name=\"form_fields[field_6cf6c77]\" required=\"required\"> <label for=\"form-field-field_6cf6c77-3\">Ordinateur de bureau<\/label><\/span><\/div>\t\t\t\t<\/div>\n\t\t\t\t\t\t\t\t<div class=\"elementor-field-type-radio elementor-field-group elementor-column elementor-field-group-field_527d37e elementor-col-50 elementor-field-required elementor-mark-required\">\n\t\t\t\t\t\t\t\t\t\t\t\t<label for=\"form-field-field_527d37e\" class=\"elementor-field-label\">\n\t\t\t\t\t\t\t\tQuel navigateur utilisiez-vous ?\t\t\t\t\t\t\t<\/label>\n\t\t\t\t\t\t<div class=\"elementor-field-subgroup  \"><span class=\"elementor-field-option\"><input type=\"radio\" value=\"Google Chrome\" id=\"form-field-field_527d37e-0\" name=\"form_fields[field_527d37e]\" required=\"required\"> <label for=\"form-field-field_527d37e-0\">Google Chrome<\/label><\/span><span class=\"elementor-field-option\"><input type=\"radio\" value=\"Microsoft Edge\" id=\"form-field-field_527d37e-1\" name=\"form_fields[field_527d37e]\" required=\"required\"> <label for=\"form-field-field_527d37e-1\">Microsoft Edge<\/label><\/span><span class=\"elementor-field-option\"><input type=\"radio\" value=\"Safari\" id=\"form-field-field_527d37e-2\" name=\"form_fields[field_527d37e]\" required=\"required\"> <label for=\"form-field-field_527d37e-2\">Safari<\/label><\/span><span class=\"elementor-field-option\"><input type=\"radio\" value=\"Internet Explorer\" id=\"form-field-field_527d37e-3\" name=\"form_fields[field_527d37e]\" required=\"required\"> <label for=\"form-field-field_527d37e-3\">Internet Explorer<\/label><\/span><span class=\"elementor-field-option\"><input type=\"radio\" value=\"Mozilla Firefox\" id=\"form-field-field_527d37e-4\" name=\"form_fields[field_527d37e]\" required=\"required\"> <label for=\"form-field-field_527d37e-4\">Mozilla Firefox<\/label><\/span><span class=\"elementor-field-option\"><input type=\"radio\" value=\"Autres\" id=\"form-field-field_527d37e-5\" name=\"form_fields[field_527d37e]\" required=\"required\"> <label for=\"form-field-field_527d37e-5\">Autres<\/label><\/span><\/div>\t\t\t\t<\/div>\n\t\t\t\t\t\t\t\t<div class=\"elementor-field-type-radio elementor-field-group elementor-column elementor-field-group-field_035cae5 elementor-col-100\">\n\t\t\t\t\t\t\t\t\t\t\t\t<label for=\"form-field-field_035cae5\" class=\"elementor-field-label\">\n\t\t\t\t\t\t\t\tPouvons-nous vous contacter pour plus d'informations ?\t\t\t\t\t\t\t<\/label>\n\t\t\t\t\t\t<div class=\"elementor-field-subgroup  elementor-subgroup-inline\"><span class=\"elementor-field-option\"><input type=\"radio\" value=\"Oui\" id=\"form-field-field_035cae5-0\" name=\"form_fields[field_035cae5]\"> <label for=\"form-field-field_035cae5-0\">Oui<\/label><\/span><span class=\"elementor-field-option\"><input type=\"radio\" value=\"Non\" id=\"form-field-field_035cae5-1\" name=\"form_fields[field_035cae5]\"> <label for=\"form-field-field_035cae5-1\">Non<\/label><\/span><\/div>\t\t\t\t<\/div>\n\t\t\t\t\t\t\t\t<div class=\"elementor-field-type-recaptcha_v3 elementor-field-group elementor-column elementor-field-group-field_26b8ecb elementor-col-100 recaptcha_v3-bottomright\">\n\t\t\t\t\t<div class=\"elementor-field\" id=\"form-field-field_26b8ecb\"><div class=\"elementor-g-recaptcha\" data-sitekey=\"6Letp-IpAAAAAAPl4KBwcjmOXmJxngBlot48iHh9\" data-type=\"v3\" data-action=\"Form\" data-badge=\"bottomright\" data-size=\"invisible\"><\/div><\/div>\t\t\t\t<\/div>\n\t\t\t\t\t\t\t\t<div class=\"elementor-field-group elementor-column elementor-field-type-submit elementor-col-100 e-form__buttons\">\n\t\t\t\t\t<button class=\"elementor-button elementor-size-sm\" type=\"submit\">\n\t\t\t\t\t\t<span class=\"elementor-button-content-wrapper\">\n\t\t\t\t\t\t\t\t\t\t\t\t\t\t\t\t\t\t\t\t\t\t<span class=\"elementor-button-text\">Envoyer<\/span>\n\t\t\t\t\t\t\t\t\t\t\t\t\t<\/span>\n\t\t\t\t\t<\/button>\n\t\t\t\t<\/div>\n\t\t\t<\/div>\n\t\t<\/form>\n\t\t\t\t\t\t<\/div>\n\t\t\t\t<\/div>\n\t\t\t\t\t<\/div>\n\t\t\t\t<\/div>\n\t\t\t\t<\/div>\n\t\t","protected":false},"excerpt":{"rendered":"<p>Erreurs et am\u00e9liorations du site web Nous vous remercions de prendre le temps de nous aider \u00e0 am\u00e9liorer notre site web afin qu&#8217;il soit le plus performant possible pour vous ! Veuillez prendre une minute pour remplir le formulaire ci-dessous et nous faire part des erreurs que vous avez rencontr\u00e9es ou des am\u00e9liorations que vous [&hellip;]<\/p>\n","protected":false},"author":1,"featured_media":0,"parent":0,"menu_order":0,"comment_status":"closed","ping_status":"closed","template":"elementor_canvas","meta":{"_acf_changed":false,"footnotes":""},"class_list":["post-10545","page","type-page","status-publish","hentry"],"acf":[],"_links":{"self":[{"href":"https:\/\/setsuko.ca\/fr\/wp-json\/wp\/v2\/pages\/10545","targetHints":{"allow":["GET"]}}],"collection":[{"href":"https:\/\/setsuko.ca\/fr\/wp-json\/wp\/v2\/pages"}],"about":[{"href":"https:\/\/setsuko.ca\/fr\/wp-json\/wp\/v2\/types\/page"}],"author":[{"embeddable":true,"href":"https:\/\/setsuko.ca\/fr\/wp-json\/wp\/v2\/users\/1"}],"replies":[{"embeddable":true,"href":"https:\/\/setsuko.ca\/fr\/wp-json\/wp\/v2\/comments?post=10545"}],"version-history":[{"count":1,"href":"https:\/\/setsuko.ca\/fr\/wp-json\/wp\/v2\/pages\/10545\/revisions"}],"predecessor-version":[{"id":10546,"href":"https:\/\/setsuko.ca\/fr\/wp-json\/wp\/v2\/pages\/10545\/revisions\/10546"}],"wp:attachment":[{"href":"https:\/\/setsuko.ca\/fr\/wp-json\/wp\/v2\/media?parent=10545"}],"curies":[{"name":"wp","href":"https:\/\/api.w.org\/{rel}","templated":true}]}}