{"id":10938,"date":"2025-01-19T12:24:09","date_gmt":"2025-01-19T17:24:09","guid":{"rendered":"https:\/\/setsuko.ca\/ecole\/diplomes\/diplome-de-massotherapeute-en-polarite\/"},"modified":"2025-12-04T07:30:14","modified_gmt":"2025-12-04T12:30:14","slug":"diplome-de-massotherapeute-en-polarite","status":"publish","type":"page","link":"https:\/\/setsuko.ca\/fr\/ecole\/diplomes\/diplome-de-massotherapeute-en-polarite\/","title":{"rendered":"Dipl\u00f4me de massoth\u00e9rapeute en polarit\u00e9"},"content":{"rendered":"\t\t<div data-elementor-type=\"wp-page\" data-elementor-id=\"10938\" class=\"elementor elementor-10938 elementor-10933\" data-elementor-post-type=\"page\">\n\t\t\t\t<div class=\"elementor-element elementor-element-33d0823 e-flex e-con-boxed e-con e-parent\" data-id=\"33d0823\" data-element_type=\"container\" data-e-type=\"container\" data-settings=\"{&quot;background_background&quot;:&quot;classic&quot;}\">\n\t\t\t\t\t<div class=\"e-con-inner\">\n\t\t\t\t<div class=\"elementor-element elementor-element-01b3a47 elementor-widget elementor-widget-heading\" data-id=\"01b3a47\" data-element_type=\"widget\" data-e-type=\"widget\" data-widget_type=\"heading.default\">\n\t\t\t\t<div class=\"elementor-widget-container\">\n\t\t\t\t\t<h1 class=\"elementor-heading-title elementor-size-default\">Dipl\u00f4me de massoth\u00e9rapeute en polarit\u00e9<\/h1>\t\t\t\t<\/div>\n\t\t\t\t<\/div>\n\t\t\t\t<div class=\"elementor-element elementor-element-9fa6e23 elementor-align-right elementor-widget__width-auto elementor-widget elementor-widget-button\" data-id=\"9fa6e23\" data-element_type=\"widget\" data-e-type=\"widget\" data-widget_type=\"button.default\">\n\t\t\t\t<div class=\"elementor-widget-container\">\n\t\t\t\t\t\t\t\t\t<div class=\"elementor-button-wrapper\">\n\t\t\t\t\t<a class=\"elementor-button elementor-button-link elementor-size-sm\" href=\"https:\/\/setsuko.ca\/fr\/ecole\/diplomes\/diplome-de-therapie-par-la-polarite\/\">\n\t\t\t\t\t\t<span class=\"elementor-button-content-wrapper\">\n\t\t\t\t\t\t\t\t\t<span class=\"elementor-button-text\">S'inscrire \u00e0 NDG<\/span>\n\t\t\t\t\t<\/span>\n\t\t\t\t\t<\/a>\n\t\t\t\t<\/div>\n\t\t\t\t\t\t\t\t<\/div>\n\t\t\t\t<\/div>\n\t\t\t\t\t<\/div>\n\t\t\t\t<\/div>\n\t\t<div class=\"elementor-element elementor-element-80b644b e-flex e-con-boxed e-con e-parent\" data-id=\"80b644b\" data-element_type=\"container\" data-e-type=\"container\">\n\t\t\t\t\t<div class=\"e-con-inner\">\n\t\t\t\t<div class=\"elementor-element elementor-element-dc596c3 elementor-widget elementor-widget-text-editor\" data-id=\"dc596c3\" data-element_type=\"widget\" data-e-type=\"widget\" data-widget_type=\"text-editor.default\">\n\t\t\t\t<div class=\"elementor-widget-container\">\n\t\t\t\t\t\t\t\t\tLe cours de massoth\u00e9rapie par la polarit\u00e9 est un programme complet con\u00e7u pour enseigner aux participants les principes et les techniques de la th\u00e9rapie par la polarit\u00e9, une modalit\u00e9 de gu\u00e9rison bas\u00e9e sur l&#8217;\u00e9nergie. D\u00e9velopp\u00e9e par le Dr Randolph Stone, la th\u00e9rapie de polarit\u00e9 combine des \u00e9l\u00e9ments de la philosophie herm\u00e9tique, de la m\u00e9decine chinoise, de la m\u00e9decine occidentale, des myst\u00e8res \u00e9gyptiens et de l&#8217;Ayurveda. Le cours couvre un large \u00e9ventail de sujets et de pratiques pour aider \u00e0 \u00e9quilibrer le flux d&#8217;\u00e9nergie du corps, qui est cens\u00e9 affecter le bien-\u00eatre physique, mental et \u00e9motionnel.<br><br>Le contenu du cours de th\u00e9rapie de polarit\u00e9 comprend une introduction aux bases de la m\u00e9decine \u00e9nerg\u00e9tique et \u00e0 ses principes, en se concentrant sur les syst\u00e8mes \u00e9nerg\u00e9tiques du corps tels que les chakras, les m\u00e9ridiens et les cinq \u00e9l\u00e9ments (l&#8217;\u00e9ther, l&#8217;air, le feu, l&#8217;eau et la terre). L&#8217;enseignement th\u00e9orique explore le concept d&#8217;\u00e9quilibre \u00e9nerg\u00e9tique et son impact sur la sant\u00e9, en \u00e9tudiant les trois types de toucher utilis\u00e9s dans la th\u00e9rapie par la polarit\u00e9 : Satvic (neutre et \u00e9quilibrant), Rajasic (pression mod\u00e9r\u00e9e et stimulante) et Tamasic (pression plus profonde pour disperser les tensions r\u00e9sistantes). La formation pratique comprend l&#8217;application de techniques telles que le toucher \u00e9nerg\u00e9tique, les mouvements de balancement doux, les prises d&#8217;\u00e9nergie et le nettoyage \u00e9nerg\u00e9tique, ainsi que l&#8217;identification et le traitement des blocages et des d\u00e9s\u00e9quilibres \u00e9nerg\u00e9tiques. Le cours met \u00e9galement l&#8217;accent sur les soins personnels du praticien, la mise \u00e0 la terre et le maintien de limites claires.<br><br><strong>Certification et opportunit\u00e9s de carri\u00e8re<\/strong><br>A l&#8217;issue de la formation, les participants auront une compr\u00e9hension fondamentale de la th\u00e9rapie de la polarit\u00e9 et de son application dans la promotion du bien-\u00eatre holistique. Les dipl\u00f4m\u00e9s peuvent int\u00e9grer les techniques de la th\u00e9rapie de polarit\u00e9 dans leur pratique actuelle ou offrir des s\u00e9ances sp\u00e9cialis\u00e9es aux clients qui recherchent l&#8217;\u00e9quilibre \u00e9nerg\u00e9tique et la gu\u00e9rison.<br><br>Le cours convient aux massoth\u00e9rapeutes, aux praticiens du travail corporel et aux personnes int\u00e9ress\u00e9es par la gu\u00e9rison holistique. Il offre un m\u00e9lange de connaissances th\u00e9oriques, de comp\u00e9tences pratiques et de d\u00e9veloppement professionnel pour s&#8217;assurer que les participants sont bien pr\u00e9par\u00e9s \u00e0 int\u00e9grer la th\u00e9rapie de la polarit\u00e9 dans leur pratique.<br><br>Dur\u00e9e de la formation : 100 heures<br><br><strong>Horaire : <a href=\"https:\/\/docs.google.com\/spreadsheets\/d\/1YrwoQlG91n2ThweQWwqfBLisB3fZ3KyYTGjUR-tVg0o\/edit?gid=1390728839#gid=1390728839\" target=\"_blank\" rel=\"noopener\">CLIQUEZ ICI POUR CONSULTER LE PROGRAMME<\/a><\/strong>\t\t\t\t\t\t\t\t<\/div>\n\t\t\t\t<\/div>\n\t\t\t\t<div class=\"elementor-element elementor-element-c98f5b2 elementor-widget elementor-widget-button\" data-id=\"c98f5b2\" data-element_type=\"widget\" data-e-type=\"widget\" data-widget_type=\"button.default\">\n\t\t\t\t<div class=\"elementor-widget-container\">\n\t\t\t\t\t\t\t\t\t<div class=\"elementor-button-wrapper\">\n\t\t\t\t\t<a class=\"elementor-button elementor-button-link elementor-size-sm\" href=\"https:\/\/calendly.com\/ecolesetsuko\/30-minute-student-interview-fr\" target=\"_blank\" rel=\"noopener\">\n\t\t\t\t\t\t<span class=\"elementor-button-content-wrapper\">\n\t\t\t\t\t\t\t\t\t<span class=\"elementor-button-text\">Pour plus d'informations Parlez \u00e0 un conseiller \u00e9tudiant<\/span>\n\t\t\t\t\t<\/span>\n\t\t\t\t\t<\/a>\n\t\t\t\t<\/div>\n\t\t\t\t\t\t\t\t<\/div>\n\t\t\t\t<\/div>\n\t\t\t\t<div class=\"elementor-element elementor-element-df0f1d9 elementor-widget elementor-widget-heading\" data-id=\"df0f1d9\" data-element_type=\"widget\" data-e-type=\"widget\" data-widget_type=\"heading.default\">\n\t\t\t\t<div class=\"elementor-widget-container\">\n\t\t\t\t\t<p class=\"elementor-heading-title elementor-size-default\">Prix : CA $800 | $200 sur 4 mois plan de paiement<\/p>\t\t\t\t<\/div>\n\t\t\t\t<\/div>\n\t\t\t\t\t<\/div>\n\t\t\t\t<\/div>\n\t\t<div class=\"elementor-element elementor-element-ae08ef2 e-flex e-con-boxed e-con e-parent\" data-id=\"ae08ef2\" data-element_type=\"container\" data-e-type=\"container\" data-settings=\"{&quot;background_background&quot;:&quot;classic&quot;}\">\n\t\t\t\t\t<div class=\"e-con-inner\">\n\t\t\t\t<div class=\"elementor-element elementor-element-833d399 elementor-widget elementor-widget-heading\" data-id=\"833d399\" data-element_type=\"widget\" data-e-type=\"widget\" data-widget_type=\"heading.default\">\n\t\t\t\t<div class=\"elementor-widget-container\">\n\t\t\t\t\t<h2 class=\"elementor-heading-title elementor-size-default\">Commencez votre dipl\u00f4me<\/h2>\t\t\t\t<\/div>\n\t\t\t\t<\/div>\n\t\t<div class=\"elementor-element elementor-element-b3ac7b3 e-con-full e-flex e-con e-child\" data-id=\"b3ac7b3\" data-element_type=\"container\" data-e-type=\"container\">\n\t\t\t\t<div class=\"elementor-element elementor-element-73dd3fc elementor-widget elementor-widget-button\" data-id=\"73dd3fc\" data-element_type=\"widget\" data-e-type=\"widget\" data-widget_type=\"button.default\">\n\t\t\t\t<div class=\"elementor-widget-container\">\n\t\t\t\t\t\t\t\t\t<div class=\"elementor-button-wrapper\">\n\t\t\t\t\t<a class=\"elementor-button elementor-button-link elementor-size-sm\" href=\"https:\/\/setsuko.ca\/fr\/page-de-paiement\/?add-to-cart=4558\">\n\t\t\t\t\t\t<span class=\"elementor-button-content-wrapper\">\n\t\t\t\t\t\t\t\t\t<span class=\"elementor-button-text\">S'inscrire \u00e0 NDG<\/span>\n\t\t\t\t\t<\/span>\n\t\t\t\t\t<\/a>\n\t\t\t\t<\/div>\n\t\t\t\t\t\t\t\t<\/div>\n\t\t\t\t<\/div>\n\t\t\t\t<\/div>\n\t\t\t\t\t<\/div>\n\t\t\t\t<\/div>\n\t\t\t\t<\/div>\n\t\t","protected":false},"excerpt":{"rendered":"<p>Dipl\u00f4me de massoth\u00e9rapeute en polarit\u00e9 S&#8217;inscrire \u00e0 NDG Le cours de massoth\u00e9rapie par la polarit\u00e9 est un programme complet con\u00e7u pour enseigner aux participants les principes et les techniques de la th\u00e9rapie par la polarit\u00e9, une modalit\u00e9 de gu\u00e9rison bas\u00e9e sur l&#8217;\u00e9nergie. D\u00e9velopp\u00e9e par le Dr Randolph Stone, la th\u00e9rapie de polarit\u00e9 combine des \u00e9l\u00e9ments [&hellip;]<\/p>\n","protected":false},"author":1,"featured_media":190,"parent":848,"menu_order":0,"comment_status":"closed","ping_status":"closed","template":"","meta":{"_acf_changed":false,"footnotes":""},"class_list":["post-10938","page","type-page","status-publish","has-post-thumbnail","hentry"],"acf":[],"_links":{"self":[{"href":"https:\/\/setsuko.ca\/fr\/wp-json\/wp\/v2\/pages\/10938","targetHints":{"allow":["GET"]}}],"collection":[{"href":"https:\/\/setsuko.ca\/fr\/wp-json\/wp\/v2\/pages"}],"about":[{"href":"https:\/\/setsuko.ca\/fr\/wp-json\/wp\/v2\/types\/page"}],"author":[{"embeddable":true,"href":"https:\/\/setsuko.ca\/fr\/wp-json\/wp\/v2\/users\/1"}],"replies":[{"embeddable":true,"href":"https:\/\/setsuko.ca\/fr\/wp-json\/wp\/v2\/comments?post=10938"}],"version-history":[{"count":6,"href":"https:\/\/setsuko.ca\/fr\/wp-json\/wp\/v2\/pages\/10938\/revisions"}],"predecessor-version":[{"id":14302,"href":"https:\/\/setsuko.ca\/fr\/wp-json\/wp\/v2\/pages\/10938\/revisions\/14302"}],"up":[{"embeddable":true,"href":"https:\/\/setsuko.ca\/fr\/wp-json\/wp\/v2\/pages\/848"}],"wp:featuredmedia":[{"embeddable":true,"href":"https:\/\/setsuko.ca\/fr\/wp-json\/wp\/v2\/media\/190"}],"wp:attachment":[{"href":"https:\/\/setsuko.ca\/fr\/wp-json\/wp\/v2\/media?parent=10938"}],"curies":[{"name":"wp","href":"https:\/\/api.w.org\/{rel}","templated":true}]}}