{"id":11978,"date":"2025-05-07T09:35:20","date_gmt":"2025-05-07T13:35:20","guid":{"rendered":"https:\/\/setsuko.ca\/conditions-generales-dutilisation-du-site-web\/"},"modified":"2025-05-07T22:05:13","modified_gmt":"2025-05-08T02:05:13","slug":"conditions-generales-dutilisation-du-site-web","status":"publish","type":"page","link":"https:\/\/setsuko.ca\/fr\/conditions-generales-dutilisation-du-site-web\/","title":{"rendered":"Conditions g\u00e9n\u00e9rales d&#8217;utilisation du site web"},"content":{"rendered":"\t\t<div data-elementor-type=\"wp-page\" data-elementor-id=\"11978\" class=\"elementor elementor-11978 elementor-11958\" data-elementor-post-type=\"page\">\n\t\t\t\t<div class=\"elementor-element elementor-element-258a4d7 e-flex e-con-boxed e-con e-parent\" data-id=\"258a4d7\" data-element_type=\"container\" data-e-type=\"container\">\n\t\t\t\t\t<div class=\"e-con-inner\">\n\t\t\t\t<div class=\"elementor-element elementor-element-0a8f381 elementor-widget elementor-widget-text-editor\" data-id=\"0a8f381\" data-element_type=\"widget\" data-e-type=\"widget\" data-widget_type=\"text-editor.default\">\n\t\t\t\t<div class=\"elementor-widget-container\">\n\t\t\t\t\t\t\t\t\t<p><em>Mise \u00e0 jour le 7 mai 2025<\/em><\/p>\n<p>Bienvenue sur le site web de Setsuko, une \u00e9cole de massoth\u00e9rapie holistique et des cliniques de massage. En acc\u00e9dant \u00e0 notre site Web ou en l&#8217;utilisant, vous acceptez de vous conformer aux conditions g\u00e9n\u00e9rales suivantes et d&#8217;\u00eatre li\u00e9 par elles. Si vous n&#8217;acceptez pas ces conditions, veuillez ne pas utiliser ce site Web.<\/p>\n<ol>\n<li>\n<h3>Acceptation des conditions<\/h3>\n<ul>\n<li>En utilisant ce site Web, vous signifiez votre acceptation des pr\u00e9sentes conditions g\u00e9n\u00e9rales, de notre <a href=\"https:\/\/setsuko.ca\/fr\/politique-de-confidentialite\/\">Politique de confidentialit\u00e9<\/a>, <a href=\"https:\/\/setsuko.ca\/fr\/politique-en-matiere-de-cookies\/\">Politique en mati\u00e8re de cookies<\/a> et <a href=\"https:\/\/setsuko.ca\/fr\/ecole\/termes-et-conditions\/\">Politiques d&#8217;admission, d&#8217;inscription et de l&#8217;\u00e9cole<\/a>. Ces conditions peuvent \u00eatre mises \u00e0 jour p\u00e9riodiquement et votre utilisation continue du site constitue votre acceptation des conditions r\u00e9vis\u00e9es.<\/li>\n<\/ul>\n<li>\n<h3>Utilisation du site web<\/h3>\n<ul>\n<li>Ce site web est destin\u00e9 \u00e0 des fins d&#8217;information uniquement.<\/li>\n<li><span style=\"background-color : transparent ;\">Vous acceptez d&#8217;utiliser le site web uniquement \u00e0 des fins l\u00e9gales et d&#8217;une mani\u00e8re qui ne porte pas atteinte aux droits des autres ou qui ne limite pas leur utilisation et leur jouissance du site.<\/span><\/li>\n<li>Vous ne pouvez pas utiliser ce site web pour distribuer des spams, des virus ou d&#8217;autres contenus nuisibles.<\/li>\n<\/ul>\n<li>\n<h3>Propri\u00e9t\u00e9 intellectuelle<\/h3>\n<ul>\n<li>Tout le contenu de ce site, y compris les textes, les images, les vid\u00e9os, les graphiques et les logos, est la propri\u00e9t\u00e9 de l&#8217;Ecole Setsuko, sauf indication contraire.<\/li>\n<li>Vous ne pouvez pas reproduire, distribuer ou utiliser le contenu du site \u00e0 des fins commerciales sans l&#8217;autorisation \u00e9crite pr\u00e9alable de l&#8217;Ecole Setsuko.<\/li>\n<li>Vous pouvez cr\u00e9er un lien vers ce site web, \u00e0 condition que le lien ne repr\u00e9sente pas l&#8217;Ecole Setsuko de mani\u00e8re fausse, trompeuse ou diffamatoire.<\/li>\n<\/ul>\n<\/li>\n<li>\n<h3>Politique de confidentialit\u00e9<\/h3>\n<ul>\n<li>Notre collecte et notre utilisation d&#8217;informations personnelles sont r\u00e9gies par notre <a href=\"https:\/\/setsuko.ca\/fr\/politique-de-confidentialite\/\">Politique de confidentialit\u00e9<\/a>. Veuillez consulter ce document pour comprendre comment nous traitons vos donn\u00e9es.<\/li>\n<\/ul>\n<li>\n<h3>Politique en mati\u00e8re de cookies<\/h3>\n<ul>\n<li>Notre implantation et notre utilisation de cookies sont r\u00e9gies par notre <a href=\"https:\/\/setsuko.ca\/fr\/politique-en-matiere-de-cookies\/\">Politique en mati\u00e8re de cookies.<\/a> Veuillez consulter ce document pour comprendre les informations que nous collectons \u00e0 l&#8217;aide de cookies et comment ces informations sont utilis\u00e9es, ainsi que pour savoir comment g\u00e9rer les param\u00e8tres des cookies.<\/li>\n<\/ul>\n<li>\n<h3>Admission, inscription et politiques de l&#8217;\u00e9cole<\/h3>\n<ul>\n<li>Veuillez consulter notre <a href=\"https:\/\/setsuko.ca\/fr\/ecole\/termes-et-conditions\/\">Politique d&#8217;admission, d&#8217;inscription et de l&#8217;\u00e9cole<\/a> pour comprendre nos crit\u00e8res d&#8217;inscription, comment nous collectons les paiements, traitons les demandes d&#8217;annulation et autres politiques et proc\u00e9dures li\u00e9es \u00e0 l&#8217;\u00e9cole.<\/li>\n<\/ul>\n<\/li>\n<li>\n<h3>Liens externes<\/h3>\n<ul>\n<li>Ce site Web peut contenir des liens vers des sites Web de tiers pour votre commodit\u00e9 et votre information. L&#8217;Ecole Setsuko n&#8217;est pas responsable du contenu, des politiques ou des pratiques de ces sites Web externes.<\/li>\n<\/ul>\n<li>\n<li>\n<h3>D\u00e9ni de responsabilit\u00e9<\/h3>\n<ul>\n<li>Les informations fournies sur ce site Web sont destin\u00e9es \u00e0 des fins g\u00e9n\u00e9rales uniquement et ne constituent pas des conseils professionnels.<\/L'\u00c9cole Setsuko ne fait aucune d\u00e9claration et ne donne aucune garantie, expresse ou implicite, quant \u00e0 l'exhaustivit\u00e9, l'exactitude, la fiabilit\u00e9 ou la disponibilit\u00e9 du site ou de son contenu.<\/li>\n<li>L&#8217;\u00c9cole Setsuko ne sera pas responsable des pertes ou des dommages r\u00e9sultant de l&#8217;utilisation de ce site ou de son contenu.<\/li>\n<li>Bien que certains aspects de ces cours puissent \u00eatre th\u00e9rapeutiques, ils ne constituent ni ne remplacent une th\u00e9rapie. Tous les r\u00e9sultats sont hypoth\u00e9tiques et l&#8217;\u00e9cole, les enseignants, les th\u00e9rapeutes et les conf\u00e9renciers ne sont pas responsables des r\u00e9clamations ou des r\u00e9sultats d\u00e9coulant de l&#8217;information partag\u00e9e. Consultez toujours un fournisseur de soins de sant\u00e9 qualifi\u00e9 pour tout probl\u00e8me de sant\u00e9.<\/li>\n<\/ul>\n<li>\n<h3>Modifications du site Web<\/h3>\n<ul>\n<li>L&#8217;\u00c9cole Setsuko se r\u00e9serve le droit de modifier, de suspendre ou d&#8217;interrompre le site Web ou toute partie de celui-ci en tout temps et sans pr\u00e9avis.<\/li>\n<\/ul>\n<\/li>\n<li>\n<h3>Loi applicable<\/h3>\n<ul>\n<li>Les pr\u00e9sentes conditions sont r\u00e9gies par les lois du Qu\u00e9bec, Canada, et doivent \u00eatre interpr\u00e9t\u00e9es conform\u00e9ment \u00e0 ces lois. Tout litige d\u00e9coulant de l&#8217;utilisation de<br \/>ce site Web sera soumis \u00e0 la comp\u00e9tence exclusive des tribunaux de cette juridiction.<\/li>\n<\/ul>\n<li>\n<h3>Contactez-nous<\/h3>\n<ul>\n<li>Si vous avez des questions au sujet des pr\u00e9sentes conditions, veuillez communiquer avec nous:\n<p><b>\u00c9cole Setsuko<\/b><br \/>info@ecolesetsuko.ca<br \/>514-482-1991<\/p>\n<\/li>\n<\/ul>\n<\/li>\n<\/ol>\n<p>.<\/p>\n\t\t\t\t\t\t\t\t<\/div>\n\t\t\t\t<\/div>\n\t\t\t\t\t<\/div>\n\t\t\t\t<\/div>\n\t\t\t\t<\/div>\n\t\t","protected":false},"excerpt":{"rendered":"<p>Mise \u00e0 jour le 7 mai 2025 Bienvenue sur le site web de Setsuko, une \u00e9cole de massoth\u00e9rapie holistique et des cliniques de massage. En acc\u00e9dant \u00e0 notre site Web ou en l&#8217;utilisant, vous acceptez de vous conformer aux conditions g\u00e9n\u00e9rales suivantes et d&#8217;\u00eatre li\u00e9 par elles. Si vous n&#8217;acceptez pas ces conditions, veuillez ne [&hellip;]<\/p>\n","protected":false},"author":1,"featured_media":0,"parent":0,"menu_order":0,"comment_status":"closed","ping_status":"closed","template":"","meta":{"_acf_changed":false,"footnotes":""},"class_list":["post-11978","page","type-page","status-publish","hentry"],"acf":[],"_links":{"self":[{"href":"https:\/\/setsuko.ca\/fr\/wp-json\/wp\/v2\/pages\/11978","targetHints":{"allow":["GET"]}}],"collection":[{"href":"https:\/\/setsuko.ca\/fr\/wp-json\/wp\/v2\/pages"}],"about":[{"href":"https:\/\/setsuko.ca\/fr\/wp-json\/wp\/v2\/types\/page"}],"author":[{"embeddable":true,"href":"https:\/\/setsuko.ca\/fr\/wp-json\/wp\/v2\/users\/1"}],"replies":[{"embeddable":true,"href":"https:\/\/setsuko.ca\/fr\/wp-json\/wp\/v2\/comments?post=11978"}],"version-history":[{"count":1,"href":"https:\/\/setsuko.ca\/fr\/wp-json\/wp\/v2\/pages\/11978\/revisions"}],"predecessor-version":[{"id":11979,"href":"https:\/\/setsuko.ca\/fr\/wp-json\/wp\/v2\/pages\/11978\/revisions\/11979"}],"wp:attachment":[{"href":"https:\/\/setsuko.ca\/fr\/wp-json\/wp\/v2\/media?parent=11978"}],"curies":[{"name":"wp","href":"https:\/\/api.w.org\/{rel}","templated":true}]}}