{"id":12072,"date":"2025-05-10T13:42:19","date_gmt":"2025-05-10T17:42:19","guid":{"rendered":"https:\/\/setsuko.ca\/ecole\/diplomes\/programme-de-diplome-en-massage-thailandais\/"},"modified":"2026-04-17T13:12:08","modified_gmt":"2026-04-17T17:12:08","slug":"programme-de-diplome-en-massage-thailandais","status":"publish","type":"page","link":"https:\/\/setsuko.ca\/fr\/ecole\/diplomes\/programme-de-diplome-en-massage-thailandais\/","title":{"rendered":"Programme de Dipl\u00f4me de Massage Tha\u00eflandais"},"content":{"rendered":"\t\t<div data-elementor-type=\"wp-page\" data-elementor-id=\"12072\" class=\"elementor elementor-12072 elementor-12016\" data-elementor-post-type=\"page\">\n\t\t\t\t<div class=\"elementor-element elementor-element-a121348 e-flex e-con-boxed e-con e-parent\" data-id=\"a121348\" data-element_type=\"container\" data-e-type=\"container\" data-settings=\"{&quot;background_background&quot;:&quot;classic&quot;}\">\n\t\t\t\t\t<div class=\"e-con-inner\">\n\t\t\t\t<div class=\"elementor-element elementor-element-19f6775 elementor-widget elementor-widget-heading\" data-id=\"19f6775\" data-element_type=\"widget\" data-e-type=\"widget\" data-widget_type=\"heading.default\">\n\t\t\t\t<div class=\"elementor-widget-container\">\n\t\t\t\t\t<h1 class=\"elementor-heading-title elementor-size-default\">Dipl\u00f4me de massage tha\u00eflandais<\/h1>\t\t\t\t<\/div>\n\t\t\t\t<\/div>\n\t\t\t\t<div class=\"elementor-element elementor-element-fe49a08 elementor-align-right elementor-widget elementor-widget-button\" data-id=\"fe49a08\" data-element_type=\"widget\" data-e-type=\"widget\" data-widget_type=\"button.default\">\n\t\t\t\t<div class=\"elementor-widget-container\">\n\t\t\t\t\t\t\t\t\t<div class=\"elementor-button-wrapper\">\n\t\t\t\t\t<a class=\"elementor-button elementor-button-link elementor-size-sm\" href=\"https:\/\/setsuko.ca\/fr\/page-de-paiement\/?add-to-cart=12031\">\n\t\t\t\t\t\t<span class=\"elementor-button-content-wrapper\">\n\t\t\t\t\t\t\t\t\t<span class=\"elementor-button-text\">Enregistrez-vous d\u00e8s maintenant<\/span>\n\t\t\t\t\t<\/span>\n\t\t\t\t\t<\/a>\n\t\t\t\t<\/div>\n\t\t\t\t\t\t\t\t<\/div>\n\t\t\t\t<\/div>\n\t\t\t\t\t<\/div>\n\t\t\t\t<\/div>\n\t\t<div class=\"elementor-element elementor-element-c93c38d e-flex e-con-boxed e-con e-parent\" data-id=\"c93c38d\" data-element_type=\"container\" data-e-type=\"container\">\n\t\t\t\t\t<div class=\"e-con-inner\">\n\t\t\t\t<div class=\"elementor-element elementor-element-5761d3d elementor-widget elementor-widget-text-editor\" data-id=\"5761d3d\" data-element_type=\"widget\" data-e-type=\"widget\" data-widget_type=\"text-editor.default\">\n\t\t\t\t<div class=\"elementor-widget-container\">\n\t\t\t\t\t\t\t\t\t<h2>D\u00e9veloppez votre pratique avec le massage tha\u00eflandais<\/h2><p data-start=\"204\" data-end=\"350\">Apprenez une modalit\u00e9 compl\u00e8te et tr\u00e8s recherch\u00e9e qui combine \u00e9tirements, acupression et mouvements corporels complets pour cr\u00e9er des r\u00e9sultats th\u00e9rapeutiques puissants.<\/p><p data-start=\"352\" data-end=\"513\">Ce dipl\u00f4me vous forme \u00e9tape par \u00e9tape pour dispenser en toute confiance des traitements complets de massage tha\u00eflandais du d\u00e9but \u00e0 la fin \u2014 aussi bien sur tapis que sur table de massage.<\/p><p data-start=\"515\" data-end=\"678\">Vous n\u2019apprendrez pas seulement des techniques. Vous comprendrez comment travailler avec le corps, am\u00e9liorer la mobilit\u00e9, r\u00e9duire la douleur et cr\u00e9er des traitements pour lesquels vos clients reviendront. <\/p><p data-start=\"680\" data-end=\"1071\"><strong data-start=\"680\" data-end=\"702\">Ce que vous apprendrez :<\/strong><br>\u2022 S\u00e9quences compl\u00e8tes de massage tha\u00eflandais (d\u00e9cubitus dorsal, ventral, lat\u00e9ral, assis)<br data-start=\"767\" data-end=\"770\">\u2022 \u00c9tirements assist\u00e9s pour les hanches, le dos, les \u00e9paules et la colonne vert\u00e9brale<br data-start=\"828\" data-end=\"831\">\u2022 Techniques d\u2019acupression le long des lignes \u00e9nerg\u00e9tiques<br data-start=\"874\" data-end=\"877\">\u2022 Comment adapter en toute s\u00e9curit\u00e9 le massage tha\u00eflandais \u00e0 une table de massage<br data-start=\"930\" data-end=\"933\">\u2022 Techniques de r\u00e9flexologie plantaire tha\u00eflandaise<br data-start=\"967\" data-end=\"970\">\u2022 Positionnement du client, fluidit\u00e9 et structure du traitement<br data-start=\"1021\" data-end=\"1024\">\u2022 Pratique clinique r\u00e9elle \u00e0 travers des \u00e9tudes de cas<\/p><p data-start=\"1202\" data-end=\"1251\"><strong data-start=\"1202\" data-end=\"1251\">Toutes les certifications IMT sont incluses dans le prix.<\/strong><\/p><p data-start=\"1258\" data-end=\"1272\"><strong data-start=\"1258\" data-end=\"1272\">2 Options :<\/strong><\/p><p data-start=\"1274\" data-end=\"1365\"><strong data-start=\"1274\" data-end=\"1349\">1. \u00c9tudiants en premi\u00e8re modalit\u00e9 (400 heures de massage \u2013 formation de base incluse) <\/strong>5 525,00 CA$<\/p><p data-start=\"1367\" data-end=\"1446\"><strong data-start=\"1367\" data-end=\"1430\">2. Massoth\u00e9rapeutes (Certificat seulement \u2013 pas de formation de base requise) <\/strong>2 720,00 CA$<\/p>\t\t\t\t\t\t\t\t<\/div>\n\t\t\t\t<\/div>\n\t\t\t\t<div class=\"elementor-element elementor-element-826b4d0 elementor-widget elementor-widget-image\" data-id=\"826b4d0\" data-element_type=\"widget\" data-e-type=\"widget\" data-widget_type=\"image.default\">\n\t\t\t\t<div class=\"elementor-widget-container\">\n\t\t\t\t\t\t\t\t\t\t\t\t\t\t\t<img fetchpriority=\"high\" decoding=\"async\" width=\"1140\" height=\"760\" src=\"https:\/\/setsuko.b-cdn.net\/wp-content\/uploads\/2025\/05\/thai-massage-course-thai-massage-diploma.webp\" class=\"attachment-full size-full wp-image-12083\" alt=\"Cours de Massage Tha\u00ef - Dipl\u00f4me de Massage Tha\u00ef : Une femme tha\u00eflandaise masse le dos d&#039;une personne v\u00eatue allong\u00e9e sur un tapis.\" srcset=\"https:\/\/setsuko.b-cdn.net\/wp-content\/uploads\/2025\/05\/thai-massage-course-thai-massage-diploma.webp 1140w, https:\/\/setsuko.b-cdn.net\/wp-content\/uploads\/2025\/05\/thai-massage-course-thai-massage-diploma-300x200.webp 300w, https:\/\/setsuko.b-cdn.net\/wp-content\/uploads\/2025\/05\/thai-massage-course-thai-massage-diploma-1024x683.webp 1024w, https:\/\/setsuko.b-cdn.net\/wp-content\/uploads\/2025\/05\/thai-massage-course-thai-massage-diploma-768x512.webp 768w, https:\/\/setsuko.b-cdn.net\/wp-content\/uploads\/2025\/05\/thai-massage-course-thai-massage-diploma-600x400.webp 600w\" sizes=\"(max-width: 1140px) 100vw, 1140px\" title=\"\">\t\t\t\t\t\t\t\t\t\t\t\t\t\t\t<\/div>\n\t\t\t\t<\/div>\n\t\t\t\t<div class=\"elementor-element elementor-element-74cc4c2 elementor-widget elementor-widget-menu-anchor\" data-id=\"74cc4c2\" data-element_type=\"widget\" data-e-type=\"widget\" data-widget_type=\"menu-anchor.default\">\n\t\t\t\t<div class=\"elementor-widget-container\">\n\t\t\t\t\t\t\t<div class=\"elementor-menu-anchor\" id=\"niveau1\"><\/div>\n\t\t\t\t\t\t<\/div>\n\t\t\t\t<\/div>\n\t\t\t\t\t<\/div>\n\t\t\t\t<\/div>\n\t\t<div class=\"elementor-element elementor-element-37647af e-flex e-con-boxed e-con e-parent\" data-id=\"37647af\" data-element_type=\"container\" data-e-type=\"container\">\n\t\t\t\t\t<div class=\"e-con-inner\">\n\t\t\t\t<div class=\"elementor-element elementor-element-29b7095 elementor-cta--skin-classic elementor-animated-content elementor-bg-transform elementor-bg-transform-zoom-in elementor-widget elementor-widget-call-to-action\" data-id=\"29b7095\" data-element_type=\"widget\" data-e-type=\"widget\" data-widget_type=\"call-to-action.default\">\n\t\t\t\t<div class=\"elementor-widget-container\">\n\t\t\t\t\t\t\t<div class=\"elementor-cta\">\n\t\t\t\t\t\t\t<div class=\"elementor-cta__content\">\n\t\t\t\t\n\t\t\t\t\t\t\t\t\t<h2 class=\"elementor-cta__title elementor-cta__content-item elementor-content-item\">\n\t\t\t\t\t\tCommencez votre dipl\u00f4me\t\t\t\t\t<\/h2>\n\t\t\t\t\n\t\t\t\t\n\t\t\t\t\t\t\t\t\t<div class=\"elementor-cta__button-wrapper elementor-cta__content-item elementor-content-item \">\n\t\t\t\t\t<a class=\"elementor-cta__button elementor-button elementor-size-lg\" href=\"https:\/\/setsuko.ca\/fr\/page-de-paiement\/?add-to-cart=12031\">\n\t\t\t\t\t\tEnregistrez-vous d\u00e8s maintenant\t\t\t\t\t<\/a>\n\t\t\t\t\t<\/div>\n\t\t\t\t\t\t\t<\/div>\n\t\t\t\t\t\t<\/div>\n\t\t\t\t\t\t<\/div>\n\t\t\t\t<\/div>\n\t\t\t\t\t<\/div>\n\t\t\t\t<\/div>\n\t\t<div class=\"elementor-element elementor-element-e82a7fe e-flex e-con-boxed e-con e-parent\" data-id=\"e82a7fe\" data-element_type=\"container\" data-e-type=\"container\">\n\t\t\t\t\t<div class=\"e-con-inner\">\n\t\t\t\t\t<\/div>\n\t\t\t\t<\/div>\n\t\t<div class=\"elementor-element elementor-element-e701f19 e-flex e-con-boxed e-con e-parent\" data-id=\"e701f19\" data-element_type=\"container\" data-e-type=\"container\">\n\t\t\t\t\t<div class=\"e-con-inner\">\n\t\t\t\t<div class=\"elementor-element elementor-element-af777aa elementor-align-right elementor-widget elementor-widget-button\" data-id=\"af777aa\" data-element_type=\"widget\" data-e-type=\"widget\" data-widget_type=\"button.default\">\n\t\t\t\t<div class=\"elementor-widget-container\">\n\t\t\t\t\t\t\t\t\t<div class=\"elementor-button-wrapper\">\n\t\t\t\t\t<a class=\"elementor-button elementor-button-link elementor-size-sm\" href=\"https:\/\/calendly.com\/ecolesetsuko\/30-minute-student-interview-fr\" target=\"_blank\" rel=\"noopener\">\n\t\t\t\t\t\t<span class=\"elementor-button-content-wrapper\">\n\t\t\t\t\t\t\t\t\t<span class=\"elementor-button-text\">Pour plus d'informations, adressez-vous \u00e0 un conseiller \u00e9tudiant.<\/span>\n\t\t\t\t\t<\/span>\n\t\t\t\t\t<\/a>\n\t\t\t\t<\/div>\n\t\t\t\t\t\t\t\t<\/div>\n\t\t\t\t<\/div>\n\t\t\t\t\t<\/div>\n\t\t\t\t<\/div>\n\t\t\t\t<\/div>\n\t\t","protected":false},"excerpt":{"rendered":"<p>Dipl\u00f4me de massage tha\u00eflandais Enregistrez-vous d\u00e8s maintenant D\u00e9veloppez votre pratique avec le massage tha\u00eflandais Apprenez une modalit\u00e9 compl\u00e8te et tr\u00e8s recherch\u00e9e qui combine \u00e9tirements, acupression et mouvements corporels complets pour cr\u00e9er des r\u00e9sultats th\u00e9rapeutiques puissants. Ce dipl\u00f4me vous forme \u00e9tape par \u00e9tape pour dispenser en toute confiance des traitements complets de massage tha\u00eflandais du d\u00e9but [&hellip;]<\/p>\n","protected":false},"author":1,"featured_media":9832,"parent":848,"menu_order":0,"comment_status":"closed","ping_status":"closed","template":"","meta":{"_acf_changed":false,"footnotes":""},"class_list":["post-12072","page","type-page","status-publish","has-post-thumbnail","hentry"],"acf":[],"_links":{"self":[{"href":"https:\/\/setsuko.ca\/fr\/wp-json\/wp\/v2\/pages\/12072","targetHints":{"allow":["GET"]}}],"collection":[{"href":"https:\/\/setsuko.ca\/fr\/wp-json\/wp\/v2\/pages"}],"about":[{"href":"https:\/\/setsuko.ca\/fr\/wp-json\/wp\/v2\/types\/page"}],"author":[{"embeddable":true,"href":"https:\/\/setsuko.ca\/fr\/wp-json\/wp\/v2\/users\/1"}],"replies":[{"embeddable":true,"href":"https:\/\/setsuko.ca\/fr\/wp-json\/wp\/v2\/comments?post=12072"}],"version-history":[{"count":4,"href":"https:\/\/setsuko.ca\/fr\/wp-json\/wp\/v2\/pages\/12072\/revisions"}],"predecessor-version":[{"id":16007,"href":"https:\/\/setsuko.ca\/fr\/wp-json\/wp\/v2\/pages\/12072\/revisions\/16007"}],"up":[{"embeddable":true,"href":"https:\/\/setsuko.ca\/fr\/wp-json\/wp\/v2\/pages\/848"}],"wp:featuredmedia":[{"embeddable":true,"href":"https:\/\/setsuko.ca\/fr\/wp-json\/wp\/v2\/media\/9832"}],"wp:attachment":[{"href":"https:\/\/setsuko.ca\/fr\/wp-json\/wp\/v2\/media?parent=12072"}],"curies":[{"name":"wp","href":"https:\/\/api.w.org\/{rel}","templated":true}]}}