{"id":12424,"date":"2025-06-26T19:47:09","date_gmt":"2025-06-26T23:47:09","guid":{"rendered":"https:\/\/setsuko.ca\/?page_id=12424"},"modified":"2026-04-10T19:04:56","modified_gmt":"2026-04-10T23:04:56","slug":"certification-en-therapie-craniosacrale","status":"publish","type":"page","link":"https:\/\/setsuko.ca\/fr\/ecole\/certification-en-therapie-craniosacrale\/","title":{"rendered":"Programme de certificat en Th\u00e9rapie Myofasciale Structurale (SMFT)"},"content":{"rendered":"\t\t<div data-elementor-type=\"wp-page\" data-elementor-id=\"12424\" class=\"elementor elementor-12424 elementor-12423\" data-elementor-post-type=\"page\">\n\t\t\t\t<div class=\"elementor-element elementor-element-06b4ef1 e-flex e-con-boxed e-con e-parent\" data-id=\"06b4ef1\" data-element_type=\"container\" data-e-type=\"container\" data-settings=\"{&quot;background_background&quot;:&quot;classic&quot;}\">\n\t\t\t\t\t<div class=\"e-con-inner\">\n\t\t\t\t<div class=\"elementor-element elementor-element-f4fa0ca elementor-widget elementor-widget-heading\" data-id=\"f4fa0ca\" data-element_type=\"widget\" data-e-type=\"widget\" data-widget_type=\"heading.default\">\n\t\t\t\t<div class=\"elementor-widget-container\">\n\t\t\t\t\t<h1 class=\"elementor-heading-title elementor-size-default\">Programme de certificat en Th\u00e9rapie Myofasciale Structurale\u00ae<\/h1>\t\t\t\t<\/div>\n\t\t\t\t<\/div>\n\t\t\t\t<div class=\"elementor-element elementor-element-95516c7 elementor-align-right elementor-widget elementor-widget-button\" data-id=\"95516c7\" data-element_type=\"widget\" data-e-type=\"widget\" data-widget_type=\"button.default\">\n\t\t\t\t<div class=\"elementor-widget-container\">\n\t\t\t\t\t\t\t\t\t<div class=\"elementor-button-wrapper\">\n\t\t\t\t\t<a class=\"elementor-button elementor-button-link elementor-size-sm\" href=\"https:\/\/setsuko.ca\/fr\/page-de-paiement\/?add-to-cart=12406\">\n\t\t\t\t\t\t<span class=\"elementor-button-content-wrapper\">\n\t\t\t\t\t\t\t\t\t<span class=\"elementor-button-text\">Enregistrez-vous d\u00e8s maintenant<\/span>\n\t\t\t\t\t<\/span>\n\t\t\t\t\t<\/a>\n\t\t\t\t<\/div>\n\t\t\t\t\t\t\t\t<\/div>\n\t\t\t\t<\/div>\n\t\t\t\t\t<\/div>\n\t\t\t\t<\/div>\n\t\t<div class=\"elementor-element elementor-element-ace8b32 e-flex e-con-boxed e-con e-parent\" data-id=\"ace8b32\" data-element_type=\"container\" data-e-type=\"container\">\n\t\t\t\t\t<div class=\"e-con-inner\">\n\t\t\t\t<div class=\"elementor-element elementor-element-74d3dfb elementor-widget elementor-widget-text-editor\" data-id=\"74d3dfb\" data-element_type=\"widget\" data-e-type=\"widget\" data-widget_type=\"text-editor.default\">\n\t\t\t\t<div class=\"elementor-widget-container\">\n\t\t\t\t\t\t\t\t\t<h2>Qu&#8217;est-ce que la Th\u00e9rapie Myofasciale Structurale\u00ae ?<\/h2><p>La Th\u00e9rapie Myofasciale Structurale\u00ae est une technique de travail corporel manuel ax\u00e9e sur la lib\u00e9ration des restrictions dans le fascia\u2014le tissu conjonctif qui entoure les muscles, les os et les organes. En traitant les d\u00e9s\u00e9quilibres dans la structure et la posture du corps, cette th\u00e9rapie aide \u00e0 r\u00e9duire la douleur chronique, \u00e0 restaurer la mobilit\u00e9 et \u00e0 am\u00e9liorer l&#8217;alignement g\u00e9n\u00e9ral. Gr\u00e2ce \u00e0 une pression profonde et cibl\u00e9e et \u00e0 des mouvements lents et intentionnels, les th\u00e9rapeutes travaillent \u00e0 r\u00e9aligner le corps et \u00e0 soutenir le bien-\u00eatre physique \u00e0 long terme.  <\/p><h2>Introduction \u00e0 la Th\u00e9rapie Myofasciale Structurale\u00ae<\/h2><p>Plongez dans l&#8217;univers de la Th\u00e9rapie Myofasciale Structurale\u00ae avec BetsyAnn Baron dans cet atelier d&#8217;introduction pratique SMFT\u00ae. Vous apprendrez des techniques concr\u00e8tes, explorerez le fascia \u00e0 travers une anatomie actualis\u00e9e et vivrez la Conscience Somatique Posturale en action. Parfait pour les th\u00e9rapeutes pr\u00eats \u00e0 approfondir leurs comp\u00e9tences \u2014 de plus, le prochain cours de certification complet arrive en 2027, inscrivez-vous sur la liste d&#8217;attente ci-dessous. <br><a href=\"https:\/\/setsuko.ca\/fr\/produit\/12356\/\">Introduction \u00e0 la SMFT\u00ae \u00e0 NDG<\/a> <br><a href=\"https:\/\/setsuko.ca\/fr\/produit\/introduction-a-la-structural-myofascial-therapy-smft-copy\/\">Introduction \u00e0 la SMFT\u00ae \u00e0 Dorval<\/a><\/p>\t\t\t\t\t\t\t\t<\/div>\n\t\t\t\t<\/div>\n\t\t\t\t<div class=\"elementor-element elementor-element-858cf6a elementor-align-right elementor-widget elementor-widget-button\" data-id=\"858cf6a\" data-element_type=\"widget\" data-e-type=\"widget\" data-widget_type=\"button.default\">\n\t\t\t\t<div class=\"elementor-widget-container\">\n\t\t\t\t\t\t\t\t\t<div class=\"elementor-button-wrapper\">\n\t\t\t\t\t<a class=\"elementor-button elementor-button-link elementor-size-sm\" href=\"https:\/\/calendly.com\/ecolesetsuko\/30-minute-student-interview-fr\" target=\"_blank\" rel=\"noopener\">\n\t\t\t\t\t\t<span class=\"elementor-button-content-wrapper\">\n\t\t\t\t\t\t\t\t\t<span class=\"elementor-button-text\">Pour plus d'informations, adressez-vous \u00e0 un conseiller \u00e9tudiant.<\/span>\n\t\t\t\t\t<\/span>\n\t\t\t\t\t<\/a>\n\t\t\t\t<\/div>\n\t\t\t\t\t\t\t\t<\/div>\n\t\t\t\t<\/div>\n\t\t\t\t<div class=\"elementor-element elementor-element-4b6a801 elementor-widget elementor-widget-text-editor\" data-id=\"4b6a801\" data-element_type=\"widget\" data-e-type=\"widget\" data-widget_type=\"text-editor.default\">\n\t\t\t\t<div class=\"elementor-widget-container\">\n\t\t\t\t\t\t\t\t\t<h2 class=\"product_title entry-title elementor-heading-title elementor-size-default\">Ateliers de Th\u00e9rapie Myofasciale Structurale\u00ae<\/h2><h3><a href=\"https:\/\/setsuko.ca\/fr\/produit\/therapie-myofasciale-structurale-smft-niveau-1-connexion-avec-les-fascias-copy\/\">Niveau 1 \u2013 D\u00e9couvrir le fascia<\/a><\/h3><p>Commencez votre parcours dans la Th\u00e9rapie Myofasciale Strucutrale\u00ae avec cette introduction pratique et compl\u00e8te au travail bas\u00e9 sur les fascias. Ce cours enseigne les techniques fondamentales de la SMFT\u00ae et la pratique essentielle de la conscience somatique posturale (PSA). Vous apprendrez \u00e0 \u00e9valuer les mouvements et la posture, \u00e0 am\u00e9liorer la plasticit\u00e9 des tissus et \u00e0 appliquer des protocoles myofasciaux efficaces qui favorisent la sant\u00e9 structurelle de vos clients.  <\/p><p>Vous apprendrez :<\/p><ul><li>Techniques myofasciales pour tout le corps<\/li><li>CPS et lecture corporelle<\/li><li>Anatomie et pathologies fasciales<\/li><li>Man\u0153uvres parasympathiques et m\u00e9canique corporelle du th\u00e9rapeute<\/li><\/ul><h4>Dates et lieux :<\/h4><p><strong>Dorval <\/strong>: du 21 au 23 f\u00e9vrier 2026<br><strong>NDG <\/strong>: du 27 au 29 avril 2026<br><strong>Dur\u00e9e <\/strong>: 3 jours | 8 heures par jour<\/p><p><strong>Frais de scolarit\u00e9<\/strong> : 950 $<\/p><p>Pr\u00e9requis : au moins 1 an d&#8217;exp\u00e9rience professionnelle<\/p><h3><a href=\"https:\/\/setsuko.ca\/fr\/produit\/introduction-a-la-structural-myofascial-therapy-smft-copy-2\/\">Niveau 2 \u2013 Developper la sp\u00e9cificit\u00e9<\/a><\/h3><p>Apr\u00e8s avoir termin\u00e9 le niveau I<\/p><p><span style=\"font-weight: 400;\">Ce deuxi\u00e8me niveau s&#8217;appuie sur les bases acquises au niveau 1 et affine votre pr\u00e9cision clinique. Vous apprendrez des man\u0153uvres cibl\u00e9es pour le dos, les hanches, les jambes, les pieds et les zones centrales de la r\u00e9gion pelvienne, y compris les techniques psoas. Ce cours comprend \u00e9galement l&#8217;\u00e9quilibrage dural, le PSA avanc\u00e9 et des strat\u00e9gies bas\u00e9es sur la force qui favorisent l&#8217;int\u00e9grit\u00e9 posturale.  <\/span><\/p><p>Vous apprendrez :<\/p><ul><li>Techniques pour les jambes arri\u00e8re, les hanches, le psoas<\/li><li>\u00c9quilibrage dural<\/li><li>Recherches actuelles, anatomie fasciale avanc\u00e9e et pathologies fasciales<\/li><li>Lecture corporelle avanc\u00e9e et PSA<\/li><li>Man\u0153uvres sp\u00e9cifiques pour stabiliser et soutenir la structure<\/li><\/ul><h4>Date et lieu :<\/h4><p><strong>Dorval <\/strong>: du 12 au 14 septembre 2026<br><strong>Dur\u00e9e <\/strong>: 3 jours | 8 heures\/jour<\/p><p><strong>Frais de scolarit\u00e9<\/strong> : 950 $<\/p><p><strong>Pr\u00e9requis<\/strong> : avoir suivi le cours SMFT\u00ae niveau 1<\/p><h3><a href=\"https:\/\/setsuko.ca\/fr\/produit\/structural-myofascial-therapy-smft-level-2-creating-specificity-copy\/\">Niveau 3 \u2013 En profondeur<\/a><\/h3><p>Apr\u00e8s les niveaux I et II<\/p><p><span style=\"font-weight: 400;\">Dans le dernier niveau de la s\u00e9rie SMFT\u00ae, vous explorerez les couches plus profondes des relations entre les fascias et les articulations, la respiration et la connectivit\u00e9 intercostale, les techniques avanc\u00e9es en position couch\u00e9e sur le c\u00f4t\u00e9, les approches intra-orales pour les probl\u00e8mes d&#8217;ATM et les techniques externes du plancher pelvien. Ce cours intensif s&#8217;adresse aux praticiens qui souhaitent am\u00e9liorer leur pratique et offrir des soins sp\u00e9cialis\u00e9s bas\u00e9s sur la connaissance des fascias. <\/span><\/p><h4>Date et lieu :<\/h4><p><strong>Dorval <\/strong>: du 21 au 23 novembre 2026<br><strong>Dur\u00e9e <\/strong>: 3 jours | 8 heures par jour<\/p><p><strong>Frais de scolarit\u00e9<\/strong> : 950 $<\/p><p><strong>Pr\u00e9requis <\/strong>: avoir suivi les niveaux 1 et 2 du programme SMFT\u00ae.<\/p><h2>Programme de certification en Th\u00e9rapie Myofasciale Strucutrale\u00ae<\/h2><p><b>Comprend <\/b>: <span style=\"font-weight: 400;\">Niveau 1, Niveau 2 et Niveau 3<\/span><br><b>Prix du forfait :<\/b> <b>2 550 $<\/b> <span style=\"font-weight: 400;\">(\u00e9conomisez 300 $ par rapport \u00e0 enregistrer pour les trois niveaux)<\/span><\/p><p><b>Dates du certificat :<\/b><b><br><\/b><span style=\"font-weight: 400;\"> Niveau 1 \u2013 21-23 f\u00e9vrier 2026 (Dorval) ou 27-29 avril 2026 (NDG)<\/span><span style=\"font-weight: 400;\"><br><\/span> <span style=\"font-weight: 400;\">Niveau 2 \u2013 12-14 septembre 2026<\/span> (<i>Dorval<\/i><span style=\"font-weight: 400;\">)<\/span><span style=\"font-weight: 400;\"><br><\/span> Niveau 3 \u2013 21-23 novembre 2026 (Dorval)<\/p><p><span style=\"font-weight: 400;\">Inscrivez-vous au programme complet de certification en Th\u00e9rapie Myofasciale Strucutrale\u00ae et \u00e9tudiez avec BetsyAnn Baron dans cette s\u00e9rie approfondie. Apprenez \u00e0 int\u00e9grer les techniques myofasciales profondes \u00e0 l&#8217;\u00e9valuation posturale, \u00e0 la lecture corporelle et aux approches th\u00e9rapeutiques avanc\u00e9es. Cette certification est id\u00e9ale pour les th\u00e9rapeutes manuels pr\u00eats \u00e0 approfondir leurs comp\u00e9tences et \u00e0 traiter le corps comme un syst\u00e8me fascial dynamique.  <\/span><\/p><p><b>Vous obtiendrez votre dipl\u00f4me avec :<\/b><\/p><ul><li style=\"font-weight: 400;\" aria-level=\"1\"><span style=\"font-weight: 400;\">Confiance dans l&#8217;utilisation de la th\u00e9rapie manuelle avanc\u00e9e bas\u00e9e sur les fascias<\/span><span style=\"font-weight: 400;\"><br><\/span><\/li><li style=\"font-weight: 400;\" aria-level=\"1\"><span style=\"font-weight: 400;\">Comp\u00e9tences pour \u00e9valuer la posture, la respiration et les mouvements \u00e0 l&#8217;aide du PSA<\/span><span style=\"font-weight: 400;\"><br><\/span><\/li><li style=\"font-weight: 400;\" aria-level=\"1\"><span style=\"font-weight: 400;\">Une bo\u00eete \u00e0 outils compl\u00e8te pour rem\u00e9dier aux d\u00e9s\u00e9quilibres structurels, aux probl\u00e8mes chroniques et aux probl\u00e8mes de performance.<br><\/span><span style=\"font-weight: 400;\"><br><\/span><\/li><\/ul><h3><b>Certification <\/b>: <span style=\"font-weight: 400;\">Reconnue au Canada et aux \u00c9tats-Unis.<\/span><\/h3>\t\t\t\t\t\t\t\t<\/div>\n\t\t\t\t<\/div>\n\t\t\t\t\t<\/div>\n\t\t\t\t<\/div>\n\t\t<div class=\"elementor-element elementor-element-25c22e8 e-flex e-con-boxed e-con e-parent\" data-id=\"25c22e8\" data-element_type=\"container\" data-e-type=\"container\">\n\t\t\t\t\t<div class=\"e-con-inner\">\n\t\t\t\t<div class=\"elementor-element elementor-element-4c61a28 elementor-cta--skin-classic elementor-animated-content elementor-bg-transform elementor-bg-transform-zoom-in elementor-widget elementor-widget-call-to-action\" data-id=\"4c61a28\" data-element_type=\"widget\" data-e-type=\"widget\" data-widget_type=\"call-to-action.default\">\n\t\t\t\t<div class=\"elementor-widget-container\">\n\t\t\t\t\t\t\t<div class=\"elementor-cta\">\n\t\t\t\t\t\t\t<div class=\"elementor-cta__content\">\n\t\t\t\t\n\t\t\t\t\t\t\t\t\t<h2 class=\"elementor-cta__title elementor-cta__content-item elementor-content-item\">\n\t\t\t\t\t\tCommencez votre certification\t\t\t\t\t<\/h2>\n\t\t\t\t\n\t\t\t\t\n\t\t\t\t\t\t\t\t\t<div class=\"elementor-cta__button-wrapper elementor-cta__content-item elementor-content-item \">\n\t\t\t\t\t<a class=\"elementor-cta__button elementor-button elementor-size-lg\" href=\"https:\/\/setsuko.ca\/fr\/page-de-paiement\/?add-to-cart=12406\">\n\t\t\t\t\t\tEnregistrez-vous au programme de certification en Th\u00e9rapie Myofasciale Strucutrale\u00ae\t\t\t\t\t<\/a>\n\t\t\t\t\t<\/div>\n\t\t\t\t\t\t\t<\/div>\n\t\t\t\t\t\t<\/div>\n\t\t\t\t\t\t<\/div>\n\t\t\t\t<\/div>\n\t\t\t\t\t<\/div>\n\t\t\t\t<\/div>\n\t\t\t\t<\/div>\n\t\t","protected":false},"excerpt":{"rendered":"<p>Programme de certificat en Th\u00e9rapie Myofasciale Structurale\u00ae Enregistrez-vous d\u00e8s maintenant Qu&#8217;est-ce que la Th\u00e9rapie Myofasciale Structurale\u00ae ? La Th\u00e9rapie Myofasciale Structurale\u00ae est une technique de travail corporel manuel ax\u00e9e sur la lib\u00e9ration des restrictions dans le fascia\u2014le tissu conjonctif qui entoure les muscles, les os et les organes. En traitant les d\u00e9s\u00e9quilibres dans la structure [&hellip;]<\/p>\n","protected":false},"author":1,"featured_media":12417,"parent":10677,"menu_order":0,"comment_status":"closed","ping_status":"closed","template":"","meta":{"_acf_changed":false,"footnotes":""},"class_list":["post-12424","page","type-page","status-publish","has-post-thumbnail","hentry"],"acf":[],"_links":{"self":[{"href":"https:\/\/setsuko.ca\/fr\/wp-json\/wp\/v2\/pages\/12424","targetHints":{"allow":["GET"]}}],"collection":[{"href":"https:\/\/setsuko.ca\/fr\/wp-json\/wp\/v2\/pages"}],"about":[{"href":"https:\/\/setsuko.ca\/fr\/wp-json\/wp\/v2\/types\/page"}],"author":[{"embeddable":true,"href":"https:\/\/setsuko.ca\/fr\/wp-json\/wp\/v2\/users\/1"}],"replies":[{"embeddable":true,"href":"https:\/\/setsuko.ca\/fr\/wp-json\/wp\/v2\/comments?post=12424"}],"version-history":[{"count":8,"href":"https:\/\/setsuko.ca\/fr\/wp-json\/wp\/v2\/pages\/12424\/revisions"}],"predecessor-version":[{"id":15912,"href":"https:\/\/setsuko.ca\/fr\/wp-json\/wp\/v2\/pages\/12424\/revisions\/15912"}],"up":[{"embeddable":true,"href":"https:\/\/setsuko.ca\/fr\/wp-json\/wp\/v2\/pages\/10677"}],"wp:featuredmedia":[{"embeddable":true,"href":"https:\/\/setsuko.ca\/fr\/wp-json\/wp\/v2\/media\/12417"}],"wp:attachment":[{"href":"https:\/\/setsuko.ca\/fr\/wp-json\/wp\/v2\/media?parent=12424"}],"curies":[{"name":"wp","href":"https:\/\/api.w.org\/{rel}","templated":true}]}}