{"id":13080,"date":"2025-09-21T08:43:53","date_gmt":"2025-09-21T12:43:53","guid":{"rendered":"https:\/\/setsuko.ca\/400-heures-minimum-massotherapie-ou-travail-corporel\/"},"modified":"2025-09-21T08:49:35","modified_gmt":"2025-09-21T12:49:35","slug":"400-heures-minimum-massotherapie-ou-travail-corporel","status":"publish","type":"page","link":"https:\/\/setsuko.ca\/fr\/ecole\/400-heures-minimum-massotherapie-ou-travail-corporel\/","title":{"rendered":"400 heures minimum (massoth\u00e9rapie ou travail corporel)"},"content":{"rendered":"\t\t<div data-elementor-type=\"wp-page\" data-elementor-id=\"13080\" class=\"elementor elementor-13080 elementor-13072\" data-elementor-post-type=\"page\">\n\t\t\t\t<div class=\"elementor-element elementor-element-87008d9 e-flex e-con-boxed e-con e-parent\" data-id=\"87008d9\" data-element_type=\"container\" data-e-type=\"container\">\n\t\t\t\t\t<div class=\"e-con-inner\">\n\t\t\t\t<div class=\"elementor-element elementor-element-f18325a elementor-widget elementor-widget-text-editor\" data-id=\"f18325a\" data-element_type=\"widget\" data-e-type=\"widget\" data-widget_type=\"text-editor.default\">\n\t\t\t\t<div class=\"elementor-widget-container\">\n\t\t\t\t\t\t\t\t\t<p>Certains cours avanc\u00e9s requi\u00e8rent un nombre minimum d&#8217;heures de massage ou de travail corporel pour pouvoir s&#8217;inscrire \u00e0 ces cours.<\/p><p>Si vous souhaitez suivre l&#8217;un de ces cours, voici quelques moyens d&#8217;obtenir le nombre minimum d&#8217;heures requis :<\/p><ul><li><a href=\"https:\/\/setsuko.ca\/fr\/ecole\/diplomes\/diplome-de-massage-suedois-400-heures\/\"><b>Programme su\u00e9dois de 400 heures pour l&#8217;obtention d&#8217;un dipl\u00f4me<\/b><\/a><\/li><li> <\/li><\/ul><p>Vous n&#8217;\u00eates pas s\u00fbr de ce que vous devez faire ? Vous souhaitez obtenir des conseils d&#8217;experts sur la mani\u00e8re d&#8217;obtenir une certification ? Adressez-vous \u00e0 l&#8217;un de nos conseillers \u00e9tudiants. C&#8217;est gratuit !    <a title=\"Parler avec un conseiller \u00e9tudiant\" href=\"https:\/\/calendly.com\/ecolesetsuko\/30min\" target=\"_blank\" rel=\"noopener\">Planifiez votre appel en cliquant sur ce lien.<\/a><\/p>\t\t\t\t\t\t\t\t<\/div>\n\t\t\t\t<\/div>\n\t\t\t\t\t<\/div>\n\t\t\t\t<\/div>\n\t\t\t\t<\/div>\n\t\t","protected":false},"excerpt":{"rendered":"<p>Certains cours avanc\u00e9s requi\u00e8rent un nombre minimum d&#8217;heures de massage ou de travail corporel pour pouvoir s&#8217;inscrire \u00e0 ces cours. Si vous souhaitez suivre l&#8217;un de ces cours, voici quelques moyens d&#8217;obtenir le nombre minimum d&#8217;heures requis : Programme su\u00e9dois de 400 heures pour l&#8217;obtention d&#8217;un dipl\u00f4me Vous n&#8217;\u00eates pas s\u00fbr de ce que vous [&hellip;]<\/p>\n","protected":false},"author":1,"featured_media":0,"parent":10677,"menu_order":0,"comment_status":"closed","ping_status":"closed","template":"","meta":{"_acf_changed":false,"footnotes":""},"class_list":["post-13080","page","type-page","status-publish","hentry"],"acf":[],"_links":{"self":[{"href":"https:\/\/setsuko.ca\/fr\/wp-json\/wp\/v2\/pages\/13080","targetHints":{"allow":["GET"]}}],"collection":[{"href":"https:\/\/setsuko.ca\/fr\/wp-json\/wp\/v2\/pages"}],"about":[{"href":"https:\/\/setsuko.ca\/fr\/wp-json\/wp\/v2\/types\/page"}],"author":[{"embeddable":true,"href":"https:\/\/setsuko.ca\/fr\/wp-json\/wp\/v2\/users\/1"}],"replies":[{"embeddable":true,"href":"https:\/\/setsuko.ca\/fr\/wp-json\/wp\/v2\/comments?post=13080"}],"version-history":[{"count":1,"href":"https:\/\/setsuko.ca\/fr\/wp-json\/wp\/v2\/pages\/13080\/revisions"}],"predecessor-version":[{"id":13081,"href":"https:\/\/setsuko.ca\/fr\/wp-json\/wp\/v2\/pages\/13080\/revisions\/13081"}],"up":[{"embeddable":true,"href":"https:\/\/setsuko.ca\/fr\/wp-json\/wp\/v2\/pages\/10677"}],"wp:attachment":[{"href":"https:\/\/setsuko.ca\/fr\/wp-json\/wp\/v2\/media?parent=13080"}],"curies":[{"name":"wp","href":"https:\/\/api.w.org\/{rel}","templated":true}]}}