{"id":15006,"date":"2025-03-12T13:51:18","date_gmt":"2025-03-12T17:51:18","guid":{"rendered":"https:\/\/setsuko.ca\/ecole\/cours\/competences-sarga-avec-tracey-windmill\/"},"modified":"2026-02-10T14:45:35","modified_gmt":"2026-02-10T19:45:35","slug":"competences-sarga-avec-tracey-windmill","status":"publish","type":"page","link":"https:\/\/setsuko.ca\/fr\/ecole\/cours\/competences-sarga-avec-tracey-windmill\/","title":{"rendered":"Comp\u00e9tences Sarga avec Tracey Windmill"},"content":{"rendered":"\t\t<div data-elementor-type=\"wp-page\" data-elementor-id=\"15006\" class=\"elementor elementor-15006 elementor-11357\" data-elementor-post-type=\"page\">\n\t\t\t\t<div class=\"elementor-element elementor-element-77c29e3 e-flex e-con-boxed e-con e-parent\" data-id=\"77c29e3\" data-element_type=\"container\" data-e-type=\"container\">\n\t\t\t\t\t<div class=\"e-con-inner\">\n\t\t\t\t<div class=\"elementor-element elementor-element-c0f7ae4 elementor-align-center elementor-widget elementor-widget-button\" data-id=\"c0f7ae4\" data-element_type=\"widget\" data-e-type=\"widget\" data-widget_type=\"button.default\">\n\t\t\t\t<div class=\"elementor-widget-container\">\n\t\t\t\t\t\t\t\t\t<div class=\"elementor-button-wrapper\">\n\t\t\t\t\t<a class=\"elementor-button elementor-button-link elementor-size-sm\" href=\"https:\/\/bookeo.com\/transformationaltouch?type=41551ELYHJC19273CA9F1C\" target=\"_blank\" rel=\"noopener\">\n\t\t\t\t\t\t<span class=\"elementor-button-content-wrapper\">\n\t\t\t\t\t\t\t\t\t<span class=\"elementor-button-text\">INSCRIVEZ-VOUS MAINTENANT&nbsp;: CODE PROMO MONTREAL20<\/span>\n\t\t\t\t\t<\/span>\n\t\t\t\t\t<\/a>\n\t\t\t\t<\/div>\n\t\t\t\t\t\t\t\t<\/div>\n\t\t\t\t<\/div>\n\t\t\t\t<div class=\"elementor-element elementor-element-929f520 elementor-widget elementor-widget-text-editor\" data-id=\"929f520\" data-element_type=\"widget\" data-e-type=\"widget\" data-widget_type=\"text-editor.default\">\n\t\t\t\t<div class=\"elementor-widget-container\">\n\t\t\t\t\t\t\t\t\t<p><span style=\"font-weight: 400;\">Sarga Silks est un cours offert aux massoth\u00e9rapeutes agr\u00e9\u00e9s afin d\u2019ajouter une modalit\u00e9 unique \u00e0 leur pratique en utilisant une soie (un morceau de tissu de 1,4&nbsp;m sur 3,7&nbsp;m) qui peut \u00eatre int\u00e9gr\u00e9e \u00e0 un tapis de sol ou \u00e0 une routine de table de massage. <\/span><\/p><p><span style=\"font-weight: 400;\">Bas\u00e9 librement sur la modalit\u00e9 de massage tha\u00eflandais, qui utilise le Pa Kao Ma, un tissu traditionnel qui aide \u00e0 \u00e9tirer les muscles et les articulations, Sarga Silks int\u00e8gre l\u2019utilisation de la soie\/du tissu pour \u00e9tirer des parties sp\u00e9cifiques du corps.<\/span><\/p><p><span style=\"font-weight: 400;\">Les \u00e9tudiants apprendront \u00e0 appliquer les soies en les enroulant autour du corps, comme le cou, les bras ou les jambes, puis en appliquant une traction et un soul\u00e8vement lents et doux. Cet \u00e9tirement sp\u00e9cialis\u00e9 cible les couches de tissu conjonctif dans le but de r\u00e9duire la douleur, de restaurer la mobilit\u00e9 et d\u2019am\u00e9liorer les capacit\u00e9s naturelles de gu\u00e9rison du corps.  <\/span><\/p><p><span style=\"font-weight: 400;\">En plus de l\u2019application de la soie, un balancement doux est \u00e9galement introduit, ce qui peut produire un effet calmant en activant le syst\u00e8me nerveux parasympathique. Ce syst\u00e8me contrecarre le stress et l\u2019anxi\u00e9t\u00e9 en favorisant la relaxation et permet \u00e9galement la lib\u00e9ration musculaire. <\/span><\/p><p><span style=\"font-weight: 400;\">Cette technique peut \u00eatre utilis\u00e9e lors de s\u00e9ances de travail corporel pour r\u00e9duire les douleurs au dos, au cou et aux \u00e9paules, les probl\u00e8mes de hanche, de genou et d\u2019autres articulations, ainsi que les tensions dans les principaux groupes musculaires.<\/span><\/p><p><span style=\"font-weight: 400;\"> Dans le cadre du cours, les th\u00e9rapeutes apprennent \u00e0 se positionner lors de l\u2019application de la soie et \u00e0 ajouter un \u00e9tirement sans effort suppl\u00e9mentaire.<\/span><\/p><p><span style=\"font-weight: 400;\">Le cours Sarga Silks permettra aux \u00e9tudiants de conna\u00eetre l\u2019efficacit\u00e9 de l\u2019application des techniques de la soie.<\/span><\/p><p><strong>O\u00f9&nbsp;?<\/strong> L\u2019\u00e9cole Setsuko a gracieusement offert d\u2019accueillir l\u2019atelier \u00e0 l\u2019un de ses 2&nbsp;emplacements. \u00c9COLE SETSUKO&nbsp;| DORVAL 1564, ch. Herron, suite&nbsp;208, Dorval H9S&nbsp;1B7 <\/p><p><strong>Quand&nbsp;?<\/strong> Les 7 et 8&nbsp;avril&nbsp;2025 de 10&nbsp;h \u00e0 17&nbsp;h.<\/p><p><strong>Comment&nbsp;?<\/strong> Vous pouvez vous inscrire en cliquant sur ce lien,<\/p><p><strong><a href=\"https:\/\/bookeo.com\/transformationaltouch?type=41551ELYHJC19273CA9F1C\" target=\"_blank\" rel=\"noopener\">Art of Transformational Touch \u2013 R\u00e9servation (bookeo.com)<\/a><\/strong><\/p><h2><strong>Le code promotionnel est Montreal20, qui offre une r\u00e9duction de 20&nbsp;% lors de l\u2019inscription<\/strong><\/h2>\t\t\t\t\t\t\t\t<\/div>\n\t\t\t\t<\/div>\n\t\t\t\t\t<\/div>\n\t\t\t\t<\/div>\n\t\t<div class=\"elementor-element elementor-element-f6475c4 e-flex e-con-boxed e-con e-parent\" data-id=\"f6475c4\" data-element_type=\"container\" data-e-type=\"container\">\n\t\t\t\t\t<div class=\"e-con-inner\">\n\t\t<div class=\"elementor-element elementor-element-a373f06 e-con-full e-flex e-con e-child\" data-id=\"a373f06\" data-element_type=\"container\" data-e-type=\"container\">\n\t\t\t\t<div class=\"elementor-element elementor-element-28cd225 elementor-widget elementor-widget-image\" data-id=\"28cd225\" data-element_type=\"widget\" data-e-type=\"widget\" data-widget_type=\"image.default\">\n\t\t\t\t<div class=\"elementor-widget-container\">\n\t\t\t\t\t\t\t\t\t\t\t\t\t\t\t<img fetchpriority=\"high\" decoding=\"async\" width=\"800\" height=\"800\" src=\"https:\/\/setsuko.b-cdn.net\/wp-content\/uploads\/2025\/03\/376251569_18062911024430796_3852686948515507661_n-1024x1024.jpg\" class=\"attachment-large size-large wp-image-11360\" alt=\"Tracey Windmill\" srcset=\"https:\/\/setsuko.b-cdn.net\/wp-content\/uploads\/2025\/03\/376251569_18062911024430796_3852686948515507661_n-1024x1024.jpg 1024w, https:\/\/setsuko.b-cdn.net\/wp-content\/uploads\/2025\/03\/376251569_18062911024430796_3852686948515507661_n-300x300.jpg 300w, https:\/\/setsuko.b-cdn.net\/wp-content\/uploads\/2025\/03\/376251569_18062911024430796_3852686948515507661_n-150x150.jpg 150w, https:\/\/setsuko.b-cdn.net\/wp-content\/uploads\/2025\/03\/376251569_18062911024430796_3852686948515507661_n-768x768.jpg 768w, https:\/\/setsuko.b-cdn.net\/wp-content\/uploads\/2025\/03\/376251569_18062911024430796_3852686948515507661_n-600x600.jpg 600w, https:\/\/setsuko.b-cdn.net\/wp-content\/uploads\/2025\/03\/376251569_18062911024430796_3852686948515507661_n-100x100.jpg 100w, https:\/\/setsuko.b-cdn.net\/wp-content\/uploads\/2025\/03\/376251569_18062911024430796_3852686948515507661_n.jpg 1080w\" sizes=\"(max-width: 800px) 100vw, 800px\" title=\"\">\t\t\t\t\t\t\t\t\t\t\t\t\t\t\t<\/div>\n\t\t\t\t<\/div>\n\t\t\t\t<\/div>\n\t\t<div class=\"elementor-element elementor-element-cbf1db3 e-con-full e-flex e-con e-child\" data-id=\"cbf1db3\" data-element_type=\"container\" data-e-type=\"container\">\n\t\t\t\t<div class=\"elementor-element elementor-element-03bb12f elementor-widget elementor-widget-text-editor\" data-id=\"03bb12f\" data-element_type=\"widget\" data-e-type=\"widget\" data-widget_type=\"text-editor.default\">\n\t\t\t\t<div class=\"elementor-widget-container\">\n\t\t\t\t\t\t\t\t\t<h2><span style=\"font-weight: 400;\">\u00c0 propos de Tracey<\/span><\/h2><p><span style=\"font-weight: 400;\">Tracey Windmill croit qu\u2019un massage exceptionnel est \u00e0 la port\u00e9e de tous les massoth\u00e9rapeutes. Elle aime inclure des mouvements et des \u00e9tirements dans toutes ses s\u00e9ances de massage avec ses clients pour une exp\u00e9rience multidimensionnelle. <\/span><\/p><p><span style=\"font-weight: 400;\">Le parcours de Tracey a commenc\u00e9 dans les arts de la gu\u00e9rison dans son pays d\u2019origine, l\u2019Australie, o\u00f9 elle a \u00e9tudi\u00e9 la m\u00e9decine naturopathique. Ce parcours a men\u00e9 \u00e0 un apprentissage continu et \u00e0 un profond d\u00e9sir de servir ses clients et de leur offrir des massages et des soins corporels transformationnels. <\/span><\/p><p><span style=\"font-weight: 400;\">En 2018, Tracey s\u2019est rendue au Danemark, o\u00f9 elle a remport\u00e9 la m\u00e9daille d\u2019argent en massage freestyle aux Championnats du monde de massage. Tracey est maintenant juge pour l\u2019Association internationale de massage lors de cet \u00e9v\u00e9nement annuel et donne une classe de ma\u00eetre. <\/span><\/p><p><span style=\"font-weight: 400;\">Tracey offre une formation continue \u00e0 d\u2019autres massoth\u00e9rapeutes agr\u00e9\u00e9s en Am\u00e9rique du Nord et en Europe. Apr\u00e8s plus de 2&nbsp;d\u00e9cennies \u00e0 donner des massages, le voyage l\u2019a men\u00e9e l\u00e0 o\u00f9 elle devait \u00eatre. Elle esp\u00e8re offrir une occasion d\u2019apprentissage et une exp\u00e9rience exceptionnelles \u00e0 tous ses \u00e9tudiants. Elle a r\u00e9cemment remport\u00e9 l\u2019or pour le freestyle occidental et le bronze pour les championnats am\u00e9ricains g\u00e9n\u00e9raux et a eu l\u2019honneur d\u2019\u00eatre intronis\u00e9e au Temple de la renomm\u00e9e de la massoth\u00e9rapie au Festival mondial du massage pour son incroyable contribution au plus beau travail au monde&nbsp;: reconnecter les gens \u00e0 la sagesse de leur corps par le biais du travail corporel et du massage.   <\/span><\/p><p>Pour <span style=\"font-weight: 400;\">plus de d\u00e9tails sur elle et son travail, consultez <\/span><a href=\"https:\/\/artoftransformationaltouch.com\/about\" target=\"_blank\" rel=\"noopener\"><span style=\"font-weight: 400;\">https:\/\/artoftransformationaltouch.com\/about-tracey<\/span><\/a><\/p>\t\t\t\t\t\t\t\t<\/div>\n\t\t\t\t<\/div>\n\t\t\t\t<\/div>\n\t\t\t\t\t<\/div>\n\t\t\t\t<\/div>\n\t\t\t\t<\/div>\n\t\t","protected":false},"excerpt":{"rendered":"<p>INSCRIVEZ-VOUS MAINTENANT&nbsp;: CODE PROMO MONTREAL20 Sarga Silks est un cours offert aux massoth\u00e9rapeutes agr\u00e9\u00e9s afin d\u2019ajouter une modalit\u00e9 unique \u00e0 leur pratique en utilisant une soie (un morceau de tissu de 1,4&nbsp;m sur 3,7&nbsp;m) qui peut \u00eatre int\u00e9gr\u00e9e \u00e0 un tapis de sol ou \u00e0 une routine de table de massage. Bas\u00e9 librement sur la [&hellip;]<\/p>\n","protected":false},"author":5,"featured_media":0,"parent":841,"menu_order":0,"comment_status":"closed","ping_status":"closed","template":"","meta":{"_acf_changed":false,"footnotes":""},"class_list":["post-15006","page","type-page","status-publish","hentry"],"acf":[],"_links":{"self":[{"href":"https:\/\/setsuko.ca\/fr\/wp-json\/wp\/v2\/pages\/15006","targetHints":{"allow":["GET"]}}],"collection":[{"href":"https:\/\/setsuko.ca\/fr\/wp-json\/wp\/v2\/pages"}],"about":[{"href":"https:\/\/setsuko.ca\/fr\/wp-json\/wp\/v2\/types\/page"}],"author":[{"embeddable":true,"href":"https:\/\/setsuko.ca\/fr\/wp-json\/wp\/v2\/users\/5"}],"replies":[{"embeddable":true,"href":"https:\/\/setsuko.ca\/fr\/wp-json\/wp\/v2\/comments?post=15006"}],"version-history":[{"count":1,"href":"https:\/\/setsuko.ca\/fr\/wp-json\/wp\/v2\/pages\/15006\/revisions"}],"predecessor-version":[{"id":15008,"href":"https:\/\/setsuko.ca\/fr\/wp-json\/wp\/v2\/pages\/15006\/revisions\/15008"}],"up":[{"embeddable":true,"href":"https:\/\/setsuko.ca\/fr\/wp-json\/wp\/v2\/pages\/841"}],"wp:attachment":[{"href":"https:\/\/setsuko.ca\/fr\/wp-json\/wp\/v2\/media?parent=15006"}],"curies":[{"name":"wp","href":"https:\/\/api.w.org\/{rel}","templated":true}]}}