{"id":15268,"date":"2026-02-25T11:36:10","date_gmt":"2026-02-25T16:36:10","guid":{"rendered":"https:\/\/setsuko.ca\/serie-feuille-de-route-vers-le-corps\/"},"modified":"2026-02-25T11:46:03","modified_gmt":"2026-02-25T16:46:03","slug":"serie-feuille-de-route-vers-le-corps","status":"publish","type":"page","link":"https:\/\/setsuko.ca\/fr\/ecole\/certificats\/serie-feuille-de-route-vers-le-corps\/","title":{"rendered":"S\u00e9rie Feuille de route vers le corps"},"content":{"rendered":"\t\t<div data-elementor-type=\"wp-page\" data-elementor-id=\"15268\" class=\"elementor elementor-15268 elementor-15262\" data-elementor-post-type=\"page\">\n\t\t\t\t<div class=\"elementor-element elementor-element-2634d4f e-flex e-con-boxed e-con e-parent\" data-id=\"2634d4f\" data-element_type=\"container\" data-e-type=\"container\" data-settings=\"{&quot;background_background&quot;:&quot;classic&quot;}\">\n\t\t\t\t\t<div class=\"e-con-inner\">\n\t\t\t\t<div class=\"elementor-element elementor-element-62ed5aa elementor-widget elementor-widget-heading\" data-id=\"62ed5aa\" data-element_type=\"widget\" data-e-type=\"widget\" data-widget_type=\"heading.default\">\n\t\t\t\t<div class=\"elementor-widget-container\">\n\t\t\t\t\t<h1 class=\"elementor-heading-title elementor-size-default\">S\u00e9rie Roadmap to the Body<\/h1>\t\t\t\t<\/div>\n\t\t\t\t<\/div>\n\t\t\t\t\t<\/div>\n\t\t\t\t<\/div>\n\t\t<div class=\"elementor-element elementor-element-d20b8b2 e-flex e-con-boxed e-con e-parent\" data-id=\"d20b8b2\" data-element_type=\"container\" data-e-type=\"container\">\n\t\t\t\t\t<div class=\"e-con-inner\">\n\t\t\t\t<div class=\"elementor-element elementor-element-5ef65d1 elementor-widget elementor-widget-text-editor\" data-id=\"5ef65d1\" data-element_type=\"widget\" data-e-type=\"widget\" data-widget_type=\"text-editor.default\">\n\t\t\t\t<div class=\"elementor-widget-container\">\n\t\t\t\t\t\t\t\t\t<p><strong>La s\u00e9rie Feuille de route vers le corps<\/strong> est une formation avanc\u00e9e pratique con\u00e7ue pour approfondir la compr\u00e9hension des syst\u00e8mes corporels par une palpation raffin\u00e9e, l&#8217;observation et le raisonnement clinique. Cette s\u00e9rie se concentre sur les comp\u00e9tences d&#8217;\u00e9coute approfondie, la visualisation, l&#8217;\u00e9valuation et la planification du traitement. <\/p><p>Vous apprendrez \u00e0 ressentir et \u00e0 reconna\u00eetre les dysfonctionnements ou les restrictions au sein des syst\u00e8mes corporels qui peuvent contribuer aux sympt\u00f4mes et aux probl\u00e8mes sous-jacents<br>\u2014 vous rapprochant ainsi de l&#8217;identification des causes profondes et vous permettant d&#8217;\u00eatre plus efficace dans vos traitements. Elle approfondit \u00e9galement vos connaissances sur les relations structurelles et fonctionnelles au sein des syst\u00e8mes corporels et de leurs r\u00e9seaux.<\/p><p>Lorsque nous prenons le temps de mieux visualiser, \u00e9tudier et comprendre l&#8217;anatomie et la physiologie, nos traitements et techniques sont plus efficaces. Nous devenons \u00e9galement plus confiants dans notre pratique clinique. <\/p><h3>Sujets :<\/h3><ul><li>Construire la cartographie du corps<\/li><li>Intersections des diaphragmes<\/li><li>Voies vasculaires<\/li><li>Voies neurales (syst\u00e8me nerveux p\u00e9riph\u00e9rique)<\/li><li>Voies et connexions du nerf vague<\/li><li>Bient\u00f4t disponible&#8230;<\/li><li>Voies de signalisation (hormones, neurotransmetteurs)<\/li><li>Voies du stress, de l&#8217;anxi\u00e9t\u00e9 et des traumatismes<\/li><li>Voies intestinales<\/li><li>Voies immunitaires<\/li><\/ul><h3>Instructeur :<\/h3><p><a href=\"https:\/\/setsuko.ca\/fr\/teacher\/tony-eng\/\">Tony Eng<\/a><\/p><h3>Pr\u00e9requis :<\/h3><p>Minimum 400 heures de base en massoth\u00e9rapie ou travail corporel<\/p><h3>Horaire :<\/h3><p><a href=\"https:\/\/setsuko.ca\/fr\/produit\/serie-roadmap-to-the-body-2026\/\">S\u00e9ance d&#8217;information gratuite : 9 mars 2026 de 19 h \u00e0 20 h<\/a><br><a href=\"https:\/\/setsuko.ca\/fr\/produit\/construire-la-cartographie-du-corps\/\">NDG : 4 et 5 avril 2026<\/a><br><a href=\"https:\/\/setsuko.ca\/fr\/produit\/construire-la-feuille-de-route-du-corps\/\">Dorval : 5 et 6 septembre 2026<\/a><\/p>\t\t\t\t\t\t\t\t<\/div>\n\t\t\t\t<\/div>\n\t\t\t\t\t<\/div>\n\t\t\t\t<\/div>\n\t\t<div class=\"elementor-element elementor-element-c54599b e-flex e-con-boxed e-con e-parent\" data-id=\"c54599b\" data-element_type=\"container\" data-e-type=\"container\">\n\t\t\t\t\t<div class=\"e-con-inner\">\n\t\t<div class=\"elementor-element elementor-element-2e9e4a0 e-con-full e-flex e-con e-child\" data-id=\"2e9e4a0\" data-element_type=\"container\" data-e-type=\"container\">\n\t\t\t\t<div class=\"elementor-element elementor-element-5e4644b elementor-view-default elementor-position-block-start elementor-mobile-position-block-start elementor-widget elementor-widget-icon-box\" data-id=\"5e4644b\" data-element_type=\"widget\" data-e-type=\"widget\" data-widget_type=\"icon-box.default\">\n\t\t\t\t<div class=\"elementor-widget-container\">\n\t\t\t\t\t\t\t<div class=\"elementor-icon-box-wrapper\">\n\n\t\t\t\t\t\t<div class=\"elementor-icon-box-icon\">\n\t\t\t\t<a href=\"https:\/\/setsuko.ca\/fr\/page-de-paiement\/?add-to-cart=15122\" class=\"elementor-icon\" tabindex=\"-1\" aria-label=\"S&#039;inscrire \u00e0 NDG\">\n\t\t\t\t<i aria-hidden=\"true\" class=\"fas fa-pencil-alt\"><\/i>\t\t\t\t<\/a>\n\t\t\t<\/div>\n\t\t\t\n\t\t\t\t\t\t<div class=\"elementor-icon-box-content\">\n\n\t\t\t\t\t\t\t\t\t<h3 class=\"elementor-icon-box-title\">\n\t\t\t\t\t\t<a href=\"https:\/\/setsuko.ca\/fr\/page-de-paiement\/?add-to-cart=15122\" >\n\t\t\t\t\t\t\tS'inscrire \u00e0 NDG\t\t\t\t\t\t<\/a>\n\t\t\t\t\t<\/h3>\n\t\t\t\t\n\t\t\t\t\n\t\t\t<\/div>\n\t\t\t\n\t\t<\/div>\n\t\t\t\t\t\t<\/div>\n\t\t\t\t<\/div>\n\t\t\t\t<\/div>\n\t\t<div class=\"elementor-element elementor-element-863ceeb e-con-full e-flex e-con e-child\" data-id=\"863ceeb\" data-element_type=\"container\" data-e-type=\"container\">\n\t\t\t\t<div class=\"elementor-element elementor-element-4756753 elementor-view-default elementor-position-block-start elementor-mobile-position-block-start elementor-widget elementor-widget-icon-box\" data-id=\"4756753\" data-element_type=\"widget\" data-e-type=\"widget\" data-widget_type=\"icon-box.default\">\n\t\t\t\t<div class=\"elementor-widget-container\">\n\t\t\t\t\t\t\t<div class=\"elementor-icon-box-wrapper\">\n\n\t\t\t\t\t\t<div class=\"elementor-icon-box-icon\">\n\t\t\t\t<a href=\"https:\/\/setsuko.ca\/fr\/page-de-paiement\/?add-to-cart=15125\" class=\"elementor-icon\" tabindex=\"-1\" aria-label=\"S&#039;inscrire \u00e0 Dorval\">\n\t\t\t\t<i aria-hidden=\"true\" class=\"fas fa-pencil-alt\"><\/i>\t\t\t\t<\/a>\n\t\t\t<\/div>\n\t\t\t\n\t\t\t\t\t\t<div class=\"elementor-icon-box-content\">\n\n\t\t\t\t\t\t\t\t\t<h3 class=\"elementor-icon-box-title\">\n\t\t\t\t\t\t<a href=\"https:\/\/setsuko.ca\/fr\/page-de-paiement\/?add-to-cart=15125\" >\n\t\t\t\t\t\t\tS'inscrire \u00e0 Dorval\t\t\t\t\t\t<\/a>\n\t\t\t\t\t<\/h3>\n\t\t\t\t\n\t\t\t\t\n\t\t\t<\/div>\n\t\t\t\n\t\t<\/div>\n\t\t\t\t\t\t<\/div>\n\t\t\t\t<\/div>\n\t\t\t\t<\/div>\n\t\t\t\t\t<\/div>\n\t\t\t\t<\/div>\n\t\t\t\t<\/div>\n\t\t","protected":false},"excerpt":{"rendered":"<p>S\u00e9rie Roadmap to the Body La s\u00e9rie Feuille de route vers le corps est une formation avanc\u00e9e pratique con\u00e7ue pour approfondir la compr\u00e9hension des syst\u00e8mes corporels par une palpation raffin\u00e9e, l&#8217;observation et le raisonnement clinique. Cette s\u00e9rie se concentre sur les comp\u00e9tences d&#8217;\u00e9coute approfondie, la visualisation, l&#8217;\u00e9valuation et la planification du traitement. Vous apprendrez \u00e0 [&hellip;]<\/p>\n","protected":false},"author":1,"featured_media":15269,"parent":829,"menu_order":0,"comment_status":"closed","ping_status":"closed","template":"","meta":{"_acf_changed":false,"footnotes":""},"class_list":["post-15268","page","type-page","status-publish","has-post-thumbnail","hentry"],"acf":[],"_links":{"self":[{"href":"https:\/\/setsuko.ca\/fr\/wp-json\/wp\/v2\/pages\/15268","targetHints":{"allow":["GET"]}}],"collection":[{"href":"https:\/\/setsuko.ca\/fr\/wp-json\/wp\/v2\/pages"}],"about":[{"href":"https:\/\/setsuko.ca\/fr\/wp-json\/wp\/v2\/types\/page"}],"author":[{"embeddable":true,"href":"https:\/\/setsuko.ca\/fr\/wp-json\/wp\/v2\/users\/1"}],"replies":[{"embeddable":true,"href":"https:\/\/setsuko.ca\/fr\/wp-json\/wp\/v2\/comments?post=15268"}],"version-history":[{"count":2,"href":"https:\/\/setsuko.ca\/fr\/wp-json\/wp\/v2\/pages\/15268\/revisions"}],"predecessor-version":[{"id":15274,"href":"https:\/\/setsuko.ca\/fr\/wp-json\/wp\/v2\/pages\/15268\/revisions\/15274"}],"up":[{"embeddable":true,"href":"https:\/\/setsuko.ca\/fr\/wp-json\/wp\/v2\/pages\/829"}],"wp:featuredmedia":[{"embeddable":true,"href":"https:\/\/setsuko.ca\/fr\/wp-json\/wp\/v2\/media\/15269"}],"wp:attachment":[{"href":"https:\/\/setsuko.ca\/fr\/wp-json\/wp\/v2\/media?parent=15268"}],"curies":[{"name":"wp","href":"https:\/\/api.w.org\/{rel}","templated":true}]}}