{"id":5087,"date":"2023-08-11T03:38:30","date_gmt":"2023-08-11T07:38:30","guid":{"rendered":"https:\/\/ecolesetsuko.ca\/diplome-de-cranio-sacre\/"},"modified":"2026-03-02T16:46:54","modified_gmt":"2026-03-02T21:46:54","slug":"diplome-de-cranio-sacre","status":"publish","type":"page","link":"https:\/\/setsuko.ca\/fr\/ecole\/diplome-de-cranio-sacre\/","title":{"rendered":"Th\u00e9rapie craniosacr\u00e9e"},"content":{"rendered":"\t\t<div data-elementor-type=\"wp-page\" data-elementor-id=\"5087\" class=\"elementor elementor-5087 elementor-4577\" data-elementor-post-type=\"page\">\n\t\t\t\t<div class=\"elementor-element elementor-element-06b4ef1 e-flex e-con-boxed e-con e-parent\" data-id=\"06b4ef1\" data-element_type=\"container\" data-e-type=\"container\" data-settings=\"{&quot;background_background&quot;:&quot;classic&quot;}\">\n\t\t\t\t\t<div class=\"e-con-inner\">\n\t\t\t\t<div class=\"elementor-element elementor-element-f4fa0ca elementor-widget elementor-widget-heading\" data-id=\"f4fa0ca\" data-element_type=\"widget\" data-e-type=\"widget\" data-widget_type=\"heading.default\">\n\t\t\t\t<div class=\"elementor-widget-container\">\n\t\t\t\t\t<h1 class=\"elementor-heading-title elementor-size-default\">Craniosacral and Fascia System Approaches<\/h1>\t\t\t\t<\/div>\n\t\t\t\t<\/div>\n\t\t\t\t<div class=\"elementor-element elementor-element-95516c7 elementor-align-right elementor-widget elementor-widget-button\" data-id=\"95516c7\" data-element_type=\"widget\" data-e-type=\"widget\" data-widget_type=\"button.default\">\n\t\t\t\t<div class=\"elementor-widget-container\">\n\t\t\t\t\t\t\t\t\t<div class=\"elementor-button-wrapper\">\n\t\t\t\t\t<a class=\"elementor-button elementor-button-link elementor-size-sm\" href=\"https:\/\/setsuko.ca\/fr\/page-de-paiement\/?add-to-cart=11809\">\n\t\t\t\t\t\t<span class=\"elementor-button-content-wrapper\">\n\t\t\t\t\t\t\t\t\t<span class=\"elementor-button-text\">Enregistrez-vous d\u00e8s maintenant<\/span>\n\t\t\t\t\t<\/span>\n\t\t\t\t\t<\/a>\n\t\t\t\t<\/div>\n\t\t\t\t\t\t\t\t<\/div>\n\t\t\t\t<\/div>\n\t\t\t\t\t<\/div>\n\t\t\t\t<\/div>\n\t\t<div class=\"elementor-element elementor-element-ace8b32 e-flex e-con-boxed e-con e-parent\" data-id=\"ace8b32\" data-element_type=\"container\" data-e-type=\"container\">\n\t\t\t\t\t<div class=\"e-con-inner\">\n\t\t\t\t<div class=\"elementor-element elementor-element-74d3dfb elementor-widget elementor-widget-text-editor\" data-id=\"74d3dfb\" data-element_type=\"widget\" data-e-type=\"widget\" data-widget_type=\"text-editor.default\">\n\t\t\t\t<div class=\"elementor-widget-container\">\n\t\t\t\t\t\t\t\t\t<h2>Qu&#8217;est-ce que la th\u00e9rapie du syst\u00e8me craniosacr\u00e9 et fascial ?<\/h2><p>La th\u00e9rapie du syst\u00e8me craniosacr\u00e9 est une approche douce et manuelle qui travaille avec le syst\u00e8me craniosacr\u00e9 du corps \u2014 compos\u00e9 des membranes et du liquide c\u00e9phalorachidien entourant le cerveau et la moelle \u00e9pini\u00e8re \u2014 pour lib\u00e9rer les tensions, soutenir le syst\u00e8me nerveux et r\u00e9tablir l&#8217;\u00e9quilibre dans tout le corps. La th\u00e9rapie du syst\u00e8me fascial travaille avec le tissu conjonctif qui enveloppe toutes les structures comme les organes, les vaisseaux sanguins, les os, les nerfs et l&#8217;ensemble du syst\u00e8me craniosacr\u00e9 qui assure soutien et stabilit\u00e9. Pour les massoth\u00e9rapeutes certifi\u00e9s, cela offre un compl\u00e9ment puissant aux techniques traditionnelles, vous permettant de traiter la douleur chronique, le stress, les traumatismes et la sant\u00e9 \u00e9motionnelle \u00e0 un niveau plus profond. Les approches craniosacr\u00e9e et fasciale \u00e9largissent non seulement votre ensemble de comp\u00e9tences, mais ouvrent \u00e9galement de nouvelles possibilit\u00e9s th\u00e9rapeutiques pour les clients recherchant une approche de gu\u00e9rison plus holistique et int\u00e9grative.   <\/p>\t\t\t\t\t\t\t\t<\/div>\n\t\t\t\t<\/div>\n\t\t\t\t<div class=\"elementor-element elementor-element-858cf6a elementor-align-right elementor-widget elementor-widget-button\" data-id=\"858cf6a\" data-element_type=\"widget\" data-e-type=\"widget\" data-widget_type=\"button.default\">\n\t\t\t\t<div class=\"elementor-widget-container\">\n\t\t\t\t\t\t\t\t\t<div class=\"elementor-button-wrapper\">\n\t\t\t\t\t<a class=\"elementor-button elementor-button-link elementor-size-sm\" href=\"https:\/\/calendly.com\/ecolesetsuko\/30-minute-student-interview-fr\" target=\"_blank\" rel=\"noopener\">\n\t\t\t\t\t\t<span class=\"elementor-button-content-wrapper\">\n\t\t\t\t\t\t\t\t\t<span class=\"elementor-button-text\">Pour plus d'informations, adressez-vous \u00e0 un conseiller \u00e9tudiant.<\/span>\n\t\t\t\t\t<\/span>\n\t\t\t\t\t<\/a>\n\t\t\t\t<\/div>\n\t\t\t\t\t\t\t\t<\/div>\n\t\t\t\t<\/div>\n\t\t\t\t<div class=\"elementor-element elementor-element-4b6a801 elementor-widget elementor-widget-text-editor\" data-id=\"4b6a801\" data-element_type=\"widget\" data-e-type=\"widget\" data-widget_type=\"text-editor.default\">\n\t\t\t\t<div class=\"elementor-widget-container\">\n\t\t\t\t\t\t\t\t\t<h2>APPROCHES DES SYST\u00c8MES CRANIOSACR\u00c9 ET FASCIAL<\/h2><p>Pour les praticiens qualifi\u00e9s en soins corporels<\/p><p><span style=\"text-decoration: underline;\">Niveau 1 (2 jours)<\/span><br>Exploration de l&#8217;anatomie et de la physiologie du syst\u00e8me craniosacr\u00e9 et fascial et de son impact sur le corps. Nous apprendrons les \u00e9valuations corporelles globales, le traitement des restrictions fasciales, les techniques d&#8217;\u00e9coute subtile et le rythme craniosacr\u00e9 pour r\u00e9tablir l&#8217;\u00e9quilibre du corps. <\/p><p>350 $ | <a href=\"https:\/\/setsuko.ca\/fr\/produit\/approches-craniosacrale-et-fasciale-niveau-1-ndg-copy\/\">Dorval<\/a> | <a href=\"https:\/\/setsuko.ca\/fr\/produit\/craniosacral-and-fascia-systems-approaches-level-1-ndg\/\">NDG<\/a><\/p><p><span style=\"text-decoration: underline;\">Niveau 2 (2 jours)<\/span><br>Approfondissez les techniques que vous avez apprises au niveau 1. En acc\u00e9dant \u00e0 la motilit\u00e9 des os cr\u00e2niens individuels et en l&#8217;\u00e9quilibrant, vous aurez un impact direct sur le fascia du syst\u00e8me intracr\u00e2nien et les sinus veineux. <\/p><p>350 $ | <a href=\"https:\/\/setsuko.ca\/fr\/produit\/approches-craniosacrale-et-fasciale-niveau-2-ndg-copy\/\">Dorval<\/a> | <a href=\"https:\/\/setsuko.ca\/fr\/produit\/craniosacral-and-fascia-systems-approaches-level-2-ndg\/\">NDG<\/a><\/p><p><span style=\"text-decoration: underline;\">Programme de mentorat<\/span><\/p><p>Am\u00e9liorez vos comp\u00e9tences et techniques en b\u00e9n\u00e9ficiant d&#8217;un mentorat approfondi et personnalis\u00e9 par nos enseignants qualifi\u00e9s et exp\u00e9riment\u00e9s. Portez vos comp\u00e9tences et connaissances \u00e0 un niveau sup\u00e9rieur avec plus de confiance et d&#8217;efficacit\u00e9. <\/p><p>(comprend : r\u00e9visions guid\u00e9es, r\u00e9visions anatomiques, appels de mentorat, int\u00e9gration clinique, accompagnement)<\/p><p>625 $<\/p><h4><a href=\"https:\/\/docs.google.com\/spreadsheets\/d\/1SFXYnXlPwXoCHJ5W0Bdcf1ZVUHemeJSaeJkBvj2-VN8\/edit?gid=463012997#gid=463012997\" target=\"_blank\" rel=\"noopener\">Cliquez ici pour consulter l&#8217;horaire complet<\/a><\/h4>\t\t\t\t\t\t\t\t<\/div>\n\t\t\t\t<\/div>\n\t\t\t\t\t<\/div>\n\t\t\t\t<\/div>\n\t\t<div class=\"elementor-element elementor-element-25c22e8 e-flex e-con-boxed e-con e-parent\" data-id=\"25c22e8\" data-element_type=\"container\" data-e-type=\"container\">\n\t\t\t\t\t<div class=\"e-con-inner\">\n\t\t\t\t<div class=\"elementor-element elementor-element-5f73f41 elementor-widget elementor-widget-button\" data-id=\"5f73f41\" data-element_type=\"widget\" data-e-type=\"widget\" data-widget_type=\"button.default\">\n\t\t\t\t<div class=\"elementor-widget-container\">\n\t\t\t\t\t\t\t\t\t<div class=\"elementor-button-wrapper\">\n\t\t\t\t\t<a class=\"elementor-button elementor-button-link elementor-size-sm\" href=\"https:\/\/docs.google.com\/forms\/d\/e\/1FAIpQLSdBL-V-aqonTDgbkyawi9uiA7alYEZdTo8iQncwHYT72qsOEQ\/viewform\" target=\"_blank\" rel=\"noopener\">\n\t\t\t\t\t\t<span class=\"elementor-button-content-wrapper\">\n\t\t\t\t\t\t\t\t\t<span class=\"elementor-button-text\">Candidature pour le programme d'approches craniosacr\u00e9e et fasciale<\/span>\n\t\t\t\t\t<\/span>\n\t\t\t\t\t<\/a>\n\t\t\t\t<\/div>\n\t\t\t\t\t\t\t\t<\/div>\n\t\t\t\t<\/div>\n\t\t\t\t<div class=\"elementor-element elementor-element-4c61a28 elementor-cta--skin-classic elementor-animated-content elementor-bg-transform elementor-bg-transform-zoom-in elementor-widget elementor-widget-call-to-action\" data-id=\"4c61a28\" data-element_type=\"widget\" data-e-type=\"widget\" data-widget_type=\"call-to-action.default\">\n\t\t\t\t<div class=\"elementor-widget-container\">\n\t\t\t\t\t\t\t<div class=\"elementor-cta\">\n\t\t\t\t\t\t\t<div class=\"elementor-cta__content\">\n\t\t\t\t\n\t\t\t\t\t\t\t\t\t<h2 class=\"elementor-cta__title elementor-cta__content-item elementor-content-item\">\n\t\t\t\t\t\tCommencez votre dipl\u00f4me\t\t\t\t\t<\/h2>\n\t\t\t\t\n\t\t\t\t\n\t\t\t\t\t\t\t\t\t<div class=\"elementor-cta__button-wrapper elementor-cta__content-item elementor-content-item \">\n\t\t\t\t\t<a class=\"elementor-cta__button elementor-button elementor-size-lg\" href=\"https:\/\/setsuko.ca\/fr\/page-de-paiement\/?add-to-cart=11809\">\n\t\t\t\t\t\tInscrivez-vous maintenant au programme d'approches craniosacr\u00e9e et fasciale\t\t\t\t\t<\/a>\n\t\t\t\t\t<\/div>\n\t\t\t\t\t\t\t<\/div>\n\t\t\t\t\t\t<\/div>\n\t\t\t\t\t\t<\/div>\n\t\t\t\t<\/div>\n\t\t\t\t\t<\/div>\n\t\t\t\t<\/div>\n\t\t<div class=\"elementor-element elementor-element-9db54fd e-flex e-con-boxed e-con e-parent\" data-id=\"9db54fd\" data-element_type=\"container\" data-e-type=\"container\">\n\t\t\t\t\t<div class=\"e-con-inner\">\n\t\t\t\t\t<\/div>\n\t\t\t\t<\/div>\n\t\t\t\t<\/div>\n\t\t","protected":false},"excerpt":{"rendered":"<p>Craniosacral and Fascia System Approaches Enregistrez-vous d\u00e8s maintenant Qu&#8217;est-ce que la th\u00e9rapie du syst\u00e8me craniosacr\u00e9 et fascial ? La th\u00e9rapie du syst\u00e8me craniosacr\u00e9 est une approche douce et manuelle qui travaille avec le syst\u00e8me craniosacr\u00e9 du corps \u2014 compos\u00e9 des membranes et du liquide c\u00e9phalorachidien entourant le cerveau et la moelle \u00e9pini\u00e8re \u2014 pour lib\u00e9rer [&hellip;]<\/p>\n","protected":false},"author":1,"featured_media":6317,"parent":10677,"menu_order":0,"comment_status":"closed","ping_status":"closed","template":"","meta":{"_acf_changed":false,"footnotes":""},"class_list":["post-5087","page","type-page","status-publish","has-post-thumbnail","hentry"],"acf":[],"_links":{"self":[{"href":"https:\/\/setsuko.ca\/fr\/wp-json\/wp\/v2\/pages\/5087","targetHints":{"allow":["GET"]}}],"collection":[{"href":"https:\/\/setsuko.ca\/fr\/wp-json\/wp\/v2\/pages"}],"about":[{"href":"https:\/\/setsuko.ca\/fr\/wp-json\/wp\/v2\/types\/page"}],"author":[{"embeddable":true,"href":"https:\/\/setsuko.ca\/fr\/wp-json\/wp\/v2\/users\/1"}],"replies":[{"embeddable":true,"href":"https:\/\/setsuko.ca\/fr\/wp-json\/wp\/v2\/comments?post=5087"}],"version-history":[{"count":7,"href":"https:\/\/setsuko.ca\/fr\/wp-json\/wp\/v2\/pages\/5087\/revisions"}],"predecessor-version":[{"id":15332,"href":"https:\/\/setsuko.ca\/fr\/wp-json\/wp\/v2\/pages\/5087\/revisions\/15332"}],"up":[{"embeddable":true,"href":"https:\/\/setsuko.ca\/fr\/wp-json\/wp\/v2\/pages\/10677"}],"wp:featuredmedia":[{"embeddable":true,"href":"https:\/\/setsuko.ca\/fr\/wp-json\/wp\/v2\/media\/6317"}],"wp:attachment":[{"href":"https:\/\/setsuko.ca\/fr\/wp-json\/wp\/v2\/media?parent=5087"}],"curies":[{"name":"wp","href":"https:\/\/api.w.org\/{rel}","templated":true}]}}