{"id":5093,"date":"2023-08-10T14:20:17","date_gmt":"2023-08-10T18:20:17","guid":{"rendered":"https:\/\/ecolesetsuko.ca\/diplome-de-therapie-par-la-polarite\/"},"modified":"2025-01-18T14:00:31","modified_gmt":"2025-01-18T19:00:31","slug":"diplome-de-therapie-par-la-polarite","status":"publish","type":"page","link":"https:\/\/setsuko.ca\/fr\/ecole\/diplomes\/diplome-de-therapie-par-la-polarite\/","title":{"rendered":"Dipl\u00f4me de th\u00e9rapie par la polarit\u00e9"},"content":{"rendered":"\t\t<div data-elementor-type=\"wp-page\" data-elementor-id=\"5093\" class=\"elementor elementor-5093\" data-elementor-post-type=\"page\">\n\t\t\t\t<div class=\"elementor-element elementor-element-12dd8a3 e-flex e-con-boxed e-con e-parent\" data-id=\"12dd8a3\" data-element_type=\"container\" data-e-type=\"container\" data-settings=\"{&quot;background_background&quot;:&quot;classic&quot;}\">\n\t\t\t\t\t<div class=\"e-con-inner\">\n\t\t\t\t<div class=\"elementor-element elementor-element-bbda2c7 elementor-align-right elementor-widget elementor-widget-button\" data-id=\"bbda2c7\" data-element_type=\"widget\" data-e-type=\"widget\" data-widget_type=\"button.default\">\n\t\t\t\t<div class=\"elementor-widget-container\">\n\t\t\t\t\t\t\t\t\t<div class=\"elementor-button-wrapper\">\n\t\t\t\t\t<a class=\"elementor-button elementor-button-link elementor-size-sm\" href=\"https:\/\/setsuko.ca\/fr\/page-de-paiement\/?add-to-cart=4558\">\n\t\t\t\t\t\t<span class=\"elementor-button-content-wrapper\">\n\t\t\t\t\t\t\t\t\t<span class=\"elementor-button-text\">S'inscrire<\/span>\n\t\t\t\t\t<\/span>\n\t\t\t\t\t<\/a>\n\t\t\t\t<\/div>\n\t\t\t\t\t\t\t\t<\/div>\n\t\t\t\t<\/div>\n\t\t\t\t\t<\/div>\n\t\t\t\t<\/div>\n\t\t<div class=\"elementor-element elementor-element-24bf891 e-flex e-con-boxed e-con e-parent\" data-id=\"24bf891\" data-element_type=\"container\" data-e-type=\"container\">\n\t\t\t\t\t<div class=\"e-con-inner\">\n\t\t\t\t<div class=\"elementor-element elementor-element-4851150 elementor-widget elementor-widget-text-editor\" data-id=\"4851150\" data-element_type=\"widget\" data-e-type=\"widget\" data-widget_type=\"text-editor.default\">\n\t\t\t\t<div class=\"elementor-widget-container\">\n\t\t\t\t\t\t\t\t\t<h3><strong>Programme de dipl\u00f4me en massage polarit\u00e9 \u2013 200 heures<\/strong><\/h3>\n<p>Le programme de dipl\u00f4me en massage polarit\u00e9 est m\u00e9ticuleusement con\u00e7u pour offrir une formation compl\u00e8te en th\u00e9rapie polarit\u00e9, une forme novatrice et holistique de travail corporel. Ce programme est con\u00e7u pour les personnes qui cherchent \u00e0 ma\u00eetriser les principes et les pratiques de la th\u00e9rapie de polarit\u00e9 et \u00e0 les appliquer dans un cadre th\u00e9rapeutique. Le programme d&#8217;\u00e9tudes comprend les \u00e9l\u00e9ments cl\u00e9s suivants:<\/p>\n<ul>\n<li>\n<p><strong>Polarit\u00e9 : Travail corporel:<\/strong> Ce cours fondamental approfondit les techniques pratiques de la th\u00e9rapie de la polarit\u00e9. Les \u00e9tudiants apprendront l&#8217;art d&#8217;\u00e9quilibrer le flux d&#8217;\u00e9nergie par le toucher, en traitant les d\u00e9s\u00e9quilibres physiques, \u00e9motionnels et \u00e9nerg\u00e9tiques.<\/p>\n<li>\n<p><strong>Polarit\u00e9 : Energetic Protocols &#038;amp ; Practices:<\/strong> Ce cours se concentre sur les aspects \u00e9nerg\u00e9tiques de la th\u00e9rapie par la polarit\u00e9. Il couvre le cadre th\u00e9orique et les m\u00e9thodes pratiques pour \u00e9valuer et harmoniser les champs et les centres \u00e9nerg\u00e9tiques du corps.<\/p>\n<\/li>\n<li>\n<p><strong>Polarit\u00e9 : Elemental Patterns &#038;amp ; Protocols:<\/strong>Les \u00e9tudiants exploreront la th\u00e9orie des cinq \u00e9l\u00e9ments telle qu&#8217;elle s&#8217;applique \u00e0 la th\u00e9rapie de la polarit\u00e9. Le cours enseigne des techniques et des protocoles sp\u00e9cifiques pour travailler avec les sch\u00e9mas \u00e9nerg\u00e9tiques \u00e9l\u00e9mentaires dans le corps.<\/p>\n<\/li>\n<li>\n<p><strong>Pratique clinique:<\/strong> Composante essentielle du programme, la pratique clinique offre une exp\u00e9rience pratique avec de vrais clients sous la supervision de professionnels. Cette formation pratique permet aux \u00e9tudiants d&#8217;int\u00e9grer et d&#8217;appliquer leurs connaissances th\u00e9oriques dans un environnement r\u00e9el, en affinant leurs comp\u00e9tences et en prenant confiance en leurs capacit\u00e9s th\u00e9rapeutiques.<\/p>\n<\/li>\n<\/ul>\n<p><strong>Les points forts du programme:<\/strong><\/p>\n<ul>\n<li>\n<p><strong>D\u00e9veloppement des comp\u00e9tences:<\/strong>Le programme met l&#8217;accent sur le d\u00e9veloppement de comp\u00e9tences corporelles efficaces, combin\u00e9es \u00e0 une compr\u00e9hension de la dynamique \u00e9nerg\u00e9tique et des sch\u00e9mas \u00e9l\u00e9mentaires.<\/p>\n<li>\n<li>\n<p><strong>Approche holistique:<\/strong> Les \u00e9tudiants sont form\u00e9s \u00e0 adopter une perspective holistique, en consid\u00e9rant les aspects physiques, mentaux et \u00e9nerg\u00e9tiques de la sant\u00e9 et de la gu\u00e9rison.<\/p>\n<li>\n<li>\n<p><strong>Pr\u00e9paration professionnelle:<\/strong> Le programme d&#8217;\u00e9tudes complet, combin\u00e9 \u00e0 l&#8217;exp\u00e9rience clinique, pr\u00e9pare les dipl\u00f4m\u00e9s \u00e0 entrer en toute confiance dans le domaine de la th\u00e9rapie par la polarit\u00e9.<\/p>\n<\/li>\n<\/ul>\n<p><strong>Perspectives de carri\u00e8re:<\/strong><\/p>\n<p>A l&#8217;issue du programme de certificat de massage en th\u00e9rapie de la polarit\u00e9, les dipl\u00f4m\u00e9s seront dot\u00e9s des comp\u00e9tences et des connaissances n\u00e9cessaires pour exercer en tant que th\u00e9rapeutes de la polarit\u00e9. Ils peuvent poursuivre des carri\u00e8res dans divers environnements de bien-\u00eatre, y compris les cliniques de sant\u00e9, les centres de massoth\u00e9rapie, ou la pratique priv\u00e9e. Ce programme permet aux dipl\u00f4m\u00e9s d&#8217;offrir une forme unique et holistique de th\u00e9rapie qui favorise le bien-\u00eatre et l&#8217;\u00e9quilibre g\u00e9n\u00e9ral.<\/p>\n\t\t\t\t\t\t\t\t<\/div>\n\t\t\t\t<\/div>\n\t\t\t\t<div class=\"elementor-element elementor-element-bd77ecb elementor-align-right elementor-widget elementor-widget-button\" data-id=\"bd77ecb\" data-element_type=\"widget\" data-e-type=\"widget\" data-widget_type=\"button.default\">\n\t\t\t\t<div class=\"elementor-widget-container\">\n\t\t\t\t\t\t\t\t\t<div class=\"elementor-button-wrapper\">\n\t\t\t\t\t<a class=\"elementor-button elementor-button-link elementor-size-sm\" href=\"https:\/\/calendly.com\/ecolesetsuko\/30min\" target=\"_blank\" rel=\"noopener\">\n\t\t\t\t\t\t<span class=\"elementor-button-content-wrapper\">\n\t\t\t\t\t\t\t\t\t<span class=\"elementor-button-text\">Pour plus d'informations Parlez \u00e0 un conseiller \u00e9tudiant<\/span>\n\t\t\t\t\t<\/span>\n\t\t\t\t\t<\/a>\n\t\t\t\t<\/div>\n\t\t\t\t\t\t\t\t<\/div>\n\t\t\t\t<\/div>\n\t\t\t\t<div class=\"elementor-element elementor-element-4981ddc elementor-widget elementor-widget-heading\" data-id=\"4981ddc\" data-element_type=\"widget\" data-e-type=\"widget\" data-widget_type=\"heading.default\">\n\t\t\t\t<div class=\"elementor-widget-container\">\n\t\t\t\t\t<p class=\"elementor-heading-title elementor-size-default\">Prix : 1 500 $ CA<\/p>\t\t\t\t<\/div>\n\t\t\t\t<\/div>\n\t\t\t\t\t<\/div>\n\t\t\t\t<\/div>\n\t\t<div class=\"elementor-element elementor-element-0ab375b e-flex e-con-boxed e-con e-parent\" data-id=\"0ab375b\" data-element_type=\"container\" data-e-type=\"container\">\n\t\t\t\t\t<div class=\"e-con-inner\">\n\t\t\t\t<div class=\"elementor-element elementor-element-e621eae elementor-cta--skin-classic elementor-animated-content elementor-bg-transform elementor-bg-transform-zoom-in elementor-widget elementor-widget-call-to-action\" data-id=\"e621eae\" data-element_type=\"widget\" data-e-type=\"widget\" data-widget_type=\"call-to-action.default\">\n\t\t\t\t<div class=\"elementor-widget-container\">\n\t\t\t\t\t\t\t<div class=\"elementor-cta\">\n\t\t\t\t\t\t\t<div class=\"elementor-cta__content\">\n\t\t\t\t\n\t\t\t\t\t\t\t\t\t<h2 class=\"elementor-cta__title elementor-cta__content-item elementor-content-item\">\n\t\t\t\t\t\tCommencez votre dipl\u00f4me\t\t\t\t\t<\/h2>\n\t\t\t\t\n\t\t\t\t\n\t\t\t\t\t\t\t\t\t<div class=\"elementor-cta__button-wrapper elementor-cta__content-item elementor-content-item \">\n\t\t\t\t\t<a class=\"elementor-cta__button elementor-button elementor-size-lg\" href=\"https:\/\/setsuko.ca\/fr\/page-de-paiement\/?add-to-cart=4558\">\n\t\t\t\t\t\tS'inscrire\t\t\t\t\t<\/a>\n\t\t\t\t\t<\/div>\n\t\t\t\t\t\t\t<\/div>\n\t\t\t\t\t\t<\/div>\n\t\t\t\t\t\t<\/div>\n\t\t\t\t<\/div>\n\t\t\t\t\t<\/div>\n\t\t\t\t<\/div>\n\t\t\t\t<\/div>\n\t\t","protected":false},"excerpt":{"rendered":"<p>S&#8217;inscrire Programme de dipl\u00f4me en massage polarit\u00e9 \u2013 200 heures Le programme de dipl\u00f4me en massage polarit\u00e9 est m\u00e9ticuleusement con\u00e7u pour offrir une formation compl\u00e8te en th\u00e9rapie polarit\u00e9, une forme novatrice et holistique de travail corporel. Ce programme est con\u00e7u pour les personnes qui cherchent \u00e0 ma\u00eetriser les principes et les pratiques de la th\u00e9rapie [&hellip;]<\/p>\n","protected":false},"author":1,"featured_media":0,"parent":848,"menu_order":0,"comment_status":"closed","ping_status":"closed","template":"","meta":{"_acf_changed":false,"footnotes":""},"class_list":["post-5093","page","type-page","status-publish","hentry"],"acf":[],"_links":{"self":[{"href":"https:\/\/setsuko.ca\/fr\/wp-json\/wp\/v2\/pages\/5093","targetHints":{"allow":["GET"]}}],"collection":[{"href":"https:\/\/setsuko.ca\/fr\/wp-json\/wp\/v2\/pages"}],"about":[{"href":"https:\/\/setsuko.ca\/fr\/wp-json\/wp\/v2\/types\/page"}],"author":[{"embeddable":true,"href":"https:\/\/setsuko.ca\/fr\/wp-json\/wp\/v2\/users\/1"}],"replies":[{"embeddable":true,"href":"https:\/\/setsuko.ca\/fr\/wp-json\/wp\/v2\/comments?post=5093"}],"version-history":[{"count":1,"href":"https:\/\/setsuko.ca\/fr\/wp-json\/wp\/v2\/pages\/5093\/revisions"}],"predecessor-version":[{"id":10837,"href":"https:\/\/setsuko.ca\/fr\/wp-json\/wp\/v2\/pages\/5093\/revisions\/10837"}],"up":[{"embeddable":true,"href":"https:\/\/setsuko.ca\/fr\/wp-json\/wp\/v2\/pages\/848"}],"wp:attachment":[{"href":"https:\/\/setsuko.ca\/fr\/wp-json\/wp\/v2\/media?parent=5093"}],"curies":[{"name":"wp","href":"https:\/\/api.w.org\/{rel}","templated":true}]}}