{"id":5097,"date":"2025-07-29T11:15:15","date_gmt":"2025-07-29T15:15:15","guid":{"rendered":"https:\/\/ecolesetsuko.ca\/diplome-de-therapie-sonore\/"},"modified":"2025-11-10T16:52:22","modified_gmt":"2025-11-10T21:52:22","slug":"diplome-de-therapie-sonore","status":"publish","type":"page","link":"https:\/\/setsuko.ca\/fr\/ecole\/diplomes\/diplome-de-therapie-sonore\/","title":{"rendered":"Dipl\u00f4me de th\u00e9rapie sonore"},"content":{"rendered":"\t\t<div data-elementor-type=\"wp-page\" data-elementor-id=\"5097\" class=\"elementor elementor-5097 elementor-4589\" data-elementor-post-type=\"page\">\n\t\t\t\t<div class=\"elementor-element elementor-element-01c37e9 e-flex e-con-boxed e-con e-parent\" data-id=\"01c37e9\" data-element_type=\"container\" data-e-type=\"container\" data-settings=\"{&quot;background_background&quot;:&quot;classic&quot;}\">\n\t\t\t\t\t<div class=\"e-con-inner\">\n\t\t\t\t<div class=\"elementor-element elementor-element-2d88c51 elementor-widget elementor-widget-heading\" data-id=\"2d88c51\" data-element_type=\"widget\" data-e-type=\"widget\" data-widget_type=\"heading.default\">\n\t\t\t\t<div class=\"elementor-widget-container\">\n\t\t\t\t\t<h1 class=\"elementor-heading-title elementor-size-default\">Th\u00e9rapie par les diapasons - Dipl\u00f4me de th\u00e9rapie sonore<\/h1>\t\t\t\t<\/div>\n\t\t\t\t<\/div>\n\t\t\t\t<div class=\"elementor-element elementor-element-e7c59f9 elementor-align-right elementor-widget elementor-widget-button\" data-id=\"e7c59f9\" data-element_type=\"widget\" data-e-type=\"widget\" data-widget_type=\"button.default\">\n\t\t\t\t<div class=\"elementor-widget-container\">\n\t\t\t\t\t\t\t\t\t<div class=\"elementor-button-wrapper\">\n\t\t\t\t\t<a class=\"elementor-button elementor-button-link elementor-size-sm\" href=\"https:\/\/ecolesetsuko.ca\/fr\/produit\/diplome-de-therapie-sonore\/\">\n\t\t\t\t\t\t<span class=\"elementor-button-content-wrapper\">\n\t\t\t\t\t\t\t\t\t<span class=\"elementor-button-text\">S'inscrire<\/span>\n\t\t\t\t\t<\/span>\n\t\t\t\t\t<\/a>\n\t\t\t\t<\/div>\n\t\t\t\t\t\t\t\t<\/div>\n\t\t\t\t<\/div>\n\t\t\t\t\t<\/div>\n\t\t\t\t<\/div>\n\t\t<div class=\"elementor-element elementor-element-11b8fb2 e-flex e-con-boxed e-con e-parent\" data-id=\"11b8fb2\" data-element_type=\"container\" data-e-type=\"container\">\n\t\t\t\t\t<div class=\"e-con-inner\">\n\t\t\t\t<div class=\"elementor-element elementor-element-3c4debe elementor-widget elementor-widget-video\" data-id=\"3c4debe\" data-element_type=\"widget\" data-e-type=\"widget\" data-settings=\"{&quot;youtube_url&quot;:&quot;https:\\\/\\\/youtu.be\\\/AqUdrOTzUpU&quot;,&quot;yt_privacy&quot;:&quot;yes&quot;,&quot;video_type&quot;:&quot;youtube&quot;,&quot;controls&quot;:&quot;yes&quot;}\" data-widget_type=\"video.default\">\n\t\t\t\t<div class=\"elementor-widget-container\">\n\t\t\t\t\t\t\t<div class=\"elementor-wrapper elementor-open-inline\">\n\t\t\t<div class=\"elementor-video\"><\/div>\t\t<\/div>\n\t\t\t\t\t\t<\/div>\n\t\t\t\t<\/div>\n\t\t\t\t<div class=\"elementor-element elementor-element-3bd75a9 elementor-widget elementor-widget-text-editor\" data-id=\"3bd75a9\" data-element_type=\"widget\" data-e-type=\"widget\" data-widget_type=\"text-editor.default\">\n\t\t\t\t<div class=\"elementor-widget-container\">\n\t\t\t\t\t\t\t\t\t<h3><strong>Techniques de th\u00e9rapie sonore \u2013 Th\u00e9rapie du diapason<\/strong><\/h3><p>Le programme Techniques de th\u00e9rapie sonore propose une exploration approfondie de la th\u00e9rapie du diapason, une modalit\u00e9 subtile mais puissante de gu\u00e9rison holistique et de r\u00e9tablissement de l&#8217;\u00e9quilibre. Ce programme est con\u00e7u pour des applications personnelles et professionnelles de la th\u00e9rapie sonore, permettant aux \u00e9tudiants d&#8217;acqu\u00e9rir les comp\u00e9tences et les connaissances n\u00e9cessaires pour utiliser les diapasons \u00e0 des fins th\u00e9rapeutiques. Le programme comprend les cours suivants:<\/p><ul><li><p><strong>Sound Therapy L1:<\/strong> Un cours d&#8217;introduction qui jette les bases de la compr\u00e9hension des principes de la th\u00e9rapie sonore et des fondements de l&#8217;application des diapasons.<\/p><\/li><li><strong>Sound Therapy L2:<\/strong> Ce cours de niveau interm\u00e9diaire approfondit les techniques et les m\u00e9thodologies de la th\u00e9rapie sonore, en mettant l&#8217;accent sur des pratiques plus avanc\u00e9es et sur leurs effets th\u00e9rapeutiques.<\/p><\/li><p><strong>Sound Therapy L3:<\/strong> Ce cours avanc\u00e9 explore les aspects complexes et nuanc\u00e9s de la th\u00e9rapie sonore, permettant aux \u00e9tudiants de ma\u00eetriser des protocoles de traitement complexes.<\/p><\/li><li><p><strong>Pratique et supervision des sons:<\/strong> Partie cruciale du programme, ce cours offre une exp\u00e9rience pratique sous supervision, permettant aux \u00e9tudiants d&#8217;appliquer leur apprentissage dans des contextes pratiques et d&#8217;affiner leurs comp\u00e9tences.<\/p><li><\/ul><p><strong>A propos de la th\u00e9rapie des diapasons<\/strong><\/p><p>La th\u00e9rapie des diapasons est une approche douce mais puissante qui s&#8217;adresse au corps et \u00e0 l&#8217;esprit, visant \u00e0 restaurer l&#8217;harmonie interne et la sant\u00e9. Elle interagit efficacement avec le syst\u00e8me nerveux, les tissus corporels et les champs d&#8217;\u00e9nergie subtile, offrant des exp\u00e9riences profond\u00e9ment relaxantes et r\u00e9paratrices avec des b\u00e9n\u00e9fices \u00e0 long terme.<\/p><p><strong>Applications de la th\u00e9rapie des diapasons<\/strong><\/p><ul><li><strong>Traitement \u00e0 domicile:<\/strong>Les \u00e9tudiants apprennent \u00e0 appliquer les diapasons pour un usage personnel, aidant \u00e0 la m\u00e9ditation, au soulagement du stress et \u00e0 l&#8217;att\u00e9nuation de l&#8217;anxi\u00e9t\u00e9 ou des pens\u00e9es n\u00e9gatives.<\/li><li><strong>Th\u00e9rapie professionnelle:<\/strong> Le programme permet aux futurs th\u00e9rapeutes d&#8217;offrir des traitements complets pour diverses affections, notamment les douleurs chroniques, l&#8217;\u00e9puisement, l&#8217;hypersensibilit\u00e9 du syst\u00e8me nerveux, les maux de t\u00eate, les douleurs li\u00e9es aux traumatismes, l&#8217;insomnie, les probl\u00e8mes articulaires, les crampes et les troubles digestifs.<\/li><\/ul><p><strong>Int\u00e9gration avec d&#8217;autres modalit\u00e9s<\/strong><\/p><p>La th\u00e9rapie de la fourchette d&#8217;accord n&#8217;est pas seulement un traitement puissant en soi, mais elle compl\u00e8te \u00e9galement d&#8217;autres pratiques de gu\u00e9rison telles que la physioth\u00e9rapie, la massoth\u00e9rapie, la chiropraxie et la psychoth\u00e9rapie. Sa capacit\u00e9 \u00e0 influencer les \u00e9nergies subtiles du corps en fait un excellent compl\u00e9ment pour faciliter les changements \u00e9nerg\u00e9tiques et am\u00e9liorer l&#8217;efficacit\u00e9 globale du traitement.<\/p><p><strong>Perspectives de carri\u00e8re<\/strong><\/p><p>Les dipl\u00f4m\u00e9s de ce programme seront pr\u00e9par\u00e9s \u00e0 utiliser la th\u00e9rapie du diapason dans divers contextes, que ce soit pour le bien-\u00eatre personnel, en offrant des traitements \u00e0 la famille et aux amis, ou en tant que th\u00e9rapeutes professionnels du diapason. La formation compl\u00e8te ouvre la voie \u00e0 des carri\u00e8res dans des centres de bien-\u00eatre, des cliniques de sant\u00e9 ou des cabinets priv\u00e9s, o\u00f9 ils peuvent contribuer \u00e0 la communaut\u00e9 de la sant\u00e9 holistique avec cette modalit\u00e9 unique de th\u00e9rapie sonore.<p><strong>Horaire : <a href=\"https:\/\/docs.google.com\/spreadsheets\/d\/1CTCtN8Rr1E8ykX2TwBX2Bv7ta30HaENqTXL3JUU9jgk\/edit?usp=sharing\" target=\"_blank\" rel=\"noopener\">https:\/\/docs.google.com\/spreadsheets\/d\/1CTCtN8Rr1E8ykX2TwBX2Bv7ta30HaENqTXL3JUU9jgk\/edit?usp=sharing<\/\/a><\/strong><\/p>\t\t\t\t\t\t\t\t<\/div>\n\t\t\t\t<\/div>\n\t\t\t\t<div class=\"elementor-element elementor-element-f20bc1b elementor-align-left elementor-widget elementor-widget-button\" data-id=\"f20bc1b\" data-element_type=\"widget\" data-e-type=\"widget\" data-widget_type=\"button.default\">\n\t\t\t\t<div class=\"elementor-widget-container\">\n\t\t\t\t\t\t\t\t\t<div class=\"elementor-button-wrapper\">\n\t\t\t\t\t<a class=\"elementor-button elementor-button-link elementor-size-sm\" href=\"https:\/\/calendly.com\/ecolesetsuko\/30-minute-student-interview-fr\" target=\"_blank\" rel=\"noopener\">\n\t\t\t\t\t\t<span class=\"elementor-button-content-wrapper\">\n\t\t\t\t\t\t\t\t\t<span class=\"elementor-button-text\">Pour plus d'informations Parlez \u00e0 un conseiller \u00e9tudiant<\/span>\n\t\t\t\t\t<\/span>\n\t\t\t\t\t<\/a>\n\t\t\t\t<\/div>\n\t\t\t\t\t\t\t\t<\/div>\n\t\t\t\t<\/div>\n\t\t\t\t<div class=\"elementor-element elementor-element-e92220c elementor-widget elementor-widget-heading\" data-id=\"e92220c\" data-element_type=\"widget\" data-e-type=\"widget\" data-widget_type=\"heading.default\">\n\t\t\t\t<div class=\"elementor-widget-container\">\n\t\t\t\t\t<p class=\"elementor-heading-title elementor-size-default\">Prix : 1 500,00 $ CA<\/p>\t\t\t\t<\/div>\n\t\t\t\t<\/div>\n\t\t\t\t\t<\/div>\n\t\t\t\t<\/div>\n\t\t<div class=\"elementor-element elementor-element-e950c61 e-flex e-con-boxed e-con e-parent\" data-id=\"e950c61\" data-element_type=\"container\" data-e-type=\"container\">\n\t\t\t\t\t<div class=\"e-con-inner\">\n\t\t\t\t<div class=\"elementor-element elementor-element-ac3c549 elementor-cta--skin-classic elementor-animated-content elementor-bg-transform elementor-bg-transform-zoom-in elementor-widget elementor-widget-call-to-action\" data-id=\"ac3c549\" data-element_type=\"widget\" data-e-type=\"widget\" data-widget_type=\"call-to-action.default\">\n\t\t\t\t<div class=\"elementor-widget-container\">\n\t\t\t\t\t\t\t<div class=\"elementor-cta\">\n\t\t\t\t\t\t\t<div class=\"elementor-cta__content\">\n\t\t\t\t\n\t\t\t\t\t\t\t\t\t<h2 class=\"elementor-cta__title elementor-cta__content-item elementor-content-item\">\n\t\t\t\t\t\tCommencez votre dipl\u00f4me\t\t\t\t\t<\/h2>\n\t\t\t\t\n\t\t\t\t\n\t\t\t\t\t\t\t\t\t<div class=\"elementor-cta__button-wrapper elementor-cta__content-item elementor-content-item \">\n\t\t\t\t\t<a class=\"elementor-cta__button elementor-button elementor-size-lg\" href=\"https:\/\/setsuko.ca\/fr\/page-de-paiement\/?add-to-cart=4638\">\n\t\t\t\t\t\tS'inscrire\t\t\t\t\t<\/a>\n\t\t\t\t\t<\/div>\n\t\t\t\t\t\t\t<\/div>\n\t\t\t\t\t\t<\/div>\n\t\t\t\t\t\t<\/div>\n\t\t\t\t<\/div>\n\t\t\t\t\t<\/div>\n\t\t\t\t<\/div>\n\t\t\t\t<\/div>\n\t\t","protected":false},"excerpt":{"rendered":"<p>Th\u00e9rapie par les diapasons \u2013 Dipl\u00f4me de th\u00e9rapie sonore S&#8217;inscrire https:\/\/youtu.be\/AqUdrOTzUpU Techniques de th\u00e9rapie sonore \u2013 Th\u00e9rapie du diapason Le programme Techniques de th\u00e9rapie sonore propose une exploration approfondie de la th\u00e9rapie du diapason, une modalit\u00e9 subtile mais puissante de gu\u00e9rison holistique et de r\u00e9tablissement de l&#8217;\u00e9quilibre. Ce programme est con\u00e7u pour des applications personnelles [&hellip;]<\/p>\n","protected":false},"author":1,"featured_media":4766,"parent":848,"menu_order":0,"comment_status":"closed","ping_status":"closed","template":"","meta":{"_acf_changed":false,"footnotes":""},"class_list":["post-5097","page","type-page","status-publish","has-post-thumbnail","hentry"],"acf":[],"_links":{"self":[{"href":"https:\/\/setsuko.ca\/fr\/wp-json\/wp\/v2\/pages\/5097","targetHints":{"allow":["GET"]}}],"collection":[{"href":"https:\/\/setsuko.ca\/fr\/wp-json\/wp\/v2\/pages"}],"about":[{"href":"https:\/\/setsuko.ca\/fr\/wp-json\/wp\/v2\/types\/page"}],"author":[{"embeddable":true,"href":"https:\/\/setsuko.ca\/fr\/wp-json\/wp\/v2\/users\/1"}],"replies":[{"embeddable":true,"href":"https:\/\/setsuko.ca\/fr\/wp-json\/wp\/v2\/comments?post=5097"}],"version-history":[{"count":7,"href":"https:\/\/setsuko.ca\/fr\/wp-json\/wp\/v2\/pages\/5097\/revisions"}],"predecessor-version":[{"id":13724,"href":"https:\/\/setsuko.ca\/fr\/wp-json\/wp\/v2\/pages\/5097\/revisions\/13724"}],"up":[{"embeddable":true,"href":"https:\/\/setsuko.ca\/fr\/wp-json\/wp\/v2\/pages\/848"}],"wp:featuredmedia":[{"embeddable":true,"href":"https:\/\/setsuko.ca\/fr\/wp-json\/wp\/v2\/media\/4766"}],"wp:attachment":[{"href":"https:\/\/setsuko.ca\/fr\/wp-json\/wp\/v2\/media?parent=5097"}],"curies":[{"name":"wp","href":"https:\/\/api.w.org\/{rel}","templated":true}]}}