{"id":5101,"date":"2023-07-26T14:51:25","date_gmt":"2023-07-26T18:51:25","guid":{"rendered":"https:\/\/ecolesetsuko.ca\/diplome-de-massage-suedois-400-heures\/"},"modified":"2026-01-12T11:16:14","modified_gmt":"2026-01-12T16:16:14","slug":"diplome-de-massage-suedois-400-heures","status":"publish","type":"page","link":"https:\/\/setsuko.ca\/fr\/ecole\/diplomes\/diplome-de-massage-suedois-400-heures\/","title":{"rendered":"Dipl\u00f4me de massage su\u00e9dois 400 heures"},"content":{"rendered":"\t\t<div data-elementor-type=\"wp-page\" data-elementor-id=\"5101\" class=\"elementor elementor-5101 elementor-4301\" data-elementor-post-type=\"page\">\n\t\t\t\t<div class=\"elementor-element elementor-element-ee0197c e-flex e-con-boxed e-con e-parent\" data-id=\"ee0197c\" data-element_type=\"container\" data-e-type=\"container\" data-settings=\"{&quot;background_background&quot;:&quot;classic&quot;}\">\n\t\t\t\t\t<div class=\"e-con-inner\">\n\t\t\t\t<div class=\"elementor-element elementor-element-ae40798 elementor-widget elementor-widget-heading\" data-id=\"ae40798\" data-element_type=\"widget\" data-e-type=\"widget\" data-widget_type=\"heading.default\">\n\t\t\t\t<div class=\"elementor-widget-container\">\n\t\t\t\t\t<h1 class=\"elementor-heading-title elementor-size-default\">Dipl\u00f4me de 400 heures en massage su\u00e9dois<\/h1>\t\t\t\t<\/div>\n\t\t\t\t<\/div>\n\t\t\t\t<div class=\"elementor-element elementor-element-9baf47a elementor-align-right elementor-widget__width-auto elementor-widget elementor-widget-button\" data-id=\"9baf47a\" data-element_type=\"widget\" data-e-type=\"widget\" data-widget_type=\"button.default\">\n\t\t\t\t<div class=\"elementor-widget-container\">\n\t\t\t\t\t\t\t\t\t<div class=\"elementor-button-wrapper\">\n\t\t\t\t\t<a class=\"elementor-button elementor-button-link elementor-size-sm\" href=\"https:\/\/setsuko.ca\/fr\/page-de-paiement\/?add-to-cart=9169\">\n\t\t\t\t\t\t<span class=\"elementor-button-content-wrapper\">\n\t\t\t\t\t\t\t\t\t<span class=\"elementor-button-text\">S'inscrire \u00e0 l'emplacement NDG<\/span>\n\t\t\t\t\t<\/span>\n\t\t\t\t\t<\/a>\n\t\t\t\t<\/div>\n\t\t\t\t\t\t\t\t<\/div>\n\t\t\t\t<\/div>\n\t\t\t\t<div class=\"elementor-element elementor-element-d468a77 elementor-align-right elementor-widget__width-auto elementor-widget elementor-widget-button\" data-id=\"d468a77\" data-element_type=\"widget\" data-e-type=\"widget\" data-widget_type=\"button.default\">\n\t\t\t\t<div class=\"elementor-widget-container\">\n\t\t\t\t\t\t\t\t\t<div class=\"elementor-button-wrapper\">\n\t\t\t\t\t<a class=\"elementor-button elementor-button-link elementor-size-sm\" href=\"https:\/\/setsuko.ca\/fr\/page-de-paiement\/?add-to-cart=12588\">\n\t\t\t\t\t\t<span class=\"elementor-button-content-wrapper\">\n\t\t\t\t\t\t\t\t\t<span class=\"elementor-button-text\">Inscrivez-vous au programme \u00e0 temps partiel NDG<\/span>\n\t\t\t\t\t<\/span>\n\t\t\t\t\t<\/a>\n\t\t\t\t<\/div>\n\t\t\t\t\t\t\t\t<\/div>\n\t\t\t\t<\/div>\n\t\t\t\t<div class=\"elementor-element elementor-element-bf6056d elementor-align-right elementor-widget__width-auto elementor-widget elementor-widget-button\" data-id=\"bf6056d\" data-element_type=\"widget\" data-e-type=\"widget\" data-widget_type=\"button.default\">\n\t\t\t\t<div class=\"elementor-widget-container\">\n\t\t\t\t\t\t\t\t\t<div class=\"elementor-button-wrapper\">\n\t\t\t\t\t<a class=\"elementor-button elementor-button-link elementor-size-sm\" href=\"https:\/\/setsuko.ca\/fr\/page-de-paiement\/?add-to-cart=4513\">\n\t\t\t\t\t\t<span class=\"elementor-button-content-wrapper\">\n\t\t\t\t\t\t\t\t\t<span class=\"elementor-button-text\">S'inscrire \u00e0 l'emplacement Dorval<\/span>\n\t\t\t\t\t<\/span>\n\t\t\t\t\t<\/a>\n\t\t\t\t<\/div>\n\t\t\t\t\t\t\t\t<\/div>\n\t\t\t\t<\/div>\n\t\t\t\t\t<\/div>\n\t\t\t\t<\/div>\n\t\t<div class=\"elementor-element elementor-element-4489687 e-flex e-con-boxed e-con e-parent\" data-id=\"4489687\" data-element_type=\"container\" data-e-type=\"container\">\n\t\t\t\t\t<div class=\"e-con-inner\">\n\t\t\t\t<div class=\"elementor-element elementor-element-2cdfc5c elementor-widget elementor-widget-video\" data-id=\"2cdfc5c\" data-element_type=\"widget\" data-e-type=\"widget\" data-settings=\"{&quot;youtube_url&quot;:&quot;https:\\\/\\\/youtu.be\\\/mgnK1BBYyA4&quot;,&quot;yt_privacy&quot;:&quot;yes&quot;,&quot;video_type&quot;:&quot;youtube&quot;,&quot;controls&quot;:&quot;yes&quot;}\" data-widget_type=\"video.default\">\n\t\t\t\t<div class=\"elementor-widget-container\">\n\t\t\t\t\t\t\t<div class=\"elementor-wrapper elementor-open-inline\">\n\t\t\t<div class=\"elementor-video\"><\/div>\t\t<\/div>\n\t\t\t\t\t\t<\/div>\n\t\t\t\t<\/div>\n\t\t\t\t<div class=\"elementor-element elementor-element-980d019 elementor-widget elementor-widget-text-editor\" data-id=\"980d019\" data-element_type=\"widget\" data-e-type=\"widget\" data-widget_type=\"text-editor.default\">\n\t\t\t\t<div class=\"elementor-widget-container\">\n\t\t\t\t\t\t\t\t\t<b>Programme de dipl\u00f4me su\u00e9dois de 400 heures<\/b><br><br><span style=\"font-weight: 400;\">Le programme de dipl\u00f4me su\u00e9dois de 400 heures offre un cursus complet et approfondi con\u00e7u pour les aspirants massoth\u00e9rapeutes. Ce programme int\u00e8gre des connaissances th\u00e9oriques et des comp\u00e9tences pratiques, pr\u00e9parant les \u00e9tudiants \u00e0 une carri\u00e8re r\u00e9ussie dans le domaine de la massoth\u00e9rapie. Voici un aper\u00e7u des cours inclus dans le programme:<\/span><br><ul> \t<li style=\"font-weight: 400;\" aria-level=\"1\"><b>Anatomie:<\/b><span style=\"font-weight: 400;\">Une \u00e9tude d\u00e9taill\u00e9e de l&#8217;anatomie humaine, ax\u00e9e sur le syst\u00e8me musculo-squelettique, est essentielle pour comprendre les techniques de massage et leur impact sur le corps.<\/span><\/li> \t<li style=\"font-weight: 400;\" aria-level=\"1\"><b>Relations d&#8217;aide:<\/b><span style=\"font-weight: 400;\">Formation \u00e0 l&#8217;\u00e9tablissement de relations th\u00e9rapeutiques, mettant l&#8217;accent sur l&#8217;empathie, l&#8217;\u00e9coute active et les techniques de communication efficaces.<\/span><\/li> \t<li style=\"font-weight: 400;\" aria-level=\"1\"><b>Techniques d&#8217;entretien et tenue des dossiers:<\/b><span style=\"font-weight: 400;\">Instruction \u00e0 la conduite d&#8217;entretiens avec les clients, \u00e0 la tenue de dossiers de traitement pr\u00e9cis et confidentiels et au d\u00e9veloppement de comp\u00e9tences essentielles en mati\u00e8re de documentation.<\/span><\/li> \t<li style=\"font-weight: 400;\" aria-level=\"1\"><b>Introduction au massage su\u00e9dois:<\/b><span style=\"font-weight: 400;\">Principes et techniques fondamentaux du massage su\u00e9dois, y compris les mouvements de base, l&#8217;application de la pression et la s\u00e9quence des mouvements.<\/span><\/li> \t<li style=\"font-weight: 400;\" aria-level=\"1\"><b>Physiologie et pathologie:<\/b><span style=\"font-weight: 400;\">Exploration de la physiologie humaine et des pathologies courantes, donnant un aper\u00e7u de la fa\u00e7on dont la massoth\u00e9rapie peut contribuer \u00e0 la sant\u00e9 et au bien-\u00eatre.<\/span><\/li> \t<li style=\"font-weight: 400;\" aria-level=\"1\"><b>\u00c9thique professionnelle \/ D\u00e9ontologie \/ Aspects juridiques:<\/b><span style=\"font-weight: 400;\">Une compr\u00e9hension approfondie des aspects \u00e9thiques, d\u00e9ontologiques et juridiques de la pratique de la massoth\u00e9rapie, assurant une conduite professionnelle et l\u00e9gale.<\/span><\/li> \t<li style=\"font-weight: 400;\" aria-level=\"1\"><b>Sexualit\u00e9 et pratique professionnelle:<\/b><span style=\"font-weight: 400;\"> Aborder le sujet de la sexualit\u00e9 avec sensibilit\u00e9 et professionnalisme, en mettant l&#8217;accent sur le maintien des limites et des normes \u00e9thiques en massoth\u00e9rapie.<\/span><\/li> \t<li style=\"font-weight: 400;\" aria-level=\"1\"><b>Clinique supervis\u00e9e:<\/b><span style=\"font-weight: 400;\">Exp\u00e9rience pratique dans un milieu clinique supervis\u00e9, permettant aux \u00e9tudiants d&#8217;appliquer leur apprentissage et de raffiner leurs techniques de massage.<\/span><\/li> \t<li style=\"font-weight: 400;\" aria-level=\"1\"><b>Su\u00e9dois niveau 1:<\/b><span style=\"font-weight: 400;\"> Techniques et applications avanc\u00e9es du massage su\u00e9dois, s&#8217;appuyant sur les comp\u00e9tences de base pour am\u00e9liorer l&#8217;efficacit\u00e9 th\u00e9rapeutique.<\/span><\/li><\/ul><br><span style=\"font-weight: 400;\">Ce programme est con\u00e7u non seulement pour transmettre des comp\u00e9tences techniques, mais aussi pour d\u00e9velopper les qualit\u00e9s personnelles et professionnelles essentielles \u00e0 la r\u00e9ussite d&#8217;un massoth\u00e9rapeute. Les dipl\u00f4m\u00e9s seront bien \u00e9quip\u00e9s avec les connaissances et l&#8217;exp\u00e9rience pratique pour fournir des services de massoth\u00e9rapie efficaces et \u00e9thiques.<\/span><p><strong><a href=\"https:\/\/docs.google.com\/spreadsheets\/d\/1OmSGO6_xMXHVdUDzJzAzTZKXFlkWoIl7J5y0aEuck6M\/edit?gid=230690270#gid=230690270\" target=\"_blank\" rel=\"noopener\">NDG PART-TIME SCHEDULE<\/a><\/strong><\/p><p><strong><a href=\"https:\/\/docs.google.com\/spreadsheets\/d\/1_JOKCTnMScZq6hvh2rXksFbTYW4a3loVRkXNRmJWMpE\/edit?usp=sharing\" target=\"_blank\" rel=\"noopener\">DORVAL CALENDRIER<\/a><\/strong><\/p>\t\t\t\t\t\t\t\t<\/div>\n\t\t\t\t<\/div>\n\t\t\t\t<div class=\"elementor-element elementor-element-de50cbf elementor-widget elementor-widget-button\" data-id=\"de50cbf\" data-element_type=\"widget\" data-e-type=\"widget\" data-widget_type=\"button.default\">\n\t\t\t\t<div class=\"elementor-widget-container\">\n\t\t\t\t\t\t\t\t\t<div class=\"elementor-button-wrapper\">\n\t\t\t\t\t<a class=\"elementor-button elementor-button-link elementor-size-sm\" href=\"https:\/\/calendly.com\/ecolesetsuko\/30-minute-student-interview-fr\" target=\"_blank\" rel=\"noopener\">\n\t\t\t\t\t\t<span class=\"elementor-button-content-wrapper\">\n\t\t\t\t\t\t\t\t\t<span class=\"elementor-button-text\">Pour plus d'informations Parlez \u00e0 un conseiller \u00e9tudiant<\/span>\n\t\t\t\t\t<\/span>\n\t\t\t\t\t<\/a>\n\t\t\t\t<\/div>\n\t\t\t\t\t\t\t\t<\/div>\n\t\t\t\t<\/div>\n\t\t\t\t<div class=\"elementor-element elementor-element-d86f851 elementor-widget elementor-widget-heading\" data-id=\"d86f851\" data-element_type=\"widget\" data-e-type=\"widget\" data-widget_type=\"heading.default\">\n\t\t\t\t<div class=\"elementor-widget-container\">\n\t\t\t\t\t<p class=\"elementor-heading-title elementor-size-default\">Plans de paiement flexibles disponibles<\/p>\t\t\t\t<\/div>\n\t\t\t\t<\/div>\n\t\t\t\t\t<\/div>\n\t\t\t\t<\/div>\n\t\t<div class=\"elementor-element elementor-element-4021581 e-flex e-con-boxed e-con e-parent\" data-id=\"4021581\" data-element_type=\"container\" data-e-type=\"container\" data-settings=\"{&quot;background_background&quot;:&quot;classic&quot;}\">\n\t\t\t\t\t<div class=\"e-con-inner\">\n\t\t\t\t<div class=\"elementor-element elementor-element-4df03ae elementor-widget elementor-widget-heading\" data-id=\"4df03ae\" data-element_type=\"widget\" data-e-type=\"widget\" data-widget_type=\"heading.default\">\n\t\t\t\t<div class=\"elementor-widget-container\">\n\t\t\t\t\t<h2 class=\"elementor-heading-title elementor-size-default\">Commencez votre dipl\u00f4me<\/h2>\t\t\t\t<\/div>\n\t\t\t\t<\/div>\n\t\t<div class=\"elementor-element elementor-element-91eca67 e-con-full e-flex e-con e-child\" data-id=\"91eca67\" data-element_type=\"container\" data-e-type=\"container\">\n\t\t\t\t<div class=\"elementor-element elementor-element-d0d4160 elementor-widget elementor-widget-button\" data-id=\"d0d4160\" data-element_type=\"widget\" data-e-type=\"widget\" data-widget_type=\"button.default\">\n\t\t\t\t<div class=\"elementor-widget-container\">\n\t\t\t\t\t\t\t\t\t<div class=\"elementor-button-wrapper\">\n\t\t\t\t\t<a class=\"elementor-button elementor-button-link elementor-size-sm\" href=\"https:\/\/setsuko.ca\/fr\/page-de-paiement\/?add-to-cart=9169\">\n\t\t\t\t\t\t<span class=\"elementor-button-content-wrapper\">\n\t\t\t\t\t\t\t\t\t<span class=\"elementor-button-text\">S'inscrire \u00e0 l'emplacement NDG<\/span>\n\t\t\t\t\t<\/span>\n\t\t\t\t\t<\/a>\n\t\t\t\t<\/div>\n\t\t\t\t\t\t\t\t<\/div>\n\t\t\t\t<\/div>\n\t\t\t\t<div class=\"elementor-element elementor-element-c3e81e7 elementor-widget elementor-widget-button\" data-id=\"c3e81e7\" data-element_type=\"widget\" data-e-type=\"widget\" data-widget_type=\"button.default\">\n\t\t\t\t<div class=\"elementor-widget-container\">\n\t\t\t\t\t\t\t\t\t<div class=\"elementor-button-wrapper\">\n\t\t\t\t\t<a class=\"elementor-button elementor-button-link elementor-size-sm\" href=\"https:\/\/setsuko.ca\/fr\/page-de-paiement\/?add-to-cart=12588\">\n\t\t\t\t\t\t<span class=\"elementor-button-content-wrapper\">\n\t\t\t\t\t\t\t\t\t<span class=\"elementor-button-text\">Inscrivez-vous au programme \u00e0 temps partiel NDG<\/span>\n\t\t\t\t\t<\/span>\n\t\t\t\t\t<\/a>\n\t\t\t\t<\/div>\n\t\t\t\t\t\t\t\t<\/div>\n\t\t\t\t<\/div>\n\t\t\t\t<div class=\"elementor-element elementor-element-6530c13 elementor-widget elementor-widget-button\" data-id=\"6530c13\" data-element_type=\"widget\" data-e-type=\"widget\" data-widget_type=\"button.default\">\n\t\t\t\t<div class=\"elementor-widget-container\">\n\t\t\t\t\t\t\t\t\t<div class=\"elementor-button-wrapper\">\n\t\t\t\t\t<a class=\"elementor-button elementor-button-link elementor-size-sm\" href=\"https:\/\/setsuko.ca\/fr\/page-de-paiement\/?add-to-cart=4513\">\n\t\t\t\t\t\t<span class=\"elementor-button-content-wrapper\">\n\t\t\t\t\t\t\t\t\t<span class=\"elementor-button-text\">S'inscrire \u00e0 l'emplacement Dorval<\/span>\n\t\t\t\t\t<\/span>\n\t\t\t\t\t<\/a>\n\t\t\t\t<\/div>\n\t\t\t\t\t\t\t\t<\/div>\n\t\t\t\t<\/div>\n\t\t\t\t<\/div>\n\t\t\t\t\t<\/div>\n\t\t\t\t<\/div>\n\t\t\t\t<\/div>\n\t\t","protected":false},"excerpt":{"rendered":"<p>Dipl\u00f4me de 400 heures en massage su\u00e9dois S&#8217;inscrire \u00e0 l&#8217;emplacement NDG Inscrivez-vous au programme \u00e0 temps partiel NDG S&#8217;inscrire \u00e0 l&#8217;emplacement Dorval https:\/\/youtu.be\/mgnK1BBYyA4Programme de dipl\u00f4me su\u00e9dois de 400 heures Le programme de dipl\u00f4me su\u00e9dois de 400 heures offre un cursus complet et approfondi con\u00e7u pour les aspirants massoth\u00e9rapeutes. Ce programme int\u00e8gre des connaissances th\u00e9oriques et [&hellip;]<\/p>\n","protected":false},"author":1,"featured_media":5884,"parent":848,"menu_order":0,"comment_status":"closed","ping_status":"closed","template":"","meta":{"_acf_changed":false,"footnotes":""},"class_list":["post-5101","page","type-page","status-publish","has-post-thumbnail","hentry"],"acf":[],"_links":{"self":[{"href":"https:\/\/setsuko.ca\/fr\/wp-json\/wp\/v2\/pages\/5101","targetHints":{"allow":["GET"]}}],"collection":[{"href":"https:\/\/setsuko.ca\/fr\/wp-json\/wp\/v2\/pages"}],"about":[{"href":"https:\/\/setsuko.ca\/fr\/wp-json\/wp\/v2\/types\/page"}],"author":[{"embeddable":true,"href":"https:\/\/setsuko.ca\/fr\/wp-json\/wp\/v2\/users\/1"}],"replies":[{"embeddable":true,"href":"https:\/\/setsuko.ca\/fr\/wp-json\/wp\/v2\/comments?post=5101"}],"version-history":[{"count":7,"href":"https:\/\/setsuko.ca\/fr\/wp-json\/wp\/v2\/pages\/5101\/revisions"}],"predecessor-version":[{"id":14740,"href":"https:\/\/setsuko.ca\/fr\/wp-json\/wp\/v2\/pages\/5101\/revisions\/14740"}],"up":[{"embeddable":true,"href":"https:\/\/setsuko.ca\/fr\/wp-json\/wp\/v2\/pages\/848"}],"wp:featuredmedia":[{"embeddable":true,"href":"https:\/\/setsuko.ca\/fr\/wp-json\/wp\/v2\/media\/5884"}],"wp:attachment":[{"href":"https:\/\/setsuko.ca\/fr\/wp-json\/wp\/v2\/media?parent=5101"}],"curies":[{"name":"wp","href":"https:\/\/api.w.org\/{rel}","templated":true}]}}