{"id":5520,"date":"2023-09-12T10:32:09","date_gmt":"2023-09-12T14:32:09","guid":{"rendered":"https:\/\/ecolesetsuko.ca\/diplome-de-massage-en-medecine-traditionnelle-chinoise\/"},"modified":"2025-01-13T14:30:18","modified_gmt":"2025-01-13T19:30:18","slug":"diplome-de-massage-en-medecine-traditionnelle-chinoise","status":"publish","type":"page","link":"https:\/\/setsuko.ca\/fr\/diplome-de-massage-en-medecine-traditionnelle-chinoise\/","title":{"rendered":"Dipl\u00f4me de m\u00e9decine traditionnelle chinoise et de massage shiatsu"},"content":{"rendered":"\t\t<div data-elementor-type=\"wp-page\" data-elementor-id=\"5520\" class=\"elementor elementor-5520 elementor-5441\" data-elementor-post-type=\"page\">\n\t\t\t\t<div class=\"elementor-element elementor-element-619fb5d4 e-flex e-con-boxed e-con e-parent\" data-id=\"619fb5d4\" data-element_type=\"container\" data-e-type=\"container\" data-settings=\"{&quot;background_background&quot;:&quot;classic&quot;}\">\n\t\t\t\t\t<div class=\"e-con-inner\">\n\t\t\t\t<div class=\"elementor-element elementor-element-522dbf69 elementor-align-right elementor-widget elementor-widget-button\" data-id=\"522dbf69\" data-element_type=\"widget\" data-e-type=\"widget\" data-widget_type=\"button.default\">\n\t\t\t\t<div class=\"elementor-widget-container\">\n\t\t\t\t\t\t\t\t\t<div class=\"elementor-button-wrapper\">\n\t\t\t\t\t<a class=\"elementor-button elementor-button-link elementor-size-sm\" href=\"https:\/\/setsuko.ca\/fr\/page-de-paiement\/?add-to-cart=5443\">\n\t\t\t\t\t\t<span class=\"elementor-button-content-wrapper\">\n\t\t\t\t\t\t\t\t\t<span class=\"elementor-button-text\">S'inscrire<\/span>\n\t\t\t\t\t<\/span>\n\t\t\t\t\t<\/a>\n\t\t\t\t<\/div>\n\t\t\t\t\t\t\t\t<\/div>\n\t\t\t\t<\/div>\n\t\t\t\t\t<\/div>\n\t\t\t\t<\/div>\n\t\t<div class=\"elementor-element elementor-element-4a99fa0e e-flex e-con-boxed e-con e-parent\" data-id=\"4a99fa0e\" data-element_type=\"container\" data-e-type=\"container\">\n\t\t\t\t\t<div class=\"e-con-inner\">\n\t\t\t\t<div class=\"elementor-element elementor-element-438e7966 elementor-widget elementor-widget-text-editor\" data-id=\"438e7966\" data-element_type=\"widget\" data-e-type=\"widget\" data-widget_type=\"text-editor.default\">\n\t\t\t\t<div class=\"elementor-widget-container\">\n\t\t\t\t\t\t\t\t\t<h3>Dipl\u00f4me de massage en m\u00e9decine traditionnelle chinoise et shiatsu<\/h3>\n<p>Notre dipl\u00f4me de massage en m\u00e9decine traditionnelle chinoise et shiatsu est un programme complet de plus de 1000 heures qui fusionne les principes anciens de la m\u00e9decine traditionnelle chinoise (MTC) avec la pratique sp\u00e9cialis\u00e9e du massage shiatsu. Ce dipl\u00f4me int\u00e8gre les th\u00e9ories de la MTC aux techniques de massage modernes, offrant aux \u00e9tudiants une formation compl\u00e8te.<\/p>\n<p><strong>Les points forts du programme:<\/strong><\/p>\n<ul>\n<li>Principes de la MTC : Modules fondamentaux et avanc\u00e9s de la th\u00e9orie de la MTC et des techniques d&#8217;acupression.<\/li>\n<li>Acupression : Formation aux protocoles d&#8217;acupression extraordinaire et sur les m\u00e9ridiens des organes.<\/li>\n<li>Chi Nei Tsang : Technique sp\u00e9cialis\u00e9e de massage abdominal essentielle \u00e0 la pratique de la MTC.<\/li>\n<li>Programme de Shiatsu : \u00c9tude approfondie des principes et des applications du massage Shiatsu.<\/li>\n<li>Pratique clinique : Exp\u00e9rience pratique dans des sc\u00e9narios du monde r\u00e9el pour le d\u00e9veloppement de comp\u00e9tences pratiques.<\/li>\n<li>Cours suppl\u00e9mentaires : Cupping Est\/Ouest, Guasha, R\u00e9flexologie M\u00e9ridienne, Massage Tuina.<\/li>\n<\/ul>\n<p><strong>Cours de base:<\/strong><\/p>\n<ul>\n<li>Anatomie, Physiologie, &#038;amp ; Pathologie : Compr\u00e9hension fondamentale de l&#8217;anatomie et de la pathologie humaines.<\/li>\n<li>\u00c9thique professionnelle et aspects juridiques : Enseignement des consid\u00e9rations \u00e9thiques et juridiques.<\/li>\n<li>Sexualit\u00e9 et pratique professionnelle : Le professionnalisme en milieu th\u00e9rapeutique est abord\u00e9.<\/li>\n<\/ul>\n<p><strong>Les points forts du programme:<\/strong><\/p>\n<ul>\n<li>Formation approfondie : 1000 heures couvrant la MTC, la massoth\u00e9rapie et le Shiatsu.<\/li>\n<li>Approche holistique : Int\u00e9gration de la th\u00e9orie de la MTC aux techniques de massage pour une gu\u00e9rison holistique.<\/li>\n<li>D\u00e9veloppement professionnel : L&#8217;accent est mis sur les aptitudes techniques et les comp\u00e9tences professionnelles.<\/li>\n<li>Perspectives de carri\u00e8re : Dipl\u00f4m\u00e9s pr\u00e9par\u00e9s \u00e0 des carri\u00e8res de massoth\u00e9rapeutes en MTC dans divers contextes.<\/li>\n<\/ul>\n<p><strong>Calendrier Automne 2024 : <a href=\"https:\/\/docs.google.com\/spreadsheets\/d\/1yFURGOq7_kxCPuU6TVnYhO8EWG6Vw92Od0XPwoBoLuU\/edit#gid=1919041143\" target=\"_blank\" rel=\"noopener\">CLIQUEZ ICI POUR LE PROGRAMME<\/a><\/strong><\/p>\n<p>.<\/p>\n\t\t\t\t\t\t\t\t<\/div>\n\t\t\t\t<\/div>\n\t\t\t\t<div class=\"elementor-element elementor-element-625fb6f3 elementor-align-right elementor-widget elementor-widget-button\" data-id=\"625fb6f3\" data-element_type=\"widget\" data-e-type=\"widget\" data-widget_type=\"button.default\">\n\t\t\t\t<div class=\"elementor-widget-container\">\n\t\t\t\t\t\t\t\t\t<div class=\"elementor-button-wrapper\">\n\t\t\t\t\t<a class=\"elementor-button elementor-button-link elementor-size-sm\" href=\"https:\/\/calendly.com\/ecolesetsuko\/30min\" target=\"_blank\" rel=\"noopener\">\n\t\t\t\t\t\t<span class=\"elementor-button-content-wrapper\">\n\t\t\t\t\t\t\t\t\t<span class=\"elementor-button-text\">Pour plus d'informations Parlez \u00e0 un conseiller \u00e9tudiant<\/span>\n\t\t\t\t\t<\/span>\n\t\t\t\t\t<\/a>\n\t\t\t\t<\/div>\n\t\t\t\t\t\t\t\t<\/div>\n\t\t\t\t<\/div>\n\t\t\t\t<div class=\"elementor-element elementor-element-11723590 elementor-widget elementor-widget-heading\" data-id=\"11723590\" data-element_type=\"widget\" data-e-type=\"widget\" data-widget_type=\"heading.default\">\n\t\t\t\t<div class=\"elementor-widget-container\">\n\t\t\t\t\t<p class=\"elementor-heading-title elementor-size-default\">Prix : CA 8 500 $ - Plan de paiement disponible pour tous les \u00e9tudiants<\/p>\t\t\t\t<\/div>\n\t\t\t\t<\/div>\n\t\t\t\t\t<\/div>\n\t\t\t\t<\/div>\n\t\t<div class=\"elementor-element elementor-element-7af3afbc e-flex e-con-boxed e-con e-parent\" data-id=\"7af3afbc\" data-element_type=\"container\" data-e-type=\"container\">\n\t\t\t\t\t<div class=\"e-con-inner\">\n\t\t\t\t<div class=\"elementor-element elementor-element-599a83d6 elementor-cta--skin-classic elementor-animated-content elementor-bg-transform elementor-bg-transform-zoom-in elementor-widget elementor-widget-call-to-action\" data-id=\"599a83d6\" data-element_type=\"widget\" data-e-type=\"widget\" data-widget_type=\"call-to-action.default\">\n\t\t\t\t<div class=\"elementor-widget-container\">\n\t\t\t\t\t\t\t<div class=\"elementor-cta\">\n\t\t\t\t\t\t\t<div class=\"elementor-cta__content\">\n\t\t\t\t\n\t\t\t\t\t\t\t\t\t<h2 class=\"elementor-cta__title elementor-cta__content-item elementor-content-item\">\n\t\t\t\t\t\tCommencez votre dipl\u00f4me\t\t\t\t\t<\/h2>\n\t\t\t\t\n\t\t\t\t\n\t\t\t\t\t\t\t\t\t<div class=\"elementor-cta__button-wrapper elementor-cta__content-item elementor-content-item \">\n\t\t\t\t\t<a class=\"elementor-cta__button elementor-button elementor-size-lg\" href=\"https:\/\/setsuko.ca\/fr\/page-de-paiement\/?add-to-cart=5443\">\n\t\t\t\t\t\tS'inscrire\t\t\t\t\t<\/a>\n\t\t\t\t\t<\/div>\n\t\t\t\t\t\t\t<\/div>\n\t\t\t\t\t\t<\/div>\n\t\t\t\t\t\t<\/div>\n\t\t\t\t<\/div>\n\t\t\t\t\t<\/div>\n\t\t\t\t<\/div>\n\t\t\t\t<\/div>\n\t\t","protected":false},"excerpt":{"rendered":"<p>S&#8217;inscrire Dipl\u00f4me de massage en m\u00e9decine traditionnelle chinoise et shiatsu Notre dipl\u00f4me de massage en m\u00e9decine traditionnelle chinoise et shiatsu est un programme complet de plus de 1000 heures qui fusionne les principes anciens de la m\u00e9decine traditionnelle chinoise (MTC) avec la pratique sp\u00e9cialis\u00e9e du massage shiatsu. Ce dipl\u00f4me int\u00e8gre les th\u00e9ories de la MTC [&hellip;]<\/p>\n","protected":false},"author":1,"featured_media":0,"parent":0,"menu_order":0,"comment_status":"closed","ping_status":"closed","template":"","meta":{"_acf_changed":false,"footnotes":""},"class_list":["post-5520","page","type-page","status-publish","hentry"],"acf":[],"_links":{"self":[{"href":"https:\/\/setsuko.ca\/fr\/wp-json\/wp\/v2\/pages\/5520","targetHints":{"allow":["GET"]}}],"collection":[{"href":"https:\/\/setsuko.ca\/fr\/wp-json\/wp\/v2\/pages"}],"about":[{"href":"https:\/\/setsuko.ca\/fr\/wp-json\/wp\/v2\/types\/page"}],"author":[{"embeddable":true,"href":"https:\/\/setsuko.ca\/fr\/wp-json\/wp\/v2\/users\/1"}],"replies":[{"embeddable":true,"href":"https:\/\/setsuko.ca\/fr\/wp-json\/wp\/v2\/comments?post=5520"}],"version-history":[{"count":2,"href":"https:\/\/setsuko.ca\/fr\/wp-json\/wp\/v2\/pages\/5520\/revisions"}],"predecessor-version":[{"id":10518,"href":"https:\/\/setsuko.ca\/fr\/wp-json\/wp\/v2\/pages\/5520\/revisions\/10518"}],"wp:attachment":[{"href":"https:\/\/setsuko.ca\/fr\/wp-json\/wp\/v2\/media?parent=5520"}],"curies":[{"name":"wp","href":"https:\/\/api.w.org\/{rel}","templated":true}]}}