{"id":834,"date":"2025-07-07T13:12:55","date_gmt":"2025-07-07T17:12:55","guid":{"rendered":"https:\/\/ecolesetsuko.ca\/stage\/contacter-lecole-setsuko\/"},"modified":"2025-10-09T11:11:00","modified_gmt":"2025-10-09T15:11:00","slug":"contacter-lecole-setsuko","status":"publish","type":"page","link":"https:\/\/setsuko.ca\/fr\/ecole\/contacter-lecole-setsuko\/","title":{"rendered":"Contacter l&#8217;\u00e9cole Setsuko"},"content":{"rendered":"\t\t<div data-elementor-type=\"wp-page\" data-elementor-id=\"834\" class=\"elementor elementor-834 elementor-636\" data-elementor-post-type=\"page\">\n\t\t\t\t<div class=\"elementor-element elementor-element-3ca6717 e-flex e-con-boxed e-con e-parent\" data-id=\"3ca6717\" data-element_type=\"container\" data-e-type=\"container\">\n\t\t\t\t\t<div class=\"e-con-inner\">\n\t\t<div class=\"elementor-element elementor-element-6b7420e e-con-full e-flex e-con e-child\" data-id=\"6b7420e\" data-element_type=\"container\" data-e-type=\"container\">\n\t\t\t\t<div class=\"elementor-element elementor-element-9644ed8 elementor-button-align-stretch elementor-widget elementor-widget-form\" data-id=\"9644ed8\" data-element_type=\"widget\" data-e-type=\"widget\" data-settings=\"{&quot;step_next_label&quot;:&quot;Suivant&quot;,&quot;step_previous_label&quot;:&quot;Pr\\u00e9c\\u00e9dent&quot;,&quot;button_width&quot;:&quot;100&quot;,&quot;step_type&quot;:&quot;number_text&quot;,&quot;step_icon_shape&quot;:&quot;circle&quot;}\" data-widget_type=\"form.default\">\n\t\t\t\t<div class=\"elementor-widget-container\">\n\t\t\t\t\t\t\t<form class=\"elementor-form\" method=\"post\" id=\"form_setsuko\" name=\"New Form\" aria-label=\"New Form\">\n\t\t\t<input type=\"hidden\" name=\"post_id\" value=\"834\"\/>\n\t\t\t<input type=\"hidden\" name=\"form_id\" value=\"9644ed8\"\/>\n\t\t\t<input type=\"hidden\" name=\"referer_title\" value=\"Contactez \u00c9cole Setsuko - Th\u00e9rapies holistiques et naturelles\" \/>\n\n\t\t\t\t\t\t\t<input type=\"hidden\" name=\"queried_id\" value=\"834\"\/>\n\t\t\t\n\t\t\t<div class=\"elementor-form-fields-wrapper elementor-labels-above\">\n\t\t\t\t\t\t\t\t<div class=\"elementor-field-type-text\">\n\t\t\t\t\t<input size=\"1\" type=\"text\" name=\"form_fields[field_d300226]\" id=\"form-field-field_d300226\" class=\"elementor-field elementor-size-sm \" style=\"display:none !important;\">\t\t\t\t<\/div>\n\t\t\t\t\t\t\t\t<div class=\"elementor-field-type-text elementor-field-group elementor-column elementor-field-group-name elementor-col-100\">\n\t\t\t\t\t\t\t\t\t\t\t\t<label for=\"form-field-name\" class=\"elementor-field-label\">\n\t\t\t\t\t\t\t\tNom\t\t\t\t\t\t\t<\/label>\n\t\t\t\t\t\t\t\t\t\t\t\t\t\t<input size=\"1\" type=\"text\" name=\"form_fields[name]\" id=\"form-field-name\" class=\"elementor-field elementor-size-sm  elementor-field-textual\" placeholder=\"Nom\">\n\t\t\t\t\t\t\t\t\t\t\t<\/div>\n\t\t\t\t\t\t\t\t<div class=\"elementor-field-type-tel elementor-field-group elementor-column elementor-field-group-field_6888b61 elementor-col-100\">\n\t\t\t\t\t\t\t\t\t\t\t\t<label for=\"form-field-field_6888b61\" class=\"elementor-field-label\">\n\t\t\t\t\t\t\t\tT\u00e9l\u00e9phone\t\t\t\t\t\t\t<\/label>\n\t\t\t\t\t\t\t\t<input size=\"1\" type=\"tel\" name=\"form_fields[field_6888b61]\" id=\"form-field-field_6888b61\" class=\"elementor-field elementor-size-sm  elementor-field-textual\" placeholder=\"514-999-9999\" pattern=\"[0-9()#&amp;+*-=.]+\" title=\"Only numbers and phone characters (#, -, *, etc) are accepted.\">\n\n\t\t\t\t\t\t<\/div>\n\t\t\t\t\t\t\t\t<div class=\"elementor-field-type-email elementor-field-group elementor-column elementor-field-group-email elementor-col-100 elementor-field-required\">\n\t\t\t\t\t\t\t\t\t\t\t\t<label for=\"form-field-email\" class=\"elementor-field-label\">\n\t\t\t\t\t\t\t\tCourriel\t\t\t\t\t\t\t<\/label>\n\t\t\t\t\t\t\t\t\t\t\t\t\t\t<input size=\"1\" type=\"email\" name=\"form_fields[email]\" id=\"form-field-email\" class=\"elementor-field elementor-size-sm  elementor-field-textual\" placeholder=\"Email\" required=\"required\">\n\t\t\t\t\t\t\t\t\t\t\t<\/div>\n\t\t\t\t\t\t\t\t<div class=\"elementor-field-type-textarea elementor-field-group elementor-column elementor-field-group-message elementor-col-100\">\n\t\t\t\t\t\t\t\t\t\t\t\t<label for=\"form-field-message\" class=\"elementor-field-label\">\n\t\t\t\t\t\t\t\tMessage\t\t\t\t\t\t\t<\/label>\n\t\t\t\t\t\t<textarea class=\"elementor-field-textual elementor-field  elementor-size-sm\" name=\"form_fields[message]\" id=\"form-field-message\" rows=\"4\" placeholder=\"Message\"><\/textarea>\t\t\t\t<\/div>\n\t\t\t\t\t\t\t\t<div class=\"elementor-field-type-select elementor-field-group elementor-column elementor-field-group-field_00d81df elementor-col-100 elementor-field-type-select-multiple\">\n\t\t\t\t\t\t\t\t\t\t\t\t<label for=\"form-field-field_00d81df\" class=\"elementor-field-label\">\n\t\t\t\t\t\t\t\tS\u00e9lectionnez le ou les cours qui vous int\u00e9ressent [Maintenez la touche CTRL enfonc\u00e9e et  cliquez pour s\u00e9lectionner plusieurs cours].\t\t\t\t\t\t\t<\/label>\n\t\t\t\t\t\t\t\t<div class=\"elementor-field elementor-select-wrapper remove-before \">\n\t\t\t<div class=\"select-caret-down-wrapper\">\n\t\t\t\t\t\t\t<\/div>\n\t\t\t<select name=\"form_fields[field_00d81df][]\" id=\"form-field-field_00d81df\" class=\"elementor-field-textual elementor-size-sm\" multiple=\"\">\n\t\t\t\t\t\t\t\t\t<option value=\"Dipl\u00f4me d&#039;herboriste communautaire\">Dipl\u00f4me d&#039;herboriste communautaire<\/option>\n\t\t\t\t\t\t\t\t\t<option value=\"Certification en th\u00e9rapie craniosacrale\">Certification en th\u00e9rapie craniosacrale<\/option>\n\t\t\t\t\t\t\t\t\t<option value=\"Dipl\u00f4me de th\u00e9rapie de la polarit\u00e9\">Dipl\u00f4me de th\u00e9rapie de la polarit\u00e9<\/option>\n\t\t\t\t\t\t\t\t\t<option value=\"Dipl\u00f4me de massage shiatsu\">Dipl\u00f4me de massage shiatsu<\/option>\n\t\t\t\t\t\t\t\t\t<option value=\"Dipl\u00f4me de th\u00e9rapie par le son\">Dipl\u00f4me de th\u00e9rapie par le son<\/option>\n\t\t\t\t\t\t\t\t\t<option value=\"Dipl\u00f4me de massage su\u00e9dois 400 heures\">Dipl\u00f4me de massage su\u00e9dois 400 heures<\/option>\n\t\t\t\t\t\t\t\t\t<option value=\"Dipl\u00f4me de massage su\u00e9dois 1100+ heures\">Dipl\u00f4me de massage su\u00e9dois 1100+ heures<\/option>\n\t\t\t\t\t\t\t\t\t<option value=\"Massage tha\u00eflandais\">Massage tha\u00eflandais<\/option>\n\t\t\t\t\t\t\t\t\t<option value=\"Dipl\u00f4me de massage en m\u00e9decine traditionnelle chinoise\">Dipl\u00f4me de massage en m\u00e9decine traditionnelle chinoise<\/option>\n\t\t\t\t\t\t\t\t\t<option value=\"Ateliers\">Ateliers<\/option>\n\t\t\t\t\t\t\t\t\t<option value=\"Autre\">Autre<\/option>\n\t\t\t\t\t\t\t<\/select>\n\t\t<\/div>\n\t\t\t\t\t\t<\/div>\n\t\t\t\t\t\t\t\t<div class=\"elementor-field-type-recaptcha_v3 elementor-field-group elementor-column elementor-field-group-field_901f208 elementor-col-100 recaptcha_v3-bottomright\">\n\t\t\t\t\t<div class=\"elementor-field\" id=\"form-field-field_901f208\"><div class=\"elementor-g-recaptcha\" data-sitekey=\"6Letp-IpAAAAAAPl4KBwcjmOXmJxngBlot48iHh9\" data-type=\"v3\" data-action=\"Form\" data-badge=\"bottomright\" data-size=\"invisible\"><\/div><\/div>\t\t\t\t<\/div>\n\t\t\t\t\t\t\t\t<div class=\"elementor-field-group elementor-column elementor-field-type-submit elementor-col-100 e-form__buttons\">\n\t\t\t\t\t<button class=\"elementor-button elementor-size-sm\" type=\"submit\">\n\t\t\t\t\t\t<span class=\"elementor-button-content-wrapper\">\n\t\t\t\t\t\t\t\t\t\t\t\t\t\t\t\t\t\t\t\t\t\t<span class=\"elementor-button-text\">Envoyer<\/span>\n\t\t\t\t\t\t\t\t\t\t\t\t\t<\/span>\n\t\t\t\t\t<\/button>\n\t\t\t\t<\/div>\n\t\t\t<\/div>\n\t\t<\/form>\n\t\t\t\t\t\t<\/div>\n\t\t\t\t<\/div>\n\t\t\t\t<\/div>\n\t\t<div class=\"elementor-element elementor-element-22bff5b e-con-full e-flex e-con e-child\" data-id=\"22bff5b\" data-element_type=\"container\" data-e-type=\"container\">\n\t\t\t\t<div class=\"elementor-element elementor-element-2bb53f3 elementor-widget elementor-widget-text-editor\" data-id=\"2bb53f3\" data-element_type=\"widget\" data-e-type=\"widget\" data-widget_type=\"text-editor.default\">\n\t\t\t\t<div class=\"elementor-widget-container\">\n\t\t\t\t\t\t\t\t\t<h2>\u00c9cole Setsuko<\/h2><strong>Adresse de l&#8217;\u00e9cole:<\/strong><strong>NDG:<\/strong> Le Complexe de Sant\u00e9 Reine Elizabeth 2111 Ave Northcliffe, Suite 11D, Montr\u00e9al, Qu\u00e9bec H4A 3K6, M\u00e9tro Vendome<strong>Ouest de l&#8217;\u00eele:<\/strong> 1564 Chem. Herron, Suite 206-208, <span class=\"fMYBhe\">Dorval, Qu\u00e9bec H9S 1B7, Situ\u00e9 \u00e0 c\u00f4t\u00e9 de la gare de Pine Beach<\/span><div><div><div><strong>Adresse postale uniquement:<\/strong> 1078 Rue Addington, NDG, Montr\u00e9al, Qu\u00e9bec H4A 3G4<\/div><\/div><\/div><strong>T\u00e9l\u00e9phone:<\/strong>\u00a0<a href=\"tel:5144821991\">514.482.1991<\/a><b>Email:<\/b>\u00a0<a href=\"mailto:info@ecolesetsuko.ca\">info@ecolesetsuko.ca<\/a><h4>Heures d&#8217;ouverture(sur rendez-vous uniquement):<\/h4><strong>Du lundi au vendredi: \u00a0<\/strong>9h00 \u00e0 21h00 pm<strong>Samedi et dimanche: \u00a0<\/strong>9h00 \u00e0 18h00\t\t\t\t\t\t\t\t<\/div>\n\t\t\t\t<\/div>\n\t\t\t\t<div class=\"elementor-element elementor-element-b578517 elementor-widget elementor-widget-button\" data-id=\"b578517\" data-element_type=\"widget\" data-e-type=\"widget\" data-widget_type=\"button.default\">\n\t\t\t\t<div class=\"elementor-widget-container\">\n\t\t\t\t\t\t\t\t\t<div class=\"elementor-button-wrapper\">\n\t\t\t\t\t<a class=\"elementor-button elementor-button-link elementor-size-sm\" href=\"https:\/\/www.paypal.com\/donate?token=18g7qz-QI6-sVPyLP27RO0cTmNnZh3vjFgES2RIfkz7vyzPxyBZlAHLBMpDBesgovpjSr35vY3UeQh7e\" target=\"_blank\" rel=\"noopener\">\n\t\t\t\t\t\t<span class=\"elementor-button-content-wrapper\">\n\t\t\t\t\t\t\t\t\t<span class=\"elementor-button-text\">Faire un don<\/span>\n\t\t\t\t\t<\/span>\n\t\t\t\t\t<\/a>\n\t\t\t\t<\/div>\n\t\t\t\t\t\t\t\t<\/div>\n\t\t\t\t<\/div>\n\t\t\t\t<\/div>\n\t\t\t\t\t<\/div>\n\t\t\t\t<\/div>\n\t\t<div class=\"elementor-element elementor-element-b9d44a4 e-con-full e-flex e-con e-parent\" data-id=\"b9d44a4\" data-element_type=\"container\" data-e-type=\"container\">\n\t\t\t\t<div class=\"elementor-element elementor-element-6f3505a elementor-align-center elementor-widget elementor-widget-button\" data-id=\"6f3505a\" data-element_type=\"widget\" data-e-type=\"widget\" data-widget_type=\"button.default\">\n\t\t\t\t<div class=\"elementor-widget-container\">\n\t\t\t\t\t\t\t\t\t<div class=\"elementor-button-wrapper\">\n\t\t\t\t\t<a class=\"elementor-button elementor-button-link elementor-size-sm\" href=\"https:\/\/setsuko.ca\/fr\/ecole\/inscription-au-massage-clinique-supervise-par-un-etudiant\/\">\n\t\t\t\t\t\t<span class=\"elementor-button-content-wrapper\">\n\t\t\t\t\t\t\t\t\t<span class=\"elementor-button-text\">Inscription au massage clinique supervis\u00e9 par un \u00e9tudiant<\/span>\n\t\t\t\t\t<\/span>\n\t\t\t\t\t<\/a>\n\t\t\t\t<\/div>\n\t\t\t\t\t\t\t\t<\/div>\n\t\t\t\t<\/div>\n\t\t\t\t<div class=\"elementor-element elementor-element-c8ccd96 elementor-widget elementor-widget-google_maps\" data-id=\"c8ccd96\" data-element_type=\"widget\" data-e-type=\"widget\" data-widget_type=\"google_maps.default\">\n\t\t\t\t<div class=\"elementor-widget-container\">\n\t\t\t\t\t\t\t<div class=\"elementor-custom-embed\">\n\t\t\t<iframe loading=\"lazy\"\n\t\t\t\t\tsrc=\"https:\/\/www.google.com\/maps\/embed\/v1\/place?key=AIzaSyB2P_ADTBmRsEZ4KaE7jU9YhEzcKofTbnU&#038;q=Ecole%20Setsuko%2C%202000%20Northcliffe%2C%20Montreal%20&#038;zoom=10\"\n\t\t\t\t\ttitle=\"Ecole Setsuko, 2000 Northcliffe, Montreal \"\n\t\t\t\t\taria-label=\"Ecole Setsuko, 2000 Northcliffe, Montreal \"\n\t\t\t><\/iframe>\n\t\t<\/div>\n\t\t\t\t\t\t<\/div>\n\t\t\t\t<\/div>\n\t\t\t\t<\/div>\n\t\t\t\t<\/div>\n\t\t","protected":false},"excerpt":{"rendered":"<p>\u00c9cole Setsuko Adresse de l&#8217;\u00e9cole:NDG: Le Complexe de Sant\u00e9 Reine Elizabeth 2111 Ave Northcliffe, Suite 11D, Montr\u00e9al, Qu\u00e9bec H4A 3K6, M\u00e9tro VendomeOuest de l&#8217;\u00eele: 1564 Chem. Herron, Suite 206-208, Dorval, Qu\u00e9bec H9S 1B7, Situ\u00e9 \u00e0 c\u00f4t\u00e9 de la gare de Pine BeachAdresse postale uniquement: 1078 Rue Addington, NDG, Montr\u00e9al, Qu\u00e9bec H4A 3G4T\u00e9l\u00e9phone:\u00a0514.482.1991Email:\u00a0info@ecolesetsuko.ca Heures d&#8217;ouverture(sur rendez-vous [&hellip;]<\/p>\n","protected":false},"author":1,"featured_media":7986,"parent":10677,"menu_order":0,"comment_status":"closed","ping_status":"closed","template":"","meta":{"_acf_changed":false,"footnotes":""},"class_list":["post-834","page","type-page","status-publish","has-post-thumbnail","hentry"],"acf":[],"_links":{"self":[{"href":"https:\/\/setsuko.ca\/fr\/wp-json\/wp\/v2\/pages\/834","targetHints":{"allow":["GET"]}}],"collection":[{"href":"https:\/\/setsuko.ca\/fr\/wp-json\/wp\/v2\/pages"}],"about":[{"href":"https:\/\/setsuko.ca\/fr\/wp-json\/wp\/v2\/types\/page"}],"author":[{"embeddable":true,"href":"https:\/\/setsuko.ca\/fr\/wp-json\/wp\/v2\/users\/1"}],"replies":[{"embeddable":true,"href":"https:\/\/setsuko.ca\/fr\/wp-json\/wp\/v2\/comments?post=834"}],"version-history":[{"count":3,"href":"https:\/\/setsuko.ca\/fr\/wp-json\/wp\/v2\/pages\/834\/revisions"}],"predecessor-version":[{"id":13421,"href":"https:\/\/setsuko.ca\/fr\/wp-json\/wp\/v2\/pages\/834\/revisions\/13421"}],"up":[{"embeddable":true,"href":"https:\/\/setsuko.ca\/fr\/wp-json\/wp\/v2\/pages\/10677"}],"wp:featuredmedia":[{"embeddable":true,"href":"https:\/\/setsuko.ca\/fr\/wp-json\/wp\/v2\/media\/7986"}],"wp:attachment":[{"href":"https:\/\/setsuko.ca\/fr\/wp-json\/wp\/v2\/media?parent=834"}],"curies":[{"name":"wp","href":"https:\/\/api.w.org\/{rel}","templated":true}]}}