{"id":846,"date":"2025-05-07T09:56:31","date_gmt":"2025-05-07T13:56:31","guid":{"rendered":"https:\/\/ecolesetsuko.ca\/stage\/mesures-de-securite-et-protocoles-du-covid-19\/"},"modified":"2026-03-11T20:54:27","modified_gmt":"2026-03-12T00:54:27","slug":"mesures-de-securite-et-protocoles-du-covid-19","status":"publish","type":"page","link":"https:\/\/setsuko.ca\/fr\/mesures-de-securite-et-protocoles-du-covid-19\/","title":{"rendered":"Mesures et protocoles de s\u00e9curit\u00e9"},"content":{"rendered":"\t\t<div data-elementor-type=\"wp-page\" data-elementor-id=\"846\" class=\"elementor elementor-846 elementor-486\" data-elementor-post-type=\"page\">\n\t\t\t\t<div class=\"elementor-element elementor-element-cbedbf2 e-flex e-con-boxed e-con e-parent\" data-id=\"cbedbf2\" data-element_type=\"container\" data-e-type=\"container\">\n\t\t\t\t\t<div class=\"e-con-inner\">\n\t\t\t\t<div class=\"elementor-element elementor-element-592a227 elementor-widget elementor-widget-text-editor\" data-id=\"592a227\" data-element_type=\"widget\" data-e-type=\"widget\" data-widget_type=\"text-editor.default\">\n\t\t\t\t<div class=\"elementor-widget-container\">\n\t\t\t\t\t\t\t\t\t<div class=\"entry-content\"><p><b>Directives de sant\u00e9 et de s\u00e9curit\u00e9 pour l\u2019\u00c9cole Setsuko<\/b><\/p><p><span style=\"font-weight: 400;\">\u00c0 l\u2019\u00c9cole Setsuko, la sant\u00e9 et la s\u00e9curit\u00e9 de nos \u00e9tudiants, de notre personnel et de nos clients sont notre priorit\u00e9 absolue. Nous nous engageons \u00e0 maintenir un environnement propre, s\u00fbr et favorable pour tous. Veuillez consulter et respecter les directives suivantes :  <\/span><\/p><h3><b>1. Pratiques d\u2019hygi\u00e8ne g\u00e9n\u00e9rale<\/b><\/h3><ul><li style=\"font-weight: 400;\" aria-level=\"1\"><b>Hygi\u00e8ne des mains<\/b><span style=\"font-weight: 400;\"> : Lavez-vous soigneusement les mains avec de l\u2019eau et du savon pendant au moins 20 secondes ou utilisez un d\u00e9sinfectant pour les mains d\u00e8s l\u2019entr\u00e9e \u00e0 l\u2019\u00e9cole, avant et apr\u00e8s avoir touch\u00e9 l\u2019\u00e9quipement partag\u00e9, et apr\u00e8s \u00eatre all\u00e9 aux toilettes.<\/span><\/li><li style=\"font-weight: 400;\" aria-level=\"1\"><b>Hygi\u00e8ne personnelle<\/b><span style=\"font-weight: 400;\">: Assurez-vous d\u2019arriver propre et de porter des v\u00eatements fra\u00eechement lav\u00e9s. \u00c9vitez de porter des parfums ou des odeurs fortes. Les ongles doivent \u00eatre coup\u00e9s, lim\u00e9s et bross\u00e9s avec une brosse \u00e0 ongles.   <\/span><\/li><\/ul><h3><b>2. Propret\u00e9 des installations<\/b><\/h3><ul><li style=\"font-weight: 400;\" aria-level=\"1\"><b>Salles de traitement<\/b><span style=\"font-weight: 400;\"> : Les surfaces fr\u00e9quemment touch\u00e9es (par exemple, poign\u00e9es de porte, interrupteurs, tables de massage, traversins et autres \u00e9quipements) sont d\u00e9sinfect\u00e9es apr\u00e8s chaque utilisation.<\/span><\/li><li style=\"font-weight: 400;\" aria-level=\"1\"><b>Espaces partag\u00e9s<\/b><span style=\"font-weight: 400;\"> : Les salles de classe, les salles de bain et les salons sont nettoy\u00e9s et r\u00e9approvisionn\u00e9s r\u00e9guli\u00e8rement.<\/span><\/li><\/ul><h3><b>3. D\u00e9pistage de sant\u00e9<\/b><\/h3><ul><li style=\"font-weight: 400;\" aria-level=\"1\"><b>V\u00e9rification des sympt\u00f4mes<\/b><span style=\"font-weight: 400;\"> : Ne participez pas aux cours ou aux cliniques si vous ne vous sentez pas bien ou si vous pr\u00e9sentez des sympt\u00f4mes de maladie (par exemple, fi\u00e8vre, toux, mal de gorge ou fatigue).<\/span><\/li><li style=\"font-weight: 400;\" aria-level=\"1\"><b>Signalement des maladies<\/b><span style=\"font-weight: 400;\"> : Informez l\u2019administration si vous \u00eates test\u00e9 positif \u00e0 une maladie transmissible.<\/span><\/li><\/ul><h3><b>5. Assainissement pendant les cours et les cliniques<\/b><\/h3><ul><li style=\"list-style-type: none;\"><ul><li style=\"font-weight: 400;\" aria-level=\"1\"><b>Utilisation de l\u2019\u00e9quipement<\/b><span style=\"font-weight: 400;\">: D\u00e9sinfectez-vous les mains avant et apr\u00e8s avoir manipul\u00e9 des outils, des huiles ou des lotions de massage. Nettoyez soigneusement l\u2019\u00e9quipement apr\u00e8s utilisation. <\/span><\/li><li style=\"font-weight: 400;\" aria-level=\"1\"><b>Linge de maison<\/b><span style=\"font-weight: 400;\">: Utilisez du linge fra\u00eechement lav\u00e9 pour chaque client. Placez le linge usag\u00e9 dans les bacs \u00e0 linge d\u00e9sign\u00e9s imm\u00e9diatement apr\u00e8s les s\u00e9ances. <\/span><\/li><\/ul><\/li><\/ul><ul><li aria-level=\"1\"><b>Lavage des mains<\/b><span style=\"font-weight: 400;\">: Lavez-vous les mains avec de l\u2019eau et du savon apr\u00e8s chaque s\u00e9ance. Ne touchez pas les murs ou toute autre surface.  <\/span><\/li><\/ul><h3><b>7. Proc\u00e9dures d\u2019urgence<\/b><\/h3><ul><li style=\"font-weight: 400;\" aria-level=\"1\"><b>Premiers secours<\/b><span style=\"font-weight: 400;\">: Des trousses de premiers secours sont disponibles sur place. Informez imm\u00e9diatement le personnel en cas de blessure. <\/span><\/li><li style=\"font-weight: 400;\" aria-level=\"1\"><b>\u00c9vacuation<\/b><span style=\"font-weight: 400;\"> : Suivez les instructions du personnel lors des exercices d\u2019incendie ou d\u2019autres urgences.<\/span><\/li><\/ul><h3><b>8. Directives concernant la nourriture et les boissons<\/b><\/h3><ul><li style=\"font-weight: 400;\" aria-level=\"1\"><b>Espaces partag\u00e9s<\/b><span style=\"font-weight: 400;\">: Consommez de la nourriture et des boissons uniquement dans les zones d\u00e9sign\u00e9es. Jetez les d\u00e9chets dans les poubelles appropri\u00e9es. <\/span><\/li><li style=\"font-weight: 400;\" aria-level=\"1\"><b>Allergies<\/b><span style=\"font-weight: 400;\"> : Soyez attentif aux allergies alimentaires ; \u00e9vitez d\u2019apporter des articles contenant des allerg\u00e8nes courants comme les arachides, sauf si leur innocuit\u00e9 est confirm\u00e9e.<\/span><\/li><\/ul><h3><b>9. Interaction avec les clients (Cliniques)<\/b><\/h3><ul><li style=\"font-weight: 400;\" aria-level=\"1\"><b>Ant\u00e9c\u00e9dents de sant\u00e9<\/b><span style=\"font-weight: 400;\"> : Examinez attentivement les formulaires d\u2019admission des clients pour assurer la s\u00e9curit\u00e9 pendant les traitements.<\/span><\/li><li style=\"font-weight: 400;\" aria-level=\"1\"><b>Consentement<\/b><span style=\"font-weight: 400;\"> : Obtenez un consentement \u00e9clair\u00e9 avant de commencer tout traitement.<\/span><\/li><li style=\"font-weight: 400;\" aria-level=\"1\"><b>Communication<\/b><span style=\"font-weight: 400;\"> : Encouragez un dialogue ouvert pour aborder tout inconfort ou toute pr\u00e9occupation pendant les s\u00e9ances.<\/span><\/li><\/ul><h3><b>10. Sant\u00e9 mentale et bien-\u00eatre<\/b><\/h3><ul><li style=\"font-weight: 400;\" aria-level=\"1\"><b>Soutien<\/b><span style=\"font-weight: 400;\"> : Contactez le personnel ou l\u2019administration pour obtenir des ressources si vous vous sentez d\u00e9pass\u00e9 ou stress\u00e9.<\/span><\/li><li style=\"font-weight: 400;\" aria-level=\"1\"><b>Pauses<\/b><span style=\"font-weight: 400;\"> : Prenez des pauses r\u00e9guli\u00e8res pendant les longues s\u00e9ances pour \u00e9viter la fatigue.<\/span><\/li><\/ul><h3><b>11. Conformit\u00e9 et mises \u00e0 jour<\/b><\/h3><ul><li style=\"font-weight: 400;\" aria-level=\"1\"><b>Adh\u00e9sion<\/b><span style=\"font-weight: 400;\"> : Tous les \u00e9tudiants et le personnel sont tenus de se conformer \u00e0 ces directives.<\/span><\/li><li style=\"font-weight: 400;\" aria-level=\"1\"><b>Mises \u00e0 jour<\/b><span style=\"font-weight: 400;\"> : Les directives seront examin\u00e9es et mises \u00e0 jour r\u00e9guli\u00e8rement pour s\u2019aligner sur les recommandations de sant\u00e9 publique.<\/span><\/li><\/ul><p><span style=\"font-weight: 400;\">En suivant ces protocoles de sant\u00e9 et de s\u00e9curit\u00e9, nous pouvons assurer un environnement harmonieux et prosp\u00e8re pour tous \u00e0 l\u2019\u00c9cole Setsuko. Nous vous remercions de votre coop\u00e9ration et de votre engagement \u00e0 maintenir nos normes communes de soins et de respect. <\/span><\/p><\/div>\t\t\t\t\t\t\t\t<\/div>\n\t\t\t\t<\/div>\n\t\t\t\t\t<\/div>\n\t\t\t\t<\/div>\n\t\t\t\t<\/div>\n\t\t","protected":false},"excerpt":{"rendered":"<p>Directives de sant\u00e9 et de s\u00e9curit\u00e9 pour l\u2019\u00c9cole Setsuko \u00c0 l\u2019\u00c9cole Setsuko, la sant\u00e9 et la s\u00e9curit\u00e9 de nos \u00e9tudiants, de notre personnel et de nos clients sont notre priorit\u00e9 absolue. Nous nous engageons \u00e0 maintenir un environnement propre, s\u00fbr et favorable pour tous. Veuillez consulter et respecter les directives suivantes : 1. Pratiques d\u2019hygi\u00e8ne [&hellip;]<\/p>\n","protected":false},"author":1,"featured_media":0,"parent":0,"menu_order":0,"comment_status":"closed","ping_status":"closed","template":"","meta":{"_acf_changed":false,"footnotes":""},"class_list":["post-846","page","type-page","status-publish","hentry"],"acf":[],"_links":{"self":[{"href":"https:\/\/setsuko.ca\/fr\/wp-json\/wp\/v2\/pages\/846","targetHints":{"allow":["GET"]}}],"collection":[{"href":"https:\/\/setsuko.ca\/fr\/wp-json\/wp\/v2\/pages"}],"about":[{"href":"https:\/\/setsuko.ca\/fr\/wp-json\/wp\/v2\/types\/page"}],"author":[{"embeddable":true,"href":"https:\/\/setsuko.ca\/fr\/wp-json\/wp\/v2\/users\/1"}],"replies":[{"embeddable":true,"href":"https:\/\/setsuko.ca\/fr\/wp-json\/wp\/v2\/comments?post=846"}],"version-history":[{"count":6,"href":"https:\/\/setsuko.ca\/fr\/wp-json\/wp\/v2\/pages\/846\/revisions"}],"predecessor-version":[{"id":15469,"href":"https:\/\/setsuko.ca\/fr\/wp-json\/wp\/v2\/pages\/846\/revisions\/15469"}],"wp:attachment":[{"href":"https:\/\/setsuko.ca\/fr\/wp-json\/wp\/v2\/media?parent=846"}],"curies":[{"name":"wp","href":"https:\/\/api.w.org\/{rel}","templated":true}]}}