{"id":848,"date":"2025-01-17T10:13:21","date_gmt":"2025-01-17T15:13:21","guid":{"rendered":"https:\/\/ecolesetsuko.ca\/stage\/diplomes\/"},"modified":"2026-02-10T08:00:17","modified_gmt":"2026-02-10T13:00:17","slug":"diplomes","status":"publish","type":"page","link":"https:\/\/setsuko.ca\/fr\/ecole\/diplomes\/","title":{"rendered":"Dipl\u00f4mes"},"content":{"rendered":"\t\t<div data-elementor-type=\"wp-page\" data-elementor-id=\"848\" class=\"elementor elementor-848 elementor-539\" data-elementor-post-type=\"page\">\n\t\t\t\t<div class=\"elementor-element elementor-element-74ff865 e-flex e-con-boxed e-con e-parent\" data-id=\"74ff865\" data-element_type=\"container\" data-e-type=\"container\">\n\t\t\t\t\t<div class=\"e-con-inner\">\n\t\t<div class=\"elementor-element elementor-element-29f7e97 e-con-full e-flex e-con e-child\" data-id=\"29f7e97\" data-element_type=\"container\" data-e-type=\"container\">\n\t\t\t\t<div class=\"elementor-element elementor-element-339396d elementor-widget elementor-widget-text-editor\" data-id=\"339396d\" data-element_type=\"widget\" data-e-type=\"widget\" data-widget_type=\"text-editor.default\">\n\t\t\t\t<div class=\"elementor-widget-container\">\n\t\t\t\t\t\t\t\t\t<p><strong><span lang=\"EN-US\">Devenez un massoth\u00e9rapeute ou un naturopathe reconnu au Qu\u00e9bec. Notre clinique d&#8217;enseignement sur place offre des sessions abordables au sein de la communaut\u00e9, tout en donnant aux \u00e9tudiants l&#8217;exp\u00e9rience et la confiance n\u00e9cessaires pour r\u00e9ussir dans ce domaine.  <\/span><\/strong><\/p>\t\t\t\t\t\t\t\t<\/div>\n\t\t\t\t<\/div>\n\t\t\t\t<\/div>\n\t\t\t\t\t<\/div>\n\t\t\t\t<\/div>\n\t\t<div class=\"elementor-element elementor-element-5566509 e-flex e-con-boxed e-con e-parent\" data-id=\"5566509\" data-element_type=\"container\" data-e-type=\"container\">\n\t\t\t\t\t<div class=\"e-con-inner\">\n\t\t<div class=\"elementor-element elementor-element-d36dc16 e-con-full e-flex e-con e-child\" data-id=\"d36dc16\" data-element_type=\"container\" data-e-type=\"container\">\n\t\t\t\t<div class=\"elementor-element elementor-element-50a4cda elementor-widget elementor-widget-heading\" data-id=\"50a4cda\" data-element_type=\"widget\" data-e-type=\"widget\" data-widget_type=\"heading.default\">\n\t\t\t\t<div class=\"elementor-widget-container\">\n\t\t\t\t\t<h3 class=\"elementor-heading-title elementor-size-default\"><b>EN PARTENARIAT AVEC<\/b> :<\/h3>\t\t\t\t<\/div>\n\t\t\t\t<\/div>\n\t\t\t\t<div class=\"elementor-element elementor-element-892ff21 elementor-arrows-position-inside elementor-widget elementor-widget-image-carousel\" data-id=\"892ff21\" data-element_type=\"widget\" data-e-type=\"widget\" data-settings=\"{&quot;slides_to_show&quot;:&quot;5&quot;,&quot;slides_to_scroll&quot;:&quot;2&quot;,&quot;navigation&quot;:&quot;arrows&quot;,&quot;slides_to_show_mobile&quot;:&quot;2&quot;,&quot;slides_to_show_tablet&quot;:&quot;4&quot;,&quot;autoplay&quot;:&quot;yes&quot;,&quot;pause_on_hover&quot;:&quot;yes&quot;,&quot;pause_on_interaction&quot;:&quot;yes&quot;,&quot;autoplay_speed&quot;:5000,&quot;infinite&quot;:&quot;yes&quot;,&quot;speed&quot;:500,&quot;image_spacing_custom&quot;:{&quot;unit&quot;:&quot;px&quot;,&quot;size&quot;:20,&quot;sizes&quot;:[]},&quot;image_spacing_custom_laptop&quot;:{&quot;unit&quot;:&quot;px&quot;,&quot;size&quot;:&quot;&quot;,&quot;sizes&quot;:[]},&quot;image_spacing_custom_tablet_extra&quot;:{&quot;unit&quot;:&quot;px&quot;,&quot;size&quot;:&quot;&quot;,&quot;sizes&quot;:[]},&quot;image_spacing_custom_tablet&quot;:{&quot;unit&quot;:&quot;px&quot;,&quot;size&quot;:&quot;&quot;,&quot;sizes&quot;:[]},&quot;image_spacing_custom_mobile_extra&quot;:{&quot;unit&quot;:&quot;px&quot;,&quot;size&quot;:&quot;&quot;,&quot;sizes&quot;:[]},&quot;image_spacing_custom_mobile&quot;:{&quot;unit&quot;:&quot;px&quot;,&quot;size&quot;:&quot;&quot;,&quot;sizes&quot;:[]}}\" data-widget_type=\"image-carousel.default\">\n\t\t\t\t<div class=\"elementor-widget-container\">\n\t\t\t\t\t\t\t<div class=\"elementor-image-carousel-wrapper swiper\" role=\"region\" aria-roledescription=\"carousel\" aria-label=\"Image Carousel\" dir=\"ltr\">\n\t\t\t<div class=\"elementor-image-carousel swiper-wrapper\" aria-live=\"off\">\n\t\t\t\t\t\t\t\t<div class=\"swiper-slide\" role=\"group\" aria-roledescription=\"slide\" aria-label=\"1 of 5\"><figure class=\"swiper-slide-inner\"><img decoding=\"async\" class=\"swiper-slide-image\" src=\"https:\/\/setsuko.b-cdn.net\/wp-content\/uploads\/2021\/11\/aqtn-logo-300x300.png\" alt=\"AQTN\" title=\"\"><\/figure><\/div><div class=\"swiper-slide\" role=\"group\" aria-roledescription=\"slide\" aria-label=\"2 of 5\"><figure class=\"swiper-slide-inner\"><img decoding=\"async\" class=\"swiper-slide-image\" src=\"https:\/\/setsuko.b-cdn.net\/wp-content\/uploads\/2021\/11\/association-ritma-logo-300x300.png\" alt=\"association RITMA logo\" title=\"\"><\/figure><\/div><div class=\"swiper-slide\" role=\"group\" aria-roledescription=\"slide\" aria-label=\"3 of 5\"><figure class=\"swiper-slide-inner\"><img decoding=\"async\" class=\"swiper-slide-image\" src=\"https:\/\/setsuko.b-cdn.net\/wp-content\/uploads\/2021\/11\/logo_APITMN-300x300.png\" alt=\"APITMN logo\" title=\"\"><\/figure><\/div><div class=\"swiper-slide\" role=\"group\" aria-roledescription=\"slide\" aria-label=\"4 of 5\"><figure class=\"swiper-slide-inner\"><img decoding=\"async\" class=\"swiper-slide-image\" src=\"https:\/\/setsuko.b-cdn.net\/wp-content\/uploads\/2021\/11\/logo-amq-300x300.png\" alt=\"AMQ logo\" title=\"\"><\/figure><\/div><div class=\"swiper-slide\" role=\"group\" aria-roledescription=\"slide\" aria-label=\"5 of 5\"><figure class=\"swiper-slide-inner\"><img decoding=\"async\" class=\"swiper-slide-image\" src=\"https:\/\/setsuko.b-cdn.net\/wp-content\/uploads\/2021\/11\/ANPQ-logo-300x300.png\" alt=\"ANPQ\" title=\"\"><\/figure><\/div>\t\t\t<\/div>\n\t\t\t\t\t\t\t\t\t\t\t\t<div class=\"elementor-swiper-button elementor-swiper-button-prev\" role=\"button\" tabindex=\"0\">\n\t\t\t\t\t\t<i aria-hidden=\"true\" class=\"eicon-chevron-left\"><\/i>\t\t\t\t\t<\/div>\n\t\t\t\t\t<div class=\"elementor-swiper-button elementor-swiper-button-next\" role=\"button\" tabindex=\"0\">\n\t\t\t\t\t\t<i aria-hidden=\"true\" class=\"eicon-chevron-right\"><\/i>\t\t\t\t\t<\/div>\n\t\t\t\t\n\t\t\t\t\t\t\t\t\t<\/div>\n\t\t\t\t\t\t<\/div>\n\t\t\t\t<\/div>\n\t\t\t\t<\/div>\n\t\t\t\t\t<\/div>\n\t\t\t\t<\/div>\n\t\t<div class=\"elementor-element elementor-element-77f3686 e-grid e-con-boxed e-con e-parent\" data-id=\"77f3686\" data-element_type=\"container\" data-e-type=\"container\">\n\t\t\t\t\t<div class=\"e-con-inner\">\n\t\t\t\t<div class=\"elementor-element elementor-element-3888561 elementor-widget__width-inherit elementor-position-top elementor-widget elementor-widget-image-box\" data-id=\"3888561\" data-element_type=\"widget\" data-e-type=\"widget\" data-widget_type=\"image-box.default\">\n\t\t\t\t<div class=\"elementor-widget-container\">\n\t\t\t\t\t<div class=\"elementor-image-box-wrapper\"><figure class=\"elementor-image-box-img\"><a href=\"https:\/\/setsuko.ca\/fr\/ecole\/diplomes\/diplome-de-massage-suedois-400-heures\/\" tabindex=\"-1\"><img fetchpriority=\"high\" decoding=\"async\" width=\"500\" height=\"500\" src=\"https:\/\/setsuko.b-cdn.net\/wp-content\/uploads\/2024\/01\/Swedish-400.jpg\" class=\"attachment-medium_large size-medium_large wp-image-6698\" alt=\"Massage su\u00e9dois\" title=\"\" srcset=\"https:\/\/setsuko.b-cdn.net\/wp-content\/uploads\/2024\/01\/Swedish-400.jpg 500w, https:\/\/setsuko.b-cdn.net\/wp-content\/uploads\/2024\/01\/Swedish-400-300x300.jpg 300w, https:\/\/setsuko.b-cdn.net\/wp-content\/uploads\/2024\/01\/Swedish-400-150x150.jpg 150w, https:\/\/setsuko.b-cdn.net\/wp-content\/uploads\/2024\/01\/Swedish-400-100x100.jpg 100w\" sizes=\"(max-width: 500px) 100vw, 500px\" \/><\/a><\/figure><div class=\"elementor-image-box-content\"><h2 class=\"elementor-image-box-title\"><a href=\"https:\/\/setsuko.ca\/fr\/ecole\/diplomes\/diplome-de-massage-suedois-400-heures\/\">Dipl\u00f4me de massoth\u00e9rapeute su\u00e9dois 400HR<\/a><\/h2><\/div><\/div>\t\t\t\t<\/div>\n\t\t\t\t<\/div>\n\t\t\t\t<div class=\"elementor-element elementor-element-53171ff elementor-widget__width-inherit elementor-position-top elementor-widget elementor-widget-image-box\" data-id=\"53171ff\" data-element_type=\"widget\" data-e-type=\"widget\" data-widget_type=\"image-box.default\">\n\t\t\t\t<div class=\"elementor-widget-container\">\n\t\t\t\t\t<div class=\"elementor-image-box-wrapper\"><figure class=\"elementor-image-box-img\"><a href=\"https:\/\/setsuko.ca\/fr\/ecole\/diplomes\/diplome-de-massage-shiatsu-600-heures\/\" tabindex=\"-1\"><img decoding=\"async\" width=\"500\" height=\"500\" src=\"https:\/\/setsuko.b-cdn.net\/wp-content\/uploads\/2024\/01\/SHIATSU-NEW.jpg\" class=\"attachment-full size-full wp-image-6799\" alt=\"SHIATSU\" title=\"\" srcset=\"https:\/\/setsuko.b-cdn.net\/wp-content\/uploads\/2024\/01\/SHIATSU-NEW.jpg 500w, https:\/\/setsuko.b-cdn.net\/wp-content\/uploads\/2024\/01\/SHIATSU-NEW-300x300.jpg 300w, https:\/\/setsuko.b-cdn.net\/wp-content\/uploads\/2024\/01\/SHIATSU-NEW-150x150.jpg 150w, https:\/\/setsuko.b-cdn.net\/wp-content\/uploads\/2024\/01\/SHIATSU-NEW-100x100.jpg 100w\" sizes=\"(max-width: 500px) 100vw, 500px\" \/><\/a><\/figure><div class=\"elementor-image-box-content\"><h2 class=\"elementor-image-box-title\"><a href=\"https:\/\/setsuko.ca\/fr\/ecole\/diplomes\/diplome-de-massage-shiatsu-600-heures\/\">Dipl\u00f4me de massoth\u00e9rapeute shiatsu 600HR<\/a><\/h2><\/div><\/div>\t\t\t\t<\/div>\n\t\t\t\t<\/div>\n\t\t\t\t<div class=\"elementor-element elementor-element-9d53c65 elementor-widget__width-inherit elementor-position-top elementor-widget elementor-widget-image-box\" data-id=\"9d53c65\" data-element_type=\"widget\" data-e-type=\"widget\" data-widget_type=\"image-box.default\">\n\t\t\t\t<div class=\"elementor-widget-container\">\n\t\t\t\t\t<div class=\"elementor-image-box-wrapper\"><figure class=\"elementor-image-box-img\"><a href=\"https:\/\/setsuko.ca\/fr\/ecole\/diplomes\/diplome-de-medecine-traditionnelle-chinoise-et-de-massage-par-acupression\/\" tabindex=\"-1\"><img decoding=\"async\" width=\"500\" height=\"500\" src=\"https:\/\/setsuko.b-cdn.net\/wp-content\/uploads\/2024\/01\/TCM-Massage.webp\" class=\"attachment-medium_large size-medium_large wp-image-6704\" alt=\"Massage MCT\" title=\"\"><\/a><\/figure><div class=\"elementor-image-box-content\"><h2 class=\"elementor-image-box-title\"><a href=\"https:\/\/setsuko.ca\/fr\/ecole\/diplomes\/diplome-de-medecine-traditionnelle-chinoise-et-de-massage-par-acupression\/\">DIPL\u00d4ME EN M\u00c9DECINE TRADITIONNELLE CHINOISE + MASSAGE PAR ACUPRESSION <\/a><\/h2><\/div><\/div>\t\t\t\t<\/div>\n\t\t\t\t<\/div>\n\t\t\t\t<div class=\"elementor-element elementor-element-b061051 elementor-widget__width-inherit elementor-position-top elementor-widget elementor-widget-image-box\" data-id=\"b061051\" data-element_type=\"widget\" data-e-type=\"widget\" data-widget_type=\"image-box.default\">\n\t\t\t\t<div class=\"elementor-widget-container\">\n\t\t\t\t\t<div class=\"elementor-image-box-wrapper\"><figure class=\"elementor-image-box-img\"><a href=\"https:\/\/setsuko.ca\/fr\/ecole\/diplomes\/diplome-de-therapie-sonore\/\" tabindex=\"-1\"><img loading=\"lazy\" decoding=\"async\" width=\"500\" height=\"500\" src=\"https:\/\/setsuko.b-cdn.net\/wp-content\/uploads\/2024\/01\/Sound-2.jpg\" class=\"attachment-full size-full wp-image-6690\" alt=\"Th\u00e9rapie par le son\" title=\"\" srcset=\"https:\/\/setsuko.b-cdn.net\/wp-content\/uploads\/2024\/01\/Sound-2.jpg 500w, https:\/\/setsuko.b-cdn.net\/wp-content\/uploads\/2024\/01\/Sound-2-300x300.jpg 300w, https:\/\/setsuko.b-cdn.net\/wp-content\/uploads\/2024\/01\/Sound-2-150x150.jpg 150w, https:\/\/setsuko.b-cdn.net\/wp-content\/uploads\/2024\/01\/Sound-2-100x100.jpg 100w\" sizes=\"(max-width: 500px) 100vw, 500px\" \/><\/a><\/figure><div class=\"elementor-image-box-content\"><h2 class=\"elementor-image-box-title\"><a href=\"https:\/\/setsuko.ca\/fr\/ecole\/diplomes\/diplome-de-therapie-sonore\/\">Dipl\u00f4me de th\u00e9rapie sonore<\/a><\/h2><\/div><\/div>\t\t\t\t<\/div>\n\t\t\t\t<\/div>\n\t\t\t\t<div class=\"elementor-element elementor-element-6301b50 elementor-widget__width-inherit elementor-position-top elementor-widget elementor-widget-image-box\" data-id=\"6301b50\" data-element_type=\"widget\" data-e-type=\"widget\" data-widget_type=\"image-box.default\">\n\t\t\t\t<div class=\"elementor-widget-container\">\n\t\t\t\t\t<div class=\"elementor-image-box-wrapper\"><figure class=\"elementor-image-box-img\"><a href=\"https:\/\/setsuko.ca\/fr\/ecole\/diplomes\/diplome-dherboriste-communautaire\/\" tabindex=\"-1\"><img loading=\"lazy\" decoding=\"async\" width=\"500\" height=\"500\" src=\"https:\/\/setsuko.b-cdn.net\/wp-content\/uploads\/2021\/08\/HErb-New.jpg\" class=\"attachment-full size-full wp-image-6791\" alt=\"Herb Fabrication\" title=\"\" srcset=\"https:\/\/setsuko.b-cdn.net\/wp-content\/uploads\/2021\/08\/HErb-New.jpg 500w, https:\/\/setsuko.b-cdn.net\/wp-content\/uploads\/2021\/08\/HErb-New-300x300.jpg 300w, https:\/\/setsuko.b-cdn.net\/wp-content\/uploads\/2021\/08\/HErb-New-150x150.jpg 150w, https:\/\/setsuko.b-cdn.net\/wp-content\/uploads\/2021\/08\/HErb-New-100x100.jpg 100w\" sizes=\"(max-width: 500px) 100vw, 500px\" \/><\/a><\/figure><div class=\"elementor-image-box-content\"><h2 class=\"elementor-image-box-title\"><a href=\"https:\/\/setsuko.ca\/fr\/ecole\/diplomes\/diplome-dherboriste-communautaire\/\">Dipl\u00f4me d'herboriste communautaire<\/a><\/h2><\/div><\/div>\t\t\t\t<\/div>\n\t\t\t\t<\/div>\n\t\t\t\t<div class=\"elementor-element elementor-element-a22b9cc elementor-widget__width-inherit elementor-position-top elementor-widget elementor-widget-image-box\" data-id=\"a22b9cc\" data-element_type=\"widget\" data-e-type=\"widget\" data-widget_type=\"image-box.default\">\n\t\t\t\t<div class=\"elementor-widget-container\">\n\t\t\t\t\t<div class=\"elementor-image-box-wrapper\"><figure class=\"elementor-image-box-img\"><a href=\"https:\/\/setsuko.ca\/fr\/ecole\/diplomes\/programme-de-diplome-en-massage-thailandais\/\" tabindex=\"-1\"><img loading=\"lazy\" decoding=\"async\" width=\"500\" height=\"500\" src=\"https:\/\/setsuko.b-cdn.net\/wp-content\/uploads\/2024\/12\/Thai-yoga-massage.jpg\" class=\"attachment-full size-full wp-image-9832\" alt=\"Massage yoga tha\u00eflandais\" title=\"\" srcset=\"https:\/\/setsuko.b-cdn.net\/wp-content\/uploads\/2024\/12\/Thai-yoga-massage.jpg 500w, https:\/\/setsuko.b-cdn.net\/wp-content\/uploads\/2024\/12\/Thai-yoga-massage-300x300.jpg 300w, https:\/\/setsuko.b-cdn.net\/wp-content\/uploads\/2024\/12\/Thai-yoga-massage-150x150.jpg 150w, https:\/\/setsuko.b-cdn.net\/wp-content\/uploads\/2024\/12\/Thai-yoga-massage-100x100.jpg 100w\" sizes=\"(max-width: 500px) 100vw, 500px\" \/><\/a><\/figure><div class=\"elementor-image-box-content\"><h2 class=\"elementor-image-box-title\"><a href=\"https:\/\/setsuko.ca\/fr\/ecole\/diplomes\/programme-de-diplome-en-massage-thailandais\/\">Dipl\u00f4me de massage tha\u00eflandais<\/a><\/h2><\/div><\/div>\t\t\t\t<\/div>\n\t\t\t\t<\/div>\n\t\t\t\t<div class=\"elementor-element elementor-element-6f68a8e elementor-widget__width-inherit elementor-hidden-desktop elementor-hidden-laptop elementor-hidden-tablet_extra elementor-hidden-tablet elementor-hidden-mobile_extra elementor-hidden-mobile elementor-position-top elementor-widget elementor-widget-image-box\" data-id=\"6f68a8e\" data-element_type=\"widget\" data-e-type=\"widget\" data-widget_type=\"image-box.default\">\n\t\t\t\t<div class=\"elementor-widget-container\">\n\t\t\t\t\t<div class=\"elementor-image-box-wrapper\"><figure class=\"elementor-image-box-img\"><a href=\"https:\/\/setsuko.ca\/fr\/ecole\/diplomes\/diplome-de-massotherapeute-en-polarite\/\" tabindex=\"-1\"><img loading=\"lazy\" decoding=\"async\" width=\"500\" height=\"500\" src=\"https:\/\/setsuko.b-cdn.net\/wp-content\/uploads\/2024\/01\/Polarity-1.jpg\" class=\"attachment-medium_large size-medium_large wp-image-6696\" alt=\"Th\u00e9rapie polaire\" title=\"\" srcset=\"https:\/\/setsuko.b-cdn.net\/wp-content\/uploads\/2024\/01\/Polarity-1.jpg 500w, https:\/\/setsuko.b-cdn.net\/wp-content\/uploads\/2024\/01\/Polarity-1-300x300.jpg 300w, https:\/\/setsuko.b-cdn.net\/wp-content\/uploads\/2024\/01\/Polarity-1-150x150.jpg 150w, https:\/\/setsuko.b-cdn.net\/wp-content\/uploads\/2024\/01\/Polarity-1-100x100.jpg 100w\" sizes=\"(max-width: 500px) 100vw, 500px\" \/><\/a><\/figure><div class=\"elementor-image-box-content\"><h2 class=\"elementor-image-box-title\"><a href=\"https:\/\/setsuko.ca\/fr\/ecole\/diplomes\/diplome-de-massotherapeute-en-polarite\/\">Certificat de th\u00e9rapie par la polarit\u00e9<\/a><\/h2><\/div><\/div>\t\t\t\t<\/div>\n\t\t\t\t<\/div>\n\t\t\t\t\t<\/div>\n\t\t\t\t<\/div>\n\t\t<div class=\"elementor-element elementor-element-1ac7706 e-con-full e-flex e-con e-parent\" data-id=\"1ac7706\" data-element_type=\"container\" data-e-type=\"container\" data-settings=\"{&quot;background_background&quot;:&quot;classic&quot;}\">\n\t\t\t\t<div class=\"elementor-element elementor-element-1ea3e9e elementor-cta--skin-cover elementor-widget__width-inherit elementor-animated-content elementor-bg-transform elementor-bg-transform-zoom-in elementor-invisible elementor-widget elementor-widget-call-to-action\" data-id=\"1ea3e9e\" data-element_type=\"widget\" data-e-type=\"widget\" data-settings=\"{&quot;_animation&quot;:&quot;shake&quot;}\" data-widget_type=\"call-to-action.default\">\n\t\t\t\t<div class=\"elementor-widget-container\">\n\t\t\t\t\t\t\t<div class=\"elementor-cta\">\n\t\t\t\t\t<div class=\"elementor-cta__bg-wrapper\">\n\t\t\t\t<div class=\"elementor-cta__bg elementor-bg\" style=\"background-image: url();\" role=\"img\" aria-label=\"\"><\/div>\n\t\t\t\t<div class=\"elementor-cta__bg-overlay\"><\/div>\n\t\t\t<\/div>\n\t\t\t\t\t\t\t<div class=\"elementor-cta__content\">\n\t\t\t\t\n\t\t\t\t\t\t\t\t\t<h2 class=\"elementor-cta__title elementor-cta__content-item elementor-content-item elementor-animated-item--grow\">\n\t\t\t\t\t\tVous avez besoin d'aide pour choisir vos cours ?\t\t\t\t\t<\/h2>\n\t\t\t\t\n\t\t\t\t\n\t\t\t\t\t\t\t\t\t<div class=\"elementor-cta__button-wrapper elementor-cta__content-item elementor-content-item elementor-animated-item--grow\">\n\t\t\t\t\t<a class=\"elementor-cta__button elementor-button elementor-size-\" href=\"https:\/\/calendly.com\/ecolesetsuko\/30-minute-student-interview-fr\" target=\"_blank\" rel=\"nofollow noopener\">\n\t\t\t\t\t\tRencontrer notre conseiller d'orientation professionnelle\t\t\t\t\t<\/a>\n\t\t\t\t\t<\/div>\n\t\t\t\t\t\t\t<\/div>\n\t\t\t\t\t\t<\/div>\n\t\t\t\t\t\t<\/div>\n\t\t\t\t<\/div>\n\t\t\t\t<\/div>\n\t\t\t\t<\/div>\n\t\t","protected":false},"excerpt":{"rendered":"<p>Devenez un massoth\u00e9rapeute ou un naturopathe reconnu au Qu\u00e9bec. Notre clinique d&#8217;enseignement sur place offre des sessions abordables au sein de la communaut\u00e9, tout en donnant aux \u00e9tudiants l&#8217;exp\u00e9rience et la confiance n\u00e9cessaires pour r\u00e9ussir dans ce domaine. EN PARTENARIAT AVEC : Dipl\u00f4me de massoth\u00e9rapeute su\u00e9dois 400HR Dipl\u00f4me de massoth\u00e9rapeute shiatsu 600HR DIPL\u00d4ME EN M\u00c9DECINE [&hellip;]<\/p>\n","protected":false},"author":1,"featured_media":8629,"parent":10677,"menu_order":0,"comment_status":"closed","ping_status":"closed","template":"","meta":{"_acf_changed":false,"footnotes":""},"class_list":["post-848","page","type-page","status-publish","has-post-thumbnail","hentry"],"acf":[],"_links":{"self":[{"href":"https:\/\/setsuko.ca\/fr\/wp-json\/wp\/v2\/pages\/848","targetHints":{"allow":["GET"]}}],"collection":[{"href":"https:\/\/setsuko.ca\/fr\/wp-json\/wp\/v2\/pages"}],"about":[{"href":"https:\/\/setsuko.ca\/fr\/wp-json\/wp\/v2\/types\/page"}],"author":[{"embeddable":true,"href":"https:\/\/setsuko.ca\/fr\/wp-json\/wp\/v2\/users\/1"}],"replies":[{"embeddable":true,"href":"https:\/\/setsuko.ca\/fr\/wp-json\/wp\/v2\/comments?post=848"}],"version-history":[{"count":7,"href":"https:\/\/setsuko.ca\/fr\/wp-json\/wp\/v2\/pages\/848\/revisions"}],"predecessor-version":[{"id":14968,"href":"https:\/\/setsuko.ca\/fr\/wp-json\/wp\/v2\/pages\/848\/revisions\/14968"}],"up":[{"embeddable":true,"href":"https:\/\/setsuko.ca\/fr\/wp-json\/wp\/v2\/pages\/10677"}],"wp:featuredmedia":[{"embeddable":true,"href":"https:\/\/setsuko.ca\/fr\/wp-json\/wp\/v2\/media\/8629"}],"wp:attachment":[{"href":"https:\/\/setsuko.ca\/fr\/wp-json\/wp\/v2\/media?parent=848"}],"curies":[{"name":"wp","href":"https:\/\/api.w.org\/{rel}","templated":true}]}}