{"id":852,"date":"2021-12-28T09:15:03","date_gmt":"2021-12-28T14:15:03","guid":{"rendered":"https:\/\/ecolesetsuko.ca\/stage\/connectez-vous\/"},"modified":"2026-02-10T14:45:35","modified_gmt":"2026-02-10T19:45:35","slug":"connectez-vous","status":"publish","type":"page","link":"https:\/\/setsuko.ca\/fr\/ecole\/connectez-vous\/","title":{"rendered":"Se connecter"},"content":{"rendered":"\t\t<div data-elementor-type=\"wp-page\" data-elementor-id=\"852\" class=\"elementor elementor-852 elementor-801\" data-elementor-post-type=\"page\">\n\t\t\t\t<div class=\"elementor-element elementor-element-91b171a e-flex e-con-boxed e-con e-parent\" data-id=\"91b171a\" data-element_type=\"container\" data-e-type=\"container\">\n\t\t\t\t\t<div class=\"e-con-inner\">\n\t\t\t\t<div class=\"elementor-element elementor-element-73d3120 elementor-widget__width-initial elementor-widget elementor-widget-login\" data-id=\"73d3120\" data-element_type=\"widget\" data-e-type=\"widget\" data-widget_type=\"login.default\">\n\t\t\t\t<div class=\"elementor-widget-container\">\n\t\t\t\t\t\t\t<form class=\"elementor-login elementor-form\" method=\"post\" action=\"https:\/\/setsuko.ca\/wp-login.php\" aria-label=\"Login form\">\n\t\t\t<input type=\"hidden\" name=\"redirect_to\" value=\"\/fr\/wp-json\/wp\/v2\/pages\/852\">\n\t\t\t<div class=\"elementor-form-fields-wrapper\">\n\t\t\t\t<div class=\"elementor-field-type-text elementor-field-group elementor-column elementor-col-100 elementor-field-required\">\n\t\t\t\t\t<label for=\"user-73d3120\" class=\"elementor-field-label\">Nom d'utilisateur ou adresse courriel<\/label>\n\t\t\t\t\t<input size=\"1\" type=\"text\" name=\"log\" id=\"user-73d3120\" placeholder=\"\" class=\"elementor-field elementor-field-textual elementor-size-sm\">\n\t\t\t\t<\/div>\n\t\t\t\t<div class=\"elementor-field-type-text elementor-field-group elementor-column elementor-col-100 elementor-field-required\">\n\t\t\t\t\t<label for=\"password-73d3120\" class=\"elementor-field-label\">Mot de passe<\/label>\n\t\t\t\t\t<input size=\"1\" type=\"password\" name=\"pwd\" id=\"password-73d3120\" placeholder=\"\" class=\"elementor-field elementor-field-textual elementor-size-sm\">\n\t\t\t\t<\/div>\n\n\t\t\t\t\t\t\t\t\t<div class=\"elementor-field-type-checkbox elementor-field-group elementor-column elementor-col-100 elementor-remember-me\">\n\t\t\t\t\t\t<label for=\"elementor-login-remember-me\">\n\t\t\t\t\t\t\t<input type=\"checkbox\" id=\"elementor-login-remember-me\" name=\"rememberme\" value=\"forever\">\n\t\t\t\t\t\t\tSe souvenir de moi\t\t\t\t\t\t<\/label>\n\t\t\t\t\t<\/div>\n\t\t\t\t\n\t\t\t\t<div class=\"elementor-field-group elementor-column elementor-field-type-submit elementor-col-100\">\n\t\t\t\t\t<button type=\"submit\" class=\"elementor-size-sm elementor-button\" name=\"wp-submit\">\n\t\t\t\t\t\t\t\t\t\t\t\t\t\t\t<span class=\"elementor-button-text\">Se connecter<\/span>\n\t\t\t\t\t\t\t\t\t\t\t\t<\/button>\n\t\t\t\t<\/div>\n\n\t\t\t\t\t\t\t\t\t<div class=\"elementor-field-group elementor-column elementor-col-100\">\n\t\t\t\t\t\t\t\t\t\t\t\t\t\t\t\t\t\t\t\t<a class=\"elementor-lost-password\" href=\"https:\/\/setsuko.ca\/fr\/ecole\/mon-compte\/lost-password\/\">\n\t\t\t\t\t\t\t\tAvez-vous oubli\u00e9 votre mot de passe ?\t\t\t\t\t\t\t<\/a>\n\t\t\t\t\t\t\n\t\t\t\t\t\t\t\t\t\t\t<\/div>\n\t\t\t\t\t\t\t<\/div>\n\t\t<\/form>\n\t\t\t\t\t\t<\/div>\n\t\t\t\t<\/div>\n\t\t\t\t<div class=\"elementor-element elementor-element-42eaf3a elementor-widget elementor-widget-text-editor\" data-id=\"42eaf3a\" data-element_type=\"widget\" data-e-type=\"widget\" data-widget_type=\"text-editor.default\">\n\t\t\t\t<div class=\"elementor-widget-container\">\n\t\t\t\t\t\t\t\t\t<p><strong>Vous n&#8217;avez pas de compte&nbsp;? Vous pouvez vous <a href=\"https:\/\/setsuko.ca\/fr\/ecole\/diplomes\/\">inscrire \u00e0 un dipl\u00f4me<\/a>, \u00e0 une <a href=\"https:\/\/setsuko.ca\/ecole\/advanced\">formation avanc\u00e9e<\/a> ou \u00e0 un <a href=\"https:\/\/setsuko.ca\/fr\/ecole\/cours\/\">atelier<\/a> pour cr\u00e9er un compte. <\/strong><\/p><p>Une fois connect\u00e9, veuillez consulter la page <a href=\"https:\/\/setsuko.ca\/ecole\/my-account\/\">Mon compte<\/a> pour&nbsp;:<\/p><ul><li>Consultez vos <a href=\"https:\/\/setsuko.ca\/ecole\/my-account\/orders\/\">commandes r\u00e9centes<\/a><\/li><li>Afficher ou supprimer <a href=\"https:\/\/setsuko.ca\/ecole\/my-account\/woocommerce-waitlist\/\">vos listes d&#8217;attente<\/a><\/li><li>G\u00e9rez vos <a href=\"https:\/\/setsuko.ca\/ecole\/my-account\/edit-address\/\">adresses de facturation<\/a><\/li><li>Mettre \u00e0 jour les <a href=\"https:\/\/setsuko.ca\/ecole\/my-account\/payment-methods\/\">m\u00e9thodes de paiement<\/a><\/li><li><a href=\"https:\/\/setsuko.ca\/ecole\/my-account\/edit-account\/\">Modifiez votre mot de passe et les d\u00e9tails de votre compte<\/a>.<\/li><\/ul>\t\t\t\t\t\t\t\t<\/div>\n\t\t\t\t<\/div>\n\t\t\t\t\t<\/div>\n\t\t\t\t<\/div>\n\t\t\t\t<\/div>\n\t\t","protected":false},"excerpt":{"rendered":"<p>Vous n&#8217;avez pas de compte&nbsp;? Vous pouvez vous inscrire \u00e0 un dipl\u00f4me, \u00e0 une formation avanc\u00e9e ou \u00e0 un atelier pour cr\u00e9er un compte. Une fois connect\u00e9, veuillez consulter la page Mon compte pour&nbsp;: Consultez vos commandes r\u00e9centes Afficher ou supprimer vos listes d&#8217;attente G\u00e9rez vos adresses de facturation Mettre \u00e0 jour les m\u00e9thodes de [&hellip;]<\/p>\n","protected":false},"author":1,"featured_media":0,"parent":10677,"menu_order":0,"comment_status":"closed","ping_status":"closed","template":"","meta":{"_acf_changed":false,"footnotes":""},"class_list":["post-852","page","type-page","status-publish","hentry"],"acf":[],"_links":{"self":[{"href":"https:\/\/setsuko.ca\/fr\/wp-json\/wp\/v2\/pages\/852","targetHints":{"allow":["GET"]}}],"collection":[{"href":"https:\/\/setsuko.ca\/fr\/wp-json\/wp\/v2\/pages"}],"about":[{"href":"https:\/\/setsuko.ca\/fr\/wp-json\/wp\/v2\/types\/page"}],"author":[{"embeddable":true,"href":"https:\/\/setsuko.ca\/fr\/wp-json\/wp\/v2\/users\/1"}],"replies":[{"embeddable":true,"href":"https:\/\/setsuko.ca\/fr\/wp-json\/wp\/v2\/comments?post=852"}],"version-history":[{"count":4,"href":"https:\/\/setsuko.ca\/fr\/wp-json\/wp\/v2\/pages\/852\/revisions"}],"predecessor-version":[{"id":15009,"href":"https:\/\/setsuko.ca\/fr\/wp-json\/wp\/v2\/pages\/852\/revisions\/15009"}],"up":[{"embeddable":true,"href":"https:\/\/setsuko.ca\/fr\/wp-json\/wp\/v2\/pages\/10677"}],"wp:attachment":[{"href":"https:\/\/setsuko.ca\/fr\/wp-json\/wp\/v2\/media?parent=852"}],"curies":[{"name":"wp","href":"https:\/\/api.w.org\/{rel}","templated":true}]}}