{"id":867,"date":"2021-12-24T10:57:18","date_gmt":"2021-12-24T15:57:18","guid":{"rendered":"https:\/\/ecolesetsuko.ca\/stage\/cours-par-enseignant\/"},"modified":"2025-01-17T10:01:07","modified_gmt":"2025-01-17T15:01:07","slug":"cours-par-enseignant","status":"publish","type":"page","link":"https:\/\/setsuko.ca\/fr\/ecole\/cours-par-enseignant\/","title":{"rendered":"Cours par enseignant"},"content":{"rendered":"\t\t<div data-elementor-type=\"wp-page\" data-elementor-id=\"867\" class=\"elementor elementor-867\" data-elementor-post-type=\"page\">\n\t\t\t\t\t\t<section class=\"elementor-section elementor-top-section elementor-element elementor-element-3366e27 elementor-section-boxed elementor-section-height-default elementor-section-height-default\" data-id=\"3366e27\" data-element_type=\"section\" data-e-type=\"section\">\n\t\t\t\t\t\t<div class=\"elementor-container elementor-column-gap-default\">\n\t\t\t\t\t<div class=\"elementor-column elementor-col-100 elementor-top-column elementor-element elementor-element-a0b0743\" data-id=\"a0b0743\" data-element_type=\"column\" data-e-type=\"column\">\n\t\t\t<div class=\"elementor-widget-wrap elementor-element-populated\">\n\t\t\t\t\t\t<div class=\"elementor-element elementor-element-0cb10bc elementor-grid-3 elementor-grid-tablet-2 elementor-grid-mobile-1 elementor-posts--thumbnail-top elementor-widget elementor-widget-posts\" data-id=\"0cb10bc\" data-element_type=\"widget\" data-e-type=\"widget\" data-settings=\"{&quot;classic_columns&quot;:&quot;3&quot;,&quot;classic_columns_tablet&quot;:&quot;2&quot;,&quot;classic_columns_mobile&quot;:&quot;1&quot;,&quot;classic_row_gap&quot;:{&quot;unit&quot;:&quot;px&quot;,&quot;size&quot;:35,&quot;sizes&quot;:[]},&quot;classic_row_gap_laptop&quot;:{&quot;unit&quot;:&quot;px&quot;,&quot;size&quot;:&quot;&quot;,&quot;sizes&quot;:[]},&quot;classic_row_gap_tablet_extra&quot;:{&quot;unit&quot;:&quot;px&quot;,&quot;size&quot;:&quot;&quot;,&quot;sizes&quot;:[]},&quot;classic_row_gap_tablet&quot;:{&quot;unit&quot;:&quot;px&quot;,&quot;size&quot;:&quot;&quot;,&quot;sizes&quot;:[]},&quot;classic_row_gap_mobile_extra&quot;:{&quot;unit&quot;:&quot;px&quot;,&quot;size&quot;:&quot;&quot;,&quot;sizes&quot;:[]},&quot;classic_row_gap_mobile&quot;:{&quot;unit&quot;:&quot;px&quot;,&quot;size&quot;:&quot;&quot;,&quot;sizes&quot;:[]}}\" data-widget_type=\"posts.classic\">\n\t\t\t\t<div class=\"elementor-widget-container\">\n\t\t\t\t\t\t\t<div class=\"elementor-posts-container elementor-posts elementor-posts--skin-classic elementor-grid\" role=\"list\">\n\t\t\t\t<article class=\"elementor-post elementor-grid-item post-15743 product type-product status-publish has-post-thumbnail product_cat-english product_cat-workshop product_cat-aungkulee-lawler product_cat-bilingual product_cat-clinical-massage product_cat-bundle-eligible product_cat-in-person product_cat-kevin-qian product_cat-qe-ndg first instock featured virtual purchasable product-type-simple\" role=\"listitem\">\n\t\t\t\t<a class=\"elementor-post__thumbnail__link\" href=\"https:\/\/setsuko.ca\/fr\/produit\/techniques-avancees-de-massage-sportif-posture-blessures-et-outils-copy\/\" tabindex=\"-1\" >\n\t\t\t<div class=\"elementor-post__thumbnail\"><img fetchpriority=\"high\" decoding=\"async\" width=\"500\" height=\"500\" src=\"https:\/\/setsuko.b-cdn.net\/wp-content\/uploads\/2026\/03\/thai-massage-workshops-MC.webp\" class=\"attachment-full size-full wp-image-15983\" alt=\"Massage sportif avanc\u00e9\" title=\"\"><\/div>\n\t\t<\/a>\n\t\t\t\t<div class=\"elementor-post__text\">\n\t\t\t\t<h3 class=\"elementor-post__title\">\n\t\t\t<a href=\"https:\/\/setsuko.ca\/fr\/produit\/techniques-avancees-de-massage-sportif-posture-blessures-et-outils-copy\/\" >\n\t\t\t\tTechniques avanc\u00e9es de massage sportif | JOUR 2\t\t\t<\/a>\n\t\t<\/h3>\n\t\t\t\t<div class=\"elementor-post__meta-data\">\n\t\t\t\t\t<span class=\"elementor-post-author\">\n\t\t\tCraig Steinberg\t\t<\/span>\n\t\t\t\t<\/div>\n\t\t\t\t<div class=\"elementor-post__excerpt\">\n\t\t\t<p>Jour 2 de cet atelier essentiel de massage sportif. Vous apprendrez des techniques pour les principaux groupes musculaires, ainsi que la mani\u00e8re de les appliquer efficacement avant et apr\u00e8s une comp\u00e9tition afin d\u2019am\u00e9liorer la performance et la r\u00e9cup\u00e9ration. Vous apprendrez \u00e9galement les bonnes pratiques de m\u00e9canique corporelle, le contr\u00f4le de la pression et des strat\u00e9gies sp\u00e9cifiques au sport pour obtenir des r\u00e9sultats cibl\u00e9s tout en prot\u00e9geant votre propre corps.  <\/p>\n\t\t<\/div>\n\t\t\n\t\t<a class=\"elementor-post__read-more\" href=\"https:\/\/setsuko.ca\/fr\/produit\/techniques-avancees-de-massage-sportif-posture-blessures-et-outils-copy\/\" aria-label=\"Read more about Techniques avanc\u00e9es de massage sportif | JOUR 2\" tabindex=\"-1\" >\n\t\t\tS'inscrire \u00bb\t\t<\/a>\n\n\t\t\t\t<\/div>\n\t\t\t\t<\/article>\n\t\t\t\t<article class=\"elementor-post elementor-grid-item post-15738 product type-product status-publish has-post-thumbnail product_cat-anglais product_cat-atelier product_cat-clinical-massage product_cat-dorval-west-island-fr product_cat-bundle-eligible product_cat-en-personne product_cat-modalites-orientales product_cat-taddaw-acance product_tag-advanced-massage-fr product_tag-advanced-training-fr product_tag-massage-suedois product_tag-thai-massage  instock featured virtual purchasable product-type-simple\" role=\"listitem\">\n\t\t\t\t<a class=\"elementor-post__thumbnail__link\" href=\"https:\/\/setsuko.ca\/fr\/produit\/fusion-de-travail-corporel-suedois-thai-atelier-de-massage-sur-table-en-tissus-profonds\/\" tabindex=\"-1\" >\n\t\t\t<div class=\"elementor-post__thumbnail\"><img decoding=\"async\" width=\"500\" height=\"500\" src=\"https:\/\/setsuko.b-cdn.net\/wp-content\/uploads\/2026\/03\/Tadaw.webp\" class=\"attachment-full size-full wp-image-15778\" alt=\"Fusion de travail corporel su\u00e9dois &amp; tha\u00ef : atelier de massage sur table en tissus profonds\" title=\"\" srcset=\"https:\/\/setsuko.b-cdn.net\/wp-content\/uploads\/2026\/03\/Tadaw.webp 500w, https:\/\/setsuko.b-cdn.net\/wp-content\/uploads\/2026\/03\/Tadaw-300x300.webp 300w, https:\/\/setsuko.b-cdn.net\/wp-content\/uploads\/2026\/03\/Tadaw-150x150.webp 150w, https:\/\/setsuko.b-cdn.net\/wp-content\/uploads\/2026\/03\/Tadaw-100x100.webp 100w\" sizes=\"(max-width: 500px) 100vw, 500px\" \/><\/div>\n\t\t<\/a>\n\t\t\t\t<div class=\"elementor-post__text\">\n\t\t\t\t<h3 class=\"elementor-post__title\">\n\t\t\t<a href=\"https:\/\/setsuko.ca\/fr\/produit\/fusion-de-travail-corporel-suedois-thai-atelier-de-massage-sur-table-en-tissus-profonds\/\" >\n\t\t\t\tFusion de travail corporel su\u00e9dois &amp; tha\u00ef : atelier de massage sur table en tissus profonds\t\t\t<\/a>\n\t\t<\/h3>\n\t\t\t\t<div class=\"elementor-post__meta-data\">\n\t\t\t\t\t<span class=\"elementor-post-author\">\n\t\t\tCraig Steinberg\t\t<\/span>\n\t\t\t\t<\/div>\n\t\t\t\t<div class=\"elementor-post__excerpt\">\n\t\t\t<p>Cet atelier avanc\u00e9 enseigne comment fusionner le massage su\u00e9dois et les techniques de travail corporel tha\u00ef dans un format sur table afin d\u2019am\u00e9liorer l\u2019efficacit\u00e9 des traitements, la mobilit\u00e9 et le soulagement de la douleur. Vous apprendrez des m\u00e9thodes pratiques \u00e0 faible contrainte qui allient relaxation et profondeur th\u00e9rapeutique pour \u00e9lever vos comp\u00e9tences cliniques. <\/p>\n\t\t<\/div>\n\t\t\n\t\t<a class=\"elementor-post__read-more\" href=\"https:\/\/setsuko.ca\/fr\/produit\/fusion-de-travail-corporel-suedois-thai-atelier-de-massage-sur-table-en-tissus-profonds\/\" aria-label=\"Read more about Fusion de travail corporel su\u00e9dois &amp; tha\u00ef : atelier de massage sur table en tissus profonds\" tabindex=\"-1\" >\n\t\t\tS'inscrire \u00bb\t\t<\/a>\n\n\t\t\t\t<\/div>\n\t\t\t\t<\/article>\n\t\t\t\t<article class=\"elementor-post elementor-grid-item post-15733 product type-product status-publish has-post-thumbnail product_cat-anglais product_cat-atelier product_cat-dorval-west-island-fr product_cat-bundle-eligible product_cat-en-personne product_cat-holistic-therapies product_cat-interet-general product_cat-praphan-tangmanaphitham-boyce  instock featured virtual purchasable product-type-simple\" role=\"listitem\">\n\t\t\t\t<a class=\"elementor-post__thumbnail__link\" href=\"https:\/\/setsuko.ca\/fr\/produit\/atelier-de-massage-facial-et-baguette-kansa\/\" tabindex=\"-1\" >\n\t\t\t<div class=\"elementor-post__thumbnail\"><img decoding=\"async\" width=\"500\" height=\"500\" src=\"https:\/\/setsuko.b-cdn.net\/wp-content\/uploads\/2026\/03\/sports-massage-MC-4.webp\" class=\"attachment-full size-full wp-image-15981\" alt=\"Massage facial Kansa\" title=\"\" srcset=\"https:\/\/setsuko.b-cdn.net\/wp-content\/uploads\/2026\/03\/sports-massage-MC-4.webp 500w, https:\/\/setsuko.b-cdn.net\/wp-content\/uploads\/2026\/03\/sports-massage-MC-4-300x300.webp 300w, https:\/\/setsuko.b-cdn.net\/wp-content\/uploads\/2026\/03\/sports-massage-MC-4-150x150.jpg 150w, https:\/\/setsuko.b-cdn.net\/wp-content\/uploads\/2026\/03\/sports-massage-MC-4-100x100.webp 100w\" sizes=\"(max-width: 500px) 100vw, 500px\" \/><\/div>\n\t\t<\/a>\n\t\t\t\t<div class=\"elementor-post__text\">\n\t\t\t\t<h3 class=\"elementor-post__title\">\n\t\t\t<a href=\"https:\/\/setsuko.ca\/fr\/produit\/atelier-de-massage-facial-et-baguette-kansa\/\" >\n\t\t\t\tAtelier de massage facial et baguette Kansa\t\t\t<\/a>\n\t\t<\/h3>\n\t\t\t\t<div class=\"elementor-post__meta-data\">\n\t\t\t\t\t<span class=\"elementor-post-author\">\n\t\t\tCraig Steinberg\t\t<\/span>\n\t\t\t\t<\/div>\n\t\t\t\t<div class=\"elementor-post__excerpt\">\n\t\t\t<p>Cet atelier pratique introduit le massage facial et les techniques de la baguette Kansa pour am\u00e9liorer la sant\u00e9 de la peau, le tonus musculaire et la relaxation globale selon une approche holistique et ayurv\u00e9dique. Vous apprendrez des comp\u00e9tences pratiques pour offrir des soins efficaces et rajeunissants tout en affinant votre toucher et votre pr\u00e9sence. <\/p>\n\t\t<\/div>\n\t\t\n\t\t<a class=\"elementor-post__read-more\" href=\"https:\/\/setsuko.ca\/fr\/produit\/atelier-de-massage-facial-et-baguette-kansa\/\" aria-label=\"Read more about Atelier de massage facial et baguette Kansa\" tabindex=\"-1\" >\n\t\t\tS'inscrire \u00bb\t\t<\/a>\n\n\t\t\t\t<\/div>\n\t\t\t\t<\/article>\n\t\t\t\t<article class=\"elementor-post elementor-grid-item post-15729 product type-product status-publish has-post-thumbnail product_cat-anglais product_cat-atelier product_cat-camille-massalve product_cat-dorval-west-island-fr product_cat-bundle-eligible product_cat-en-personne product_cat-interet-general product_cat-jenni-lee-fr product_cat-modalites-orientales product_cat-orachon-meechai-fr last instock featured virtual purchasable product-type-simple\" role=\"listitem\">\n\t\t\t\t<a class=\"elementor-post__thumbnail__link\" href=\"https:\/\/setsuko.ca\/fr\/produit\/masterclass-introduction-au-massage-oriental-et-aux-techniques-au-sol\/\" tabindex=\"-1\" >\n\t\t\t<div class=\"elementor-post__thumbnail\"><img loading=\"lazy\" decoding=\"async\" width=\"500\" height=\"500\" src=\"https:\/\/setsuko.b-cdn.net\/wp-content\/uploads\/2026\/03\/sports-massage-MC-3.webp\" class=\"attachment-full size-full wp-image-15980\" alt=\"introduction to floor massage techniques\" title=\"\" srcset=\"https:\/\/setsuko.b-cdn.net\/wp-content\/uploads\/2026\/03\/sports-massage-MC-3.webp 500w, https:\/\/setsuko.b-cdn.net\/wp-content\/uploads\/2026\/03\/sports-massage-MC-3-300x300.webp 300w, https:\/\/setsuko.b-cdn.net\/wp-content\/uploads\/2026\/03\/sports-massage-MC-3-150x150.jpg 150w, https:\/\/setsuko.b-cdn.net\/wp-content\/uploads\/2026\/03\/sports-massage-MC-3-100x100.jpg 100w\" sizes=\"(max-width: 500px) 100vw, 500px\" \/><\/div>\n\t\t<\/a>\n\t\t\t\t<div class=\"elementor-post__text\">\n\t\t\t\t<h3 class=\"elementor-post__title\">\n\t\t\t<a href=\"https:\/\/setsuko.ca\/fr\/produit\/masterclass-introduction-au-massage-oriental-et-aux-techniques-au-sol\/\" >\n\t\t\t\tMasterclass : Introduction au massage oriental et aux techniques au sol\t\t\t<\/a>\n\t\t<\/h3>\n\t\t\t\t<div class=\"elementor-post__meta-data\">\n\t\t\t\t\t<span class=\"elementor-post-author\">\n\t\t\tCraig Steinberg\t\t<\/span>\n\t\t\t\t<\/div>\n\t\t\t\t<div class=\"elementor-post__excerpt\">\n\t\t\t<p>Cette masterclass pratique combine les techniques de Shiatsu, de massage tha\u00ef et d&#8217;\u00e9tirement dynamique pour introduire un travail corporel efficace au sol utilisant la gravit\u00e9, la fluidit\u00e9 et le poids du corps. Vous acquerrez des outils pratiques pour am\u00e9liorer l&#8217;efficacit\u00e9, r\u00e9duire la tension et apporter plus de mouvement et de polyvalence dans vos traitements. <\/p>\n\t\t<\/div>\n\t\t\n\t\t<a class=\"elementor-post__read-more\" href=\"https:\/\/setsuko.ca\/fr\/produit\/masterclass-introduction-au-massage-oriental-et-aux-techniques-au-sol\/\" aria-label=\"Read more about Masterclass : Introduction au massage oriental et aux techniques au sol\" tabindex=\"-1\" >\n\t\t\tS'inscrire \u00bb\t\t<\/a>\n\n\t\t\t\t<\/div>\n\t\t\t\t<\/article>\n\t\t\t\t<article class=\"elementor-post elementor-grid-item post-15723 product type-product status-publish has-post-thumbnail product_cat-anglais product_cat-atelier product_cat-dorval-west-island-fr product_cat-bundle-eligible product_cat-en-personne product_cat-interet-general product_cat-modalites-orientales product_cat-nuchnapha-sanpakdee-waew product_cat-wasana-vanberg product_tag-massage-aux-bambous product_tag-thai-massage first instock featured virtual purchasable product-type-simple\" role=\"listitem\">\n\t\t\t\t<a class=\"elementor-post__thumbnail__link\" href=\"https:\/\/setsuko.ca\/fr\/produit\/atelier-de-massage-royal-thai-aux-bambous\/\" tabindex=\"-1\" >\n\t\t\t<div class=\"elementor-post__thumbnail\"><img loading=\"lazy\" decoding=\"async\" width=\"500\" height=\"500\" src=\"https:\/\/setsuko.b-cdn.net\/wp-content\/uploads\/2026\/03\/sports-massage-MC-2.webp\" class=\"attachment-full size-full wp-image-15977\" alt=\"Massage royal au bambou\" title=\"\" srcset=\"https:\/\/setsuko.b-cdn.net\/wp-content\/uploads\/2026\/03\/sports-massage-MC-2.webp 500w, https:\/\/setsuko.b-cdn.net\/wp-content\/uploads\/2026\/03\/sports-massage-MC-2-300x300.webp 300w, https:\/\/setsuko.b-cdn.net\/wp-content\/uploads\/2026\/03\/sports-massage-MC-2-150x150.jpg 150w, https:\/\/setsuko.b-cdn.net\/wp-content\/uploads\/2026\/03\/sports-massage-MC-2-100x100.webp 100w\" sizes=\"(max-width: 500px) 100vw, 500px\" \/><\/div>\n\t\t<\/a>\n\t\t\t\t<div class=\"elementor-post__text\">\n\t\t\t\t<h3 class=\"elementor-post__title\">\n\t\t\t<a href=\"https:\/\/setsuko.ca\/fr\/produit\/atelier-de-massage-royal-thai-aux-bambous\/\" >\n\t\t\t\tAtelier de massage royal tha\u00ef aux bambous\t\t\t<\/a>\n\t\t<\/h3>\n\t\t\t\t<div class=\"elementor-post__meta-data\">\n\t\t\t\t\t<span class=\"elementor-post-author\">\n\t\t\tCraig Steinberg\t\t<\/span>\n\t\t\t\t<\/div>\n\t\t\t\t<div class=\"elementor-post__excerpt\">\n\t\t\t<p>Cet atelier pratique enseigne les techniques de massage royal tha\u00ef aux bambous chauff\u00e9s, combinant m\u00e9thodes traditionnelles et application moderne pour offrir des soins profonds et efficaces avec moins de tension pour le th\u00e9rapeute. Vous apprendrez \u00e0 utiliser les outils en bambou en toute s\u00e9curit\u00e9, \u00e0 appliquer des techniques fluides et \u00e0 int\u00e9grer cette modalit\u00e9 unique \u00e0 votre pratique en toute confiance. <\/p>\n\t\t<\/div>\n\t\t\n\t\t<a class=\"elementor-post__read-more\" href=\"https:\/\/setsuko.ca\/fr\/produit\/atelier-de-massage-royal-thai-aux-bambous\/\" aria-label=\"Read more about Atelier de massage royal tha\u00ef aux bambous\" tabindex=\"-1\" >\n\t\t\tS'inscrire \u00bb\t\t<\/a>\n\n\t\t\t\t<\/div>\n\t\t\t\t<\/article>\n\t\t\t\t<article class=\"elementor-post elementor-grid-item post-15715 product type-product status-publish has-post-thumbnail product_cat-anglais product_cat-atelier product_cat-aungkulee-lawler product_cat-bilingue product_cat-clinical-massage product_cat-bundle-eligible product_cat-en-personne product_cat-kevin-qian-fr product_cat-qe-ndg-fr  instock featured virtual purchasable product-type-simple\" role=\"listitem\">\n\t\t\t\t<a class=\"elementor-post__thumbnail__link\" href=\"https:\/\/setsuko.ca\/fr\/produit\/techniques-avancees-de-massage-sportif-posture-blessures-et-outils\/\" tabindex=\"-1\" >\n\t\t\t<div class=\"elementor-post__thumbnail\"><img loading=\"lazy\" decoding=\"async\" width=\"500\" height=\"500\" src=\"https:\/\/setsuko.b-cdn.net\/wp-content\/uploads\/2026\/03\/sports-massage-MC.webp\" class=\"attachment-full size-full wp-image-15972\" alt=\"Atelier de massage sportif au concours de massage tha\u00eflandais de Montr\u00e9al\" title=\"\" srcset=\"https:\/\/setsuko.b-cdn.net\/wp-content\/uploads\/2026\/03\/sports-massage-MC.webp 500w, https:\/\/setsuko.b-cdn.net\/wp-content\/uploads\/2026\/03\/sports-massage-MC-300x300.webp 300w, https:\/\/setsuko.b-cdn.net\/wp-content\/uploads\/2026\/03\/sports-massage-MC-150x150.jpg 150w, https:\/\/setsuko.b-cdn.net\/wp-content\/uploads\/2026\/03\/sports-massage-MC-100x100.webp 100w\" sizes=\"(max-width: 500px) 100vw, 500px\" \/><\/div>\n\t\t<\/a>\n\t\t\t\t<div class=\"elementor-post__text\">\n\t\t\t\t<h3 class=\"elementor-post__title\">\n\t\t\t<a href=\"https:\/\/setsuko.ca\/fr\/produit\/techniques-avancees-de-massage-sportif-posture-blessures-et-outils\/\" >\n\t\t\t\tTechniques avanc\u00e9es de massage sportif : posture, blessures et outils\t\t\t<\/a>\n\t\t<\/h3>\n\t\t\t\t<div class=\"elementor-post__meta-data\">\n\t\t\t\t\t<span class=\"elementor-post-author\">\n\t\t\tCraig Steinberg\t\t<\/span>\n\t\t\t\t<\/div>\n\t\t\t\t<div class=\"elementor-post__excerpt\">\n\t\t\t<p>Ce cours couvre les techniques essentielles de massage sportif pour les principaux groupes musculaires, ainsi que leur application efficace avant et apr\u00e8s la comp\u00e9tition pour am\u00e9liorer la performance et la r\u00e9cup\u00e9ration. Vous apprendrez \u00e9galement la m\u00e9canique corporelle appropri\u00e9e, le contr\u00f4le de la pression et les strat\u00e9gies sp\u00e9cifiques au sport pour obtenir des r\u00e9sultats cibl\u00e9s tout en prot\u00e9geant votre propre corps. <\/p>\n\t\t<\/div>\n\t\t\n\t\t<a class=\"elementor-post__read-more\" href=\"https:\/\/setsuko.ca\/fr\/produit\/techniques-avancees-de-massage-sportif-posture-blessures-et-outils\/\" aria-label=\"Read more about Techniques avanc\u00e9es de massage sportif : posture, blessures et outils\" tabindex=\"-1\" >\n\t\t\tS'inscrire \u00bb\t\t<\/a>\n\n\t\t\t\t<\/div>\n\t\t\t\t<\/article>\n\t\t\t\t<\/div>\n\t\t\n\t\t\t\t\t\t<\/div>\n\t\t\t\t<\/div>\n\t\t\t\t\t<\/div>\n\t\t<\/div>\n\t\t\t\t\t<\/div>\n\t\t<\/section>\n\t\t\t\t<\/div>\n\t\t","protected":false},"excerpt":{"rendered":"","protected":false},"author":1,"featured_media":0,"parent":10677,"menu_order":0,"comment_status":"closed","ping_status":"closed","template":"","meta":{"_acf_changed":false,"footnotes":""},"class_list":["post-867","page","type-page","status-publish","hentry"],"acf":[],"_links":{"self":[{"href":"https:\/\/setsuko.ca\/fr\/wp-json\/wp\/v2\/pages\/867","targetHints":{"allow":["GET"]}}],"collection":[{"href":"https:\/\/setsuko.ca\/fr\/wp-json\/wp\/v2\/pages"}],"about":[{"href":"https:\/\/setsuko.ca\/fr\/wp-json\/wp\/v2\/types\/page"}],"author":[{"embeddable":true,"href":"https:\/\/setsuko.ca\/fr\/wp-json\/wp\/v2\/users\/1"}],"replies":[{"embeddable":true,"href":"https:\/\/setsuko.ca\/fr\/wp-json\/wp\/v2\/comments?post=867"}],"version-history":[{"count":1,"href":"https:\/\/setsuko.ca\/fr\/wp-json\/wp\/v2\/pages\/867\/revisions"}],"predecessor-version":[{"id":10682,"href":"https:\/\/setsuko.ca\/fr\/wp-json\/wp\/v2\/pages\/867\/revisions\/10682"}],"up":[{"embeddable":true,"href":"https:\/\/setsuko.ca\/fr\/wp-json\/wp\/v2\/pages\/10677"}],"wp:attachment":[{"href":"https:\/\/setsuko.ca\/fr\/wp-json\/wp\/v2\/media?parent=867"}],"curies":[{"name":"wp","href":"https:\/\/api.w.org\/{rel}","templated":true}]}}