{"id":8792,"date":"2025-07-22T20:20:06","date_gmt":"2025-07-23T00:20:06","guid":{"rendered":"https:\/\/ecolesetsuko.ca\/approches-du-systeme-lymphatique-certificat-de-specialisation-en-massage\/"},"modified":"2026-04-02T16:15:36","modified_gmt":"2026-04-02T20:15:36","slug":"approches-du-systeme-lymphatique-certificat-de-specialisation-en-massage","status":"publish","type":"page","link":"https:\/\/setsuko.ca\/fr\/ecole\/certificats\/approches-du-systeme-lymphatique-certificat-de-specialisation-en-massage\/","title":{"rendered":"APPROCHES DU SYST\u00c8ME LYMPHATIQUE \u2013 CERTIFICAT DE MASSAGE SP\u00c9CIALIS\u00c9"},"content":{"rendered":"\t\t<div data-elementor-type=\"wp-page\" data-elementor-id=\"8792\" class=\"elementor elementor-8792 elementor-7028\" data-elementor-post-type=\"page\">\n\t\t\t\t<div class=\"elementor-element elementor-element-3b1a88f e-flex e-con-boxed e-con e-parent\" data-id=\"3b1a88f\" data-element_type=\"container\" data-e-type=\"container\">\n\t\t\t\t\t<div class=\"e-con-inner\">\n\t\t\t\t<div class=\"elementor-element elementor-element-2105bec elementor-widget elementor-widget-text-editor\" data-id=\"2105bec\" data-element_type=\"widget\" data-e-type=\"widget\" data-widget_type=\"text-editor.default\">\n\t\t\t\t<div class=\"elementor-widget-container\">\n\t\t\t\t\t\t\t\t\t<h3><strong>Approches du syst\u00e8me lymphatique \u2013 Certificat de sp\u00e9cialit\u00e9 en massage<\/strong><\/h3><p><strong>Aper\u00e7u :<\/strong> Le Certificat de massage sp\u00e9cialis\u00e9 en approches du syst\u00e8me lymphatique est un programme d\u00e9taill\u00e9 con\u00e7u pour les praticiens titulaires d\u2019un dipl\u00f4me de massage su\u00e9dois d\u2019au moins 400 heures. Ce certificat se concentre sur l\u2019approfondissement de la compr\u00e9hension et des comp\u00e9tences pratiques en massage lymphatique, une technique essentielle pour soutenir le syst\u00e8me immunitaire et la sant\u00e9 globale du corps. <\/p><p><strong>Composantes du cours : <\/strong>Le programme comprend une s\u00e9rie de cours soigneusement s\u00e9lectionn\u00e9s, chacun se concentrant sur un aspect diff\u00e9rent du massage lymphatique. Les cours inclus dans ce programme de certificat sont les suivants <\/p><ol><li>Introduction au massage lymphatique<\/li><li>Massage lymphatique \u2013 visage et corps<\/li><li>Drainage lymphatique \u2013 Options de traitement<\/li><li>Clinique lymphatique 1<\/li><li>Massage lymphatique du visage et techniques de Guasha<\/li><li>Approches lymphatiques \u2013 Mains et pieds<\/li><li>Lymphatique profond \u2013 Abdomen, outils et int\u00e9gration<\/li><li>Clinique lymphatique 2<\/li><li>\u00c9tudes de cas et supervision<\/li><\/ol><p>Ces cours permettent d&#8217;acqu\u00e9rir une connaissance approfondie et une exp\u00e9rience pratique des diff\u00e9rentes techniques de massage lymphatique.<\/p><p><strong>Obtention du certificat :<\/strong> Apr\u00e8s avoir compl\u00e9t\u00e9 tous les cours, les participants recevront le \u00ab Certificat de massage sp\u00e9cialis\u00e9 en approches du syst\u00e8me lymphatique \u00bb. Ce certificat t\u00e9moigne d\u2019un haut niveau de comp\u00e9tence en massage lymphatique, dotant les praticiens de comp\u00e9tences avanc\u00e9es pour mieux servir leurs clients. <\/p><p>CO\u00dbT : 2 000 $ <\/p><p>Cr\u00e9dits : 200<\/p><p>Horaire :<\/p><p><a href=\"https:\/\/docs.google.com\/spreadsheets\/d\/1ZxhbVwOZCdi8jPgsp0y3r4CpbCbe0F6Pw8wynLihWfk\/edit?usp=sharing\" target=\"_blank\" rel=\"noopener\">CERTIFICAT LYMPHATIQUE \u2013 Dorval<\/a><\/p><p><a href=\"https:\/\/docs.google.com\/spreadsheets\/d\/1TDAHo0xD59KHTDa-jduJH8HtPWjUW-sHb6rNKQhu0CE\/edit?usp=sharing\" target=\"_blank\" rel=\"noopener\">CERTIFICAT LYMPHATIQUE \u2013 NDG<\/a><\/p><hr><p>Ce certificat est un compl\u00e9ment inestimable pour tout massoth\u00e9rapeute ou praticien de sant\u00e9 holistique cherchant \u00e0 approfondir sa pratique et \u00e0 offrir un \u00e9ventail plus large de techniques de gu\u00e9rison \u00e0 ses clients.<\/p>\t\t\t\t\t\t\t\t<\/div>\n\t\t\t\t<\/div>\n\t\t\t\t\t<\/div>\n\t\t\t\t<\/div>\n\t\t<div class=\"elementor-element elementor-element-e275a79 e-flex e-con-boxed e-con e-parent\" data-id=\"e275a79\" data-element_type=\"container\" data-e-type=\"container\">\n\t\t\t\t\t<div class=\"e-con-inner\">\n\t\t<div class=\"elementor-element elementor-element-1177e6b e-flex e-con-boxed e-con e-child\" data-id=\"1177e6b\" data-element_type=\"container\" data-e-type=\"container\">\n\t\t\t\t\t<div class=\"e-con-inner\">\n\t\t\t\t<div class=\"elementor-element elementor-element-6922fb3 elementor-widget elementor-widget-button\" data-id=\"6922fb3\" data-element_type=\"widget\" data-e-type=\"widget\" data-widget_type=\"button.default\">\n\t\t\t\t<div class=\"elementor-widget-container\">\n\t\t\t\t\t\t\t\t\t<div class=\"elementor-button-wrapper\">\n\t\t\t\t\t<a class=\"elementor-button elementor-button-link elementor-size-sm\" href=\"https:\/\/setsuko.ca\/fr\/produit\/approches-systeme-lymphatique\/\">\n\t\t\t\t\t\t<span class=\"elementor-button-content-wrapper\">\n\t\t\t\t\t\t<span class=\"elementor-button-icon\">\n\t\t\t\t<i aria-hidden=\"true\" class=\"fas fa-pencil-alt\"><\/i>\t\t\t<\/span>\n\t\t\t\t\t\t\t\t\t<span class=\"elementor-button-text\">Enregistrez-vous d\u00e8s maintenant<\/span>\n\t\t\t\t\t<\/span>\n\t\t\t\t\t<\/a>\n\t\t\t\t<\/div>\n\t\t\t\t\t\t\t\t<\/div>\n\t\t\t\t<\/div>\n\t\t\t\t\t<\/div>\n\t\t\t\t<\/div>\n\t\t\t\t\t<\/div>\n\t\t\t\t<\/div>\n\t\t\t\t<\/div>\n\t\t","protected":false},"excerpt":{"rendered":"<p>Approches du syst\u00e8me lymphatique \u2013 Certificat de sp\u00e9cialit\u00e9 en massage Aper\u00e7u : Le Certificat de massage sp\u00e9cialis\u00e9 en approches du syst\u00e8me lymphatique est un programme d\u00e9taill\u00e9 con\u00e7u pour les praticiens titulaires d\u2019un dipl\u00f4me de massage su\u00e9dois d\u2019au moins 400 heures. Ce certificat se concentre sur l\u2019approfondissement de la compr\u00e9hension et des comp\u00e9tences pratiques en massage [&hellip;]<\/p>\n","protected":false},"author":6,"featured_media":0,"parent":829,"menu_order":0,"comment_status":"closed","ping_status":"closed","template":"","meta":{"_acf_changed":false,"footnotes":""},"class_list":["post-8792","page","type-page","status-publish","hentry"],"acf":[],"_links":{"self":[{"href":"https:\/\/setsuko.ca\/fr\/wp-json\/wp\/v2\/pages\/8792","targetHints":{"allow":["GET"]}}],"collection":[{"href":"https:\/\/setsuko.ca\/fr\/wp-json\/wp\/v2\/pages"}],"about":[{"href":"https:\/\/setsuko.ca\/fr\/wp-json\/wp\/v2\/types\/page"}],"author":[{"embeddable":true,"href":"https:\/\/setsuko.ca\/fr\/wp-json\/wp\/v2\/users\/6"}],"replies":[{"embeddable":true,"href":"https:\/\/setsuko.ca\/fr\/wp-json\/wp\/v2\/comments?post=8792"}],"version-history":[{"count":5,"href":"https:\/\/setsuko.ca\/fr\/wp-json\/wp\/v2\/pages\/8792\/revisions"}],"predecessor-version":[{"id":15846,"href":"https:\/\/setsuko.ca\/fr\/wp-json\/wp\/v2\/pages\/8792\/revisions\/15846"}],"up":[{"embeddable":true,"href":"https:\/\/setsuko.ca\/fr\/wp-json\/wp\/v2\/pages\/829"}],"wp:attachment":[{"href":"https:\/\/setsuko.ca\/fr\/wp-json\/wp\/v2\/media?parent=8792"}],"curies":[{"name":"wp","href":"https:\/\/api.w.org\/{rel}","templated":true}]}}