{"id":9231,"date":"2025-07-29T09:54:14","date_gmt":"2025-07-29T13:54:14","guid":{"rendered":"https:\/\/ecolesetsuko.ca\/diplome-de-medecine-traditionnelle-chinoise-et-de-massage-par-acupression\/"},"modified":"2026-04-16T18:45:14","modified_gmt":"2026-04-16T22:45:14","slug":"diplome-de-medecine-traditionnelle-chinoise-et-de-massage-par-acupression","status":"publish","type":"page","link":"https:\/\/setsuko.ca\/fr\/ecole\/diplomes\/diplome-de-medecine-traditionnelle-chinoise-et-de-massage-par-acupression\/","title":{"rendered":"Dipl\u00f4me en m\u00e9decine traditionnelle chinoise et massage par acupression"},"content":{"rendered":"\t\t<div data-elementor-type=\"wp-page\" data-elementor-id=\"9231\" class=\"elementor elementor-9231 elementor-9220\" data-elementor-post-type=\"page\">\n\t\t\t\t<div class=\"elementor-element elementor-element-585807c e-flex e-con-boxed e-con e-parent\" data-id=\"585807c\" data-element_type=\"container\" data-e-type=\"container\" data-settings=\"{&quot;background_background&quot;:&quot;classic&quot;}\">\n\t\t\t\t\t<div class=\"e-con-inner\">\n\t\t\t\t<div class=\"elementor-element elementor-element-f9f79f2 elementor-widget elementor-widget-heading\" data-id=\"f9f79f2\" data-element_type=\"widget\" data-e-type=\"widget\" data-widget_type=\"heading.default\">\n\t\t\t\t<div class=\"elementor-widget-container\">\n\t\t\t\t\t<h1 class=\"elementor-heading-title elementor-size-default\">Dipl\u00f4me en massage de m\u00e9decine traditionnelle chinoise et massage par acupression<\/h1>\t\t\t\t<\/div>\n\t\t\t\t<\/div>\n\t\t\t\t<div class=\"elementor-element elementor-element-c30bc25 elementor-align-right elementor-widget elementor-widget-button\" data-id=\"c30bc25\" data-element_type=\"widget\" data-e-type=\"widget\" data-widget_type=\"button.default\">\n\t\t\t\t<div class=\"elementor-widget-container\">\n\t\t\t\t\t\t\t\t\t<div class=\"elementor-button-wrapper\">\n\t\t\t\t\t<a class=\"elementor-button elementor-button-link elementor-size-sm\" href=\"https:\/\/setsuko.ca\/fr\/page-de-paiement\/?add-to-cart=9218\">\n\t\t\t\t\t\t<span class=\"elementor-button-content-wrapper\">\n\t\t\t\t\t\t\t\t\t<span class=\"elementor-button-text\">Enregistrez-vous d\u00e8s maintenant<\/span>\n\t\t\t\t\t<\/span>\n\t\t\t\t\t<\/a>\n\t\t\t\t<\/div>\n\t\t\t\t\t\t\t\t<\/div>\n\t\t\t\t<\/div>\n\t\t\t\t\t<\/div>\n\t\t\t\t<\/div>\n\t\t<div class=\"elementor-element elementor-element-485915a e-flex e-con-boxed e-con e-parent\" data-id=\"485915a\" data-element_type=\"container\" data-e-type=\"container\">\n\t\t\t\t\t<div class=\"e-con-inner\">\n\t\t\t\t<div class=\"elementor-element elementor-element-4defce5 elementor-widget elementor-widget-video\" data-id=\"4defce5\" data-element_type=\"widget\" data-e-type=\"widget\" data-settings=\"{&quot;youtube_url&quot;:&quot;https:\\\/\\\/youtu.be\\\/eiwxS0IyGI8&quot;,&quot;cc_load_policy&quot;:&quot;yes&quot;,&quot;yt_privacy&quot;:&quot;yes&quot;,&quot;lazy_load&quot;:&quot;yes&quot;,&quot;show_image_overlay&quot;:&quot;yes&quot;,&quot;image_overlay&quot;:{&quot;url&quot;:&quot;https:\\\/\\\/setsuko.b-cdn.net\\\/wp-content\\\/uploads\\\/2025\\\/07\\\/Screenshot-2025-07-29-104658.png&quot;,&quot;id&quot;:12629,&quot;size&quot;:&quot;&quot;,&quot;alt&quot;:&quot;Traditional Chinese Medicine Massage and Acupressure Massage Video&quot;,&quot;source&quot;:&quot;library&quot;},&quot;video_type&quot;:&quot;youtube&quot;,&quot;controls&quot;:&quot;yes&quot;}\" data-widget_type=\"video.default\">\n\t\t\t\t<div class=\"elementor-widget-container\">\n\t\t\t\t\t\t\t<div class=\"elementor-wrapper elementor-open-inline\">\n\t\t\t<div class=\"elementor-video\"><\/div>\t\t\t\t<div class=\"elementor-custom-embed-image-overlay\" style=\"background-image: url(https://setsuko.b-cdn.net/fr/https:\/\/setsuko.b-cdn.net\/wp-content\/uploads\/2025\/07\/Screenshot-2025-07-29-104658.webp);\">\n\t\t\t\t\t\t\t\t\t\t\t\t\t\t\t\t<div class=\"elementor-custom-embed-play\" role=\"button\" aria-label=\"Play Video about Traditional Chinese Medicine Massage and Acupressure Massage Video\" tabindex=\"0\">\n\t\t\t\t\t\t\t<i aria-hidden=\"true\" class=\"eicon-play\"><\/i>\t\t\t\t\t\t<\/div>\n\t\t\t\t\t\t\t\t\t<\/div>\n\t\t\t\t\t<\/div>\n\t\t\t\t\t\t<\/div>\n\t\t\t\t<\/div>\n\t\t\t\t<div class=\"elementor-element elementor-element-4e3c4b7 elementor-widget elementor-widget-text-editor\" data-id=\"4e3c4b7\" data-element_type=\"widget\" data-e-type=\"widget\" data-widget_type=\"text-editor.default\">\n\t\t\t\t<div class=\"elementor-widget-container\">\n\t\t\t\t\t\t\t\t\t<p>D\u00e9couvrez l&#8217;art ancestral de la gu\u00e9rison gr\u00e2ce au programme de dipl\u00f4me en m\u00e9decine traditionnelle chinoise (MTC) et massage par acupression \u00e0 l&#8217;\u00c9cole Setsuko, et acc\u00e9dez \u00e0 un univers de bien-\u00eatre holistique qui transcende le temps.<\/p><p>\u00cates-vous passionn\u00e9 par le pouvoir du toucher et l&#8217;impact profond qu&#8217;il peut avoir sur le corps, l&#8217;esprit et l&#8217;\u00e2me ? Plongez dans un parcours transformateur o\u00f9 vous ma\u00eetriserez les techniques complexes du massage de m\u00e9decine traditionnelle chinoise, une pratique qui favorise le bien-\u00eatre depuis des si\u00e8cles. <\/p><p>\u00c0 l&#8217;\u00c9cole Setsuko, nous nous consacrons \u00e0 la pr\u00e9servation et \u00e0 l&#8217;enseignement de cet art de gu\u00e9rison ancestral dans sa forme la plus pure. Notre programme complet, dirig\u00e9 par des instructeurs exp\u00e9riment\u00e9s profond\u00e9ment enracin\u00e9s dans les traditions de la m\u00e9decine chinoise, vous offre une compr\u00e9hension approfondie des m\u00e9ridiens, des points d&#8217;acupression et de la circulation du Qi. <\/p><p><a href=\"https:\/\/setsuko.ca\/fr\/foire-aux-questions\/\">Qu&#8217;est-ce qui nous distingue ?<\/a> Nous combinons la sagesse de la gu\u00e9rison ancestrale avec des approches modernes, vous assurant d&#8217;acqu\u00e9rir les comp\u00e9tences et les connaissances n\u00e9cessaires pour devenir un praticien en massage MTC recherch\u00e9. Que vous aspiriez \u00e0 enrichir votre carri\u00e8re ou \u00e0 emprunter une nouvelle voie, notre programme de dipl\u00f4me vous dote des outils n\u00e9cessaires pour avoir un impact significatif sur la vie des gens.<\/p><p>Rejoignez-nous \u00e0 l&#8217;\u00c9cole Setsuko, o\u00f9 la tradition rencontre l&#8217;innovation, et devenez un ma\u00eetre du massage MTC, apportant \u00e9quilibre et vitalit\u00e9 \u00e0 ceux qui en ont besoin. Embrassez une carri\u00e8re enrichissante dans le bien-\u00eatre holistique \u2014 inscrivez-vous d\u00e8s aujourd&#8217;hui et d\u00e9couvrez la magie intemporelle de la m\u00e9decine traditionnelle chinoise et du massage par acupression. <\/p><p><strong><a href=\"https:\/\/docs.google.com\/spreadsheets\/d\/1T3hDVA594Z912LEQpoxNd_LTsFi8aRG3gly9VIBufo0\/edit?gid=1919041143#gid=1919041143\" target=\"_blank\" rel=\"noopener\">HORAIRE<\/a><\/strong><\/p>\t\t\t\t\t\t\t\t<\/div>\n\t\t\t\t<\/div>\n\t\t\t\t\t<\/div>\n\t\t\t\t<\/div>\n\t\t<div class=\"elementor-element elementor-element-fe5215c e-flex e-con-boxed e-con e-parent\" data-id=\"fe5215c\" data-element_type=\"container\" data-e-type=\"container\">\n\t\t\t\t\t<div class=\"e-con-inner\">\n\t\t\t\t<div class=\"elementor-element elementor-element-ccb7bc7 elementor-widget elementor-widget-heading\" data-id=\"ccb7bc7\" data-element_type=\"widget\" data-e-type=\"widget\" data-widget_type=\"heading.default\">\n\t\t\t\t<div class=\"elementor-widget-container\">\n\t\t\t\t\t<p class=\"elementor-heading-title elementor-size-default\">Prix : 5 000 $ CA sans cours de base | 6 550 $ avec cours de base - <span>Plan de paiement disponible pour tous les \u00e9tudiants<\/span><\/p>\t\t\t\t<\/div>\n\t\t\t\t<\/div>\n\t\t\t\t<div class=\"elementor-element elementor-element-96e3126 elementor-align-right elementor-widget elementor-widget-button\" data-id=\"96e3126\" data-element_type=\"widget\" data-e-type=\"widget\" data-widget_type=\"button.default\">\n\t\t\t\t<div class=\"elementor-widget-container\">\n\t\t\t\t\t\t\t\t\t<div class=\"elementor-button-wrapper\">\n\t\t\t\t\t<a class=\"elementor-button elementor-button-link elementor-size-sm\" href=\"https:\/\/calendly.com\/ecolesetsuko\/30-minute-student-interview-fr\" target=\"_blank\" rel=\"noopener\">\n\t\t\t\t\t\t<span class=\"elementor-button-content-wrapper\">\n\t\t\t\t\t\t\t\t\t<span class=\"elementor-button-text\">Pour plus d'informations, adressez-vous \u00e0 un conseiller \u00e9tudiant.<\/span>\n\t\t\t\t\t<\/span>\n\t\t\t\t\t<\/a>\n\t\t\t\t<\/div>\n\t\t\t\t\t\t\t\t<\/div>\n\t\t\t\t<\/div>\n\t\t\t\t\t<\/div>\n\t\t\t\t<\/div>\n\t\t<div class=\"elementor-element elementor-element-d0d5b99 e-flex e-con-boxed e-con e-parent\" data-id=\"d0d5b99\" data-element_type=\"container\" data-e-type=\"container\">\n\t\t\t\t\t<div class=\"e-con-inner\">\n\t\t\t\t<div class=\"elementor-element elementor-element-39d8e72 elementor-cta--skin-classic elementor-animated-content elementor-bg-transform elementor-bg-transform-zoom-in elementor-widget elementor-widget-call-to-action\" data-id=\"39d8e72\" data-element_type=\"widget\" data-e-type=\"widget\" data-widget_type=\"call-to-action.default\">\n\t\t\t\t<div class=\"elementor-widget-container\">\n\t\t\t\t\t\t\t<div class=\"elementor-cta\">\n\t\t\t\t\t\t\t<div class=\"elementor-cta__content\">\n\t\t\t\t\n\t\t\t\t\t\t\t\t\t<h2 class=\"elementor-cta__title elementor-cta__content-item elementor-content-item\">\n\t\t\t\t\t\tCommencez votre dipl\u00f4me\t\t\t\t\t<\/h2>\n\t\t\t\t\n\t\t\t\t\n\t\t\t\t\t\t\t\t\t<div class=\"elementor-cta__button-wrapper elementor-cta__content-item elementor-content-item \">\n\t\t\t\t\t<a class=\"elementor-cta__button elementor-button elementor-size-lg\" href=\"https:\/\/setsuko.ca\/fr\/page-de-paiement\/?add-to-cart=9218\">\n\t\t\t\t\t\tEnregistrez-vous d\u00e8s maintenant\t\t\t\t\t<\/a>\n\t\t\t\t\t<\/div>\n\t\t\t\t\t\t\t<\/div>\n\t\t\t\t\t\t<\/div>\n\t\t\t\t\t\t<\/div>\n\t\t\t\t<\/div>\n\t\t\t\t<div class=\"elementor-element elementor-element-3fdd31c elementor-widget elementor-widget-text-editor\" data-id=\"3fdd31c\" data-element_type=\"widget\" data-e-type=\"widget\" data-widget_type=\"text-editor.default\">\n\t\t\t\t<div class=\"elementor-widget-container\">\n\t\t\t\t\t\t\t\t\t<h2 data-section-id=\"1u355qp\" data-start=\"220\" data-end=\"272\"><strong data-start=\"223\" data-end=\"270\">Qu&#8217;est-ce que la m\u00e9decine traditionnelle chinoise (MTC) ?<\/strong><\/h2><p data-start=\"273\" data-end=\"630\">La <strong data-start=\"273\" data-end=\"311\">m\u00e9decine traditionnelle chinoise (MTC)<\/strong> est un syst\u00e8me de gu\u00e9rison holistique dont les racines remontent \u00e0 des milliers d&#8217;ann\u00e9es. Elle repose sur la compr\u00e9hension que la sant\u00e9 du corps d\u00e9pend d&#8217;un \u00e9quilibre \u00e9nerg\u00e9tique, connu sous le nom de <em data-start=\"481\" data-end=\"485\">Qi<\/em> (prononc\u00e9 \u00ab tchi \u00bb), qui circule \u00e0 travers des voies appel\u00e9es m\u00e9ridiens. Lorsque cette \u00e9nergie est perturb\u00e9e ou bloqu\u00e9e, des maladies ou des inconforts peuvent survenir.  <\/p><p data-start=\"632\" data-end=\"1124\">\u00c0 l&#8217;\u00c9cole Setsuko, nous enseignons aux \u00e9tudiants comment \u00e9valuer et r\u00e9tablir l&#8217;\u00e9quilibre en utilisant les principes de la MTC. Cela comprend des techniques telles que la lecture du pouls, l&#8217;observation de la langue et l&#8217;\u00e9coute des sympt\u00f4mes du client. \u00c0 partir de l\u00e0, les praticiens cr\u00e9ent des plans de traitement personnalis\u00e9s qui peuvent inclure l&#8217;<strong data-start=\"909\" data-end=\"924\">acupression<\/strong>, la moxibustion (thermoth\u00e9rapie), le gua sha (grattage doux) et des recommandations di\u00e9t\u00e9tiques. La MTC offre une approche holistique \u00e9prouv\u00e9e du bien-\u00eatre qui soutient la capacit\u00e9 naturelle du corps \u00e0 se gu\u00e9rir lui-m\u00eame.   <\/p><h2 data-section-id=\"1ahirvb\" data-start=\"1131\" data-end=\"1168\"><strong data-start=\"1134\" data-end=\"1166\">Qu&#8217;est-ce que le massage par acupression ?<\/strong><\/h2><p data-start=\"1169\" data-end=\"1485\">Le <strong data-start=\"1169\" data-end=\"1192\">massage par acupression<\/strong> est l&#8217;une des branches principales de la MTC. Il fonctionne de mani\u00e8re similaire \u00e0 l&#8217;acupuncture, mais au lieu d&#8217;utiliser des aiguilles, les praticiens appliquent une pression douce et soutenue avec leurs mains, leurs pouces ou leurs doigts sur des points sp\u00e9cifiques du corps. Ces points sont situ\u00e9s le long des m\u00e9ridiens et influencent la circulation du <em data-start=\"1478\" data-end=\"1482\">Qi<\/em>.  <\/p><p data-start=\"1487\" data-end=\"1903\">L&#8217;acupression est un moyen efficace et non invasif de traiter une grande vari\u00e9t\u00e9 de conditions \u2014 du stress et de la tension musculaire \u00e0 l&#8217;inconfort digestif et aux maux de t\u00eate. Elle est particuli\u00e8rement b\u00e9n\u00e9fique pour les enfants, les personnes sensibles au toucher ou les clients qui pr\u00e9f\u00e8rent une approche sans aiguilles. En combinant les m\u00e9thodes diagnostiques de la MTC avec l&#8217;art du massage par acupression, les th\u00e9rapeutes peuvent offrir des traitements profond\u00e9ment personnalis\u00e9s et r\u00e9parateurs.  <\/p><h2 data-section-id=\"1bub2x7\" data-start=\"1910\" data-end=\"2011\"><strong data-start=\"1913\" data-end=\"2009\">Avantages d&#8217;un dipl\u00f4me en MTC et acupression pour les massoth\u00e9rapeutes et les professionnels du bien-\u00eatre<\/strong><\/h2><p data-start=\"2012\" data-end=\"2524\">L&#8217;obtention d&#8217;un <strong data-start=\"2022\" data-end=\"2081\">dipl\u00f4me en m\u00e9decine traditionnelle chinoise et acupression<\/strong> \u00e9largit vos comp\u00e9tences bien au-del\u00e0 des techniques de massage standard. Pour les <strong data-start=\"2146\" data-end=\"2168\">massoth\u00e9rapeutes<\/strong>, cette formation offre de nouvelles fa\u00e7ons d&#8217;\u00e9valuer les clients, de traiter les causes profondes de l&#8217;inconfort et d&#8217;int\u00e9grer des traitements holistiques dans leurs s\u00e9ances. Pour les <strong data-start=\"2317\" data-end=\"2343\">professionnels du bien-\u00eatre<\/strong> \u2014 tels que les coachs en sant\u00e9 holistique, les praticiens de spa et les th\u00e9rapeutes corporels \u2014 elle ajoute un ensemble de comp\u00e9tences avanc\u00e9es qui am\u00e9liore votre capacit\u00e9 \u00e0 servir les clients de mani\u00e8re significative et ax\u00e9e sur les r\u00e9sultats.  <\/p><p data-start=\"2526\" data-end=\"2574\"><strong data-start=\"2526\" data-end=\"2572\">Avec un dipl\u00f4me en MTC et acupression, vous pouvez :<\/strong><\/p><ul data-start=\"2575\" data-end=\"2967\"><li data-start=\"2575\" data-end=\"2635\"><p data-start=\"2577\" data-end=\"2635\">Offrir des plans de traitement plus complets et individualis\u00e9s<\/p><\/li><li data-start=\"2636\" data-end=\"2725\"><p data-start=\"2638\" data-end=\"2725\">Travailler efficacement avec des clients sensibles, des enfants et ceux qui recherchent des th\u00e9rapies douces<\/p><\/li><li data-start=\"2726\" data-end=\"2787\"><p data-start=\"2728\" data-end=\"2787\">\u00c9largir vos services et augmenter votre valeur professionnelle<\/p><\/li><li data-start=\"2788\" data-end=\"2871\"><p data-start=\"2790\" data-end=\"2871\">Int\u00e9grer des techniques de gu\u00e9rison holistiques et fond\u00e9es sur la science dans votre pratique actuelle<\/p><\/li><li data-start=\"2872\" data-end=\"2967\"><p data-start=\"2874\" data-end=\"2967\">Vous positionner comme un expert comp\u00e9tent en <strong data-start=\"2921\" data-end=\"2941\">m\u00e9decine chinoise<\/strong> et en massage th\u00e9rapeutique<\/p><\/li><\/ul><p data-start=\"2969\" data-end=\"3162\">Cette formation avanc\u00e9e comble le foss\u00e9 entre le massage traditionnel et les soins de sant\u00e9 holistiques, vous donnant les outils n\u00e9cessaires pour d\u00e9velopper votre pratique et aider vos clients \u00e0 atteindre un bien-\u00eatre v\u00e9ritable et durable.<\/p>\t\t\t\t\t\t\t\t<\/div>\n\t\t\t\t<\/div>\n\t\t\t\t<div class=\"elementor-element elementor-element-ce0287f elementor-cta--skin-classic elementor-animated-content elementor-bg-transform elementor-bg-transform-zoom-in elementor-widget elementor-widget-call-to-action\" data-id=\"ce0287f\" data-element_type=\"widget\" data-e-type=\"widget\" data-widget_type=\"call-to-action.default\">\n\t\t\t\t<div class=\"elementor-widget-container\">\n\t\t\t\t\t\t\t<div class=\"elementor-cta\">\n\t\t\t\t\t\t\t<div class=\"elementor-cta__content\">\n\t\t\t\t\n\t\t\t\t\t\t\t\t\t<h2 class=\"elementor-cta__title elementor-cta__content-item elementor-content-item\">\n\t\t\t\t\t\tCommencez votre dipl\u00f4me\t\t\t\t\t<\/h2>\n\t\t\t\t\n\t\t\t\t\n\t\t\t\t\t\t\t\t\t<div class=\"elementor-cta__button-wrapper elementor-cta__content-item elementor-content-item \">\n\t\t\t\t\t<a class=\"elementor-cta__button elementor-button elementor-size-lg\" href=\"https:\/\/setsuko.ca\/fr\/page-de-paiement\/?add-to-cart=9218\">\n\t\t\t\t\t\tEnregistrez-vous d\u00e8s maintenant\t\t\t\t\t<\/a>\n\t\t\t\t\t<\/div>\n\t\t\t\t\t\t\t<\/div>\n\t\t\t\t\t\t<\/div>\n\t\t\t\t\t\t<\/div>\n\t\t\t\t<\/div>\n\t\t\t\t\t<\/div>\n\t\t\t\t<\/div>\n\t\t\t\t<\/div>\n\t\t","protected":false},"excerpt":{"rendered":"<p>Dipl\u00f4me en massage de m\u00e9decine traditionnelle chinoise et massage par acupression Enregistrez-vous d\u00e8s maintenant https:\/\/youtu.be\/eiwxS0IyGI8 D\u00e9couvrez l&#8217;art ancestral de la gu\u00e9rison gr\u00e2ce au programme de dipl\u00f4me en m\u00e9decine traditionnelle chinoise (MTC) et massage par acupression \u00e0 l&#8217;\u00c9cole Setsuko, et acc\u00e9dez \u00e0 un univers de bien-\u00eatre holistique qui transcende le temps. \u00cates-vous passionn\u00e9 par le pouvoir [&hellip;]<\/p>\n","protected":false},"author":1,"featured_media":5446,"parent":848,"menu_order":0,"comment_status":"closed","ping_status":"closed","template":"","meta":{"_acf_changed":false,"footnotes":""},"class_list":["post-9231","page","type-page","status-publish","has-post-thumbnail","hentry"],"acf":[],"_links":{"self":[{"href":"https:\/\/setsuko.ca\/fr\/wp-json\/wp\/v2\/pages\/9231","targetHints":{"allow":["GET"]}}],"collection":[{"href":"https:\/\/setsuko.ca\/fr\/wp-json\/wp\/v2\/pages"}],"about":[{"href":"https:\/\/setsuko.ca\/fr\/wp-json\/wp\/v2\/types\/page"}],"author":[{"embeddable":true,"href":"https:\/\/setsuko.ca\/fr\/wp-json\/wp\/v2\/users\/1"}],"replies":[{"embeddable":true,"href":"https:\/\/setsuko.ca\/fr\/wp-json\/wp\/v2\/comments?post=9231"}],"version-history":[{"count":9,"href":"https:\/\/setsuko.ca\/fr\/wp-json\/wp\/v2\/pages\/9231\/revisions"}],"predecessor-version":[{"id":15993,"href":"https:\/\/setsuko.ca\/fr\/wp-json\/wp\/v2\/pages\/9231\/revisions\/15993"}],"up":[{"embeddable":true,"href":"https:\/\/setsuko.ca\/fr\/wp-json\/wp\/v2\/pages\/848"}],"wp:featuredmedia":[{"embeddable":true,"href":"https:\/\/setsuko.ca\/fr\/wp-json\/wp\/v2\/media\/5446"}],"wp:attachment":[{"href":"https:\/\/setsuko.ca\/fr\/wp-json\/wp\/v2\/media?parent=9231"}],"curies":[{"name":"wp","href":"https:\/\/api.w.org\/{rel}","templated":true}]}}