{"id":9588,"date":"2025-01-10T17:10:44","date_gmt":"2025-01-10T22:10:44","guid":{"rendered":"https:\/\/ecolesetsuko.ca\/?page_id=9588"},"modified":"2025-10-20T09:18:08","modified_gmt":"2025-10-20T13:18:08","slug":"massage-setsuko-massage-montreal-quebec","status":"publish","type":"page","link":"https:\/\/setsuko.ca\/fr\/massage-setsuko-massage-montreal-quebec\/","title":{"rendered":"Massage Setsuko \u2013 Massage Montr\u00e9al Qu\u00e9bec"},"content":{"rendered":"\t\t<div data-elementor-type=\"wp-page\" data-elementor-id=\"9588\" class=\"elementor elementor-9588 elementor-9295\" data-elementor-post-type=\"page\">\n\t\t\t\t<div class=\"elementor-element elementor-element-5d80f55 e-con-full animated-slow e-flex e-con e-parent\" data-id=\"5d80f55\" data-element_type=\"container\" data-e-type=\"container\" data-settings=\"{&quot;background_background&quot;:&quot;classic&quot;,&quot;background_motion_fx_motion_fx_scrolling&quot;:&quot;yes&quot;,&quot;background_motion_fx_translateY_effect&quot;:&quot;yes&quot;,&quot;background_motion_fx_translateY_direction&quot;:&quot;negative&quot;,&quot;background_motion_fx_translateY_speed&quot;:{&quot;unit&quot;:&quot;px&quot;,&quot;size&quot;:2.79999999999999982236431605997495353221893310546875,&quot;sizes&quot;:[]},&quot;background_motion_fx_translateY_affectedRange&quot;:{&quot;unit&quot;:&quot;%&quot;,&quot;size&quot;:&quot;&quot;,&quot;sizes&quot;:{&quot;start&quot;:0,&quot;end&quot;:79}},&quot;background_motion_fx_range&quot;:&quot;page&quot;,&quot;background_motion_fx_devices&quot;:[&quot;desktop&quot;,&quot;laptop&quot;,&quot;tablet_extra&quot;,&quot;tablet&quot;,&quot;mobile_extra&quot;],&quot;animation&quot;:&quot;none&quot;}\">\n\t\t\t\t<div class=\"elementor-element elementor-element-6ed1c78 elementor-fixed elementor-widget elementor-widget-heading\" data-id=\"6ed1c78\" data-element_type=\"widget\" data-e-type=\"widget\" data-settings=\"{&quot;_position&quot;:&quot;fixed&quot;}\" data-widget_type=\"heading.default\">\n\t\t\t\t<div class=\"elementor-widget-container\">\n\t\t\t\t\t<h2 class=\"elementor-heading-title elementor-size-default\">Mettez votre corps<br \/>entre de bonnes mains<\/h2>\t\t\t\t<\/div>\n\t\t\t\t<\/div>\n\t\t\t\t<div class=\"elementor-element elementor-element-52faaa6 elementor-fixed animated-slow elementor-align-center elementor-invisible elementor-widget elementor-widget-button\" data-id=\"52faaa6\" data-element_type=\"widget\" data-e-type=\"widget\" data-settings=\"{&quot;_position&quot;:&quot;fixed&quot;,&quot;_animation&quot;:&quot;fadeInUp&quot;,&quot;_animation_delay&quot;:1000,&quot;motion_fx_motion_fx_scrolling&quot;:&quot;yes&quot;,&quot;motion_fx_translateY_effect&quot;:&quot;yes&quot;,&quot;motion_fx_translateY_affectedRange&quot;:{&quot;unit&quot;:&quot;%&quot;,&quot;size&quot;:&quot;&quot;,&quot;sizes&quot;:{&quot;start&quot;:51,&quot;end&quot;:100}},&quot;motion_fx_translateY_speed&quot;:{&quot;unit&quot;:&quot;px&quot;,&quot;size&quot;:4,&quot;sizes&quot;:[]},&quot;motion_fx_devices&quot;:[&quot;desktop&quot;,&quot;laptop&quot;,&quot;tablet_extra&quot;,&quot;tablet&quot;,&quot;mobile_extra&quot;,&quot;mobile&quot;]}\" data-widget_type=\"button.default\">\n\t\t\t\t<div class=\"elementor-widget-container\">\n\t\t\t\t\t\t\t\t\t<div class=\"elementor-button-wrapper\">\n\t\t\t\t\t<a class=\"elementor-button elementor-button-link elementor-size-sm\" href=\"https:\/\/www.fresha.com\/fr\/providers\/massage-setsuko-sr2zt0y5?pId=1225562&#038;locale_geo=fr&#038;allOffer=true\" target=\"_blank\" rel=\"noopener\">\n\t\t\t\t\t\t<span class=\"elementor-button-content-wrapper\">\n\t\t\t\t\t\t\t\t\t<span class=\"elementor-button-text\">R\u00c9SERVEZ VOTRE MASSAGE<\/span>\n\t\t\t\t\t<\/span>\n\t\t\t\t\t<\/a>\n\t\t\t\t<\/div>\n\t\t\t\t\t\t\t\t<\/div>\n\t\t\t\t<\/div>\n\t\t\t\t<\/div>\n\t\t<div class=\"elementor-element elementor-element-df4657d e-con-full e-flex e-con e-parent\" data-id=\"df4657d\" data-element_type=\"container\" data-e-type=\"container\" data-settings=\"{&quot;background_background&quot;:&quot;classic&quot;,&quot;sticky&quot;:&quot;top&quot;,&quot;sticky_on&quot;:[&quot;desktop&quot;],&quot;motion_fx_motion_fx_scrolling&quot;:&quot;yes&quot;,&quot;motion_fx_opacity_effect&quot;:&quot;yes&quot;,&quot;motion_fx_opacity_range&quot;:{&quot;unit&quot;:&quot;%&quot;,&quot;size&quot;:&quot;&quot;,&quot;sizes&quot;:{&quot;start&quot;:16,&quot;end&quot;:52}},&quot;motion_fx_devices&quot;:[&quot;desktop&quot;,&quot;laptop&quot;,&quot;tablet_extra&quot;,&quot;tablet&quot;,&quot;mobile_extra&quot;],&quot;motion_fx_range&quot;:&quot;viewport&quot;,&quot;motion_fx_opacity_direction&quot;:&quot;out-in&quot;,&quot;motion_fx_opacity_level&quot;:{&quot;unit&quot;:&quot;px&quot;,&quot;size&quot;:10,&quot;sizes&quot;:[]},&quot;sticky_offset&quot;:0,&quot;sticky_effects_offset&quot;:0,&quot;sticky_anchor_link_offset&quot;:0}\">\n\t\t\t\t<\/div>\n\t\t<div class=\"elementor-element elementor-element-eff571e animated-slow e-flex e-con-boxed e-con e-parent\" data-id=\"eff571e\" data-element_type=\"container\" data-e-type=\"container\" data-settings=\"{&quot;background_background&quot;:&quot;gradient&quot;,&quot;animation&quot;:&quot;none&quot;}\">\n\t\t\t\t\t<div class=\"e-con-inner\">\n\t\t\t\t<div class=\"elementor-element elementor-element-0645334 animated-slow elementor-invisible elementor-widget elementor-widget-heading\" data-id=\"0645334\" data-element_type=\"widget\" data-e-type=\"widget\" data-settings=\"{&quot;_animation&quot;:&quot;fadeIn&quot;,&quot;_animation_delay&quot;:200}\" data-widget_type=\"heading.default\">\n\t\t\t\t<div class=\"elementor-widget-container\">\n\t\t\t\t\t<h1 class=\"elementor-heading-title elementor-size-default\">Cliniques de massoth\u00e9rapie \u00e0 Montr\u00e9al, Qu\u00e9bec<\/h1>\t\t\t\t<\/div>\n\t\t\t\t<\/div>\n\t\t\t\t<div class=\"elementor-element elementor-element-8a0cefb animated-slow elementor-invisible elementor-widget elementor-widget-heading\" data-id=\"8a0cefb\" data-element_type=\"widget\" data-e-type=\"widget\" data-settings=\"{&quot;_animation&quot;:&quot;fadeInUp&quot;,&quot;_animation_delay&quot;:400}\" data-widget_type=\"heading.default\">\n\t\t\t\t<div class=\"elementor-widget-container\">\n\t\t\t\t\t<span class=\"elementor-heading-title elementor-size-default\">Se d\u00e9tendre, se relaxer, se d\u00e9contracter.<\/span>\t\t\t\t<\/div>\n\t\t\t\t<\/div>\n\t\t\t\t<div class=\"elementor-element elementor-element-9c7b33c animated-slow elementor-invisible elementor-widget elementor-widget-text-editor\" data-id=\"9c7b33c\" data-element_type=\"widget\" data-e-type=\"widget\" data-settings=\"{&quot;_animation&quot;:&quot;fadeInUp&quot;,&quot;_animation_delay&quot;:800}\" data-widget_type=\"text-editor.default\">\n\t\t\t\t<div class=\"elementor-widget-container\">\n\t\t\t\t\t\t\t\t\tA la clinique de massage Setsuko, nous nous engageons \u00e0 vous offrir des exp\u00e9riences th\u00e9rapeutiques exceptionnelles adapt\u00e9es \u00e0 vos besoins individuels. <a href=\"#massage-therapists\">Notre \u00e9quipe de massoth\u00e9rapeutes qualifi\u00e9s<\/a> se consacre \u00e0 vous aider \u00e0 vous d\u00e9tendre, \u00e0 rel\u00e2cher la tension et \u00e0 r\u00e9tablir l&#8217;\u00e9quilibre de votre corps et de votre esprit.<br><br>En tant que clinique d&#8217;enseignement affili\u00e9e \u00e0 <a href=\"https:\/\/setsuko.ca\/fr\/ecole\/\">Ecole Setsuko<\/a>, nous sommes fiers de pr\u00e9senter l&#8217;expertise de nos \u00e9tudiants et de nos dipl\u00f4m\u00e9s, qui apportent une richesse de connaissances et de passion \u00e0 chaque s\u00e9ance. Notre \u00e9quipe s&#8217;engage \u00e0 fournir des traitements personnalis\u00e9s qui r\u00e9pondent \u00e0 vos besoins uniques, en cultivant l&#8217;\u00e9quilibre, la connexion et l&#8217;autonomisation.\t\t\t\t\t\t\t\t<\/div>\n\t\t\t\t<\/div>\n\t\t\t\t<div class=\"elementor-element elementor-element-7a85dc3 elementor-widget elementor-widget-image\" data-id=\"7a85dc3\" data-element_type=\"widget\" data-e-type=\"widget\" data-widget_type=\"image.default\">\n\t\t\t\t<div class=\"elementor-widget-container\">\n\t\t\t\t\t\t\t\t\t\t\t\t\t\t\t\t<a href=\"https:\/\/maps.app.goo.gl\/zkTbNxjXS12Bf8iP8\" target=\"_blank\" rel=\"nofollow noopener\">\n\t\t\t\t\t\t\t<img fetchpriority=\"high\" decoding=\"async\" width=\"300\" height=\"175\" src=\"https:\/\/setsuko.b-cdn.net\/wp-content\/uploads\/2025\/05\/facebook-google-reviews-badge-1-300x175.png\" class=\"attachment-medium size-medium wp-image-12250\" alt=\"Avis Facebook et Google - Note de 5,0 sur 39 avis\" srcset=\"https:\/\/setsuko.b-cdn.net\/wp-content\/uploads\/2025\/05\/facebook-google-reviews-badge-1-300x175.png 300w, https:\/\/setsuko.b-cdn.net\/wp-content\/uploads\/2025\/05\/facebook-google-reviews-badge-1.png 339w\" sizes=\"(max-width: 300px) 100vw, 300px\" title=\"\">\t\t\t\t\t\t\t\t<\/a>\n\t\t\t\t\t\t\t\t\t\t\t\t\t\t\t<\/div>\n\t\t\t\t<\/div>\n\t\t\t\t\t<\/div>\n\t\t\t\t<\/div>\n\t\t<div class=\"elementor-element elementor-element-0b76adf e-flex e-con-boxed e-con e-parent\" data-id=\"0b76adf\" data-element_type=\"container\" data-e-type=\"container\" data-settings=\"{&quot;background_background&quot;:&quot;classic&quot;}\">\n\t\t\t\t\t<div class=\"e-con-inner\">\n\t\t<div class=\"elementor-element elementor-element-6a4e3df e-grid e-con-full animated-slow elementor-invisible e-con e-child\" data-id=\"6a4e3df\" data-element_type=\"container\" data-e-type=\"container\" data-settings=\"{&quot;animation&quot;:&quot;fadeInUp&quot;}\">\n\t\t\t\t<div class=\"elementor-element elementor-element-fa4e5a3 elementor-position-top elementor-widget elementor-widget-image-box\" data-id=\"fa4e5a3\" data-element_type=\"widget\" data-e-type=\"widget\" data-widget_type=\"image-box.default\">\n\t\t\t\t<div class=\"elementor-widget-container\">\n\t\t\t\t\t<div class=\"elementor-image-box-wrapper\"><figure class=\"elementor-image-box-img\"><a href=\"https:\/\/setsuko.ca\/fr\/massage-setsuko-massage-montreal-quebec\/massage-de-drainage-lymphatique\/\" tabindex=\"-1\"><img decoding=\"async\" width=\"800\" height=\"800\" src=\"https:\/\/setsuko.b-cdn.net\/wp-content\/uploads\/2022\/12\/Lymphatic.webp\" class=\"attachment-full size-full wp-image-6407\" alt=\"Drainage lymphatique\" title=\"\"><\/a><\/figure><div class=\"elementor-image-box-content\"><h3 class=\"elementor-image-box-title\"><a href=\"https:\/\/setsuko.ca\/fr\/massage-setsuko-massage-montreal-quebec\/massage-de-drainage-lymphatique\/\">Drainage lymphatique<\/a><\/h3><p class=\"elementor-image-box-description\">Traitement rythmique doux con\u00e7u pour d\u00e9sintoxiquer, r\u00e9duire les gonflements et renforcer l'immunit\u00e9 gr\u00e2ce \u00e0 des techniques douces et rythm\u00e9es. Id\u00e9al pour la r\u00e9cup\u00e9ration et le bien-\u00eatre.<\/p><\/div><\/div>\t\t\t\t<\/div>\n\t\t\t\t<\/div>\n\t\t\t\t<div class=\"elementor-element elementor-element-30a4b51 elementor-position-top elementor-widget elementor-widget-image-box\" data-id=\"30a4b51\" data-element_type=\"widget\" data-e-type=\"widget\" data-widget_type=\"image-box.default\">\n\t\t\t\t<div class=\"elementor-widget-container\">\n\t\t\t\t\t<div class=\"elementor-image-box-wrapper\"><figure class=\"elementor-image-box-img\"><a href=\"https:\/\/setsuko.ca\/fr\/massage-setsuko-massage-montreal-quebec\/massage-des-tissus-profonds\/\" tabindex=\"-1\"><img decoding=\"async\" width=\"800\" height=\"800\" src=\"https:\/\/setsuko.b-cdn.net\/wp-content\/uploads\/2023\/04\/Deep-Tissue.webp\" class=\"attachment-full size-full wp-image-6415\" alt=\"Th\u00e9rapie de massage des tissus profonds\" title=\"\"><\/a><\/figure><div class=\"elementor-image-box-content\"><h3 class=\"elementor-image-box-title\"><a href=\"https:\/\/setsuko.ca\/fr\/massage-setsuko-massage-montreal-quebec\/massage-des-tissus-profonds\/\">Tissus profonds<\/a><\/h3><p class=\"elementor-image-box-description\">Massage th\u00e9rapeutique con\u00e7u pour soulager les douleurs chroniques et am\u00e9liorer la mobilit\u00e9 gr\u00e2ce \u00e0 des techniques cibl\u00e9es telles que le rel\u00e2chement myofascial. Adapt\u00e9 \u00e0 vos besoins sp\u00e9cifiques.<\/p><\/div><\/div>\t\t\t\t<\/div>\n\t\t\t\t<\/div>\n\t\t\t\t<div class=\"elementor-element elementor-element-6b81b1e elementor-position-top elementor-widget elementor-widget-image-box\" data-id=\"6b81b1e\" data-element_type=\"widget\" data-e-type=\"widget\" data-widget_type=\"image-box.default\">\n\t\t\t\t<div class=\"elementor-widget-container\">\n\t\t\t\t\t<div class=\"elementor-image-box-wrapper\"><figure class=\"elementor-image-box-img\"><a href=\"https:\/\/setsuko.ca\/fr\/massage-setsuko-massage-montreal-quebec\/massage-suedois\/\" tabindex=\"-1\"><img loading=\"lazy\" decoding=\"async\" width=\"512\" height=\"512\" src=\"https:\/\/setsuko.b-cdn.net\/wp-content\/uploads\/2023\/08\/relaxation-massage.webp\" class=\"attachment-full size-full wp-image-4803\" alt=\"Cours de massage de relaxation\" title=\"\" srcset=\"https:\/\/setsuko.b-cdn.net\/wp-content\/uploads\/2023\/08\/relaxation-massage.webp 512w, https:\/\/setsuko.b-cdn.net\/wp-content\/uploads\/2023\/08\/relaxation-massage-300x300.webp 300w, https:\/\/setsuko.b-cdn.net\/wp-content\/uploads\/2023\/08\/relaxation-massage-100x100.webp 100w, https:\/\/setsuko.b-cdn.net\/wp-content\/uploads\/2023\/08\/relaxation-massage-150x150.webp 150w\" sizes=\"(max-width: 512px) 100vw, 512px\" \/><\/a><\/figure><div class=\"elementor-image-box-content\"><h3 class=\"elementor-image-box-title\"><a href=\"https:\/\/setsuko.ca\/fr\/massage-setsuko-massage-montreal-quebec\/massage-suedois\/\">Massage su\u00e9dois<\/a><\/h3><p class=\"elementor-image-box-description\">D\u00e9tendez-vous avec le massage su\u00e9dois de Setsuko, qui offre des mouvements doux pour soulager les tensions et favoriser la tranquillit\u00e9. Id\u00e9al pour se d\u00e9tendre et am\u00e9liorer son bien-\u00eatre.<\/p><\/div><\/div>\t\t\t\t<\/div>\n\t\t\t\t<\/div>\n\t\t\t\t<div class=\"elementor-element elementor-element-ad9e8ce elementor-position-top elementor-widget elementor-widget-image-box\" data-id=\"ad9e8ce\" data-element_type=\"widget\" data-e-type=\"widget\" data-widget_type=\"image-box.default\">\n\t\t\t\t<div class=\"elementor-widget-container\">\n\t\t\t\t\t<div class=\"elementor-image-box-wrapper\"><figure class=\"elementor-image-box-img\"><a href=\"https:\/\/setsuko.ca\/fr\/massage-setsuko-massage-montreal-quebec\/massage-shiatsu\/\" tabindex=\"-1\"><img loading=\"lazy\" decoding=\"async\" width=\"500\" height=\"500\" src=\"https:\/\/setsuko.b-cdn.net\/wp-content\/uploads\/2024\/01\/shiatsu-1.webp\" class=\"attachment-full size-full wp-image-6700\" alt=\"Massage Shiatsu\" title=\"\"><\/a><\/figure><div class=\"elementor-image-box-content\"><h3 class=\"elementor-image-box-title\"><a href=\"https:\/\/setsuko.ca\/fr\/massage-setsuko-massage-montreal-quebec\/massage-shiatsu\/\">Massage Shiatsu<\/a><\/h3><p class=\"elementor-image-box-description\">D\u00e9couvrez le pouvoir de gu\u00e9rison du massage shiatsu chez Setsuko, une technique douce et non invasive qui r\u00e9tablit le flux \u00e9nerg\u00e9tique et r\u00e9duit le stress pour un bien-\u00eatre g\u00e9n\u00e9ral.<\/p><\/div><\/div>\t\t\t\t<\/div>\n\t\t\t\t<\/div>\n\t\t\t\t<div class=\"elementor-element elementor-element-9a6a86d elementor-position-top elementor-widget elementor-widget-image-box\" data-id=\"9a6a86d\" data-element_type=\"widget\" data-e-type=\"widget\" data-widget_type=\"image-box.default\">\n\t\t\t\t<div class=\"elementor-widget-container\">\n\t\t\t\t\t<div class=\"elementor-image-box-wrapper\"><figure class=\"elementor-image-box-img\"><a href=\"https:\/\/setsuko.ca\/fr\/massage-setsuko-massage-montreal-quebec\/massage-reflexologique-des-pieds\/\" tabindex=\"-1\"><img loading=\"lazy\" decoding=\"async\" width=\"800\" height=\"800\" src=\"https:\/\/setsuko.b-cdn.net\/wp-content\/uploads\/2023\/05\/Reflexology.webp\" class=\"attachment-full size-full wp-image-6413\" alt=\"R\u00e9flexologie\" title=\"\"><\/a><\/figure><div class=\"elementor-image-box-content\"><h3 class=\"elementor-image-box-title\"><a href=\"https:\/\/setsuko.ca\/fr\/massage-setsuko-massage-montreal-quebec\/massage-reflexologique-des-pieds\/\">R\u00e9flexologie<\/a><\/h3><p class=\"elementor-image-box-description\">La r\u00e9flexologie au Setsuko am\u00e9liore le bien-\u00eatre gr\u00e2ce \u00e0 des points de pression cibl\u00e9s sur les pieds, les mains et les oreilles, favorisant le soulagement du stress et l'am\u00e9lioration de la circulation.<\/p><\/div><\/div>\t\t\t\t<\/div>\n\t\t\t\t<\/div>\n\t\t\t\t<div class=\"elementor-element elementor-element-a591f2d elementor-position-top elementor-widget elementor-widget-image-box\" data-id=\"a591f2d\" data-element_type=\"widget\" data-e-type=\"widget\" data-widget_type=\"image-box.default\">\n\t\t\t\t<div class=\"elementor-widget-container\">\n\t\t\t\t\t<div class=\"elementor-image-box-wrapper\"><figure class=\"elementor-image-box-img\"><a href=\"https:\/\/setsuko.ca\/fr\/massage-setsuko-massage-montreal-quebec\/massage-par-acupression\/\" tabindex=\"-1\"><img loading=\"lazy\" decoding=\"async\" width=\"500\" height=\"500\" src=\"https:\/\/setsuko.b-cdn.net\/wp-content\/uploads\/2024\/01\/TCM-Massage.webp\" class=\"attachment-full size-full wp-image-6704\" alt=\"Massage MCT\" title=\"\"><\/a><\/figure><div class=\"elementor-image-box-content\"><h3 class=\"elementor-image-box-title\"><a href=\"https:\/\/setsuko.ca\/fr\/massage-setsuko-massage-montreal-quebec\/massage-par-acupression\/\">Acupression<\/a><\/h3><p class=\"elementor-image-box-description\">D\u00e9couvrez les bienfaits th\u00e9rapeutiques du massage par acupression, une technique non invasive qui lib\u00e8re les blocages \u00e9nerg\u00e9tiques, r\u00e9duit la douleur et accro\u00eet le bien-\u00eatre gr\u00e2ce \u00e0 des points de pression cibl\u00e9s.<\/p><\/div><\/div>\t\t\t\t<\/div>\n\t\t\t\t<\/div>\n\t\t\t\t<\/div>\n\t\t\t\t<div class=\"elementor-element elementor-element-ce8a3b4 elementor-align-center elementor-widget elementor-widget-button\" data-id=\"ce8a3b4\" data-element_type=\"widget\" data-e-type=\"widget\" data-widget_type=\"button.default\">\n\t\t\t\t<div class=\"elementor-widget-container\">\n\t\t\t\t\t\t\t\t\t<div class=\"elementor-button-wrapper\">\n\t\t\t\t\t<a class=\"elementor-button elementor-button-link elementor-size-sm\" href=\"https:\/\/setsuko.ca\/fr\/massage-setsuko-massage-montreal-quebec\/massotherapeutes-qualifies-a-montreal\/\">\n\t\t\t\t\t\t<span class=\"elementor-button-content-wrapper\">\n\t\t\t\t\t\t\t\t\t<span class=\"elementor-button-text\">Voir tous les services de massoth\u00e9rapie disponibles<\/span>\n\t\t\t\t\t<\/span>\n\t\t\t\t\t<\/a>\n\t\t\t\t<\/div>\n\t\t\t\t\t\t\t\t<\/div>\n\t\t\t\t<\/div>\n\t\t\t\t\t<\/div>\n\t\t\t\t<\/div>\n\t\t<div class=\"elementor-element elementor-element-60fe964 e-flex e-con-boxed e-con e-parent\" data-id=\"60fe964\" data-element_type=\"container\" data-e-type=\"container\" data-settings=\"{&quot;background_background&quot;:&quot;gradient&quot;}\">\n\t\t\t\t\t<div class=\"e-con-inner\">\n\t\t\t\t<div class=\"elementor-element elementor-element-92bf7ed elementor-widget elementor-widget-testimonial\" data-id=\"92bf7ed\" data-element_type=\"widget\" data-e-type=\"widget\" data-widget_type=\"testimonial.default\">\n\t\t\t\t<div class=\"elementor-widget-container\">\n\t\t\t\t\t\t\t<div class=\"elementor-testimonial-wrapper\">\n\t\t\t\t\t\t\t<div class=\"elementor-testimonial-content\">\u00ab Chaque s\u00e9ance que j'ai suivie \u00e0 Setsuko a \u00e9t\u00e9 une exp\u00e9rience formidable. Tous les praticiens, qu'ils soient exp\u00e9riment\u00e9s ou r\u00e9cemment dipl\u00f4m\u00e9s, se sont montr\u00e9s tr\u00e8s professionnels et comp\u00e9tents. \u00c0 la fin de chaque s\u00e9ance, je me suis sentie d\u00e9tendue et centr\u00e9e. L'espace est tr\u00e8s paisible, super propre et propice \u00e0 la d\u00e9tente. Je le recommande vivement. \u00bb<\/div>\n\t\t\t\n\t\t\t\t\t\t<div class=\"elementor-testimonial-meta\">\n\t\t\t\t<div class=\"elementor-testimonial-meta-inner\">\n\t\t\t\t\t\n\t\t\t\t\t\t\t\t\t\t<div class=\"elementor-testimonial-details\">\n\t\t\t\t\t\t\t\t\t\t\t\t\t\t<div class=\"elementor-testimonial-name\">Martha G.<\/div>\n\t\t\t\t\t\t\t\t\t\t\t\t\t\t\t\t\t\t\t<\/div>\n\t\t\t\t\t\t\t\t\t<\/div>\n\t\t\t<\/div>\n\t\t\t\t\t<\/div>\n\t\t\t\t\t\t<\/div>\n\t\t\t\t<\/div>\n\t\t\t\t\t<\/div>\n\t\t\t\t<\/div>\n\t\t<div class=\"elementor-element elementor-element-0d2e0dc e-con-full e-flex e-con e-parent\" data-id=\"0d2e0dc\" data-element_type=\"container\" data-e-type=\"container\" data-settings=\"{&quot;background_background&quot;:&quot;classic&quot;}\">\n\t\t\t\t<div class=\"elementor-element elementor-element-3797ec0 elementor-widget elementor-widget-heading\" data-id=\"3797ec0\" data-element_type=\"widget\" data-e-type=\"widget\" data-widget_type=\"heading.default\">\n\t\t\t\t<div class=\"elementor-widget-container\">\n\t\t\t\t\t<h2 class=\"elementor-heading-title elementor-size-default\">R\u00e9servez votre massage en ligne d\u00e8s aujourd'hui<\/h2>\t\t\t\t<\/div>\n\t\t\t\t<\/div>\n\t\t<div class=\"elementor-element elementor-element-37ed3e2 e-flex e-con-boxed e-con e-child\" data-id=\"37ed3e2\" data-element_type=\"container\" data-e-type=\"container\">\n\t\t\t\t\t<div class=\"e-con-inner\">\n\t\t\t\t<div class=\"elementor-element elementor-element-eec67a5 elementor-widget elementor-widget-button\" data-id=\"eec67a5\" data-element_type=\"widget\" data-e-type=\"widget\" data-widget_type=\"button.default\">\n\t\t\t\t<div class=\"elementor-widget-container\">\n\t\t\t\t\t\t\t\t\t<div class=\"elementor-button-wrapper\">\n\t\t\t\t\t<a class=\"elementor-button elementor-button-link elementor-size-sm\" href=\"https:\/\/www.fresha.com\/fr\/a\/setsuko-centre-de-massotherapie-dorval-1564-herron-road-q8uiki0k\/booking?allOffer=true&#038;menu=true&#038;pId=1225562\" target=\"_blank\" rel=\"nofollow noopener\">\n\t\t\t\t\t\t<span class=\"elementor-button-content-wrapper\">\n\t\t\t\t\t\t<span class=\"elementor-button-icon\">\n\t\t\t\t<i aria-hidden=\"true\" class=\"fas fa-external-link-alt\"><\/i>\t\t\t<\/span>\n\t\t\t\t\t\t\t\t\t<span class=\"elementor-button-text\">Dorval<\/span>\n\t\t\t\t\t<\/span>\n\t\t\t\t\t<\/a>\n\t\t\t\t<\/div>\n\t\t\t\t\t\t\t\t<\/div>\n\t\t\t\t<\/div>\n\t\t\t\t<div class=\"elementor-element elementor-element-27a22e5 elementor-widget elementor-widget-button\" data-id=\"27a22e5\" data-element_type=\"widget\" data-e-type=\"widget\" data-widget_type=\"button.default\">\n\t\t\t\t<div class=\"elementor-widget-container\">\n\t\t\t\t\t\t\t\t\t<div class=\"elementor-button-wrapper\">\n\t\t\t\t\t<a class=\"elementor-button elementor-button-link elementor-size-sm\" href=\"https:\/\/www.fresha.com\/fr\/a\/setsuko-ndg-montreal-2111-ave-northcliffe-dwybvbfi\/booking?allOffer=true&#038;pId=1225562\" target=\"_blank\" rel=\"nofollow noopener\">\n\t\t\t\t\t\t<span class=\"elementor-button-content-wrapper\">\n\t\t\t\t\t\t<span class=\"elementor-button-icon\">\n\t\t\t\t<i aria-hidden=\"true\" class=\"fas fa-external-link-alt\"><\/i>\t\t\t<\/span>\n\t\t\t\t\t\t\t\t\t<span class=\"elementor-button-text\">NDG<\/span>\n\t\t\t\t\t<\/span>\n\t\t\t\t\t<\/a>\n\t\t\t\t<\/div>\n\t\t\t\t\t\t\t\t<\/div>\n\t\t\t\t<\/div>\n\t\t\t\t\t<\/div>\n\t\t\t\t<\/div>\n\t\t\t\t<\/div>\n\t\t<div class=\"elementor-element elementor-element-34c9c2d e-con-full e-flex e-con e-parent\" data-id=\"34c9c2d\" data-element_type=\"container\" data-e-type=\"container\">\n\t\t\t\t<div class=\"elementor-element elementor-element-3a639d1 elementor-widget elementor-widget-html\" data-id=\"3a639d1\" data-element_type=\"widget\" data-e-type=\"widget\" data-widget_type=\"html.default\">\n\t\t\t\t<div class=\"elementor-widget-container\">\n\t\t\t\t\t<iframe src=\"https:\/\/www.google.com\/maps\/d\/embed?mid=12Nkt_qewc1FF1mwwsGltcumuBsUyUm8&ehbc=2E312F&noprof=1\" width=\"640\" height=\"480\"><\/iframe>\t\t\t\t<\/div>\n\t\t\t\t<\/div>\n\t\t<a class=\"elementor-element elementor-element-454c21b e-con-full e-flex e-con e-child\" data-id=\"454c21b\" data-element_type=\"container\" data-e-type=\"container\" data-settings=\"{&quot;background_background&quot;:&quot;classic&quot;}\" href=\"#\">\n\t\t\t\t<\/a>\n\t\t\t\t<\/div>\n\t\t\t\t<\/div>\n\t\t","protected":false},"excerpt":{"rendered":"<p>Mettez votre corpsentre de bonnes mains R\u00c9SERVEZ VOTRE MASSAGE Cliniques de massoth\u00e9rapie \u00e0 Montr\u00e9al, Qu\u00e9bec Se d\u00e9tendre, se relaxer, se d\u00e9contracter. A la clinique de massage Setsuko, nous nous engageons \u00e0 vous offrir des exp\u00e9riences th\u00e9rapeutiques exceptionnelles adapt\u00e9es \u00e0 vos besoins individuels. Notre \u00e9quipe de massoth\u00e9rapeutes qualifi\u00e9s se consacre \u00e0 vous aider \u00e0 vous d\u00e9tendre, [&hellip;]<\/p>\n","protected":false},"author":1,"featured_media":0,"parent":0,"menu_order":0,"comment_status":"closed","ping_status":"closed","template":"","meta":{"_acf_changed":false,"footnotes":""},"class_list":["post-9588","page","type-page","status-publish","hentry"],"acf":[],"_links":{"self":[{"href":"https:\/\/setsuko.ca\/fr\/wp-json\/wp\/v2\/pages\/9588","targetHints":{"allow":["GET"]}}],"collection":[{"href":"https:\/\/setsuko.ca\/fr\/wp-json\/wp\/v2\/pages"}],"about":[{"href":"https:\/\/setsuko.ca\/fr\/wp-json\/wp\/v2\/types\/page"}],"author":[{"embeddable":true,"href":"https:\/\/setsuko.ca\/fr\/wp-json\/wp\/v2\/users\/1"}],"replies":[{"embeddable":true,"href":"https:\/\/setsuko.ca\/fr\/wp-json\/wp\/v2\/comments?post=9588"}],"version-history":[{"count":7,"href":"https:\/\/setsuko.ca\/fr\/wp-json\/wp\/v2\/pages\/9588\/revisions"}],"predecessor-version":[{"id":13494,"href":"https:\/\/setsuko.ca\/fr\/wp-json\/wp\/v2\/pages\/9588\/revisions\/13494"}],"wp:attachment":[{"href":"https:\/\/setsuko.ca\/fr\/wp-json\/wp\/v2\/media?parent=9588"}],"curies":[{"name":"wp","href":"https:\/\/api.w.org\/{rel}","templated":true}]}}