{"id":10181,"date":"2025-05-12T02:00:53","date_gmt":"2025-05-12T06:00:53","guid":{"rendered":"https:\/\/ecolesetsuko.ca\/?post_type=product&#038;p=10181"},"modified":"2026-04-03T21:06:07","modified_gmt":"2026-04-04T01:06:07","slug":"introduction-au-massage-suedois-copy-2","status":"publish","type":"product","link":"https:\/\/setsuko.ca\/fr\/produit\/introduction-au-massage-suedois-copy-2\/","title":{"rendered":"Introduction au massage su\u00e9dois \u2013 Dorval"},"content":{"rendered":"<p>La massoth\u00e9rapie vous intrigue ? Pr\u00eat \u00e0 faire vos premiers pas pour voir si cela vous convient ? Notre cours d\u2019introduction au massage su\u00e9dois est le point de d\u00e9part id\u00e9al ! En deux jours, vous apprendrez les bases du massage su\u00e9dois : les diff\u00e9rentes man\u0153uvres, l\u2019utilisation du poids du corps et les techniques de drapage professionnel. \u00c0 l\u2019issue de cet atelier pratique, vous serez en mesure d\u2019offrir un massage de d\u00e9tente apaisant d\u2019une heure \u00e0 vos proches.    <\/p>\n<p>Cet atelier s&#8217;adresse \u00e0 tous ceux qui ont d\u00e9j\u00e0 envisag\u00e9 une carri\u00e8re dans le domaine de la massoth\u00e9rapie ou qui souhaitent simplement ajouter une touche sp\u00e9ciale \u00e0 leur routine de bien-\u00eatre. Vous pouvez suivre ce cours pour le plaisir ou l&#8217;utiliser comme premi\u00e8re \u00e9tape vers l&#8217;obtention d&#8217;une certification compl\u00e8te en massoth\u00e9rapie. Dans tous les cas, c&#8217;est un excellent moyen d&#8217;explorer vos options.  <\/p>\n<p>Voici ce que vous obtiendrez :<\/p>\n<ul>\n<li>Conseils d&#8217;experts : rencontrez nos formateurs exp\u00e9riment\u00e9s, passionn\u00e9s par leur m\u00e9tier, qui vous aideront \u00e0 r\u00e9ussir.<\/li>\n<li>Aper\u00e7u des cours d&#8217;automne : D\u00e9couvrez nos programmes \u00e0 venir \u00e0 NDG et Dorval et trouvez celui qui correspond \u00e0 votre emploi du temps.<\/li>\n<li>Pratique : D\u00e9couvrez concr\u00e8tement les techniques utilis\u00e9es dans le massage su\u00e9dois.<\/li>\n<li>Conseils de relaxation : impressionnez vos amis et votre famille avec vos nouvelles comp\u00e9tences en massage !<\/li>\n<li>Restez en s\u00e9curit\u00e9 : apprenez les conseils de s\u00e9curit\u00e9 essentiels pour vous assurer que vous prodiguez un massage s\u00fbr et efficace.<\/li>\n<li>\u00c9conomisez votre \u00e9nergie : d\u00e9couvrez comment utiliser la m\u00e9canique corporelle pour prodiguer un excellent massage sans vous \u00e9puiser.<\/li>\n<\/ul>\n<p><strong>Prix de lancement : <\/strong>75 $<\/p>\n<p>Ne manquez pas cette occasion d&#8217;explorer une nouvelle carri\u00e8re potentielle tout en vous amusant. Inscrivez-vous d\u00e8s aujourd&#8217;hui et faites le premier pas vers une carri\u00e8re enrichissante dans le domaine de la massoth\u00e9rapie ! <\/p>\n","protected":false},"excerpt":{"rendered":"<p>Participez \u00e0 notre atelier d&#8217;introduction au massage su\u00e9dois et apprenez les bases du massage de relaxation, id\u00e9al pour les personnes curieuses de se lancer dans la massoth\u00e9rapie ou d\u00e9sireuses d&#8217;am\u00e9liorer leurs comp\u00e9tences en mati\u00e8re de bien-\u00eatre. Cet atelier pratique de DEUX jours constitue votre premi\u00e8re \u00e9tape vers une carri\u00e8re \u00e9panouissante en massoth\u00e9rapie !<\/p>\n","protected":false},"featured_media":13951,"template":"","meta":{"_acf_changed":false},"product_brand":[],"product_cat":[169,439,291,97,490,198],"product_tag":[468],"class_list":{"0":"post-10181","1":"product","2":"type-product","3":"status-publish","4":"has-post-thumbnail","6":"product_cat-atelier","7":"product_cat-bilingue","8":"product_cat-dorval-west-island-fr","9":"product_cat-en-personne","10":"product_cat-interet-general","11":"product_cat-jeffrey-pires-fr","12":"product_tag-introduction","14":"first","15":"instock","16":"featured","17":"virtual","18":"purchasable","19":"product-type-simple"},"acf":[],"_links":{"self":[{"href":"https:\/\/setsuko.ca\/fr\/wp-json\/wp\/v2\/product\/10181","targetHints":{"allow":["GET"]}}],"collection":[{"href":"https:\/\/setsuko.ca\/fr\/wp-json\/wp\/v2\/product"}],"about":[{"href":"https:\/\/setsuko.ca\/fr\/wp-json\/wp\/v2\/types\/product"}],"wp:featuredmedia":[{"embeddable":true,"href":"https:\/\/setsuko.ca\/fr\/wp-json\/wp\/v2\/media\/13951"}],"wp:attachment":[{"href":"https:\/\/setsuko.ca\/fr\/wp-json\/wp\/v2\/media?parent=10181"}],"wp:term":[{"taxonomy":"product_brand","embeddable":true,"href":"https:\/\/setsuko.ca\/fr\/wp-json\/wp\/v2\/product_brand?post=10181"},{"taxonomy":"product_cat","embeddable":true,"href":"https:\/\/setsuko.ca\/fr\/wp-json\/wp\/v2\/product_cat?post=10181"},{"taxonomy":"product_tag","embeddable":true,"href":"https:\/\/setsuko.ca\/fr\/wp-json\/wp\/v2\/product_tag?post=10181"}],"curies":[{"name":"wp","href":"https:\/\/api.w.org\/{rel}","templated":true}]}}