{"id":11128,"date":"2024-09-29T20:39:45","date_gmt":"2024-09-30T00:39:45","guid":{"rendered":"https:\/\/setsuko.ca\/product\/atelier-de-massage-sur-chaise-ndg\/"},"modified":"2026-02-10T14:51:47","modified_gmt":"2026-02-10T19:51:47","slug":"atelier-de-massage-sur-chaise-ndg","status":"publish","type":"product","link":"https:\/\/setsuko.ca\/fr\/produit\/atelier-de-massage-sur-chaise-ndg\/","title":{"rendered":"Atelier de massage sur chaise \u2013 NDG"},"content":{"rendered":"<p>Le massage sur chaise est une s\u00e9ance portable effectu\u00e9e en position assise, enti\u00e8rement v\u00eatue, qui cible les affections de la partie sup\u00e9rieure du corps. Il a \u00e9t\u00e9 introduit sur le march\u00e9 du travail au d\u00e9but des ann\u00e9es 1990 et est aujourd&#8217;hui utilis\u00e9 dans les festivals, les cliniques et les \u00e9v\u00e9nements promotionnels. <\/p>\n<p>Apprenez les techniques essentielles pour rel\u00e2cher les tensions, soulager les muscles tendus et favoriser la relaxation. Notre instructeur exp\u00e9riment\u00e9 vous guidera \u00e0 travers des sessions pratiques, en se concentrant sur les points de pression cl\u00e9s et les mouvements efficaces. Explorez l&#8217;art du massage assis dans un environnement confortable et favorable. Id\u00e9al pour les praticiens de massage de tous niveaux, cet atelier vous permettra d&#8217;acqu\u00e9rir des comp\u00e9tences pratiques \u00e0 int\u00e9grer \u00e0 votre routine bien-\u00eatre ou \u00e0 partager avec vos amis et votre famille. D\u00e9couvrez le pouvoir du toucher et am\u00e9liorez votre capacit\u00e9 \u00e0 soulager rapidement et efficacement le stress. Tout le mat\u00e9riel n\u00e9cessaire vous sera fourni pour une exp\u00e9rience d&#8217;apprentissage immersive et agr\u00e9able.  <\/p>\n<p>Pr\u00e9requis : pratiquer une modalit\u00e9 ou \u00eatre \u00e9tudiant en massage ou en travail corporel.<\/p>\n<p>Date : 29 octobre 2025, de 10 h \u00e0 14 h + 1 sur sc\u00e8ne (4, 5 ou 6 novembre)<\/p>\n<p>Lieu : 2111 Northcliffe Ave, #11D, Montr\u00e9al, Qu\u00e9bec H4A 3K6<\/p>\n<p>Cr\u00e9dits : 15 heures<\/p>\n<p>&nbsp;<\/p>\n","protected":false},"excerpt":{"rendered":"<p>Le massage sur chaise est une s\u00e9ance portable effectu\u00e9e en position assise, enti\u00e8rement v\u00eatue, qui cible les affections de la partie sup\u00e9rieure du corps. Il a \u00e9t\u00e9 introduit sur le march\u00e9 du travail au d\u00e9but des ann\u00e9es 1990 et est aujourd&#8217;hui utilis\u00e9 dans les festivals, les cliniques et les \u00e9v\u00e9nements promotionnels. <\/p>\n<p>Apprenez les techniques essentielles pour rel\u00e2cher les tensions, soulager les muscles tendus et favoriser la relaxation. Notre instructeur exp\u00e9riment\u00e9 vous guidera \u00e0 travers des sessions pratiques, en se concentrant sur les points de pression cl\u00e9s et les mouvements efficaces. Explorez l&#8217;art du massage assis dans un environnement confortable et favorable. Id\u00e9al pour les praticiens de massage de tous niveaux.   <\/p>\n","protected":false},"featured_media":13870,"template":"","meta":{"_acf_changed":false},"product_brand":[],"product_cat":[97,169,439,168,287],"product_tag":[],"class_list":{"0":"post-11128","1":"product","2":"type-product","3":"status-publish","4":"has-post-thumbnail","6":"product_cat-en-personne","7":"product_cat-atelier","8":"product_cat-bilingue","9":"product_cat-jenni-lee-fr","10":"product_cat-qe-ndg-fr","12":"first","13":"outofstock","14":"sale","15":"virtual","16":"purchasable","17":"product-type-simple"},"acf":[],"_links":{"self":[{"href":"https:\/\/setsuko.ca\/fr\/wp-json\/wp\/v2\/product\/11128","targetHints":{"allow":["GET"]}}],"collection":[{"href":"https:\/\/setsuko.ca\/fr\/wp-json\/wp\/v2\/product"}],"about":[{"href":"https:\/\/setsuko.ca\/fr\/wp-json\/wp\/v2\/types\/product"}],"wp:featuredmedia":[{"embeddable":true,"href":"https:\/\/setsuko.ca\/fr\/wp-json\/wp\/v2\/media\/13870"}],"wp:attachment":[{"href":"https:\/\/setsuko.ca\/fr\/wp-json\/wp\/v2\/media?parent=11128"}],"wp:term":[{"taxonomy":"product_brand","embeddable":true,"href":"https:\/\/setsuko.ca\/fr\/wp-json\/wp\/v2\/product_brand?post=11128"},{"taxonomy":"product_cat","embeddable":true,"href":"https:\/\/setsuko.ca\/fr\/wp-json\/wp\/v2\/product_cat?post=11128"},{"taxonomy":"product_tag","embeddable":true,"href":"https:\/\/setsuko.ca\/fr\/wp-json\/wp\/v2\/product_tag?post=11128"}],"curies":[{"name":"wp","href":"https:\/\/api.w.org\/{rel}","templated":true}]}}