{"id":11263,"date":"2024-09-18T09:13:24","date_gmt":"2024-09-18T13:13:24","guid":{"rendered":"https:\/\/setsuko.ca\/?post_type=product&#038;p=11263"},"modified":"2026-02-10T14:51:46","modified_gmt":"2026-02-10T19:51:46","slug":"atelier-de-techniques-myofasciales-copy","status":"publish","type":"product","link":"https:\/\/setsuko.ca\/fr\/produit\/atelier-de-techniques-myofasciales-copy\/","title":{"rendered":"Atelier de techniques myofasciales"},"content":{"rendered":"<p>Techniques myofasciales :<\/p>\n<p>Ce cours se concentrera sur la familiarisation avec le tissu conjonctif, la fa\u00e7on d&#8217;\u00e9valuer et de traiter les restrictions myofasciales. Nous explorerons les lignes fasciales et les discuterons en relation avec leur pr\u00e9sentation sur le corps. <\/p>\n<p>Diverses techniques seront examin\u00e9es pour l&#8217;\u00e9valuation et le traitement. Ce cours int\u00e8gre les connaissances musculo-squelettiques, les techniques de palpation et les mains douces et \u00e0 l&#8217;\u00e9coute. <\/p>\n<p>Date : 18 \u2013 19 oct. 2025 de 10 h \u00e0 17 h<br \/>\nLieu : 1564 Chem Herron #208, Dorval, H9S 1C5<br \/>\nCr\u00e9dits : 30<br \/>\nPr\u00e9requis : massoth\u00e9rapeute, travail corporel ou pratique de yoga \/ somatique<\/p>\n<p>Enseignant : Nicholas Faucher<\/p>\n<p>&nbsp;<\/p>\n","protected":false},"excerpt":{"rendered":"<p>Ce cours se concentrera sur la familiarisation avec le tissu conjonctif, comment nous pouvons \u00e9valuer ainsi que traiter les restrictions myofasciales par des techniques myofasciales. Nous explorerons les lignes fasciales et les discuterons en relation avec leur pr\u00e9sentation sur le corps. <\/p>\n","protected":false},"featured_media":13931,"template":"","meta":{"_acf_changed":false},"product_brand":[],"product_cat":[169,439,95,291,97,170],"product_tag":[522,342,345,523],"class_list":{"0":"post-11263","1":"product","2":"type-product","3":"status-publish","4":"has-post-thumbnail","6":"product_cat-atelier","7":"product_cat-bilingue","8":"product_cat-cours","9":"product_cat-dorval-west-island-fr","10":"product_cat-en-personne","11":"product_cat-nicolas-faucher-fr","12":"product_tag-liberation-myofasciale","13":"product_tag-myofascial-fr","14":"product_tag-myofascial-stretch-fr","15":"product_tag-restrictions-myofasciales","17":"first","18":"outofstock","19":"virtual","20":"purchasable","21":"product-type-simple"},"acf":[],"_links":{"self":[{"href":"https:\/\/setsuko.ca\/fr\/wp-json\/wp\/v2\/product\/11263","targetHints":{"allow":["GET"]}}],"collection":[{"href":"https:\/\/setsuko.ca\/fr\/wp-json\/wp\/v2\/product"}],"about":[{"href":"https:\/\/setsuko.ca\/fr\/wp-json\/wp\/v2\/types\/product"}],"wp:featuredmedia":[{"embeddable":true,"href":"https:\/\/setsuko.ca\/fr\/wp-json\/wp\/v2\/media\/13931"}],"wp:attachment":[{"href":"https:\/\/setsuko.ca\/fr\/wp-json\/wp\/v2\/media?parent=11263"}],"wp:term":[{"taxonomy":"product_brand","embeddable":true,"href":"https:\/\/setsuko.ca\/fr\/wp-json\/wp\/v2\/product_brand?post=11263"},{"taxonomy":"product_cat","embeddable":true,"href":"https:\/\/setsuko.ca\/fr\/wp-json\/wp\/v2\/product_cat?post=11263"},{"taxonomy":"product_tag","embeddable":true,"href":"https:\/\/setsuko.ca\/fr\/wp-json\/wp\/v2\/product_tag?post=11263"}],"curies":[{"name":"wp","href":"https:\/\/api.w.org\/{rel}","templated":true}]}}