{"id":1133,"date":"2025-02-15T02:00:38","date_gmt":"2025-02-15T07:00:38","guid":{"rendered":"https:\/\/ecolesetsuko.ca\/stage\/product\/introduction-au-massage-shiatsu\/"},"modified":"2026-02-15T22:03:06","modified_gmt":"2026-02-16T03:03:06","slug":"introduction-au-massage-shiatsu","status":"publish","type":"product","link":"https:\/\/setsuko.ca\/fr\/produit\/introduction-au-massage-shiatsu\/","title":{"rendered":"Introduction au massage shiatsu \u2013 Dorval"},"content":{"rendered":"<p>D\u00e9couvrez l&#8217;art th\u00e9rapeutique du shiatsu dans cet atelier immersif d&#8217;une journ\u00e9e con\u00e7u pour vous initier aux bases de cette puissante technique japonaise de travail corporel. Id\u00e9al pour toute personne int\u00e9ress\u00e9e par les th\u00e9rapies holistiques ou le travail corporel, cet atelier vous offre une exp\u00e9rience pratique pour apprendre les techniques fondamentales du shiatsu, notamment l&#8217;acupression, les \u00e9tirements et l&#8217;alignement corporel. Vous comprendrez comment le shiatsu agit pour \u00e9quilibrer l&#8217;\u00e9nergie (Qi) dans le corps, favorisant ainsi le bien-\u00eatre physique et \u00e9motionnel.  <\/p>\n<p>Il ne s&#8217;agit pas seulement d&#8217;une introduction, mais d&#8217;une occasion de d\u00e9couvrir le shiatsu par vous-m\u00eame et de constater son effet imm\u00e9diat sur le soulagement des tensions et le r\u00e9tablissement de l&#8217;\u00e9quilibre. Sous la direction d&#8217;instructeurs exp\u00e9riment\u00e9s, vous apprendrez des techniques pratiques que vous pourrez mettre en application imm\u00e9diatement et vous comprendrez mieux en quoi le shiatsu peut \u00eatre un outil pr\u00e9cieux pour la sant\u00e9 et la relaxation. <\/p>\n<p>\u00c0 la fin de la journ\u00e9e, vous disposerez d&#8217;une base solide pour poursuivre votre parcours dans la th\u00e9rapie Shiatsu. Si vous souhaitez approfondir vos connaissances, cet atelier est le point de d\u00e9part id\u00e9al vers notre programme complet de Shiatsu, o\u00f9 vous pourrez d\u00e9velopper vos comp\u00e9tences et devenir un praticien Shiatsu certifi\u00e9. <\/p>\n<p>Rejoignez-nous pour vivre cette exp\u00e9rience transformatrice et faites le premier pas vers une carri\u00e8re de praticien Shiatsu. R\u00e9servez votre place d\u00e8s aujourd&#8217;hui et ouvrez la porte \u00e0 une nouvelle carri\u00e8re dans le domaine de la sant\u00e9 holistique. <\/p>\n<p>Date : 16 mars 2026, 10 h \u2013 16 h<\/p>\n<p>Adresse : 1564, chemin Herron, bureau 206, Dorval (Qu\u00e9bec) H9S 1C5<\/p>\n","protected":false},"excerpt":{"rendered":"<p>D\u00e9couvrez l&#8217;art th\u00e9rapeutique du shiatsu lors de cet atelier d&#8217;une journ\u00e9e o\u00f9 vous apprendrez les techniques de base telles que l&#8217;acupression et les \u00e9tirements pour r\u00e9tablir l&#8217;\u00e9quilibre et soulager les tensions. Parfait pour les d\u00e9butants, cet atelier est la premi\u00e8re \u00e9tape id\u00e9ale avant de s&#8217;inscrire \u00e0 notre programme complet de shiatsu.<\/p>\n","protected":false},"featured_media":13844,"template":"","meta":{"_acf_changed":false},"product_brand":[],"product_cat":[440,169,439,479,291,97,168],"product_tag":[468,123,107,122,104,106,182],"class_list":{"0":"post-1133","1":"product","2":"type-product","3":"status-publish","4":"has-post-thumbnail","6":"product_cat-anglais","7":"product_cat-atelier","8":"product_cat-bilingue","9":"product_cat-clinical-massage","10":"product_cat-dorval-west-island-fr","11":"product_cat-en-personne","12":"product_cat-jenni-lee-fr","13":"product_tag-introduction","14":"product_tag-massage-fr","15":"product_tag-massage-shiatsu","16":"product_tag-massotherapeute","17":"product_tag-massotherapie","18":"product_tag-shiatsu-fr","19":"product_tag-therapie-shiatsu","21":"first","22":"outofstock","23":"sale","24":"featured","25":"virtual","26":"purchasable","27":"product-type-simple"},"acf":[],"_links":{"self":[{"href":"https:\/\/setsuko.ca\/fr\/wp-json\/wp\/v2\/product\/1133","targetHints":{"allow":["GET"]}}],"collection":[{"href":"https:\/\/setsuko.ca\/fr\/wp-json\/wp\/v2\/product"}],"about":[{"href":"https:\/\/setsuko.ca\/fr\/wp-json\/wp\/v2\/types\/product"}],"wp:featuredmedia":[{"embeddable":true,"href":"https:\/\/setsuko.ca\/fr\/wp-json\/wp\/v2\/media\/13844"}],"wp:attachment":[{"href":"https:\/\/setsuko.ca\/fr\/wp-json\/wp\/v2\/media?parent=1133"}],"wp:term":[{"taxonomy":"product_brand","embeddable":true,"href":"https:\/\/setsuko.ca\/fr\/wp-json\/wp\/v2\/product_brand?post=1133"},{"taxonomy":"product_cat","embeddable":true,"href":"https:\/\/setsuko.ca\/fr\/wp-json\/wp\/v2\/product_cat?post=1133"},{"taxonomy":"product_tag","embeddable":true,"href":"https:\/\/setsuko.ca\/fr\/wp-json\/wp\/v2\/product_tag?post=1133"}],"curies":[{"name":"wp","href":"https:\/\/api.w.org\/{rel}","templated":true}]}}