{"id":11343,"date":"2024-10-15T23:27:49","date_gmt":"2024-10-16T03:27:49","guid":{"rendered":"https:\/\/setsuko.ca\/product\/energy-in-motion\/"},"modified":"2025-09-21T11:21:49","modified_gmt":"2025-09-21T15:21:49","slug":"energy-in-motion","status":"publish","type":"product","link":"https:\/\/setsuko.ca\/fr\/produit\/energy-in-motion\/","title":{"rendered":"L&#8217;\u00e9nergie en mouvement : la puissance dans la posture"},"content":{"rendered":"<p><strong>L&#8217;\u00e9nergie en mouvement \u2013 La puissance dans la posture <\/strong>; <strong>un atelier exp\u00e9rimental d&#8217;une journ\u00e9e compl\u00e8te<\/strong><\/p>\n<p>La massoth\u00e9rapie est autant une pratique du mouvement qu&#8217;une pratique du toucher. Cet atelier immersif et pratique est con\u00e7u pour aider les massoth\u00e9rapeutes \u00e0 optimiser leur m\u00e9canique corporelle, \u00e0 pr\u00e9venir les blessures et \u00e0 am\u00e9liorer leurs s\u00e9ances gr\u00e2ce \u00e0 la fluidit\u00e9 et \u00e0 la conscience somatique. <\/p>\n<p>Gr\u00e2ce \u00e0 des exercices guid\u00e9s, des travaux en bin\u00f4me et une exploration consciente, vous apprendrez \u00e0 incarner la force, l&#8217;\u00e9quilibre et la facilit\u00e9 dans vos traitements. Nous explorerons la relation interd\u00e9pendante entre la posture, la respiration et l&#8217;\u00e9nergie, en combinant la biom\u00e9canique pratique avec des pratiques de mouvement intuitives afin de vous aider \u00e0 cr\u00e9er des s\u00e9ances aussi r\u00e9paratrices pour vous que pour vos clients. <\/p>\n<h4><strong>Ce que vous apprendrez :<\/strong><\/h4>\n<ul>\n<li><strong>Force et stabilit\u00e9 du tronc : <\/strong>construisez une base solide pour pr\u00e9venir les blessures et favoriser la long\u00e9vit\u00e9 de votre pratique.<\/li>\n<li><strong>Alignement postural : <\/strong>D\u00e9couvrez le positionnement optimal pour diff\u00e9rentes techniques de massage afin de r\u00e9duire la fatigue et d&#8217;am\u00e9liorer l&#8217;efficacit\u00e9.<\/li>\n<li><strong>Transitions fluides et gestes :<\/strong> apprenez \u00e0 vous d\u00e9placer avec gr\u00e2ce autour de la table, en utilisant des gestes et des transitions qui s&#8217;encha\u00eenent de mani\u00e8re fluide et qui ont un effet th\u00e9rapeutique tant pour vous que pour votre client.<\/li>\n<li><strong>Principes du mouvement dynamique : <\/strong>Int\u00e9grez des \u00e9tirements et des mouvements corporels dans les s\u00e9ances afin d&#8217;am\u00e9liorer la mobilit\u00e9 du client et de rel\u00e2cher les tensions.<\/li>\n<li><strong>Conscience \u00e9nerg\u00e9tique : <\/strong>explorez des techniques de centrage et des mouvements doux inspir\u00e9s du qi gong pour harmoniser votre \u00e9nergie avec celle de votre client et \u00e9viter le surmenage.<\/li>\n<li><strong>Pratiques de conscience somatique : <\/strong>d\u00e9veloppez une connexion plus profonde avec votre propre corps afin de guider un toucher s\u00fbr, durable et intuitif.<\/li>\n<\/ul>\n<h4><strong>Qui devrait participer : <\/strong><\/h4>\n<ul>\n<li data-start=\"607\" data-end=\"836\">Les massoth\u00e9rapeutes, les praticiens du travail corporel et les professionnels du mouvement qui souhaitent r\u00e9duire la fatigue, pr\u00e9venir les blessures et am\u00e9liorer l&#8217;exp\u00e9rience de leurs clients gr\u00e2ce \u00e0 une bonne posture, une force musculaire centrale et des mouvements fluides.<\/li>\n<li data-start=\"607\" data-end=\"836\">Id\u00e9al tant pour les nouveaux dipl\u00f4m\u00e9s qui souhaitent acqu\u00e9rir des bases solides que pour les th\u00e9rapeutes exp\u00e9riment\u00e9s qui souhaitent mener une longue carri\u00e8re dans de bonnes conditions.<\/li>\n<\/ul>\n<p>Date : 15 novembre 2025, de 10 h \u00e0 17 h<br \/>\nLieu : 1564, chemin Herron, bureau 206, Dorval (Qu\u00e9bec) H9S 1B7<br \/>\nCr\u00e9dits : 6<br \/>\nPr\u00e9requis : massoth\u00e9rapeute, praticien en travail corporel ou yoga\/pratique somatique <\/p>\n","protected":false},"excerpt":{"rendered":"<p>Cette exp\u00e9rience d&#8217;une journ\u00e9e compl\u00e8te est id\u00e9ale pour les massoth\u00e9rapeutes et les praticiens du bien-\u00eatre qui souhaitent approfondir leur pratique, prot\u00e9ger leur bien-\u00eatre physique et apporter plus de fluidit\u00e9 et de cr\u00e9ativit\u00e9 \u00e0 leurs traitements. Que vous soyez jeune dipl\u00f4m\u00e9 ou praticien chevronn\u00e9, vous repartirez avec un sentiment de puissance, d&#8217;inspiration et pr\u00eat \u00e0 incarner la <strong>force dans votre posture.<\/strong> <\/p>\n","protected":false},"featured_media":14020,"template":"","meta":{"_acf_changed":false},"product_brand":[],"product_cat":[169,439,479,291,97,168,466],"product_tag":[],"class_list":{"0":"post-11343","1":"product","2":"type-product","3":"status-publish","4":"has-post-thumbnail","6":"product_cat-atelier","7":"product_cat-bilingue","8":"product_cat-clinical-massage","9":"product_cat-dorval-west-island-fr","10":"product_cat-en-personne","11":"product_cat-jenni-lee-fr","12":"product_cat-marie-andree-maltais-fr","14":"first","15":"outofstock","16":"sale","17":"virtual","18":"purchasable","19":"product-type-simple"},"acf":[],"_links":{"self":[{"href":"https:\/\/setsuko.ca\/fr\/wp-json\/wp\/v2\/product\/11343","targetHints":{"allow":["GET"]}}],"collection":[{"href":"https:\/\/setsuko.ca\/fr\/wp-json\/wp\/v2\/product"}],"about":[{"href":"https:\/\/setsuko.ca\/fr\/wp-json\/wp\/v2\/types\/product"}],"wp:featuredmedia":[{"embeddable":true,"href":"https:\/\/setsuko.ca\/fr\/wp-json\/wp\/v2\/media\/14020"}],"wp:attachment":[{"href":"https:\/\/setsuko.ca\/fr\/wp-json\/wp\/v2\/media?parent=11343"}],"wp:term":[{"taxonomy":"product_brand","embeddable":true,"href":"https:\/\/setsuko.ca\/fr\/wp-json\/wp\/v2\/product_brand?post=11343"},{"taxonomy":"product_cat","embeddable":true,"href":"https:\/\/setsuko.ca\/fr\/wp-json\/wp\/v2\/product_cat?post=11343"},{"taxonomy":"product_tag","embeddable":true,"href":"https:\/\/setsuko.ca\/fr\/wp-json\/wp\/v2\/product_tag?post=11343"}],"curies":[{"name":"wp","href":"https:\/\/api.w.org\/{rel}","templated":true}]}}