{"id":11456,"date":"2025-05-24T08:54:31","date_gmt":"2025-05-24T12:54:31","guid":{"rendered":"https:\/\/setsuko.ca\/product\/maximum-efficiency-techniques-m-e-t-advanced-workshop\/"},"modified":"2026-03-04T22:53:17","modified_gmt":"2026-03-05T03:53:17","slug":"maximum-efficiency-techniques-m-e-t-advanced-workshop","status":"publish","type":"product","link":"https:\/\/setsuko.ca\/fr\/produit\/maximum-efficiency-techniques-m-e-t-advanced-workshop\/","title":{"rendered":"Atelier avanc\u00e9 Maximum Efficiency Techniques (M.E.T.) \u2013 Haut du corps \u2013 Dorval"},"content":{"rendered":"<p><span style=\"font-weight: 400;\">L&#8217;atelier sur les techniques d&#8217;efficacit\u00e9 maximale (M.E.T.) est con\u00e7u pour changer votre fa\u00e7on de travailler \u2013 en vous aidant \u00e0 obtenir de meilleurs r\u00e9sultats pour vos clients avec moins d&#8217;\u00e9nergie, tout en pr\u00e9servant votre corps et en \u00e9vitant les blessures.<\/span><\/p>\n<p><span style=\"font-weight: 400;\">M.E.T. est un syst\u00e8me de techniques de massage d\u00e9velopp\u00e9 par Kevin Qian, expert en massage sportif et Champion International de Massage. Apr\u00e8s des ann\u00e9es \u00e0 lutter contre la fatigue et les blessures dues au surmenage de son corps, Kevin a cr\u00e9\u00e9 une m\u00e9thode plus intelligente pour prodiguer des traitements efficaces sans s\u2019\u00e9puiser. <\/span><\/p>\n<p><span style=\"font-weight: 400;\">Cet atelier se penche sur la m\u00e9canique corporelle efficace, l&#8217;application intelligente de la pression et les techniques bas\u00e9es sur le mouvement qui r\u00e9duisent la tension sur les mains, les poignets et les \u00e9paules, tout en offrant \u00e0 vos clients un soulagement maximal.<\/span><\/p>\n<p><span style=\"font-weight: 400;\">Ce que vous apprendrez dans l&#8217;atelier M.E.T :<\/span><\/p>\n<ul>\n<li><span style=\"font-weight: 400;\">Techniques pour le haut du dos : Techniques con\u00e7ues pour lib\u00e9rer les trap\u00e8zes, les rhombo\u00efdes et la colonne vert\u00e9brale thoracique, avec un minimum d&#8217;effort.<\/span><\/li>\n<li><span style=\"font-weight: 400;\">Techniques pour le cou : Des m\u00e9thodes pr\u00e9cises qui ciblent les tensions cervicales tenaces sans solliciter les pouces ou les doigts.<\/span><\/li>\n<li><span style=\"font-weight: 400;\">Strat\u00e9gies de pr\u00e9vention des blessures : Conseils pour prot\u00e9ger vos articulations, am\u00e9liorer votre posture et maintenir la long\u00e9vit\u00e9 de votre pratique.<\/span><\/li>\n<li><span style=\"font-weight: 400;\">Ma\u00eetrise de la m\u00e9canique du corps : D\u00e9couvrez comment vous positionner pour maximiser la force tout en minimisant la fatigue.<\/span><\/li>\n<\/ul>\n<p><span style=\"font-weight: 400;\">Pourquoi apprendre de Kevin ?<\/span><\/p>\n<p><span style=\"font-weight: 400;\">Kevin combine sa formation en massage sportif, en travail myofascial et en th\u00e9rapie du mouvement avec des ann\u00e9es d&#8217;exp\u00e9rience pratique. En tant qu&#8217;ancien danseur devenu th\u00e9rapeute, il comprend ce que signifie pousser son corps \u2013 et sait comment vous enseigner des techniques qui apportent de la puissance sans douleur. <\/span><\/p>\n<p>Date : 24 mai 2026, de 10 h \u00e0 17 h<br \/>\nLieu : 1564 Chem Herron #208, Dorval, H9S 1C5<br \/>\nCr\u00e9dits : 15<br \/>\nPr\u00e9requis : massoth\u00e9rapeute, travail corporel ou pratique du yoga \/ somatique<\/p>\n","protected":false},"excerpt":{"rendered":"<p><strong>Date : 24 mai 2026 de 10h \u00e0 17h<br \/>\n<\/strong><strong>L\u2019atelier sur les Techniques d\u2019Efficacit\u00e9 Maximale (M.E.T.)<\/strong> enseigne aux massoth\u00e9rapeutes comment obtenir des r\u00e9sultats puissants avec moins d\u2019effort \u2014 am\u00e9liorant les r\u00e9sultats pour les clients tout en prot\u00e9geant leur propre corps. D\u00e9velopp\u00e9e par <strong>Kevin Qian<\/strong>, Champion International de Massage, cette m\u00e9thode se concentre sur une m\u00e9canique corporelle efficace, des techniques bas\u00e9es sur le mouvement et la pr\u00e9vention des blessures. Apprenez \u00e0 prodiguer des traitements profonds et efficaces sans tension, fatigue ou douleur.  <\/p>\n","protected":false},"featured_media":14022,"template":"","meta":{"_acf_changed":false},"product_brand":[],"product_cat":[169,439,479,291,97,431],"product_tag":[],"class_list":{"0":"post-11456","1":"product","2":"type-product","3":"status-publish","4":"has-post-thumbnail","6":"product_cat-atelier","7":"product_cat-bilingue","8":"product_cat-clinical-massage","9":"product_cat-dorval-west-island-fr","10":"product_cat-en-personne","11":"product_cat-kevin-qian-fr","13":"first","14":"instock","15":"featured","16":"virtual","17":"purchasable","18":"product-type-simple"},"acf":[],"_links":{"self":[{"href":"https:\/\/setsuko.ca\/fr\/wp-json\/wp\/v2\/product\/11456","targetHints":{"allow":["GET"]}}],"collection":[{"href":"https:\/\/setsuko.ca\/fr\/wp-json\/wp\/v2\/product"}],"about":[{"href":"https:\/\/setsuko.ca\/fr\/wp-json\/wp\/v2\/types\/product"}],"wp:featuredmedia":[{"embeddable":true,"href":"https:\/\/setsuko.ca\/fr\/wp-json\/wp\/v2\/media\/14022"}],"wp:attachment":[{"href":"https:\/\/setsuko.ca\/fr\/wp-json\/wp\/v2\/media?parent=11456"}],"wp:term":[{"taxonomy":"product_brand","embeddable":true,"href":"https:\/\/setsuko.ca\/fr\/wp-json\/wp\/v2\/product_brand?post=11456"},{"taxonomy":"product_cat","embeddable":true,"href":"https:\/\/setsuko.ca\/fr\/wp-json\/wp\/v2\/product_cat?post=11456"},{"taxonomy":"product_tag","embeddable":true,"href":"https:\/\/setsuko.ca\/fr\/wp-json\/wp\/v2\/product_tag?post=11456"}],"curies":[{"name":"wp","href":"https:\/\/api.w.org\/{rel}","templated":true}]}}