{"id":11808,"date":"2024-12-05T14:33:31","date_gmt":"2024-12-05T19:33:31","guid":{"rendered":"https:\/\/setsuko.ca\/?post_type=product&#038;p=11808"},"modified":"2025-11-16T17:03:45","modified_gmt":"2025-11-16T22:03:45","slug":"introduction-a-la-therapie-craniosacrale-avec-tony-eng-copy","status":"publish","type":"product","link":"https:\/\/setsuko.ca\/fr\/produit\/introduction-a-la-therapie-craniosacrale-avec-tony-eng-copy\/","title":{"rendered":"Introduction \u00e0 la th\u00e9rapie craniosacrale avec Tony Eng (Copy)"},"content":{"rendered":"<p>Bienvenue \u00e0 notre atelier d\u2019Introduction \u00e0 la Th\u00e9rapie Craniosacrale \u2014 un voyage immersif dans les techniques de base de cette puissante modalit\u00e9 de gu\u00e9rison. Cet atelier, anim\u00e9 par le th\u00e9rapeute renomm\u00e9 Tony Eng, offre une introduction compl\u00e8te \u00e0 l\u2019art et \u00e0 la science de la th\u00e9rapie craniosacrale. <\/p>\n<p>Gr\u00e2ce \u00e0 une combinaison d&#8217;enseignement pratique et d&#8217;apprentissage par l&#8217;exp\u00e9rience, vous aurez un aper\u00e7u des principes fondamentaux de la th\u00e9rapie craniosacrale et d\u00e9couvrirez comment un toucher doux peut faciliter une gu\u00e9rison et une restauration profondes dans le corps.<\/p>\n<p>Mais ce n\u2019est pas tout \u2014 cet atelier va bien au-del\u00e0 des simples techniques. Vous apprendrez aussi des outils d\u2019autogu\u00e9rison pour apaiser le syst\u00e8me nerveux, vous permettant de ramener votre corps \u00e0 l\u2019\u00e9quilibre et \u00e0 l\u2019harmonie, directement \u00e0 partir du confort de votre maison. <\/p>\n<p>Que vous soyez un praticien exp\u00e9riment\u00e9 cherchant \u00e0 enrichir vos outils ou un d\u00e9butant curieux de d\u00e9couvrir le monde de la th\u00e9rapie craniosacrale, cet atelier est l\u2019occasion id\u00e9ale pour approfondir votre compr\u00e9hension et d\u00e9couvrir le potentiel transformateur de cette approche douce mais puissante. Joignez-vous \u00e0 nous et embarquez dans un voyage vers une meilleure sant\u00e9, vitalit\u00e9 et bien-\u00eatre \u2014 pour vous-m\u00eame et pour ceux que vous accompagnez. <\/p>\n<p>Date : 6 janvier 2026, de 10 h \u00e0 14 h<\/p>\n<p>Lieu : 2111 Northcliffe Ave, #11D, Montr\u00e9al, Qu\u00e9bec H4A 3K6<\/p>\n<p>Co\u00fbt : 100 $<\/p>\n","protected":false},"excerpt":{"rendered":"<p>Bienvenue \u00e0 notre atelier d\u2019Introduction \u00e0 la Th\u00e9rapie Craniosacrale \u2014 un voyage immersif dans les techniques de base de cette puissante modalit\u00e9 de gu\u00e9rison. Cet atelier, anim\u00e9 par le th\u00e9rapeute renomm\u00e9 Tony Eng, offre une introduction compl\u00e8te \u00e0 l\u2019art et \u00e0 la science de la th\u00e9rapie craniosacrale. <\/p>\n<p>Gr\u00e2ce \u00e0 une combinaison d&#8217;enseignement pratique et d&#8217;apprentissage par l&#8217;exp\u00e9rience, vous aurez un aper\u00e7u des principes fondamentaux de la th\u00e9rapie craniosacrale et d\u00e9couvrirez comment un toucher doux peut faciliter une gu\u00e9rison et une restauration profondes dans le corps.<\/p>\n<p>Mais ce n&#8217;est pas tout : cet atelier va au-del\u00e0 des techniques. Vous apprendrez \u00e9galement des techniques d&#8217;auto-assistance pour r\u00e9guler le syst\u00e8me nerveux, ce qui vous permettra de ramener votre corps \u00e0 l&#8217;\u00e9quilibre et \u00e0 l&#8217;harmonie depuis le confort de votre propre maison.<\/p>\n","protected":false},"featured_media":13980,"template":"","meta":{"_acf_changed":false},"product_brand":[],"product_cat":[440,169,97,287,143],"product_tag":[146,347],"class_list":{"0":"post-11808","1":"product","2":"type-product","3":"status-publish","4":"has-post-thumbnail","6":"product_cat-anglais","7":"product_cat-atelier","8":"product_cat-en-personne","9":"product_cat-qe-ndg-fr","10":"product_cat-tony-eng-fr","11":"product_tag-craniosacre","12":"product_tag-tony-eng-fr","14":"first","15":"outofstock","16":"sale","17":"virtual","18":"purchasable","19":"product-type-simple"},"acf":[],"_links":{"self":[{"href":"https:\/\/setsuko.ca\/fr\/wp-json\/wp\/v2\/product\/11808","targetHints":{"allow":["GET"]}}],"collection":[{"href":"https:\/\/setsuko.ca\/fr\/wp-json\/wp\/v2\/product"}],"about":[{"href":"https:\/\/setsuko.ca\/fr\/wp-json\/wp\/v2\/types\/product"}],"wp:featuredmedia":[{"embeddable":true,"href":"https:\/\/setsuko.ca\/fr\/wp-json\/wp\/v2\/media\/13980"}],"wp:attachment":[{"href":"https:\/\/setsuko.ca\/fr\/wp-json\/wp\/v2\/media?parent=11808"}],"wp:term":[{"taxonomy":"product_brand","embeddable":true,"href":"https:\/\/setsuko.ca\/fr\/wp-json\/wp\/v2\/product_brand?post=11808"},{"taxonomy":"product_cat","embeddable":true,"href":"https:\/\/setsuko.ca\/fr\/wp-json\/wp\/v2\/product_cat?post=11808"},{"taxonomy":"product_tag","embeddable":true,"href":"https:\/\/setsuko.ca\/fr\/wp-json\/wp\/v2\/product_tag?post=11808"}],"curies":[{"name":"wp","href":"https:\/\/api.w.org\/{rel}","templated":true}]}}