{"id":11821,"date":"2025-05-01T15:01:57","date_gmt":"2025-05-01T19:01:57","guid":{"rendered":"https:\/\/setsuko.ca\/product\/certification-en-therapie-craniosacrale-ii\/"},"modified":"2026-02-10T14:51:47","modified_gmt":"2026-02-10T19:51:47","slug":"certification-en-therapie-craniosacrale-ii","status":"publish","type":"product","link":"https:\/\/setsuko.ca\/fr\/produit\/certification-en-therapie-craniosacrale-ii\/","title":{"rendered":"Certification Fondements II de la TSC"},"content":{"rendered":"<h3>Pr\u00e9-requis<\/h3>\n<p>400 heures minimum (massoth\u00e9rapie ou travail corporel)<\/p>\n<p>Anatomie (45 heures)<\/p>\n<p>Physiologie (45 heures)<\/p>\n<p>Sexologie, relations d&#8217;aide, \u00e9thique professionnelle<\/p>\n<p>Ach\u00e8vement de la certification Fondements I de la th\u00e9rapie craniosacrale<\/p>\n<p>2-3 ann\u00e9es d&#8217;exp\u00e9rience clinique<\/p>\n<h3>Le programme de certification des techniques de base permet<\/h3>\n<ul>\n<li>Une orientation et une formation plus approfondies sur la modalit\u00e9.<\/li>\n<li>Mentorat par des instructeurs et des praticiens comp\u00e9tents.<\/li>\n<li>Renforcez la confiance dans vos techniques.<\/li>\n<li>Gagnez en confiance pour travailler en toute s\u00e9curit\u00e9 et de mani\u00e8re plus efficace avec vos clients.<\/li>\n<li>Approfondissez vos connaissances et votre compr\u00e9hension du syst\u00e8me craniosacral et des techniques.<\/li>\n<li>Un retour d&#8217;information pr\u00e9cieux pour gagner en clart\u00e9 et en pr\u00e9cision<\/li>\n<\/ul>\n<p>**Les \u00e9tudiants ont 1 an pour terminer enti\u00e8rement la certification compl\u00e8te. Apr\u00e8s 1 an, l&#8217;\u00e9tudiant devra auditer le cours Craniosacral Niveau 3 et 4 \u00e0 prix r\u00e9duit. Des frais d&#8217;administration de 150 $ s&#8217;appliqueront pour la prolongation.  <\/p>\n","protected":false},"excerpt":{"rendered":"<p>Le deuxi\u00e8me niveau de la certification craniosacrale \u2013 Fondements II. R\u00e9serv\u00e9 aux praticiens corporels qualifi\u00e9s uniquement. Veuillez consulter les pr\u00e9requis.  <\/p>\n","protected":false},"featured_media":14026,"template":"","meta":{"_acf_changed":false},"product_brand":[],"product_cat":[440,479,291,97,158,143],"product_tag":[],"class_list":{"0":"post-11821","1":"product","2":"type-product","3":"status-publish","4":"has-post-thumbnail","6":"product_cat-anglais","7":"product_cat-clinical-massage","8":"product_cat-dorval-west-island-fr","9":"product_cat-en-personne","10":"product_cat-hybrid-fr","11":"product_cat-tony-eng-fr","13":"first","14":"instock","15":"virtual","16":"purchasable","17":"product-type-simple"},"acf":[],"_links":{"self":[{"href":"https:\/\/setsuko.ca\/fr\/wp-json\/wp\/v2\/product\/11821","targetHints":{"allow":["GET"]}}],"collection":[{"href":"https:\/\/setsuko.ca\/fr\/wp-json\/wp\/v2\/product"}],"about":[{"href":"https:\/\/setsuko.ca\/fr\/wp-json\/wp\/v2\/types\/product"}],"wp:featuredmedia":[{"embeddable":true,"href":"https:\/\/setsuko.ca\/fr\/wp-json\/wp\/v2\/media\/14026"}],"wp:attachment":[{"href":"https:\/\/setsuko.ca\/fr\/wp-json\/wp\/v2\/media?parent=11821"}],"wp:term":[{"taxonomy":"product_brand","embeddable":true,"href":"https:\/\/setsuko.ca\/fr\/wp-json\/wp\/v2\/product_brand?post=11821"},{"taxonomy":"product_cat","embeddable":true,"href":"https:\/\/setsuko.ca\/fr\/wp-json\/wp\/v2\/product_cat?post=11821"},{"taxonomy":"product_tag","embeddable":true,"href":"https:\/\/setsuko.ca\/fr\/wp-json\/wp\/v2\/product_tag?post=11821"}],"curies":[{"name":"wp","href":"https:\/\/api.w.org\/{rel}","templated":true}]}}