{"id":11954,"date":"2024-05-12T07:59:28","date_gmt":"2024-05-12T11:59:28","guid":{"rendered":"https:\/\/setsuko.ca\/?post_type=product&#038;p=11954"},"modified":"2026-02-10T14:51:46","modified_gmt":"2026-02-10T19:51:46","slug":"lenergie-en-mouvement-une-serie-dateliers-pour-les-massotherapeutes-mecanique-corporelle-et-fluidite-copy","status":"publish","type":"product","link":"https:\/\/setsuko.ca\/fr\/produit\/lenergie-en-mouvement-une-serie-dateliers-pour-les-massotherapeutes-mecanique-corporelle-et-fluidite-copy\/","title":{"rendered":"L\u2019\u00e9nergie en mouvement : S\u00e9rie d\u2019ateliers pour massoth\u00e9rapeutes \u2013 M\u00e9canique corporelle et fluidit\u00e9 (NDG)"},"content":{"rendered":"<p><b>12 juin : \u00ab&nbsp;La puissance dans la posture : Optimiser votre m\u00e9canique corporelle pour une pratique \u00e0 long terme&nbsp;\u00bb <\/b><\/p>\n<p>Am\u00e9liorez votre bien-\u00eatre physique et pr\u00e9venez les blessures gr\u00e2ce \u00e0 cet atelier pratique. Con\u00e7u pour les massoth\u00e9rapeutes, il se concentre sur le renforcement du tronc, l\u2019alignement postural et la m\u00e9canique corporelle pratique pour soutenir une pratique saine et durable. <\/p>\n<p>Cet atelier pratique est con\u00e7u pour les massoth\u00e9rapeutes afin d\u2019am\u00e9liorer leur bien-\u00eatre physique gr\u00e2ce \u00e0 une posture et une m\u00e9canique corporelle am\u00e9lior\u00e9es. Apprenez des exercices efficaces de renforcement du tronc, d\u00e9couvrez des techniques pour maintenir un alignement corporel optimal pendant les traitements et d\u00e9veloppez une routine pour pr\u00e9venir les tensions et les blessures. Avec des conseils pratiques sur la posture, l\u2019ergonomie et le mouvement, cet atelier vous aidera \u00e0 maintenir une pratique saine pour les ann\u00e9es \u00e0 venir.  <\/p>\n<p><b>26 juin&nbsp;: \u00ab&nbsp;L\u2019\u00e9nergie en mouvement&nbsp;: Le Qigong pour harmoniser le th\u00e9rapeute et le client&nbsp;\u00bb<\/b><br \/>\nUn m\u00e9lange de pratiques de Qigong et de techniques th\u00e9rapeutiques, explorant comment un th\u00e9rapeute peut utiliser sa propre \u00e9nergie pour mieux faciliter la gu\u00e9rison tout en \u00e9vitant la fatigue.<\/p>\n<p>D\u00e9couvrez l\u2019art d\u2019harmoniser votre \u00e9nergie avec celle de votre client gr\u00e2ce \u00e0 la pratique ancestrale du Qigong. Cet atelier combine des mouvements doux et fluides avec des techniques th\u00e9rapeutiques pour aider les massoth\u00e9rapeutes \u00e0 cultiver l\u2019\u00e9quilibre, \u00e0 \u00e9viter l\u2019\u00e9puisement professionnel et \u00e0 am\u00e9liorer l\u2019exp\u00e9rience de gu\u00e9rison. Apprenez \u00e0 vous centrer avant les s\u00e9ances, \u00e0 maintenir des limites \u00e9nerg\u00e9tiques et \u00e0 cr\u00e9er un flux d\u2019\u00e9nergie harmonieux qui vous soutient, vous et votre client. Que vous soyez novice en Qigong ou que vous cherchiez \u00e0 approfondir votre pratique, ce cours vous fournira des outils pratiques pour int\u00e9grer la conscience de l\u2019\u00e9nergie dans votre massoth\u00e9rapie.   <\/p>\n<p><b>10&nbsp;juillet&nbsp;: \u00ab&nbsp;Toucher dynamique&nbsp;: Int\u00e9grer le mouvement pour un effet th\u00e9rapeutique&nbsp;\u00bb<\/b><br \/>\nUn atelier bas\u00e9 sur le mouvement qui explore comment les th\u00e9rapeutes peuvent int\u00e9grer des \u00e9tirements dynamiques, des ajustements posturaux et des principes de mouvement pour am\u00e9liorer leur pratique de la massoth\u00e9rapie.<\/p>\n<p>Rehaussez votre pratique de la massoth\u00e9rapie avec des techniques de mouvement dynamiques con\u00e7ues pour am\u00e9liorer les r\u00e9sultats des clients et votre propre efficacit\u00e9. Cet atelier explore l\u2019int\u00e9gration d\u2019\u00e9tirements dynamiques, d\u2019ajustements posturaux et de principes de mouvement pour cr\u00e9er des traitements plus efficaces et plus fluides. Apprenez \u00e0 travailler avec les rythmes naturels du corps, \u00e0 am\u00e9liorer la mobilit\u00e9 et \u00e0 faciliter des r\u00e9sultats th\u00e9rapeutiques plus profonds tout en maintenant la facilit\u00e9 et le confort dans vos propres mouvements. Parfait pour les th\u00e9rapeutes qui cherchent \u00e0 \u00e9largir leurs comp\u00e9tences et \u00e0 apporter une nouvelle \u00e9nergie \u00e0 leurs s\u00e9ances.   <\/p>\n<p><strong>Co\u00fbt&nbsp;:<\/strong><\/p>\n<ul>\n<li style=\"font-weight: 400;\" aria-level=\"1\"><span style=\"font-weight: 400;\">S\u00e9rie compl\u00e8te (les 3&nbsp;ateliers)&nbsp;: 150&nbsp;$<\/span><\/li>\n<li style=\"font-weight: 400;\" aria-level=\"1\"><span style=\"font-weight: 400;\">\u00c0 la carte&nbsp;: 60&nbsp;$ par atelier<\/span><\/li>\n<\/ul>\n<p><b>Joignez-vous \u00e0 nous pour ce voyage transformateur et rehaussez votre pratique&nbsp;!<\/b><\/p>\n<p>Date&nbsp;: 12 et 26&nbsp;juin et 10&nbsp;juillet&nbsp;2025 de 19&nbsp;h \u00e0 21&nbsp;h<br \/>\nLieu&nbsp;: 2111, avenue Northcliffe, #11D, Montr\u00e9al, Qu\u00e9bec H4A&nbsp;3K6<br \/>\nCr\u00e9dits&nbsp;: 6<br \/>\nPr\u00e9requis&nbsp;: massoth\u00e9rapeute, pratique du travail corporel ou du yoga\/somatique<\/p>\n","protected":false},"excerpt":{"rendered":"<p><span style=\"font-weight: 400;\">Cette s\u00e9rie d\u2019ateliers dynamiques est con\u00e7ue pour aider les massoth\u00e9rapeutes \u00e0 enrichir leur pratique gr\u00e2ce au mouvement conscient, \u00e0 une meilleure m\u00e9canique corporelle et \u00e0 la circulation de l\u2019\u00e9nergie. Dans Puissance dans la Posture, vous renforcerez votre tronc et affinerez votre m\u00e9canique corporelle afin de b\u00e2tir une carri\u00e8re durable et sans blessures. \u00c9nergie en Mouvement introduit les principes du Qigong pour vous permettre d\u2019harmoniser votre \u00e9nergie avec celle de votre client, cr\u00e9ant ainsi un environnement \u00e9quilibr\u00e9 et propice \u00e0 la gu\u00e9rison tout en pr\u00e9venant l\u2019\u00e9puisement du th\u00e9rapeute. Enfin, dans Toucher Dynamique, vous apprendrez \u00e0 int\u00e9grer le mouvement et les ajustements posturaux afin d\u2019am\u00e9liorer vos r\u00e9sultats th\u00e9rapeutiques et votre efficacit\u00e9 globale. Transformez votre fa\u00e7on de bouger, de travailler et de vous connecter gr\u00e2ce \u00e0 cette s\u00e9rie inspirante!    <\/span><\/p>\n<p>Date&nbsp;: 12 et 26&nbsp;juin et 10&nbsp;juillet&nbsp;2025 de 19&nbsp;h \u00e0 21&nbsp;h<\/p>\n","protected":false},"featured_media":14020,"template":"","meta":{"_acf_changed":false},"product_brand":[],"product_cat":[169,439,479,97,168,466,287],"product_tag":[],"class_list":{"0":"post-11954","1":"product","2":"type-product","3":"status-publish","4":"has-post-thumbnail","6":"product_cat-atelier","7":"product_cat-bilingue","8":"product_cat-clinical-massage","9":"product_cat-en-personne","10":"product_cat-jenni-lee-fr","11":"product_cat-marie-andree-maltais-fr","12":"product_cat-qe-ndg-fr","14":"first","15":"instock","16":"sale","17":"virtual","18":"purchasable","19":"product-type-simple"},"acf":[],"_links":{"self":[{"href":"https:\/\/setsuko.ca\/fr\/wp-json\/wp\/v2\/product\/11954","targetHints":{"allow":["GET"]}}],"collection":[{"href":"https:\/\/setsuko.ca\/fr\/wp-json\/wp\/v2\/product"}],"about":[{"href":"https:\/\/setsuko.ca\/fr\/wp-json\/wp\/v2\/types\/product"}],"wp:featuredmedia":[{"embeddable":true,"href":"https:\/\/setsuko.ca\/fr\/wp-json\/wp\/v2\/media\/14020"}],"wp:attachment":[{"href":"https:\/\/setsuko.ca\/fr\/wp-json\/wp\/v2\/media?parent=11954"}],"wp:term":[{"taxonomy":"product_brand","embeddable":true,"href":"https:\/\/setsuko.ca\/fr\/wp-json\/wp\/v2\/product_brand?post=11954"},{"taxonomy":"product_cat","embeddable":true,"href":"https:\/\/setsuko.ca\/fr\/wp-json\/wp\/v2\/product_cat?post=11954"},{"taxonomy":"product_tag","embeddable":true,"href":"https:\/\/setsuko.ca\/fr\/wp-json\/wp\/v2\/product_tag?post=11954"}],"curies":[{"name":"wp","href":"https:\/\/api.w.org\/{rel}","templated":true}]}}