{"id":12088,"date":"2025-05-12T12:07:34","date_gmt":"2025-05-12T16:07:34","guid":{"rendered":"https:\/\/setsuko.ca\/?post_type=product&#038;p=12088"},"modified":"2026-02-10T14:51:45","modified_gmt":"2026-02-10T19:51:45","slug":"diplome-de-massage-thailandais-avec-limt-nouveau-chez-setsuko-copy","status":"publish","type":"product","link":"https:\/\/setsuko.ca\/fr\/produit\/diplome-de-massage-thailandais-avec-limt-nouveau-chez-setsuko-copy\/","title":{"rendered":"Dipl\u00f4me de massage tha\u00eflandais avec ITM \u2013 Lien de parrainage"},"content":{"rendered":"<p class=\"\" data-start=\"350\" data-end=\"910\">D\u00e9couvrez le pouvoir de la gu\u00e9rison tha\u00eflandaise traditionnelle avec notre programme approfondi de dipl\u00f4me en massage tha\u00eflandais. Con\u00e7u pour les personnes qui souhaitent faire carri\u00e8re dans le travail th\u00e9rapeutique sur le corps, ce programme combine les anciennes pratiques de massage tha\u00eflandais avec l\u2019anatomie moderne, la pathologie, l\u2019\u00e9thique et la formation clinique. S\u2019inspirant de la lign\u00e9e du Nuad Bo-Rarn enseign\u00e9 \u00e0 l\u2019ITM Chiang Mai, notre programme offre plus de 460 heures d\u2019enseignement complet en massage tha\u00eflandais sur tapis et sur table, vous donnant les comp\u00e9tences et la confiance n\u00e9cessaires pour travailler dans divers environnements cliniques et de bien-\u00eatre.<\/p>\n<p class=\"\" data-start=\"912\" data-end=\"1068\">Ce dipl\u00f4me r\u00e9pond aux exigences de formation pour l\u2019agr\u00e9ment au Qu\u00e9bec et fournit une base solide pour la pratique partout au Canada et \u00e0 l\u2019\u00e9tranger.<\/p>\n<hr class=\"\" data-start=\"1070\" data-end=\"1073\">\n<h3 class=\"\" data-start=\"1075\" data-end=\"1112\">\ud83e\uddd8\u200d\u2642\ufe0f <strong data-start=\"1085\" data-end=\"1112\">Pourquoi \u00e9tudier le massage tha\u00eflandais?<\/strong><\/h3>\n<p class=\"\" data-start=\"1113\" data-end=\"1494\">Le massage tha\u00eflandais est une modalit\u00e9 dynamique du corps entier qui combine l\u2019acupression, les \u00e9tirements assist\u00e9s et la respiration consciente. Il am\u00e9liore la flexibilit\u00e9, soulage la douleur, am\u00e9liore la circulation et soutient le syst\u00e8me nerveux. Pour les praticiens de massage, il offre une approche polyvalente et profond\u00e9ment th\u00e9rapeutique qui r\u00e9duit la tension sur les mains et le corps, tout en offrant des r\u00e9sultats puissants aux clients.<\/p>\n<hr class=\"\" data-start=\"1496\" data-end=\"1499\">\n<h3 class=\"\" data-start=\"1501\" data-end=\"1530\">\ud83d\udcda <strong data-start=\"1508\" data-end=\"1530\">Points saillants du programme<\/strong><\/h3>\n<h4 class=\"\" data-start=\"1532\" data-end=\"1594\">\ud83d\udd39 <em data-start=\"1540\" data-end=\"1594\">Cycle 1: Certification de base en massage tha\u00eflandais (460 heures)<\/em><\/h4>\n<ul data-start=\"1595\" data-end=\"1826\">\n<li class=\"\" data-start=\"1595\" data-end=\"1677\">\n<p class=\"\" data-start=\"1597\" data-end=\"1677\"><strong data-start=\"1597\" data-end=\"1626\">Massage tha\u00ef yoga niveau 1<\/strong> (30 h) \u2013 S\u00e9quence compl\u00e8te du corps en position couch\u00e9e sur le dos<\/p>\n<\/li>\n<li class=\"\" data-start=\"1678\" data-end=\"1763\">\n<p class=\"\" data-start=\"1680\" data-end=\"1763\"><strong data-start=\"1680\" data-end=\"1709\">Massage tha\u00ef yoga niveau 2<\/strong> (30 h) \u2013 Techniques sur le c\u00f4t\u00e9, \u00e0 plat ventre et en position assise<\/p>\n<\/li>\n<li class=\"\" data-start=\"1764\" data-end=\"1798\">\n<p class=\"\" data-start=\"1766\" data-end=\"1798\"><strong data-start=\"1766\" data-end=\"1787\">Clinique supervis\u00e9e<\/strong> (35 h)<\/p>\n<\/li>\n<li class=\"\" data-start=\"1799\" data-end=\"1826\">\n<p class=\"\" data-start=\"1801\" data-end=\"1826\"><strong data-start=\"1801\" data-end=\"1817\">\u00c9tudes de cas<\/strong> (45 h)<\/p>\n<\/li>\n<\/ul>\n<h4 class=\"\" data-start=\"1828\" data-end=\"1893\">\ud83d\udd39 <em data-start=\"1836\" data-end=\"1893\">Cycle 2: Techniques avanc\u00e9es et bases professionnelles<\/em><\/h4>\n<ul data-start=\"1894\" data-end=\"2239\">\n<li class=\"\" data-start=\"1894\" data-end=\"1938\">\n<p class=\"\" data-start=\"1896\" data-end=\"1938\"><strong data-start=\"1896\" data-end=\"1927\">Stage clinique avanc\u00e9<\/strong> (20 h)<\/p>\n<\/li>\n<li class=\"\" data-start=\"1939\" data-end=\"1979\">\n<p class=\"\" data-start=\"1941\" data-end=\"1979\"><strong data-start=\"1941\" data-end=\"1968\">\u00c9tudes de cas supervis\u00e9es<\/strong> (30 h)<\/p>\n<\/li>\n<li class=\"\" data-start=\"1980\" data-end=\"2028\">\n<p class=\"\" data-start=\"1982\" data-end=\"2028\"><strong data-start=\"1982\" data-end=\"2017\">Anatomie, physiologie et pathologie<\/strong> (90 h)<\/p>\n<\/li>\n<li class=\"\" data-start=\"2029\" data-end=\"2082\">\n<p class=\"\" data-start=\"2031\" data-end=\"2082\"><strong data-start=\"2031\" data-end=\"2071\">Relations d\u2019aide et techniques d\u2019entrevue<\/strong> (45 h)<\/p>\n<\/li>\n<li class=\"\" data-start=\"2083\" data-end=\"2135\">\n<p class=\"\" data-start=\"2085\" data-end=\"2135\"><strong data-start=\"2085\" data-end=\"2124\">Sexualit\u00e9 pour la pratique professionnelle<\/strong> (45 h)<\/p>\n<\/li>\n<li class=\"\" data-start=\"2136\" data-end=\"2180\">\n<p class=\"\" data-start=\"2138\" data-end=\"2180\"><strong data-start=\"2138\" data-end=\"2169\">Code d\u2019\u00e9thique et d\u00e9ontologie<\/strong> (15 h)<\/p>\n<\/li>\n<li class=\"\" data-start=\"2181\" data-end=\"2239\">\n<p class=\"\" data-start=\"2183\" data-end=\"2239\"><strong data-start=\"2183\" data-end=\"2230\">Affaires et marketing pour les massoth\u00e9rapeutes<\/strong> (15 h)<\/p>\n<\/li>\n<\/ul>\n<h4 class=\"\" data-start=\"2241\" data-end=\"2282\">\ud83d\udd39 <em data-start=\"2249\" data-end=\"2282\">Formation sp\u00e9cialis\u00e9e suppl\u00e9mentaire<\/em><\/h4>\n<ul data-start=\"2283\" data-end=\"2492\">\n<li class=\"\" data-start=\"2283\" data-end=\"2364\">\n<p class=\"\" data-start=\"2285\" data-end=\"2364\"><strong data-start=\"2285\" data-end=\"2307\">Massage tha\u00eflandais sur table<\/strong> (15 h) \u2013 Techniques tha\u00eflandaises adapt\u00e9es pour une table de massage<\/p>\n<\/li>\n<li class=\"\" data-start=\"2365\" data-end=\"2411\">\n<p class=\"\" data-start=\"2367\" data-end=\"2411\"><strong data-start=\"2367\" data-end=\"2400\">Massage tha\u00eflandais des pieds par r\u00e9flexologie<\/strong> (15 h)<\/p>\n<\/li>\n<li class=\"\" data-start=\"2412\" data-end=\"2492\">\n<p class=\"\" data-start=\"2414\" data-end=\"2492\"><strong data-start=\"2414\" data-end=\"2441\">\u00c9tudes de cas suppl\u00e9mentaires<\/strong> (30 h) \u2013 Pour les techniques de table tha\u00eflandaise et de r\u00e9flexologie<\/p>\n<\/li>\n<\/ul>\n<hr class=\"\" data-start=\"2494\" data-end=\"2497\">\n<h3 class=\"\" data-start=\"2499\" data-end=\"2527\">\ud83c\udf93 <strong data-start=\"2506\" data-end=\"2527\">R\u00e9sultats d\u2019apprentissage<\/strong><\/h3>\n<p class=\"\" data-start=\"2528\" data-end=\"2581\">\u00c0 la fin de ce programme, les \u00e9tudiants seront en mesure de:<\/p>\n<ul data-start=\"2582\" data-end=\"3000\">\n<li class=\"\" data-start=\"2582\" data-end=\"2678\">\n<p class=\"\" data-start=\"2584\" data-end=\"2678\">Offrir des s\u00e9ances de massage tha\u00eflandais de 60 \u00e0 120 minutes en position couch\u00e9e sur le dos, \u00e0 plat ventre, sur le c\u00f4t\u00e9 et en position assise<\/p>\n<\/li>\n<li class=\"\" data-start=\"2679\" data-end=\"2758\">\n<p class=\"\" data-start=\"2681\" data-end=\"2758\">Adapter en toute s\u00e9curit\u00e9 les techniques tha\u00eflandaises pour la table de massage et les traitements de r\u00e9flexologie<\/p>\n<\/li>\n<li class=\"\" data-start=\"2759\" data-end=\"2824\">\n<p class=\"\" data-start=\"2761\" data-end=\"2824\">Comprendre l\u2019anatomie et la pathologie pour \u00e9clairer des soins s\u00fbrs et efficaces<\/p>\n<\/li>\n<li class=\"\" data-start=\"2825\" data-end=\"2911\">\n<p class=\"\" data-start=\"2827\" data-end=\"2911\">Int\u00e9grer la pleine conscience, l\u2019\u00e9thique et la communication ax\u00e9e sur le client dans leur pratique<\/p>\n<\/li>\n<li class=\"\" data-start=\"2912\" data-end=\"3000\">\n<p class=\"\" data-start=\"2914\" data-end=\"3000\">Se pr\u00e9parer \u00e0 l\u2019agr\u00e9ment professionnel et \u00e0 la pratique juridique au Qu\u00e9bec ou dans d\u2019autres provinces<\/p>\n<\/li>\n<\/ul>\n<hr class=\"\" data-start=\"3002\" data-end=\"3005\">\n<h3 class=\"\" data-start=\"3007\" data-end=\"3033\">\ud83d\udcbc <strong data-start=\"3014\" data-end=\"3033\">Ce qui est inclus<\/strong><\/h3>\n<ul data-start=\"3034\" data-end=\"3317\">\n<li class=\"\" data-start=\"3034\" data-end=\"3087\">\n<p class=\"\" data-start=\"3036\" data-end=\"3087\">Plus de 460 heures de formation en classe et de formation pratique<\/p>\n<\/li>\n<li class=\"\" data-start=\"3088\" data-end=\"3143\">\n<p class=\"\" data-start=\"3090\" data-end=\"3143\">Heures de clinique supervis\u00e9es et \u00e9tudes de cas document\u00e9es<\/p>\n<\/li>\n<li class=\"\" data-start=\"3144\" data-end=\"3184\">\n<p class=\"\" data-start=\"3146\" data-end=\"3184\">Mentorat professionnel et r\u00e9troaction<\/p>\n<\/li>\n<li class=\"\" data-start=\"3185\" data-end=\"3223\">\n<p class=\"\" data-start=\"3187\" data-end=\"3223\">Notes de cours et mat\u00e9riel num\u00e9riques<\/p>\n<\/li>\n<li class=\"\" data-start=\"3224\" data-end=\"3317\">\n<p class=\"\" data-start=\"3226\" data-end=\"3317\">Possibilit\u00e9 de demander des certificats ITM Chiang Mai reconnus \u00e0 l\u2019\u00e9chelle internationale (frais suppl\u00e9mentaires)<\/p>\n<\/li>\n<\/ul>\n<hr class=\"\" data-start=\"3319\" data-end=\"3322\">\n<h3 class=\"\" data-start=\"3324\" data-end=\"3345\">\ud83d\udcb5 <strong data-start=\"3331\" data-end=\"3345\">Investissement<\/strong><\/h3>\n<ul data-start=\"3346\" data-end=\"3660\">\n<li class=\"\" data-start=\"3346\" data-end=\"3426\">\n<p class=\"\" data-start=\"3348\" data-end=\"3426\"><strong data-start=\"3348\" data-end=\"3365\">Co\u00fbt du programme:<\/strong> 5&nbsp;700 $ (comprend tous les frais d\u2019enseignement et les notes de cours num\u00e9riques)<\/p>\n<\/li>\n<li class=\"\" data-start=\"3427\" data-end=\"3516\">\n<p class=\"\" data-start=\"3429\" data-end=\"3516\"><strong data-start=\"3429\" data-end=\"3452\">Mat\u00e9riel requis:<\/strong> Tapis, table, oreillers et draps (doivent \u00eatre fournis par l\u2019\u00e9tudiant)<\/p>\n<\/li>\n<li class=\"\" data-start=\"3517\" data-end=\"3567\">\n<p class=\"\" data-start=\"3519\" data-end=\"3567\"><strong data-start=\"3519\" data-end=\"3539\">Livres et manuels:<\/strong> ~20 $ par livre, par cours<\/p>\n<\/li>\n<li class=\"\" data-start=\"3568\" data-end=\"3660\">\n<p class=\"\" data-start=\"3570\" data-end=\"3660\"><strong data-start=\"3570\" data-end=\"3596\">Certificats facultatifs:<\/strong> 100 $ par certification ITM (niveau 1, 2, table et r\u00e9flexologie)<\/p>\n<\/li>\n<\/ul>\n<hr class=\"\" data-start=\"3662\" data-end=\"3665\">\n<h3 class=\"\" data-start=\"3667\" data-end=\"3695\">\ud83d\udccd <strong data-start=\"3674\" data-end=\"3695\">Qui devrait s\u2019inscrire<\/strong><\/h3>\n<ul data-start=\"3696\" data-end=\"3944\">\n<li class=\"\" data-start=\"3696\" data-end=\"3772\">\n<p class=\"\" data-start=\"3698\" data-end=\"3772\">Aspirants massoth\u00e9rapeutes \u00e0 la recherche d\u2019une formation pratique et compl\u00e8te<\/p>\n<\/li>\n<li class=\"\" data-start=\"3773\" data-end=\"3861\">\n<p class=\"\" data-start=\"3775\" data-end=\"3861\">Massoth\u00e9rapeutes agr\u00e9\u00e9s existants qui souhaitent \u00e9largir leurs offres de modalit\u00e9s et r\u00e9duire la tension physique<\/p>\n<\/li>\n<li class=\"\" data-start=\"3862\" data-end=\"3944\">\n<p class=\"\" data-start=\"3864\" data-end=\"3944\">Intervenants corporels int\u00e9ress\u00e9s par les arts de la gu\u00e9rison holistiques, ax\u00e9s sur le mouvement et traditionnels<\/p>\n<\/li>\n<\/ul>\n","protected":false},"excerpt":{"rendered":"<p>Plongez dans l\u2019art du massage tha\u00eflandais gr\u00e2ce \u00e0 ce programme de dipl\u00f4me complet con\u00e7u pour les intervenants corporels aspirants et exp\u00e9riment\u00e9s. Enracin\u00e9e dans le syst\u00e8me traditionnel Nuad Bo-Rarn du nord de la Tha\u00eflande, cette formation combine des \u00e9tirements assist\u00e9s de style yoga, l\u2019acupression et la respiration m\u00e9ditative. Pendant deux cycles d\u2019apprentissage, les \u00e9tudiants acquerront plus de 460 heures de formation pratique et th\u00e9orique, y compris les niveaux 1 et 2 de massage tha\u00ef yoga, l\u2019anatomie et la pathologie, l\u2019\u00e9thique professionnelle et des ateliers sp\u00e9cialis\u00e9s en r\u00e9flexologie tha\u00eflandaise et en massage tha\u00eflandais sur table. Les dipl\u00f4m\u00e9s seront \u00e9quip\u00e9s pour offrir des traitements profond\u00e9ment th\u00e9rapeutiques dans les contextes de tapis et de table, et r\u00e9pondre aux normes d\u2019agr\u00e9ment pour la pratique au Qu\u00e9bec et ailleurs.<\/p>\n<p>Niveau 1: 16 juin \u2013 19 juin 2025<\/p>\n<p>Niveau 2: 14 juillet \u2013 17 juillet 2025<\/p>\n","protected":false},"featured_media":14030,"template":"","meta":{"_acf_changed":false},"product_brand":[],"product_cat":[440,479,96,291,97],"product_tag":[],"class_list":{"0":"post-12088","1":"product","2":"type-product","3":"status-publish","4":"has-post-thumbnail","6":"product_cat-anglais","7":"product_cat-clinical-massage","8":"product_cat-diplomes","9":"product_cat-dorval-west-island-fr","10":"product_cat-en-personne","12":"first","13":"instock","14":"virtual","15":"purchasable","16":"product-type-simple"},"acf":[],"_links":{"self":[{"href":"https:\/\/setsuko.ca\/fr\/wp-json\/wp\/v2\/product\/12088","targetHints":{"allow":["GET"]}}],"collection":[{"href":"https:\/\/setsuko.ca\/fr\/wp-json\/wp\/v2\/product"}],"about":[{"href":"https:\/\/setsuko.ca\/fr\/wp-json\/wp\/v2\/types\/product"}],"wp:featuredmedia":[{"embeddable":true,"href":"https:\/\/setsuko.ca\/fr\/wp-json\/wp\/v2\/media\/14030"}],"wp:attachment":[{"href":"https:\/\/setsuko.ca\/fr\/wp-json\/wp\/v2\/media?parent=12088"}],"wp:term":[{"taxonomy":"product_brand","embeddable":true,"href":"https:\/\/setsuko.ca\/fr\/wp-json\/wp\/v2\/product_brand?post=12088"},{"taxonomy":"product_cat","embeddable":true,"href":"https:\/\/setsuko.ca\/fr\/wp-json\/wp\/v2\/product_cat?post=12088"},{"taxonomy":"product_tag","embeddable":true,"href":"https:\/\/setsuko.ca\/fr\/wp-json\/wp\/v2\/product_tag?post=12088"}],"curies":[{"name":"wp","href":"https:\/\/api.w.org\/{rel}","templated":true}]}}