{"id":12281,"date":"2025-10-27T20:48:04","date_gmt":"2025-10-28T00:48:04","guid":{"rendered":"https:\/\/setsuko.ca\/?post_type=product&#038;p=12281"},"modified":"2026-03-28T16:17:54","modified_gmt":"2026-03-28T20:17:54","slug":"lymphatic-facial-massage-and-guasha-techniques-copy","status":"publish","type":"product","link":"https:\/\/setsuko.ca\/fr\/produit\/lymphatic-facial-massage-and-guasha-techniques-copy\/","title":{"rendered":"Techniques de massage facial lymphatique \u2013 NDG"},"content":{"rendered":"<p>D\u00e9couvrez le pouvoir r\u00e9g\u00e9n\u00e9rant du massage facial lymphatique et du Gua Sha lors de cet atelier pratique. Con\u00e7ue pour les professionnels du bien-\u00eatre, cette formation combine des techniques de drainage lymphatique, de stimulation des points d&#8217;acupuncture pour revitaliser l&#8217;\u00e9nergie vitale (Qi), de th\u00e9rapie par pierres chaudes et froides et de Gua Sha pour un effet sculptant sur le visage. Apprenez \u00e0 stimuler la circulation lymphatique, \u00e0 r\u00e9duire les gonflements, \u00e0 am\u00e9liorer le teint et \u00e0 favoriser la d\u00e9toxification naturelle. Les protocoles de nettoyage du visage seront \u00e9galement abord\u00e9s. Perfectionnez votre pratique et offrez \u00e0 vos clients une approche holistique des soins du visage et du bien-\u00eatre.    <\/p>\n<p>\u00c0 qui s&#8217;adresse cette formation : Cet atelier est id\u00e9al pour les massoth\u00e9rapeutes agr\u00e9\u00e9s, les professionnels des th\u00e9rapies corporelles, les esth\u00e9ticiennes et les praticiens de sant\u00e9 holistique souhaitant \u00e9largir leurs services et leurs connaissances en mati\u00e8re de techniques th\u00e9rapeutiques uniques.<\/p>\n<p>Date : 28 nov. 2026 de 10 h \u00e0 17 h<\/p>\n<p>Lieu : 2111 Northcliffe Ave, #11D, Montr\u00e9al, Qu\u00e9bec H4A 3K6<\/p>\n<p>Cr\u00e9dits : 15<\/p>\n","protected":false},"excerpt":{"rendered":"<p>D\u00e9couvrez le pouvoir r\u00e9g\u00e9n\u00e9rant du massage facial lymphatique et du Gua Sha lors de cet atelier pratique. Con\u00e7ue pour les professionnels du bien-\u00eatre, cette formation combine des techniques de drainage lymphatique, de stimulation des points d&#8217;acupuncture pour revitaliser l&#8217;\u00e9nergie vitale (Qi), de th\u00e9rapie par pierres chaudes et froides et de Gua Sha pour un effet sculptant sur le visage. Apprenez \u00e0 stimuler la circulation lymphatique, \u00e0 r\u00e9duire les gonflements, \u00e0 am\u00e9liorer le teint et \u00e0 favoriser la d\u00e9toxification naturelle. Les protocoles de nettoyage du visage seront \u00e9galement abord\u00e9s. Perfectionnez votre pratique et offrez \u00e0 vos clients une approche holistique des soins du visage et du bien-\u00eatre.    <\/p>\n<p>\u00c0 qui s&#8217;adresse cette formation : Cet atelier est id\u00e9al pour les massoth\u00e9rapeutes agr\u00e9\u00e9s, les professionnels des th\u00e9rapies corporelles, les esth\u00e9ticiennes et les praticiens de sant\u00e9 holistique souhaitant \u00e9largir leurs services et leurs connaissances en mati\u00e8re de techniques th\u00e9rapeutiques uniques.<\/p>\n","protected":false},"featured_media":14000,"template":"","meta":{"_acf_changed":false},"product_brand":[],"product_cat":[440,169,479,97,481,490,168,287],"product_tag":[],"class_list":{"0":"post-12281","1":"product","2":"type-product","3":"status-publish","4":"has-post-thumbnail","6":"product_cat-anglais","7":"product_cat-atelier","8":"product_cat-clinical-massage","9":"product_cat-en-personne","10":"product_cat-holistic-therapies","11":"product_cat-interet-general","12":"product_cat-jenni-lee-fr","13":"product_cat-qe-ndg-fr","15":"first","16":"instock","17":"featured","18":"shipping-taxable","19":"purchasable","20":"product-type-simple"},"acf":[],"_links":{"self":[{"href":"https:\/\/setsuko.ca\/fr\/wp-json\/wp\/v2\/product\/12281","targetHints":{"allow":["GET"]}}],"collection":[{"href":"https:\/\/setsuko.ca\/fr\/wp-json\/wp\/v2\/product"}],"about":[{"href":"https:\/\/setsuko.ca\/fr\/wp-json\/wp\/v2\/types\/product"}],"wp:featuredmedia":[{"embeddable":true,"href":"https:\/\/setsuko.ca\/fr\/wp-json\/wp\/v2\/media\/14000"}],"wp:attachment":[{"href":"https:\/\/setsuko.ca\/fr\/wp-json\/wp\/v2\/media?parent=12281"}],"wp:term":[{"taxonomy":"product_brand","embeddable":true,"href":"https:\/\/setsuko.ca\/fr\/wp-json\/wp\/v2\/product_brand?post=12281"},{"taxonomy":"product_cat","embeddable":true,"href":"https:\/\/setsuko.ca\/fr\/wp-json\/wp\/v2\/product_cat?post=12281"},{"taxonomy":"product_tag","embeddable":true,"href":"https:\/\/setsuko.ca\/fr\/wp-json\/wp\/v2\/product_tag?post=12281"}],"curies":[{"name":"wp","href":"https:\/\/api.w.org\/{rel}","templated":true}]}}