{"id":12352,"date":"2024-06-13T13:12:25","date_gmt":"2024-06-13T17:12:25","guid":{"rendered":"https:\/\/setsuko.ca\/?post_type=product&#038;p=12352"},"modified":"2026-04-17T13:16:40","modified_gmt":"2026-04-17T17:16:40","slug":"diplome-de-massage-thailandais-avec-limt-avec-les-cours-de-base-non-massotherapeutes-copy","status":"publish","type":"product","link":"https:\/\/setsuko.ca\/fr\/produit\/diplome-de-massage-thailandais-avec-limt-avec-les-cours-de-base-non-massotherapeutes-copy\/","title":{"rendered":"Dipl\u00f4me de massage tha\u00ef avec ITM \u2013 SANS TRONC COMMUN (POUR MASSOTH\u00c9RAPEUTES)"},"content":{"rendered":"<p><strong>Un dipl\u00f4me unique au Qu\u00e9bec<\/strong><br \/>\nEnracin\u00e9 dans l&#8217;une des lign\u00e9es de massage tha\u00ef les plus respect\u00e9es au monde\u2014ITM Chiang Mai\u2014ce dipl\u00f4me offre quelque chose que vous ne trouverez pas dans la plupart des \u00e9coles de massage du Qu\u00e9bec : un retour aux sources. Alors que de nombreux programmes au Qu\u00e9bec se concentrent sur les \u00e9tirements tha\u00efs modernes, nous enseignons le Nuad Bo-Rarn, l&#8217;art de gu\u00e9rison tha\u00ef traditionnel transmis de g\u00e9n\u00e9ration en g\u00e9n\u00e9ration et pratiqu\u00e9 \u00e0 travers la Tha\u00eflande. Il s&#8217;agit de l&#8217;un des deux seuls styles mondialement reconnus enseign\u00e9s internationalement aujourd&#8217;hui\u2014et nous sommes fiers d&#8217;\u00eatre parmi les rares au Canada \u00e0 offrir cette profondeur de formation \u00e0 nos \u00e9tudiants.<\/p>\n<p><strong>Pourquoi \u00e9tudier le massage tha\u00ef avec nous ?<\/strong><br \/>\nParce que ce n&#8217;est pas simplement des \u00e9tirements sur un tapis. C&#8217;est une forme d&#8217;art th\u00e9rapeutique compl\u00e8te qui combine pression rythmique, acupression, mouvements assist\u00e9s et respiration. Cela aide les clients avec la flexibilit\u00e9, la circulation et le soulagement de la douleur, tout en gardant votre propre corps s\u00e9curitaire et \u00e9nergis\u00e9. Si vous voulez travailler avec de vrais outils issus de l&#8217;un des plus anciens syst\u00e8mes de travail corporel, c&#8217;est l&#8217;endroit pour commencer.<\/p>\n<p><strong>Qu&#8217;est-ce qui rend ce dipl\u00f4me diff\u00e9rent ?<\/strong><br \/>\nVous n&#8217;apprenez pas seulement le massage tha\u00ef. Vous entrez dans une lign\u00e9e qui est vivante. Notre dipl\u00f4me de 460+ heures allie techniques traditionnelles avec comp\u00e9tences cliniques, anatomie et formation \u00e9thique requises pour la certification au Qu\u00e9bec et \u00e0 travers le Canada. Vous apprendrez \u00e0 travailler \u00e0 la fois sur le tapis et la table de massage, vous pr\u00e9parant \u00e0 la pratique r\u00e9elle dans les cliniques, spas et centres de bien-\u00eatre.<\/p>\n<p><strong>Cycle 1 \u2013 Fondements (Certification de base en massage tha\u00ef)<\/strong><\/p>\n<ul>\n<li>Massage tha\u00ef niveau 1 (30 h) \u2013 S\u00e9quence compl\u00e8te du corps, position couch\u00e9e<\/li>\n<li>Massage tha\u00ef niveau 2 (30 h) \u2013 Travail en position ventrale, lat\u00e9rale et assise<\/li>\n<li>Clinique supervis\u00e9e (35 h)<\/li>\n<li>\u00c9tudes de cas (45 h)<\/li>\n<\/ul>\n<p><strong>Modules sp\u00e9cialis\u00e9s<\/strong><\/p>\n<ul>\n<li>Massage tha\u00ef sur table (15 h) \u2013 Parfait pour les spas ou cliniques<\/li>\n<li>Massage tha\u00ef de r\u00e9flexologie des pieds (15 h)<\/li>\n<li>\u00c9tudes de cas suppl\u00e9mentaires (30 h)<\/li>\n<\/ul>\n<p><strong>Ce que vous repartez avec<\/strong><\/p>\n<ul>\n<li>La capacit\u00e9 de donner des s\u00e9ances compl\u00e8tes de 60 \u00e0 120 min dans toutes les positions de massage tha\u00ef<\/li>\n<li>Les comp\u00e9tences pour adapter votre travail tha\u00ef \u00e0 la table de massage et aux environnements de r\u00e9flexologie<\/li>\n<li>Une solide compr\u00e9hension de l&#8217;anatomie, de la pathologie et des soins \u00e9thiques<\/li>\n<li>Confiance en communication client et conduite professionnelle<\/li>\n<li>Admissibilit\u00e9 \u00e0 la certification au Qu\u00e9bec et reconnaissance \u00e0 l&#8217;\u00e9tranger<\/li>\n<li>Certifications ITM Chiang Mai<\/li>\n<\/ul>\n<p><strong>Ce qui est inclus<\/strong><\/p>\n<p>Pratique clinique supervis\u00e9e et r\u00e9troaction<br \/>\nManuels de cours et mat\u00e9riel num\u00e9rique<br \/>\nPetites classes et soutien individuel<br \/>\nParcours de certification align\u00e9 avec les r\u00e9glementations du Qu\u00e9bec<\/p>\n<p><strong>Investissement<\/strong><br \/>\nCo\u00fbt total du programme : 2\u202f720&nbsp;$<\/p>\n<p><strong>Ce programme est pour vous si :<\/strong><\/p>\n<ul>\n<li>Vous voulez faire partie de quelque chose de significatif, pas seulement suivre les mouvements<\/li>\n<li>Vous \u00eates un nouvel \u00e9tudiant cherchant un dipl\u00f4me reconnu et pratique<\/li>\n<li>Vous \u00eates un massoth\u00e9rapeute ou praticien corporel pr\u00eat \u00e0 r\u00e9duire la tension et apprendre quelque chose de puissant<\/li>\n<li>Vous \u00eates attir\u00e9 par un travail de gu\u00e9rison qui allie mouvement, tradition et objectif<\/li>\n<\/ul>\n<p>Horaire complet :<\/p>\n<p><a href=\"https:\/\/docs.google.com\/spreadsheets\/d\/126nb_iJsbWowt53psb0wMhrIhqz5ArBx5k1RymOGPSo\/edit?gid=1969308388#gid=1969308388\" target=\"_blank\" rel=\"noopener\">CLIQUEZ ICI POUR CONSULTER L\u2019HORAIRE<\/a><\/p>\n","protected":false},"excerpt":{"rendered":"<p>D\u00e9couvrez l&#8217;un des programmes de massage tha\u00ef les plus authentiques au Qu\u00e9bec, enracin\u00e9 dans la lign\u00e9e mondialement reconnue d&#8217;ITM Chiang Mai. Ce dipl\u00f4me de 460+ heures va au-del\u00e0 des \u00e9tirements de style tha\u00ef pour enseigner le <strong data-start=\"254\" data-end=\"270\">Nuad Bo-Rarn<\/strong>, un art de gu\u00e9rison traditionnel encore pratiqu\u00e9 en Tha\u00eflande aujourd&#8217;hui. Vous obtiendrez une formation pratique en massage tha\u00ef sur tapis et sur table, ainsi qu&#8217;en anatomie, pratique clinique et \u00e9thique. Id\u00e9al pour les nouveaux \u00e9tudiants ou les th\u00e9rapeutes exp\u00e9riment\u00e9s cherchant \u00e0 approfondir leur pratique avec une modalit\u00e9 bas\u00e9e sur le mouvement et respect\u00e9e mondialement.<\/p>\n","protected":false},"featured_media":14030,"template":"","meta":{"_acf_changed":false},"product_brand":[],"product_cat":[440,479,96,291,97,444],"product_tag":[],"class_list":{"0":"post-12352","1":"product","2":"type-product","3":"status-publish","4":"has-post-thumbnail","6":"product_cat-anglais","7":"product_cat-clinical-massage","8":"product_cat-diplomes","9":"product_cat-dorval-west-island-fr","10":"product_cat-en-personne","11":"product_cat-orachon-meechai-fr","13":"first","14":"instock","15":"virtual","16":"purchasable","17":"product-type-simple"},"acf":[],"_links":{"self":[{"href":"https:\/\/setsuko.ca\/fr\/wp-json\/wp\/v2\/product\/12352","targetHints":{"allow":["GET"]}}],"collection":[{"href":"https:\/\/setsuko.ca\/fr\/wp-json\/wp\/v2\/product"}],"about":[{"href":"https:\/\/setsuko.ca\/fr\/wp-json\/wp\/v2\/types\/product"}],"wp:featuredmedia":[{"embeddable":true,"href":"https:\/\/setsuko.ca\/fr\/wp-json\/wp\/v2\/media\/14030"}],"wp:attachment":[{"href":"https:\/\/setsuko.ca\/fr\/wp-json\/wp\/v2\/media?parent=12352"}],"wp:term":[{"taxonomy":"product_brand","embeddable":true,"href":"https:\/\/setsuko.ca\/fr\/wp-json\/wp\/v2\/product_brand?post=12352"},{"taxonomy":"product_cat","embeddable":true,"href":"https:\/\/setsuko.ca\/fr\/wp-json\/wp\/v2\/product_cat?post=12352"},{"taxonomy":"product_tag","embeddable":true,"href":"https:\/\/setsuko.ca\/fr\/wp-json\/wp\/v2\/product_tag?post=12352"}],"curies":[{"name":"wp","href":"https:\/\/api.w.org\/{rel}","templated":true}]}}