{"id":12356,"date":"2024-10-03T11:35:35","date_gmt":"2024-10-03T15:35:35","guid":{"rendered":"https:\/\/setsuko.ca\/product\/12356\/"},"modified":"2025-12-15T08:51:58","modified_gmt":"2025-12-15T13:51:58","slug":"12356","status":"publish","type":"product","link":"https:\/\/setsuko.ca\/fr\/produit\/12356\/","title":{"rendered":"Introduction \u00e0 la Th\u00e9rapie Myofasciale Structurale\u00ae (SMFT) NDG"},"content":{"rendered":"<p>Pr\u00eat \u00e0 travailler plus intelligemment et non plus durement ? Cet atelier est votre premier pas dans le monde de <g id=\"gid_0\">la Th\u00e9rapie Myofasciale Structurale\u00ae<\/g>, une approche puissante pour traiter les fascias du corps avec intention et comp\u00e9tence. Gr\u00e2ce \u00e0 un m\u00e9lange unique de techniques pratiques, de conscience somatique posturale et d&#8217;anatomie pratique, vous obtiendrez des outils que vous pourrez utiliser imm\u00e9diatement avec vos clients.  <\/p>\n<p>Enseign\u00e9 par <strong>BetsyAnn Baron<\/strong>, cet atelier propose une introduction exp\u00e9rimentale \u00e0 la m\u00e9thode SMFT pour laquelle elle est connue.<\/p>\n<p><strong>A quoi s&#8217;attendre :<\/strong><br \/>\nVous explorerez le fonctionnement r\u00e9el du fascia (bas\u00e9 sur les derni\u00e8res recherches), apprendrez des techniques efficaces qui hydratent le fascia, cr\u00e9ant une mobilit\u00e9 accrue, et d\u00e9couvrirez comment \u00e9valuer la posture et le mouvement d&#8217;une mani\u00e8re qui a vraiment du sens. Nous bougerons, nous sentirons, nous pratiquerons \u2013 et nous terminerons par une d\u00e9monstration compl\u00e8te de la s\u00e9ance, suivie d&#8217;une s\u00e9ance de questions et r\u00e9ponses pour que vous repartiez confiant et inspir\u00e9. <\/p>\n<p>Si cette introduction vous laisse sur votre faim, bonne nouvelle : notre cours complet de certification en th\u00e9rapie structurelle myofasciale\u00ae commence en janvier 2026.<\/p>\n<p>Venez vous familiariser avec la m\u00e9thode. Il ne s&#8217;agit pas d&#8217;une simple th\u00e9orie, mais d&#8217;une m\u00e9thode pratique, adapt\u00e9e aux clients et con\u00e7ue pour les th\u00e9rapeutes qui veulent aller plus loin. <\/p>\n<p><strong>Date <\/strong>: Lundi 3 novembre 2025<br \/>\n<strong>Heure<\/strong> : 9h30 \u2013 14h30<br \/>\n<strong>Co\u00fbt <\/strong>: 195<br \/>\n<strong>Lieu<\/strong> : 2111 Northcliffe Ave, #11D (sous-sol), Montr\u00e9al, Qu\u00e9bec H4A 3K6<br \/>\n<strong>Professeur<\/strong> : BetsyAnn Baron<\/p>\n","protected":false},"excerpt":{"rendered":"<p>Plongez dans l\u2019univers de la Th\u00e9rapie Myofasciale Structurale\u00ae avec BetsyAnn Baron lors de cet atelier pratique d\u2019introduction. Vous apprendrez des techniques concr\u00e8tes, explorerez le fascia \u00e0 travers une anatomie actualis\u00e9e et vivrez la Conscience Somatique Posturale en action. Parfait pour les th\u00e9rapeutes souhaitant approfondir leurs comp\u00e9tences\u2014et la formation compl\u00e8te d\u00e9bute en janvier 2026.<\/p>\n","protected":false},"featured_media":14034,"template":"","meta":{"_acf_changed":false},"product_brand":[],"product_cat":[169,457,439,99,287],"product_tag":[458,468,342,453],"class_list":{"0":"post-12356","1":"product","2":"type-product","3":"status-publish","4":"has-post-thumbnail","6":"product_cat-atelier","7":"product_cat-betsyann-baron-fr","8":"product_cat-bilingue","9":"product_cat-enseignants","10":"product_cat-qe-ndg-fr","11":"product_tag-betsyann-byron-fr","12":"product_tag-introduction","13":"product_tag-myofascial-fr","14":"product_tag-structural-myofascial-therapy-fr","16":"first","17":"outofstock","18":"sale","19":"virtual","20":"purchasable","21":"product-type-simple"},"acf":[],"_links":{"self":[{"href":"https:\/\/setsuko.ca\/fr\/wp-json\/wp\/v2\/product\/12356","targetHints":{"allow":["GET"]}}],"collection":[{"href":"https:\/\/setsuko.ca\/fr\/wp-json\/wp\/v2\/product"}],"about":[{"href":"https:\/\/setsuko.ca\/fr\/wp-json\/wp\/v2\/types\/product"}],"wp:featuredmedia":[{"embeddable":true,"href":"https:\/\/setsuko.ca\/fr\/wp-json\/wp\/v2\/media\/14034"}],"wp:attachment":[{"href":"https:\/\/setsuko.ca\/fr\/wp-json\/wp\/v2\/media?parent=12356"}],"wp:term":[{"taxonomy":"product_brand","embeddable":true,"href":"https:\/\/setsuko.ca\/fr\/wp-json\/wp\/v2\/product_brand?post=12356"},{"taxonomy":"product_cat","embeddable":true,"href":"https:\/\/setsuko.ca\/fr\/wp-json\/wp\/v2\/product_cat?post=12356"},{"taxonomy":"product_tag","embeddable":true,"href":"https:\/\/setsuko.ca\/fr\/wp-json\/wp\/v2\/product_tag?post=12356"}],"curies":[{"name":"wp","href":"https:\/\/api.w.org\/{rel}","templated":true}]}}