{"id":12409,"date":"2025-06-26T15:17:01","date_gmt":"2025-06-26T19:17:01","guid":{"rendered":"https:\/\/setsuko.ca\/product\/programme-de-certificat-en-therapie-myofasciale-structurelle-smft\/"},"modified":"2025-12-22T08:21:57","modified_gmt":"2025-12-22T13:21:57","slug":"programme-de-certificat-en-therapie-myofasciale-structurelle-smft","status":"publish","type":"product","link":"https:\/\/setsuko.ca\/fr\/produit\/programme-de-certificat-en-therapie-myofasciale-structurelle-smft\/","title":{"rendered":"Programme de certificat en Th\u00e9rapie Myofasciale Structurale (SMFT)"},"content":{"rendered":"<p>Comprend : niveau 1, niveau 2 et niveau 3<br \/>\n<b>Prix du forfait :<\/b> 2 550 $ (\u00e9conomisez 300 $ en vous inscrivant aux trois niveaux)<\/p>\n<p><b>Dates des certificats :<\/b><br \/>\nNiveau 1 \u2013 21-23 f\u00e9vrier 2026 (Dorval) ou 27-29 avril 2026 (NDG)<br \/>\nNiveau 2 \u2013 12-14 septembre 2026 <i>(Dorval)<\/i><br \/>\nNiveau 3 \u2013 21-23 novembre 2026 <i>(Dorval)<\/i><\/p>\n<p>Description :<br \/>\nInscrivez-vous au programme complet de certification en th\u00e9rapie myofasciale structurale\u00ae et \u00e9tudiez avec Betsy Ann Baron dans cette s\u00e9rie approfondie. Apprenez \u00e0 int\u00e9grer les techniques myofasciales profondes \u00e0 l&#8217;\u00e9valuation posturale, \u00e0 la lecture corporelle et aux approches th\u00e9rapeutiques avanc\u00e9es. Cette certification est id\u00e9ale pour les th\u00e9rapeutes manuels pr\u00eats \u00e0 approfondir leurs comp\u00e9tences et \u00e0 traiter le corps comme un syst\u00e8me fascial dynamique.  <\/p>\n<p><b>Vous obtiendrez votre dipl\u00f4me avec :<\/b><\/p>\n<ul>\n<li style=\"font-weight: 400;\" aria-level=\"1\">Confiance dans l&#8217;utilisation de la th\u00e9rapie manuelle avanc\u00e9e bas\u00e9e sur les fascias<\/li>\n<li style=\"font-weight: 400;\" aria-level=\"1\">Comp\u00e9tences pour \u00e9valuer la posture, la respiration et les mouvements \u00e0 l&#8217;aide du PSA<\/li>\n<li style=\"font-weight: 400;\" aria-level=\"1\">Une bo\u00eete \u00e0 outils compl\u00e8te pour rem\u00e9dier aux d\u00e9s\u00e9quilibres structurels, aux probl\u00e8mes chroniques et aux probl\u00e8mes de performance.<\/li>\n<\/ul>\n<p><b>Reconnu au Canada et aux \u00c9tats-Unis.<\/b><\/p>\n","protected":false},"excerpt":{"rendered":"<p>Le SMFT\u00ae est un programme de formation avanc\u00e9e con\u00e7u pour vous donner les connaissances et les comp\u00e9tences n\u00e9cessaires pour traiter le syst\u00e8me myofascial du corps. Le cours de formation continue SMFT\u00ae \u00e0 trois niveaux offre aux th\u00e9rapeutes l&#8217;opportunit\u00e9 de se plonger dans une nouvelle technique profonde et pratique !<\/p>\n","protected":false},"featured_media":14036,"template":"","meta":{"_acf_changed":false},"product_brand":[],"product_cat":[457,439,94,291],"product_tag":[],"class_list":{"0":"post-12409","1":"product","2":"type-product","3":"status-publish","4":"has-post-thumbnail","6":"product_cat-betsyann-baron-fr","7":"product_cat-bilingue","8":"product_cat-certificats","9":"product_cat-dorval-west-island-fr","11":"first","12":"instock","13":"sale","14":"virtual","15":"purchasable","16":"product-type-simple"},"acf":[],"_links":{"self":[{"href":"https:\/\/setsuko.ca\/fr\/wp-json\/wp\/v2\/product\/12409","targetHints":{"allow":["GET"]}}],"collection":[{"href":"https:\/\/setsuko.ca\/fr\/wp-json\/wp\/v2\/product"}],"about":[{"href":"https:\/\/setsuko.ca\/fr\/wp-json\/wp\/v2\/types\/product"}],"wp:featuredmedia":[{"embeddable":true,"href":"https:\/\/setsuko.ca\/fr\/wp-json\/wp\/v2\/media\/14036"}],"wp:attachment":[{"href":"https:\/\/setsuko.ca\/fr\/wp-json\/wp\/v2\/media?parent=12409"}],"wp:term":[{"taxonomy":"product_brand","embeddable":true,"href":"https:\/\/setsuko.ca\/fr\/wp-json\/wp\/v2\/product_brand?post=12409"},{"taxonomy":"product_cat","embeddable":true,"href":"https:\/\/setsuko.ca\/fr\/wp-json\/wp\/v2\/product_cat?post=12409"},{"taxonomy":"product_tag","embeddable":true,"href":"https:\/\/setsuko.ca\/fr\/wp-json\/wp\/v2\/product_tag?post=12409"}],"curies":[{"name":"wp","href":"https:\/\/api.w.org\/{rel}","templated":true}]}}