{"id":12411,"date":"2025-06-26T19:02:12","date_gmt":"2025-06-26T23:02:12","guid":{"rendered":"https:\/\/setsuko.ca\/?post_type=product&#038;p=12411"},"modified":"2026-03-24T15:02:51","modified_gmt":"2026-03-24T19:02:51","slug":"introduction-a-la-structural-myofascial-therapy-smft-copy-2","status":"publish","type":"product","link":"https:\/\/setsuko.ca\/fr\/produit\/introduction-a-la-structural-myofascial-therapy-smft-copy-2\/","title":{"rendered":"Th\u00e9rapie Myofasciale Structurale\u00ae (TMS) Niveau 2 \u2013 Cr\u00e9er de la sp\u00e9cificit\u00e9 **4 places restantes**"},"content":{"rendered":"<p>Ce deuxi\u00e8me niveau s&#8217;appuie sur les bases acquises au niveau 1 et affine votre pr\u00e9cision clinique. Vous apprendrez des man\u0153uvres cibl\u00e9es pour le dos, les hanches, les jambes, les pieds et les zones centrales de la r\u00e9gion pelvienne, y compris les techniques psoas. Ce cours comprend \u00e9galement l&#8217;\u00e9quilibrage dural, le PSA avanc\u00e9 et des strat\u00e9gies bas\u00e9es sur la force qui favorisent l&#8217;int\u00e9grit\u00e9 posturale.  <\/p>\n<p>Vous apprendrez :<\/p>\n<ul>\n<li>Techniques pour les jambes arri\u00e8re, les hanches, le psoas<\/li>\n<li>\u00c9quilibrage dural<\/li>\n<li>Recherches actuelles, anatomie fasciale avanc\u00e9e et pathologies fasciales<\/li>\n<li>Lecture corporelle avanc\u00e9e et PSA<\/li>\n<li>Man\u0153uvres sp\u00e9cifiques pour stabiliser et soutenir la structure<\/li>\n<\/ul>\n<p><strong>Date :<\/strong> <span style=\"font-weight: 400;\">du 12 au 14 septembre 2026<\/span><br \/>\nCo\u00fbt : 950 $<br \/>\n<strong>Adresse <\/strong>: 1564, chemin Herron, bureau 206, Dorval (Qu\u00e9bec) H9S 1C5<br \/>\n<strong>Professeur<\/strong> : BetsyAnn Baron<\/p>\n","protected":false},"excerpt":{"rendered":"<p>Ce deuxi\u00e8me niveau s&#8217;appuie sur les bases du SMFT niveau 1 et affine votre pr\u00e9cision clinique. Vous apprendrez des man\u0153uvres cibl\u00e9es pour le dos, les hanches, les jambes, les pieds et les zones centrales de la r\u00e9gion pelvienne, y compris les techniques du psoas. Ce cours comprend \u00e9galement l&#8217;\u00e9quilibrage dural, les APS avanc\u00e9es et les strat\u00e9gies bas\u00e9es sur la force qui soutiennent l&#8217;int\u00e9grit\u00e9 posturale.<\/p>\n","protected":false},"featured_media":14038,"template":"","meta":{"_acf_changed":false},"product_brand":[],"product_cat":[169,457,439,479,95,96,291,97],"product_tag":[458,342,453],"class_list":{"0":"post-12411","1":"product","2":"type-product","3":"status-publish","4":"has-post-thumbnail","6":"product_cat-atelier","7":"product_cat-betsyann-baron-fr","8":"product_cat-bilingue","9":"product_cat-clinical-massage","10":"product_cat-cours","11":"product_cat-diplomes","12":"product_cat-dorval-west-island-fr","13":"product_cat-en-personne","14":"product_tag-betsyann-byron-fr","15":"product_tag-myofascial-fr","16":"product_tag-structural-myofascial-therapy-fr","18":"first","19":"instock","20":"featured","21":"virtual","22":"purchasable","23":"product-type-simple"},"acf":[],"_links":{"self":[{"href":"https:\/\/setsuko.ca\/fr\/wp-json\/wp\/v2\/product\/12411","targetHints":{"allow":["GET"]}}],"collection":[{"href":"https:\/\/setsuko.ca\/fr\/wp-json\/wp\/v2\/product"}],"about":[{"href":"https:\/\/setsuko.ca\/fr\/wp-json\/wp\/v2\/types\/product"}],"wp:featuredmedia":[{"embeddable":true,"href":"https:\/\/setsuko.ca\/fr\/wp-json\/wp\/v2\/media\/14038"}],"wp:attachment":[{"href":"https:\/\/setsuko.ca\/fr\/wp-json\/wp\/v2\/media?parent=12411"}],"wp:term":[{"taxonomy":"product_brand","embeddable":true,"href":"https:\/\/setsuko.ca\/fr\/wp-json\/wp\/v2\/product_brand?post=12411"},{"taxonomy":"product_cat","embeddable":true,"href":"https:\/\/setsuko.ca\/fr\/wp-json\/wp\/v2\/product_cat?post=12411"},{"taxonomy":"product_tag","embeddable":true,"href":"https:\/\/setsuko.ca\/fr\/wp-json\/wp\/v2\/product_tag?post=12411"}],"curies":[{"name":"wp","href":"https:\/\/api.w.org\/{rel}","templated":true}]}}