{"id":12415,"date":"2025-06-26T19:09:40","date_gmt":"2025-06-26T23:09:40","guid":{"rendered":"https:\/\/setsuko.ca\/?post_type=product&#038;p=12415"},"modified":"2025-12-15T08:47:42","modified_gmt":"2025-12-15T13:47:42","slug":"structural-myofascial-therapy-smft-level-2-creating-specificity-copy","status":"publish","type":"product","link":"https:\/\/setsuko.ca\/fr\/produit\/structural-myofascial-therapy-smft-level-2-creating-specificity-copy\/","title":{"rendered":"Th\u00e9rapie Myofasciale Structurale\u00ae (SMFT) Niveau 3 \u2013 Approfondissement"},"content":{"rendered":"<p>Dans le dernier niveau de la s\u00e9rie SMFT\u00ae, vous explorerez les couches plus profondes des relations entre les fascias et les articulations, la respiration et la connectivit\u00e9 intercostale, les techniques avanc\u00e9es en position couch\u00e9e sur le c\u00f4t\u00e9, les approches intra-orales pour les probl\u00e8mes d&#8217;ATM et les techniques externes du plancher pelvien. Ce cours intensif s&#8217;adresse aux praticiens qui souhaitent am\u00e9liorer leur pratique et offrir des soins sp\u00e9cialis\u00e9s bas\u00e9s sur la connaissance des fascias. <\/p>\n<p>Vous apprendrez :<\/p>\n<ul>\n<li>TMJ and intra-oral techniques<\/li>\n<li>Travail respiratoire et mouvements thoraciques<\/li>\n<li>Techniques externes du plancher pelvien<\/li>\n<li>M\u00e9thodes avanc\u00e9es en position couch\u00e9e sur le c\u00f4t\u00e9<\/li>\n<li>Connectivit\u00e9 articulaire-fasciale<\/li>\n<li>Perfectionnement clinique des comp\u00e9tences en mati\u00e8re de PSA et de toucher<\/li>\n<\/ul>\n<p>Date : du 21 au 23 novembre 2026<br \/>\nCo\u00fbt : 950 $<br \/>\n<strong>Adresse <\/strong>: 1564, chemin Herron, bureau 206, Dorval (Qu\u00e9bec) H9S 1C5<br \/>\n<strong>Professeur<\/strong> : BetsyAnn Baron<\/p>\n","protected":false},"excerpt":{"rendered":"<p>Dans le dernier niveau de la s\u00e9rie SMFT\u00ae, vous explorerez les couches plus profondes des relations entre les fascias et les articulations, la respiration et la connectivit\u00e9 intercostale, les techniques avanc\u00e9es en position couch\u00e9e sur le c\u00f4t\u00e9, les approches intra-orales pour les probl\u00e8mes d&#8217;ATM et les techniques externes du plancher pelvien. Ce cours intensif s&#8217;adresse aux praticiens qui souhaitent am\u00e9liorer leur pratique et offrir des soins sp\u00e9cialis\u00e9s bas\u00e9s sur la connaissance des fascias. <\/p>\n","protected":false},"featured_media":14040,"template":"","meta":{"_acf_changed":false},"product_brand":[],"product_cat":[169,457,439,479,95,291,97],"product_tag":[458,342,453],"class_list":{"0":"post-12415","1":"product","2":"type-product","3":"status-publish","4":"has-post-thumbnail","6":"product_cat-atelier","7":"product_cat-betsyann-baron-fr","8":"product_cat-bilingue","9":"product_cat-clinical-massage","10":"product_cat-cours","11":"product_cat-dorval-west-island-fr","12":"product_cat-en-personne","13":"product_tag-betsyann-byron-fr","14":"product_tag-myofascial-fr","15":"product_tag-structural-myofascial-therapy-fr","17":"first","18":"instock","19":"featured","20":"virtual","21":"purchasable","22":"product-type-simple"},"acf":[],"_links":{"self":[{"href":"https:\/\/setsuko.ca\/fr\/wp-json\/wp\/v2\/product\/12415","targetHints":{"allow":["GET"]}}],"collection":[{"href":"https:\/\/setsuko.ca\/fr\/wp-json\/wp\/v2\/product"}],"about":[{"href":"https:\/\/setsuko.ca\/fr\/wp-json\/wp\/v2\/types\/product"}],"wp:featuredmedia":[{"embeddable":true,"href":"https:\/\/setsuko.ca\/fr\/wp-json\/wp\/v2\/media\/14040"}],"wp:attachment":[{"href":"https:\/\/setsuko.ca\/fr\/wp-json\/wp\/v2\/media?parent=12415"}],"wp:term":[{"taxonomy":"product_brand","embeddable":true,"href":"https:\/\/setsuko.ca\/fr\/wp-json\/wp\/v2\/product_brand?post=12415"},{"taxonomy":"product_cat","embeddable":true,"href":"https:\/\/setsuko.ca\/fr\/wp-json\/wp\/v2\/product_cat?post=12415"},{"taxonomy":"product_tag","embeddable":true,"href":"https:\/\/setsuko.ca\/fr\/wp-json\/wp\/v2\/product_tag?post=12415"}],"curies":[{"name":"wp","href":"https:\/\/api.w.org\/{rel}","templated":true}]}}