{"id":12535,"date":"2024-02-11T10:00:12","date_gmt":"2024-02-11T15:00:12","guid":{"rendered":"https:\/\/setsuko.ca\/?post_type=product&#038;p=12535"},"modified":"2026-02-02T00:29:12","modified_gmt":"2026-02-02T05:29:12","slug":"introduction-a-la-therapie-craniosacrale-avec-tony-eng-copy-copy","status":"publish","type":"product","link":"https:\/\/setsuko.ca\/fr\/produit\/introduction-a-la-therapie-craniosacrale-avec-tony-eng-copy-copy\/","title":{"rendered":"Journ\u00e9e d\u00e9couverte du massage su\u00e9dois \u2013 NDG"},"content":{"rendered":"<p><strong>Journ\u00e9e d\u00e9couverte du massage su\u00e9dois \u2013 NDG<\/strong><\/p>\n<p>10:00am \u2013 1:00pm<\/p>\n<p>Vous souhaitez devenir masseur-kin\u00e9sith\u00e9rapeute ? Venez d\u00e9couvrir l&#8217;univers du massage su\u00e9dois lors de notre journ\u00e9e d\u00e9couverte GRATUITE ! <\/p>\n<ul>\n<li>Regardez des d\u00e9monstrations en direct<\/li>\n<li>Rencontrez nos enseignants exp\u00e9riment\u00e9s<\/li>\n<li>Posez vos questions dans un cadre d\u00e9tendu et ouvert.<\/li>\n<li>D\u00e9couvrez l&#8217;\u00e9cole et le m\u00e9tier<\/li>\n<li>V\u00e9rifiez si cette voie vous convient avant de vous engager dans un programme ou un atelier.<\/li>\n<\/ul>\n<p>Id\u00e9al pour toute personne envisageant la massoth\u00e9rapie comme nouvelle carri\u00e8re ou projet passionnant.<\/p>\n<p>Passez nous voir entre 10 h et 13 h, nous sommes impatients de vous rencontrer !<\/p>\n","protected":false},"excerpt":{"rendered":"<p>Rejoignez-nous pour une journ\u00e9e d\u00e9couverte GRATUITE du massage su\u00e9dois ! Rencontrez les professeurs, assistez \u00e0 des d\u00e9monstrations et d\u00e9couvrez si la massoth\u00e9rapie est faite pour vous avant de vous engager dans une formation. <\/p>\n","protected":false},"featured_media":13923,"template":"","meta":{"_acf_changed":false},"product_brand":[],"product_cat":[440,169,479,97,287],"product_tag":[130,104],"class_list":{"0":"post-12535","1":"product","2":"type-product","3":"status-publish","4":"has-post-thumbnail","6":"product_cat-anglais","7":"product_cat-atelier","8":"product_cat-clinical-massage","9":"product_cat-en-personne","10":"product_cat-qe-ndg-fr","11":"product_tag-massage-suedois","12":"product_tag-massotherapie","14":"first","15":"outofstock","16":"virtual","17":"purchasable","18":"product-type-simple"},"acf":[],"_links":{"self":[{"href":"https:\/\/setsuko.ca\/fr\/wp-json\/wp\/v2\/product\/12535","targetHints":{"allow":["GET"]}}],"collection":[{"href":"https:\/\/setsuko.ca\/fr\/wp-json\/wp\/v2\/product"}],"about":[{"href":"https:\/\/setsuko.ca\/fr\/wp-json\/wp\/v2\/types\/product"}],"wp:featuredmedia":[{"embeddable":true,"href":"https:\/\/setsuko.ca\/fr\/wp-json\/wp\/v2\/media\/13923"}],"wp:attachment":[{"href":"https:\/\/setsuko.ca\/fr\/wp-json\/wp\/v2\/media?parent=12535"}],"wp:term":[{"taxonomy":"product_brand","embeddable":true,"href":"https:\/\/setsuko.ca\/fr\/wp-json\/wp\/v2\/product_brand?post=12535"},{"taxonomy":"product_cat","embeddable":true,"href":"https:\/\/setsuko.ca\/fr\/wp-json\/wp\/v2\/product_cat?post=12535"},{"taxonomy":"product_tag","embeddable":true,"href":"https:\/\/setsuko.ca\/fr\/wp-json\/wp\/v2\/product_tag?post=12535"}],"curies":[{"name":"wp","href":"https:\/\/api.w.org\/{rel}","templated":true}]}}