{"id":12690,"date":"2025-04-10T21:08:49","date_gmt":"2025-04-11T01:08:49","guid":{"rendered":"https:\/\/setsuko.ca\/product\/massage-thailandais-de-reflexologie-plantaire\/"},"modified":"2026-02-06T16:15:05","modified_gmt":"2026-02-06T21:15:05","slug":"massage-thailandais-de-reflexologie-plantaire","status":"publish","type":"product","link":"https:\/\/setsuko.ca\/fr\/produit\/massage-thailandais-de-reflexologie-plantaire\/","title":{"rendered":"Massage tha\u00eflandais de r\u00e9flexologie plantaire"},"content":{"rendered":"<p>Ce cours enseigne une s\u00e9quence traditionnelle de r\u00e9flexologie plantaire tha\u00eflandaise de 60 minutes qui consiste \u00e0 exercer une pression sur les zones r\u00e9flexes des pieds \u00e0 l&#8217;aide des mains, des jointures et d&#8217;un b\u00e2ton en bois. Ces techniques stimulent les organes internes, r\u00e9duisent le stress et favorisent l&#8217;\u00e9quilibre de tout le corps. <\/p>\n<p><strong>R\u00e9sultats d&#8217;apprentissage<\/strong><\/p>\n<ul>\n<li>R\u00e9aliser des soins complets de r\u00e9flexologie plantaire tha\u00eflandaise<\/li>\n<li>Utilisez les techniques du doigt, du pouce et du b\u00e2ton sur les zones r\u00e9flexes.<\/li>\n<li>Stimuler le syst\u00e8me nerveux, la circulation sanguine et le fonctionnement des organes.<\/li>\n<li>Identifier les contre-indications et personnaliser le traitement en toute s\u00e9curit\u00e9<\/li>\n<li>Int\u00e9grer les rituels de gu\u00e9rison tha\u00eflandais et les protocoles d&#8217;hygi\u00e8ne<\/li>\n<\/ul>\n<p><b>Pr\u00e9requis :<\/b> <span style=\"font-weight: 400;\">Aucun (Recommand\u00e9 : Massage tha\u00eflandais niveau 1)<\/span><\/p>\n","protected":false},"excerpt":{"rendered":"<p>Ce cours enseigne une s\u00e9quence traditionnelle de r\u00e9flexologie plantaire tha\u00eflandaise de 60 minutes qui consiste \u00e0 exercer une pression sur les zones r\u00e9flexes des pieds \u00e0 l&#8217;aide des mains, des jointures et d&#8217;un b\u00e2ton en bois. Ces techniques stimulent les organes internes, r\u00e9duisent le stress et favorisent l&#8217;\u00e9quilibre de tout le corps. <\/p>\n","protected":false},"featured_media":14045,"template":"","meta":{"_acf_changed":false},"product_brand":[],"product_cat":[440,169,291,97,490,489,444],"product_tag":[],"class_list":{"0":"post-12690","1":"product","2":"type-product","3":"status-publish","4":"has-post-thumbnail","6":"product_cat-anglais","7":"product_cat-atelier","8":"product_cat-dorval-west-island-fr","9":"product_cat-en-personne","10":"product_cat-interet-general","11":"product_cat-modalites-orientales","12":"product_cat-orachon-meechai-fr","14":"first","15":"instock","16":"featured","17":"virtual","18":"purchasable","19":"product-type-simple"},"acf":[],"_links":{"self":[{"href":"https:\/\/setsuko.ca\/fr\/wp-json\/wp\/v2\/product\/12690","targetHints":{"allow":["GET"]}}],"collection":[{"href":"https:\/\/setsuko.ca\/fr\/wp-json\/wp\/v2\/product"}],"about":[{"href":"https:\/\/setsuko.ca\/fr\/wp-json\/wp\/v2\/types\/product"}],"wp:featuredmedia":[{"embeddable":true,"href":"https:\/\/setsuko.ca\/fr\/wp-json\/wp\/v2\/media\/14045"}],"wp:attachment":[{"href":"https:\/\/setsuko.ca\/fr\/wp-json\/wp\/v2\/media?parent=12690"}],"wp:term":[{"taxonomy":"product_brand","embeddable":true,"href":"https:\/\/setsuko.ca\/fr\/wp-json\/wp\/v2\/product_brand?post=12690"},{"taxonomy":"product_cat","embeddable":true,"href":"https:\/\/setsuko.ca\/fr\/wp-json\/wp\/v2\/product_cat?post=12690"},{"taxonomy":"product_tag","embeddable":true,"href":"https:\/\/setsuko.ca\/fr\/wp-json\/wp\/v2\/product_tag?post=12690"}],"curies":[{"name":"wp","href":"https:\/\/api.w.org\/{rel}","templated":true}]}}